{"id":424,"date":"2021-06-23T11:56:29","date_gmt":"2021-06-23T09:56:29","guid":{"rendered":"https:\/\/discover-culture.com\/partner\/\/touren\/"},"modified":"2023-04-14T11:30:52","modified_gmt":"2023-04-14T09:30:52","slug":"stiftsmuseum","status":"publish","type":"product","link":"https:\/\/discover-culture.com\/partner\/stift-wilten\/touren\/stiftsmuseum","title":{"rendered":"Stiftsmuseum"},"content":{"rendered":"<section id='lightpress__section--block_0ac6f7effcf30a244eadfc32e1208639' class='lightpress__section lightpress__section--content'><div class=\"content__grid content__grid\">\n    <div class=\"content__box content__box--one-hundred\">\n                                                        <h3>Stiftsmuseum<\/h3>\n<p>Die Sammlung des Museums zeigt dir ein breites Spektrum der \u201eGebrauchsgegenst\u00e4nde\u201c: Von gotischen Altarbl\u00e4ttern bis hin zu Schnupftabakdosen, r\u00f6mischen Rasiermessern und der legend\u00e4ren Drachenzunge.<\/p>\n\n                                        <\/div>\n    <\/div><\/section>\n\n<section id='lightpress__section--block_0cb8f5ff23db4be7f3fe894f188fb8c8' class='lightpress__section lightpress__section--content'><div class=\"content__grid content__grid--fifty-fifty\">\n    <div class=\"content__box content__box\">\n                                                        <div class=\"handorgel__content__text prose\">\n<h3>Die Drachenzunge<\/h3>\n<p>Im Stift Wilten befindet sich die Zunge des Drachens, den der sagenhafte Gr\u00fcnder des Klosters, der Riese Haymon, erschlagen hat. Dr. Johannes Fuchsmagen in Hall hatte \u201escherzweise\u201c dem Ritter Florian Waldauf von Waldesstein f\u00fcr seinen Heiltumschatz neben zwei groben Z\u00e4hnen des heiligen Christoph auch eine ger\u00e4ucherte Zunge jenes Drachen, den Haymon erlegt hatte, \u00fcbergeben. Auf dem Kupferstich von Johann Jakob Jezl aus dem Jahre 1677 ist der Riese Haymon mit der \u00fcber die Schulter gelegten Drachenzunge dargestellt.<\/p>\n<\/div>\n\n                                        <\/div>\n            <div class=\"content__box content__box\">\n                                                                    <img decoding=\"async\" class=\"content__image\" src=\"https:\/\/discover-culture.com\/wp-content\/uploads\/Stift_Wilten_Museum_Exponate.jpg\" alt=\"Stift Wilten Museum Exponate\" loading=\"lazy\">\n                                                        <\/div>\n    <\/div><\/section>\n\n<section id='lightpress__section--block_d93f21d26a113d85a71c787e96a9900d' class='lightpress__section lightpress__section--content'><div class=\"content__grid content__grid--fifty-fifty\">\n    <div class=\"content__box content__box\">\n                                                        <div class=\"handorgel__content__text prose\">\n<h3>\u00c4lteste Klosteransicht<\/h3>\n<p>Ein gotisches Tafelgem\u00e4lde des ehemaligen Ursulaaltars zeigt eine sp\u00e4tmittelalterliche Ansicht von Kirche und Kloster. Die dreischiffige Pfeilerbasilika mit erh\u00f6htem Mittelschiff d\u00fcrfte bereits in romanischer Zeit dieselben Ausma\u00dfe gehabt haben. Im Osten schloss ein erh\u00f6hter Chor in drei Apsiden, darunter befand sich eine Krypta, Begr\u00e4bnisort der \u00c4bte und adeliger Stifter. Unter dem als Seligen verehrten Abt Wernher wurde die Kirche bereits um 1300 im fr\u00fchgotischen Stil wiedererrichtet.<\/p>\n<\/div>\n\n                                        <\/div>\n            <div class=\"content__box content__box\">\n                                                                    <img decoding=\"async\" class=\"content__image\" src=\"https:\/\/discover-culture.com\/wp-content\/uploads\/Stift_Wilten_aellteste_Darstellung-768x487-1.jpg\" alt=\"Stift Wilten aellteste Darstellung 768x487 1\" loading=\"lazy\">\n                                                        <\/div>\n    <\/div><\/section>","protected":false},"excerpt":{"rendered":"<p>Entdecke vom r\u00f6mischen Rasiermesser, der legend\u00e4ren Drachenzunge bis hin zum ber\u00fchmten Wiltener Henkelkelch unsere Schatzkammer.<\/p>\n","protected":false},"featured_media":417,"template":"","meta":{"_acf_changed":false,"_relevanssi_hide_post":"","_relevanssi_hide_content":"","_relevanssi_pin_for_all":"","_relevanssi_pin_keywords":"","_relevanssi_unpin_keywords":"","_relevanssi_related_keywords":"","_relevanssi_related_include_ids":"","_relevanssi_related_exclude_ids":"","_relevanssi_related_no_append":"","_relevanssi_related_not_related":"","_relevanssi_related_posts":"3844,3841,3848,3849,3845","_relevanssi_noindex_reason":""},"product_brand":[],"product_cat":[16],"product_tag":[],"class_list":["product-available","product","first","instock","virtual","sold-individually","taxable","purchasable","product-type-simple"],"bundled_by":[],"bundle_stock_status":"instock","bundle_stock_quantity":null,"bundle_virtual":false,"bundle_layout":"","bundle_add_to_cart_form_location":"","bundle_editable_in_cart":false,"bundle_sold_individually_context":"","bundle_item_grouping":"","bundle_min_size":"","bundle_max_size":"","bundle_price":[],"bundled_items":[],"bundle_sell_ids":[],"acf":[],"yoast_head":"<!-- This site is optimized with the Yoast SEO Premium plugin v25.7.1 (Yoast SEO v26.8) - https:\/\/yoast.com\/product\/yoast-seo-premium-wordpress\/ -->\n<title>Stiftsmuseum - Discover-Culture<\/title>\n<meta name=\"description\" content=\"Finden Sie hier alle Informationen zum Produkt Stiftsmuseum und betreten Sie die neue Welt von Kunst und Kultur!\" \/>\n<meta name=\"robots\" content=\"index, follow, max-snippet:-1, max-image-preview:large, max-video-preview:-1\" \/>\n<link rel=\"canonical\" href=\"https:\/\/discover-culture.com\/de\/partner\/stift-wilten\/touren\/stiftsmuseum\/\" \/>\n<meta property=\"og:locale\" content=\"de_DE\" \/>\n<meta property=\"og:type\" content=\"article\" \/>\n<meta property=\"og:title\" content=\"Stiftsmuseum\" \/>\n<meta property=\"og:description\" content=\"Finden Sie hier alle Informationen zum Produkt Stiftsmuseum und betreten Sie die neue Welt von Kunst und Kultur!\" \/>\n<meta property=\"og:url\" content=\"https:\/\/discover-culture.com\/de\/partner\/stift-wilten\/touren\/stiftsmuseum\/\" \/>\n<meta property=\"og:site_name\" content=\"Discover-Culture\" \/>\n<meta property=\"article:modified_time\" content=\"2023-04-14T09:30:52+00:00\" \/>\n<meta property=\"og:image\" content=\"https:\/\/discover-culture.com\/wp-content\/uploads\/Stift_Wilten_Museum_Exponate.jpg\" \/>\n\t<meta property=\"og:image:width\" content=\"1366\" \/>\n\t<meta property=\"og:image:height\" content=\"768\" \/>\n\t<meta property=\"og:image:type\" content=\"image\/jpeg\" \/>\n<meta name=\"twitter:card\" content=\"summary_large_image\" \/>\n<script type=\"application\/ld+json\" class=\"yoast-schema-graph\">{\"@context\":\"https:\/\/schema.org\",\"@graph\":[{\"@type\":\"WebPage\",\"@id\":\"https:\/\/discover-culture.com\/partner\/stift-wilten\/touren\/stiftsmuseum\/\",\"url\":\"https:\/\/discover-culture.com\/partner\/stift-wilten\/touren\/stiftsmuseum\/\",\"name\":\"Stiftsmuseum - Discover-Culture\",\"isPartOf\":{\"@id\":\"https:\/\/discover-culture.com\/de\/#website\"},\"primaryImageOfPage\":{\"@id\":\"https:\/\/discover-culture.com\/partner\/stift-wilten\/touren\/stiftsmuseum\/#primaryimage\"},\"image\":{\"@id\":\"https:\/\/discover-culture.com\/partner\/stift-wilten\/touren\/stiftsmuseum\/#primaryimage\"},\"thumbnailUrl\":\"https:\/\/discover-culture.com\/wp-content\/uploads\/Stift_Wilten_Museum_Exponate.jpg\",\"datePublished\":\"2021-06-23T09:56:29+00:00\",\"dateModified\":\"2023-04-14T09:30:52+00:00\",\"description\":\"Finden Sie hier alle Informationen zum Produkt Stiftsmuseum und betreten Sie die neue Welt von Kunst und Kultur!\",\"breadcrumb\":{\"@id\":\"https:\/\/discover-culture.com\/partner\/stift-wilten\/touren\/stiftsmuseum\/#breadcrumb\"},\"inLanguage\":\"de\",\"potentialAction\":[{\"@type\":\"ReadAction\",\"target\":[\"https:\/\/discover-culture.com\/partner\/stift-wilten\/touren\/stiftsmuseum\/\"]}]},{\"@type\":\"ImageObject\",\"inLanguage\":\"de\",\"@id\":\"https:\/\/discover-culture.com\/partner\/stift-wilten\/touren\/stiftsmuseum\/#primaryimage\",\"url\":\"https:\/\/discover-culture.com\/wp-content\/uploads\/Stift_Wilten_Museum_Exponate.jpg\",\"contentUrl\":\"https:\/\/discover-culture.com\/wp-content\/uploads\/Stift_Wilten_Museum_Exponate.jpg\",\"width\":1366,\"height\":768,\"caption\":\"Stift Wilten Museum Exponate\"},{\"@type\":\"BreadcrumbList\",\"@id\":\"https:\/\/discover-culture.com\/partner\/stift-wilten\/touren\/stiftsmuseum\/#breadcrumb\",\"itemListElement\":[{\"@type\":\"ListItem\",\"position\":1,\"name\":\"Home\",\"item\":\"https:\/\/discover-culture.com\/\"},{\"@type\":\"ListItem\",\"position\":2,\"name\":\"Produkte\",\"item\":\"https:\/\/discover-culture.com\/de\/shop\/\"},{\"@type\":\"ListItem\",\"position\":3,\"name\":\"Stiftsmuseum\"}]},{\"@type\":\"WebSite\",\"@id\":\"https:\/\/discover-culture.com\/de\/#website\",\"url\":\"https:\/\/discover-culture.com\/de\/\",\"name\":\"Discover-Culture\",\"description\":\"\",\"potentialAction\":[{\"@type\":\"SearchAction\",\"target\":{\"@type\":\"EntryPoint\",\"urlTemplate\":\"https:\/\/discover-culture.com\/de\/?s={search_term_string}\"},\"query-input\":{\"@type\":\"PropertyValueSpecification\",\"valueRequired\":true,\"valueName\":\"search_term_string\"}}],\"inLanguage\":\"de\"}]}<\/script>\n<!-- \/ Yoast SEO Premium plugin. -->","yoast_head_json":{"title":"Stiftsmuseum - Discover-Culture","description":"Finden Sie hier alle Informationen zum Produkt Stiftsmuseum und betreten Sie die neue Welt von Kunst und Kultur!","robots":{"index":"index","follow":"follow","max-snippet":"max-snippet:-1","max-image-preview":"max-image-preview:large","max-video-preview":"max-video-preview:-1"},"canonical":"https:\/\/discover-culture.com\/de\/partner\/stift-wilten\/touren\/stiftsmuseum\/","og_locale":"de_DE","og_type":"article","og_title":"Stiftsmuseum","og_description":"Finden Sie hier alle Informationen zum Produkt Stiftsmuseum und betreten Sie die neue Welt von Kunst und Kultur!","og_url":"https:\/\/discover-culture.com\/de\/partner\/stift-wilten\/touren\/stiftsmuseum\/","og_site_name":"Discover-Culture","article_modified_time":"2023-04-14T09:30:52+00:00","og_image":[{"width":1366,"height":768,"url":"https:\/\/discover-culture.com\/wp-content\/uploads\/Stift_Wilten_Museum_Exponate.jpg","type":"image\/jpeg"}],"twitter_card":"summary_large_image","schema":{"@context":"https:\/\/schema.org","@graph":[{"@type":"WebPage","@id":"https:\/\/discover-culture.com\/partner\/stift-wilten\/touren\/stiftsmuseum\/","url":"https:\/\/discover-culture.com\/partner\/stift-wilten\/touren\/stiftsmuseum\/","name":"Stiftsmuseum - Discover-Culture","isPartOf":{"@id":"https:\/\/discover-culture.com\/de\/#website"},"primaryImageOfPage":{"@id":"https:\/\/discover-culture.com\/partner\/stift-wilten\/touren\/stiftsmuseum\/#primaryimage"},"image":{"@id":"https:\/\/discover-culture.com\/partner\/stift-wilten\/touren\/stiftsmuseum\/#primaryimage"},"thumbnailUrl":"https:\/\/discover-culture.com\/wp-content\/uploads\/Stift_Wilten_Museum_Exponate.jpg","datePublished":"2021-06-23T09:56:29+00:00","dateModified":"2023-04-14T09:30:52+00:00","description":"Finden Sie hier alle Informationen zum Produkt Stiftsmuseum und betreten Sie die neue Welt von Kunst und Kultur!","breadcrumb":{"@id":"https:\/\/discover-culture.com\/partner\/stift-wilten\/touren\/stiftsmuseum\/#breadcrumb"},"inLanguage":"de","potentialAction":[{"@type":"ReadAction","target":["https:\/\/discover-culture.com\/partner\/stift-wilten\/touren\/stiftsmuseum\/"]}]},{"@type":"ImageObject","inLanguage":"de","@id":"https:\/\/discover-culture.com\/partner\/stift-wilten\/touren\/stiftsmuseum\/#primaryimage","url":"https:\/\/discover-culture.com\/wp-content\/uploads\/Stift_Wilten_Museum_Exponate.jpg","contentUrl":"https:\/\/discover-culture.com\/wp-content\/uploads\/Stift_Wilten_Museum_Exponate.jpg","width":1366,"height":768,"caption":"Stift Wilten Museum Exponate"},{"@type":"BreadcrumbList","@id":"https:\/\/discover-culture.com\/partner\/stift-wilten\/touren\/stiftsmuseum\/#breadcrumb","itemListElement":[{"@type":"ListItem","position":1,"name":"Home","item":"https:\/\/discover-culture.com\/"},{"@type":"ListItem","position":2,"name":"Produkte","item":"https:\/\/discover-culture.com\/de\/shop\/"},{"@type":"ListItem","position":3,"name":"Stiftsmuseum"}]},{"@type":"WebSite","@id":"https:\/\/discover-culture.com\/de\/#website","url":"https:\/\/discover-culture.com\/de\/","name":"Discover-Culture","description":"","potentialAction":[{"@type":"SearchAction","target":{"@type":"EntryPoint","urlTemplate":"https:\/\/discover-culture.com\/de\/?s={search_term_string}"},"query-input":{"@type":"PropertyValueSpecification","valueRequired":true,"valueName":"search_term_string"}}],"inLanguage":"de"}]}},"_links":{"self":[{"href":"https:\/\/discover-culture.com\/de\/wp-json\/wp\/v2\/product\/424","targetHints":{"allow":["GET"]}}],"collection":[{"href":"https:\/\/discover-culture.com\/de\/wp-json\/wp\/v2\/product"}],"about":[{"href":"https:\/\/discover-culture.com\/de\/wp-json\/wp\/v2\/types\/product"}],"wp:featuredmedia":[{"embeddable":true,"href":"https:\/\/discover-culture.com\/de\/wp-json\/wp\/v2\/media\/417"}],"wp:attachment":[{"href":"https:\/\/discover-culture.com\/de\/wp-json\/wp\/v2\/media?parent=424"}],"wp:term":[{"taxonomy":"product_brand","embeddable":true,"href":"https:\/\/discover-culture.com\/de\/wp-json\/wp\/v2\/product_brand?post=424"},{"taxonomy":"product_cat","embeddable":true,"href":"https:\/\/discover-culture.com\/de\/wp-json\/wp\/v2\/product_cat?post=424"},{"taxonomy":"product_tag","embeddable":true,"href":"https:\/\/discover-culture.com\/de\/wp-json\/wp\/v2\/product_tag?post=424"}],"curies":[{"name":"wp","href":"https:\/\/api.w.org\/{rel}","templated":true}]}}