{"id":4177,"date":"2021-09-07T11:50:45","date_gmt":"2021-09-07T09:50:45","guid":{"rendered":"https:\/\/discover-culture.com\/partner\/\/touren\/"},"modified":"2022-08-29T13:41:19","modified_gmt":"2022-08-29T11:41:19","slug":"die-schlossinsel-schloss-orth","status":"publish","type":"product","link":"https:\/\/discover-culture.com\/partner\/nationalpark-donau-auen\/touren\/die-schlossinsel-schloss-orth","title":{"rendered":"Die Schlossinsel, Schloss Orth"},"content":{"rendered":"<section id='lightpress__section--block_6137358fc226b' class='lightpress__section lightpress__section--content'><div class=\"content__grid content__grid\">\n    <div class=\"content__box content__box--one-hundred\">\n                                                        <h3>Die Schloss Insel<\/h3>\n<p>Auf dem Auerlebnisgel\u00e4nde Schlossinsel k\u00f6nnen Sie charakteristische Lebensr\u00e4ume, Tiere und Pflanzen der Flusslandschaft auf einem Rundgang entdecken.<\/p>\n<p>Zur barrierefreien Umweltbildung f\u00fcr Menschen mit besonderen Bed\u00fcrfnissen gibt es an mehreren Stationen taktile \u00dcbersichtspl\u00e4ne und drehbare Infotafeln mit 3D-Tiermodellen, darunter Ziesel und Europ\u00e4ische Sumpfschildkr\u00f6te. Audiotexte liefern \u00fcber spezielle QR Codes die Beschreibung der Lebewesen und Hintergrundwissen.<\/p>\n<p>Eine Spurenstation zeigt Trittsiegel, Felle, Geweihe sowie weitere Hinweise auf Tiere wie Biber, Hirsch, Reh und Fuchs. Auf Kinder warten mehrere Spielbereiche.<\/p>\n\n                                        <\/div>\n    <\/div><\/section>\n\n<section id='lightpress__section--block_6137376bc226e' class='lightpress__section lightpress__section--content-with-gallery'><h2 class=\"cwg__headline\"><\/h2>\n<div id='lightpress__section--block_69e497a7ccea8' class='cwg__content lightpress__section--content'><div class=\"content__grid content__grid\">\n    <div class=\"content__box content__box--one-hundred\">\n                                                        <p>Betrachten Sie die Europ\u00e4ische Sumpfschildkr\u00f6te, Emys orbicularis aus der N\u00e4he. Entdecken Sie unsere heimischen Nattern in ihrer meisterhaften Tarnung.<\/p>\n<p>Erblicken Sie unter Wasser eine F\u00fclle an Fischen &#8211; jedoch ohne nass zu werden! Erkunden Sie die typische Flora der Auen von der zarten Sumpfschwertlilie und der kletternden Waldrebe bis zur m\u00e4chtigen Silberpappel.<\/p>\n\n                                        <\/div>\n    <\/div><\/div>\n\n<div class=\"cwg__gallery cwg__gallery--3\">\n                    <picture class=\"cwg__image\">\n            <source srcset=\"https:\/\/discover-culture.com\/wp-content\/uploads\/Schlossinsel_2.webp\" type=\"image\/webp\">\n            <source srcset=\"https:\/\/discover-culture.com\/wp-content\/uploads\/Schlossinsel_2.jpg\" type=\"image\/jpeg\">\n            <img decoding=\"async\" loading=\"lazy\" src=\"https:\/\/discover-culture.com\/wp-content\/uploads\/Schlossinsel_2.jpg\" alt=\"Schlossinsel 2\">\n        <\/picture>\n                    <picture class=\"cwg__image\">\n            <source srcset=\"https:\/\/discover-culture.com\/wp-content\/uploads\/Schlossinsel_1.webp\" type=\"image\/webp\">\n            <source srcset=\"https:\/\/discover-culture.com\/wp-content\/uploads\/Schlossinsel_1.jpg\" type=\"image\/jpeg\">\n            <img decoding=\"async\" loading=\"lazy\" src=\"https:\/\/discover-culture.com\/wp-content\/uploads\/Schlossinsel_1.jpg\" alt=\"Schlossinsel 1\">\n        <\/picture>\n                    <picture class=\"cwg__image\">\n            <source srcset=\"https:\/\/discover-culture.com\/wp-content\/uploads\/Schlossinsel_3.webp\" type=\"image\/webp\">\n            <source srcset=\"https:\/\/discover-culture.com\/wp-content\/uploads\/Schlossinsel_3.jpg\" type=\"image\/jpeg\">\n            <img decoding=\"async\" loading=\"lazy\" src=\"https:\/\/discover-culture.com\/wp-content\/uploads\/Schlossinsel_3.jpg\" alt=\"Schlossinsel 3\">\n        <\/picture>\n    <\/div><\/section>\n\n<section id='lightpress__section--block_61373815c226f' class='lightpress__section lightpress__section--content'><div class=\"content__grid content__grid\">\n    <div class=\"content__box content__box--two-thirds\">\n                                                        <h3>Lebewelt der Flusslandschaft<\/h3>\n<p>Europ\u00e4ische Sumpfschildkr\u00f6ten, mehrere heimische Schlangenarten, Amphibien und interessante Insekten von Wildbienen, K\u00e4fern und Libellen bis zu Schmetterlingen sind auf der Schlossinsel daheim. Als einst typische Vertreter der Nationalparkregion werden Europ\u00e4ische Ziesel in einem Gehege gezeigt. Manchmal zeigen sich Eisv\u00f6gel oder verschiedene Reiherarten an den Gew\u00e4ssern.<\/p>\n<p>Die begehbare Unterwasserbeobachtungsstation erm\u00f6glicht einen Blick auf die Vielfalt der Wasserlebewesen in Donaualtarmen &#8211; einem Tauchgang gleich! Sie k\u00f6nnen hier diverse Fische wie Rotfedern, Brachsen, Schleien etc. bei ihrem weitgehend nat\u00fcrlichen Verhalten beobachten. Ein Aquarium zeigt erg\u00e4nzend Fischarten der pflanzenreichen Kleingew\u00e4sser wie Hundsfisch und Bitterling sowie Muscheln und Schnecken.<\/p>\n\n                                        <\/div>\n            <div class=\"content__box content__box\">\n                                                                    <img decoding=\"async\" class=\"content__image\" src=\"https:\/\/discover-culture.com\/wp-content\/uploads\/Schlossinsel_Fische.jpg\" alt=\"Schlossinsel Fische\" loading=\"lazy\">\n                                                        <\/div>\n    <\/div><\/section>\n\n<section id='lightpress__section--block_613738fac2270' class='lightpress__section lightpress__section--content'><div class=\"content__grid content__grid--fifty-fifty\">\n    <div class=\"content__box content__box\">\n                                                    <img decoding=\"async\" class=\"content__image\" src=\"https:\/\/discover-culture.com\/wp-content\/uploads\/Nationalpark_DonauAuen_-Schildkroeten.jpg\" alt=\"Nationalpark DonauAuen  Schildkroeten\" loading=\"lazy\">\n                                        <\/div>\n            <div class=\"content__box content__box\">\n                                                                        <p>\u00a0<\/p>\n<p>\u00a0<\/p>\n<p>\u00a0<\/p>\n<p>Wasserpflanzen wie Teichrose und Tausendblatt, heimische Blumenarten, verschiedene Kletterpflanzen wie Wilde Weinrebe oder Hopfen und imposante B\u00e4ume der Au gedeihen auf dem Areal der Schlossinsel.<\/p>\n<p>Mehrere idyllische Beobachtungs- und Rastpl\u00e4tze wurden auf der Schlossinsel eingerichtet. Nehmen Sie sich gen\u00fcgend Zeit, dieses kompakte St\u00fcck Aulandschaft zu genie\u00dfen, es gibt viel zu erkunden. Tipp: Immer dienstags um 12 Uhr werden die Europ\u00e4ischen Sumpfschildkr\u00f6ten im Gehege gef\u00fcttert &#8211; Sie k\u00f6nnen gerne zusehen!<\/p>\n<p>\u00a0<\/p>\n\n                                                        <\/div>\n    <\/div><\/section>\n\n<section id='lightpress__section--block_61373b61c2274' class='lightpress__section lightpress__section--content-with-gallery'><h2 class=\"cwg__headline\"><\/h2>\n<div id='lightpress__section--block_69e497a7e024a' class='cwg__content lightpress__section--content'><div class=\"content__grid content__grid\">\n    <div class=\"content__box content__box--one-hundred\">\n                                                        <p>Als Teil des schlossORTH Nationalpark-Zentrums ist die Schlossinsel nur mit gel\u00f6ster Eintrittkarte zu besichtigen. Die Fl\u00e4chen f\u00fcr die Schlossinsel wurden von den \u00d6sterreichischen Bundesforsten unentgeltlich zur Verf\u00fcgung gestellt. Die Errichtung des Auerlebnisfreigel\u00e4ndes wurde von der Europ\u00e4ischen Union gef\u00f6rdert.<\/p>\n\n                                        <\/div>\n    <\/div><\/div>\n\n<div class=\"cwg__gallery cwg__gallery--3\">\n                    <picture class=\"cwg__image\">\n            <source srcset=\"https:\/\/discover-culture.com\/wp-content\/uploads\/Schlossinsel_roeschen.webp\" type=\"image\/webp\">\n            <source srcset=\"https:\/\/discover-culture.com\/wp-content\/uploads\/Schlossinsel_roeschen.jpg\" type=\"image\/jpeg\">\n            <img decoding=\"async\" loading=\"lazy\" src=\"https:\/\/discover-culture.com\/wp-content\/uploads\/Schlossinsel_roeschen.jpg\" alt=\"Schlossinsel roeschen\">\n        <\/picture>\n                    <picture class=\"cwg__image\">\n            <source srcset=\"https:\/\/discover-culture.com\/wp-content\/uploads\/Schlossinsel_Blume.webp\" type=\"image\/webp\">\n            <source srcset=\"https:\/\/discover-culture.com\/wp-content\/uploads\/Schlossinsel_Blume.jpg\" type=\"image\/jpeg\">\n            <img decoding=\"async\" loading=\"lazy\" src=\"https:\/\/discover-culture.com\/wp-content\/uploads\/Schlossinsel_Blume.jpg\" alt=\"Schlossinsel Blume\">\n        <\/picture>\n                    <picture class=\"cwg__image\">\n            <source srcset=\"https:\/\/discover-culture.com\/wp-content\/uploads\/Schlossinsel_Schlange.webp\" type=\"image\/webp\">\n            <source srcset=\"https:\/\/discover-culture.com\/wp-content\/uploads\/Schlossinsel_Schlange.jpg\" type=\"image\/jpeg\">\n            <img decoding=\"async\" loading=\"lazy\" src=\"https:\/\/discover-culture.com\/wp-content\/uploads\/Schlossinsel_Schlange.jpg\" alt=\"Schlossinsel Schlange\">\n        <\/picture>\n    <\/div><\/section>\n\n<section id='lightpress__section--block_618a3c2e76d36' class='lightpress__section lightpress__section--image'>                        <img decoding=\"async\" src=\"https:\/\/discover-culture.com\/wp-content\/uploads\/Logo_Leiste_EU.jpg\" alt=\"Logo Leiste EU\">\n<\/section>","protected":false},"excerpt":{"rendered":"<p>Umweltbildung z\u00e4hlt zu unseren zentralen Aufgaben &#8211; Nationalpark-Rangerinnen und -Ranger vermitteln Wissen auf spannende Weise. Als gro\u00dfes Freiluftlabor bietet der Nationalpark Donau-Auen der Wissenschaft vielf\u00e4ltige M\u00f6glichkeiten, nat\u00fcrliche Prozesse und Zusammenh\u00e4nge zu erforschen.<\/p>\n","protected":false},"featured_media":4190,"template":"","meta":{"_acf_changed":false,"_relevanssi_hide_post":"","_relevanssi_hide_content":"","_relevanssi_pin_for_all":"","_relevanssi_pin_keywords":"","_relevanssi_unpin_keywords":"","_relevanssi_related_keywords":"","_relevanssi_related_include_ids":"","_relevanssi_related_exclude_ids":"","_relevanssi_related_no_append":"","_relevanssi_related_not_related":"","_relevanssi_related_posts":"","_relevanssi_noindex_reason":""},"product_brand":[],"product_cat":[16],"product_tag":[],"class_list":["product-subtour","product","first","instock","virtual","sold-individually","taxable","purchasable","product-type-simple"],"bundled_by":["4544"],"bundle_stock_status":"instock","bundle_stock_quantity":null,"bundle_virtual":false,"bundle_layout":"","bundle_add_to_cart_form_location":"","bundle_editable_in_cart":false,"bundle_sold_individually_context":"","bundle_item_grouping":"","bundle_min_size":"","bundle_max_size":"","bundle_price":[],"bundled_items":[],"bundle_sell_ids":[],"acf":[],"yoast_head":"<!-- This site is optimized with the Yoast SEO Premium plugin v25.7.1 (Yoast SEO v26.8) - https:\/\/yoast.com\/product\/yoast-seo-premium-wordpress\/ -->\n<title>Die Schlossinsel, Schloss Orth - Discover-Culture<\/title>\n<meta name=\"description\" content=\"Finden Sie hier alle Informationen zum Produkt Die Schlossinsel, Schloss Orth und betreten Sie die neue Welt von Kunst und Kultur!\" \/>\n<meta name=\"robots\" content=\"index, follow, max-snippet:-1, max-image-preview:large, max-video-preview:-1\" \/>\n<link rel=\"canonical\" href=\"https:\/\/discover-culture.com\/de\/partner\/nationalpark-donau-auen\/touren\/die-schlossinsel-schloss-orth\/\" \/>\n<meta property=\"og:locale\" content=\"de_DE\" \/>\n<meta property=\"og:type\" content=\"article\" \/>\n<meta property=\"og:title\" content=\"Die Schlossinsel, Schloss Orth\" \/>\n<meta property=\"og:description\" content=\"Finden Sie hier alle Informationen zum Produkt Die Schlossinsel, Schloss Orth und betreten Sie die neue Welt von Kunst und Kultur!\" \/>\n<meta property=\"og:url\" content=\"https:\/\/discover-culture.com\/de\/partner\/nationalpark-donau-auen\/touren\/die-schlossinsel-schloss-orth\/\" \/>\n<meta property=\"og:site_name\" content=\"Discover-Culture\" \/>\n<meta property=\"article:modified_time\" content=\"2022-08-29T11:41:19+00:00\" \/>\n<meta property=\"og:image\" content=\"https:\/\/discover-culture.com\/wp-content\/uploads\/Schlossinsel_Orth.jpg\" \/>\n\t<meta property=\"og:image:width\" content=\"2000\" \/>\n\t<meta property=\"og:image:height\" content=\"1500\" \/>\n\t<meta property=\"og:image:type\" content=\"image\/jpeg\" \/>\n<meta name=\"twitter:card\" content=\"summary_large_image\" \/>\n<script type=\"application\/ld+json\" class=\"yoast-schema-graph\">{\"@context\":\"https:\/\/schema.org\",\"@graph\":[{\"@type\":\"WebPage\",\"@id\":\"https:\/\/discover-culture.com\/partner\/nationalpark-donau-auen\/touren\/die-schlossinsel-schloss-orth\/\",\"url\":\"https:\/\/discover-culture.com\/partner\/nationalpark-donau-auen\/touren\/die-schlossinsel-schloss-orth\/\",\"name\":\"Die Schlossinsel, Schloss Orth - Discover-Culture\",\"isPartOf\":{\"@id\":\"https:\/\/discover-culture.com\/de\/#website\"},\"primaryImageOfPage\":{\"@id\":\"https:\/\/discover-culture.com\/partner\/nationalpark-donau-auen\/touren\/die-schlossinsel-schloss-orth\/#primaryimage\"},\"image\":{\"@id\":\"https:\/\/discover-culture.com\/partner\/nationalpark-donau-auen\/touren\/die-schlossinsel-schloss-orth\/#primaryimage\"},\"thumbnailUrl\":\"https:\/\/discover-culture.com\/wp-content\/uploads\/Schlossinsel_Orth.jpg\",\"datePublished\":\"2021-09-07T09:50:45+00:00\",\"dateModified\":\"2022-08-29T11:41:19+00:00\",\"description\":\"Finden Sie hier alle Informationen zum Produkt Die Schlossinsel, Schloss Orth und betreten Sie die neue Welt von Kunst und Kultur!\",\"breadcrumb\":{\"@id\":\"https:\/\/discover-culture.com\/partner\/nationalpark-donau-auen\/touren\/die-schlossinsel-schloss-orth\/#breadcrumb\"},\"inLanguage\":\"de\",\"potentialAction\":[{\"@type\":\"ReadAction\",\"target\":[\"https:\/\/discover-culture.com\/partner\/nationalpark-donau-auen\/touren\/die-schlossinsel-schloss-orth\/\"]}]},{\"@type\":\"ImageObject\",\"inLanguage\":\"de\",\"@id\":\"https:\/\/discover-culture.com\/partner\/nationalpark-donau-auen\/touren\/die-schlossinsel-schloss-orth\/#primaryimage\",\"url\":\"https:\/\/discover-culture.com\/wp-content\/uploads\/Schlossinsel_Orth.jpg\",\"contentUrl\":\"https:\/\/discover-culture.com\/wp-content\/uploads\/Schlossinsel_Orth.jpg\",\"width\":2000,\"height\":1500,\"caption\":\"Schlossinsel Orth\"},{\"@type\":\"BreadcrumbList\",\"@id\":\"https:\/\/discover-culture.com\/partner\/nationalpark-donau-auen\/touren\/die-schlossinsel-schloss-orth\/#breadcrumb\",\"itemListElement\":[{\"@type\":\"ListItem\",\"position\":1,\"name\":\"Home\",\"item\":\"https:\/\/discover-culture.com\/\"},{\"@type\":\"ListItem\",\"position\":2,\"name\":\"Produkte\",\"item\":\"https:\/\/discover-culture.com\/de\/shop\/\"},{\"@type\":\"ListItem\",\"position\":3,\"name\":\"Die Schlossinsel, Schloss Orth\"}]},{\"@type\":\"WebSite\",\"@id\":\"https:\/\/discover-culture.com\/de\/#website\",\"url\":\"https:\/\/discover-culture.com\/de\/\",\"name\":\"Discover-Culture\",\"description\":\"\",\"potentialAction\":[{\"@type\":\"SearchAction\",\"target\":{\"@type\":\"EntryPoint\",\"urlTemplate\":\"https:\/\/discover-culture.com\/de\/?s={search_term_string}\"},\"query-input\":{\"@type\":\"PropertyValueSpecification\",\"valueRequired\":true,\"valueName\":\"search_term_string\"}}],\"inLanguage\":\"de\"}]}<\/script>\n<!-- \/ Yoast SEO Premium plugin. -->","yoast_head_json":{"title":"Die Schlossinsel, Schloss Orth - Discover-Culture","description":"Finden Sie hier alle Informationen zum Produkt Die Schlossinsel, Schloss Orth und betreten Sie die neue Welt von Kunst und Kultur!","robots":{"index":"index","follow":"follow","max-snippet":"max-snippet:-1","max-image-preview":"max-image-preview:large","max-video-preview":"max-video-preview:-1"},"canonical":"https:\/\/discover-culture.com\/de\/partner\/nationalpark-donau-auen\/touren\/die-schlossinsel-schloss-orth\/","og_locale":"de_DE","og_type":"article","og_title":"Die Schlossinsel, Schloss Orth","og_description":"Finden Sie hier alle Informationen zum Produkt Die Schlossinsel, Schloss Orth und betreten Sie die neue Welt von Kunst und Kultur!","og_url":"https:\/\/discover-culture.com\/de\/partner\/nationalpark-donau-auen\/touren\/die-schlossinsel-schloss-orth\/","og_site_name":"Discover-Culture","article_modified_time":"2022-08-29T11:41:19+00:00","og_image":[{"width":2000,"height":1500,"url":"https:\/\/discover-culture.com\/wp-content\/uploads\/Schlossinsel_Orth.jpg","type":"image\/jpeg"}],"twitter_card":"summary_large_image","schema":{"@context":"https:\/\/schema.org","@graph":[{"@type":"WebPage","@id":"https:\/\/discover-culture.com\/partner\/nationalpark-donau-auen\/touren\/die-schlossinsel-schloss-orth\/","url":"https:\/\/discover-culture.com\/partner\/nationalpark-donau-auen\/touren\/die-schlossinsel-schloss-orth\/","name":"Die Schlossinsel, Schloss Orth - Discover-Culture","isPartOf":{"@id":"https:\/\/discover-culture.com\/de\/#website"},"primaryImageOfPage":{"@id":"https:\/\/discover-culture.com\/partner\/nationalpark-donau-auen\/touren\/die-schlossinsel-schloss-orth\/#primaryimage"},"image":{"@id":"https:\/\/discover-culture.com\/partner\/nationalpark-donau-auen\/touren\/die-schlossinsel-schloss-orth\/#primaryimage"},"thumbnailUrl":"https:\/\/discover-culture.com\/wp-content\/uploads\/Schlossinsel_Orth.jpg","datePublished":"2021-09-07T09:50:45+00:00","dateModified":"2022-08-29T11:41:19+00:00","description":"Finden Sie hier alle Informationen zum Produkt Die Schlossinsel, Schloss Orth und betreten Sie die neue Welt von Kunst und Kultur!","breadcrumb":{"@id":"https:\/\/discover-culture.com\/partner\/nationalpark-donau-auen\/touren\/die-schlossinsel-schloss-orth\/#breadcrumb"},"inLanguage":"de","potentialAction":[{"@type":"ReadAction","target":["https:\/\/discover-culture.com\/partner\/nationalpark-donau-auen\/touren\/die-schlossinsel-schloss-orth\/"]}]},{"@type":"ImageObject","inLanguage":"de","@id":"https:\/\/discover-culture.com\/partner\/nationalpark-donau-auen\/touren\/die-schlossinsel-schloss-orth\/#primaryimage","url":"https:\/\/discover-culture.com\/wp-content\/uploads\/Schlossinsel_Orth.jpg","contentUrl":"https:\/\/discover-culture.com\/wp-content\/uploads\/Schlossinsel_Orth.jpg","width":2000,"height":1500,"caption":"Schlossinsel Orth"},{"@type":"BreadcrumbList","@id":"https:\/\/discover-culture.com\/partner\/nationalpark-donau-auen\/touren\/die-schlossinsel-schloss-orth\/#breadcrumb","itemListElement":[{"@type":"ListItem","position":1,"name":"Home","item":"https:\/\/discover-culture.com\/"},{"@type":"ListItem","position":2,"name":"Produkte","item":"https:\/\/discover-culture.com\/de\/shop\/"},{"@type":"ListItem","position":3,"name":"Die Schlossinsel, Schloss Orth"}]},{"@type":"WebSite","@id":"https:\/\/discover-culture.com\/de\/#website","url":"https:\/\/discover-culture.com\/de\/","name":"Discover-Culture","description":"","potentialAction":[{"@type":"SearchAction","target":{"@type":"EntryPoint","urlTemplate":"https:\/\/discover-culture.com\/de\/?s={search_term_string}"},"query-input":{"@type":"PropertyValueSpecification","valueRequired":true,"valueName":"search_term_string"}}],"inLanguage":"de"}]}},"_links":{"self":[{"href":"https:\/\/discover-culture.com\/de\/wp-json\/wp\/v2\/product\/4177","targetHints":{"allow":["GET"]}}],"collection":[{"href":"https:\/\/discover-culture.com\/de\/wp-json\/wp\/v2\/product"}],"about":[{"href":"https:\/\/discover-culture.com\/de\/wp-json\/wp\/v2\/types\/product"}],"wp:featuredmedia":[{"embeddable":true,"href":"https:\/\/discover-culture.com\/de\/wp-json\/wp\/v2\/media\/4190"}],"wp:attachment":[{"href":"https:\/\/discover-culture.com\/de\/wp-json\/wp\/v2\/media?parent=4177"}],"wp:term":[{"taxonomy":"product_brand","embeddable":true,"href":"https:\/\/discover-culture.com\/de\/wp-json\/wp\/v2\/product_brand?post=4177"},{"taxonomy":"product_cat","embeddable":true,"href":"https:\/\/discover-culture.com\/de\/wp-json\/wp\/v2\/product_cat?post=4177"},{"taxonomy":"product_tag","embeddable":true,"href":"https:\/\/discover-culture.com\/de\/wp-json\/wp\/v2\/product_tag?post=4177"}],"curies":[{"name":"wp","href":"https:\/\/api.w.org\/{rel}","templated":true}]}}