{"id":3943,"date":"2021-07-20T16:27:24","date_gmt":"2021-07-20T14:27:24","guid":{"rendered":"https:\/\/discover-culture.com\/partner\/\/touren\/"},"modified":"2025-11-24T10:48:14","modified_gmt":"2025-11-24T08:48:14","slug":"maximilianr%c3%a4ume-und-erbauerr%c3%a4ume","status":"publish","type":"product","link":"https:\/\/discover-culture.com\/partner\/schloss-tratzberg\/touren\/maximilianr%c3%a4ume-und-erbauerr%c3%a4ume","title":{"rendered":"Maximilianr\u00e4ume und Erbauerr\u00e4ume"},"content":{"rendered":"<section id='lightpress__section--block_462d9257558706a28e059c501fc04c5e' class='lightpress__section lightpress__section--content'><div class=\"content__grid content__grid\">\n    <div class=\"content__box content__box--one-hundred\">\n                                                        <p>Begeben Sie sich mit dem Schlossherren Graf Ulrich Goess-Enzenberg auf die Spuren der Familie T\u00e4nzl. Kaiser Maximilian nutzte Tratzberg dazumal als Jagdschloss.\u00a0\u00a0<\/p>\n<p>Erleben Sie innerhalb dieser virtuellen F\u00fchrung die historischen Privatr\u00e4ume des Kaisers sowie die Erbauerr\u00e4ume des Renaissance Schlosses.<\/p>\n<p>\u00a0<\/p>\n\n                                        <\/div>\n    <\/div><\/section>\n\n<section id='lightpress__section--block_c04635f8ab928428721e15e9108d1a66' class='lightpress__section lightpress__section--content'><div class=\"content__grid content__grid--fifty-fifty\">\n    <div class=\"content__box content__box content__box--text-center\">\n                                                        <h3>\u00a0<\/h3>\n<h3>Auf des Kaisers Spuren<\/h3>\n<p>In der Stube Kaiser Maximilians finden sich auf der h\u00f6lzernen Wandt\u00e4felung noch originalerhaltene Kreideverzierungen, welche unter anderem seinen Lieblingsspruch wiedergeben:<\/p>\n<p>\u201eIch leb und wei\u00df nicht wie lang. <br \/>Ich sterb und wei\u00df nicht wann. <br \/>Ich fahr und wei\u00df nicht wohin. <br \/>Mich wundert\u2019s, dass ich so fr\u00f6hlich bin.\u201c <\/p>\n<p>Begeben Sie sich mit dem heutigen Besitzer Graf Ulrich Go\u00ebss-Enzenberg h\u00f6chstpers\u00f6nlich auf eine virtuelle Entdeckungstour .<\/p>\n\n                                        <\/div>\n            <div class=\"content__box content__box\">\n                                                                    <img decoding=\"async\" class=\"content__image\" src=\"https:\/\/discover-culture.com\/wp-content\/uploads\/maximilianspruch-1.jpg\" alt=\"maximilianspruch 1\" loading=\"lazy\">\n                                                        <\/div>\n    <\/div><\/section>\n\n<section id='lightpress__section--block_86f3a03dc797c9a7bf1aeebd6224d639' class='lightpress__section lightpress__section--content'><div class=\"content__grid content__grid--fifty-fifty\">\n    <div class=\"content__box content__box\">\n                                                    <img decoding=\"async\" class=\"content__image\" src=\"https:\/\/discover-culture.com\/wp-content\/uploads\/ueberblick_erbaurraeume_web-1.png\" alt=\"ueberblick erbaurraeume web 1\" loading=\"lazy\">\n                                        <\/div>\n            <div class=\"content__box content__box content__box--text-center\">\n                                                                        <h3>Zur Historie der Erbauerr\u00e4ume<\/h3>\n<p>Im Winter 1490\/91 brannte die Burg vollst\u00e4ndig ab.<\/p>\n<p>Maximilian I. \u00fcbergab die Ruine der reichen Gewerkenfamilie T\u00e4nzl aus Schwaz, die den ostseitigen, den s\u00fcdseitigen sowie einen Teil des westseitigen Trakts im sp\u00e4tgotischen Stil errichten lie\u00dfen.<\/p>\n<p>Noch heute prangt \u00fcber dem Eingang zum gro\u00dfen Treppenturm in der S\u00fcdostecke des Innenhofs das T\u00e4nzl\u2019sche Wappen, das zwar die Jahreszahl 1500 tr\u00e4gt, tats\u00e4chlich aber von 1502 stammt, dem Jahr, in dem Maximilian die Familie in den Adelsstand erhob.<\/p>\n\n                                                        <\/div>\n    <\/div><\/section>\n\n<section id='lightpress__section--block_a937fe10eb8c27559ca4a3fb836b6bcf' class='lightpress__section lightpress__section--content'><div class=\"content__grid content__grid\">\n    <div class=\"content__box content__box--two-thirds content__box--text-center\">\n                                                        <h3>\u00a0<\/h3>\n<h3>\u00a0<\/h3>\n<h3>Privatf\u00fchrung<\/h3>\n<p>Der Eigent\u00fcmer von Schloss Tratzberg, Graf Ulrich Goess-Enzenberg f\u00fchrt sie an dieser Stelle pers\u00f6nlich durch die Maximilianr\u00e4ume sowie die Erbauerr\u00e4ume von Schloss Tratzberg.<\/p>\n\n                                        <\/div>\n            <div class=\"content__box content__box\">\n                                                                    <img decoding=\"async\" class=\"content__image\" src=\"https:\/\/discover-culture.com\/wp-content\/uploads\/Graf_Graefin_Innenhof_verkleinert.png\" alt=\"Graf Graefin, Schloss Tratzberg\" loading=\"lazy\">\n                                                        <\/div>\n    <\/div><\/section>\n\n<section id='lightpress__section--block_6ecaa7ec7d49a5b82e475e0c743242a3' class='lightpress__section lightpress__section--content'><div class=\"content__grid content__grid\">\n    <div class=\"content__box content__box--one-hundred\">\n                                                        <h4>Sonderf\u00fchrung vor Ort im Schloss<\/h4>\n<p>\u00a0<\/p>\n<p>\u00a0<\/p>\n<p>Erleben Sie die Maximilianr\u00e4ume zus\u00e4tzlich im Rahmen einer regelm\u00e4\u00dfig angebotenen Sonderf\u00fchrung direkt im Schloss. <br \/>Vor Ort erhalten Sie exklusive Einblicke und weiterf\u00fchrende Hintergrundgeschichten, die in der Online-Version nicht enthalten sind.<\/p>\n<p>Mehr Informationen sowie Tickets finden Sie auf der<\/p>\n<p><a class=\"lcyd__button lcyd__button--animate lcyd__button--arrow lcyd__button--animate\" href=\"https:\/\/www.schloss-tratzberg.at\/\" target=\"_blank\" rel=\"noopener\">Website von Schloss Tratzberg<\/a><\/p>\n\n                                        <\/div>\n    <\/div><\/section>\n\n<section id='lightpress__section--block_c4c31cd625de0ba36f1810b5cc9802ec' class='lightpress__section--full-width lightpress__section lightpress__section--section-add-to-cart'><\/section>","protected":false},"excerpt":{"rendered":"<p>Maximilianr\u00e4ume und Erbauerr\u00e4ume, Schloss Tratzberg<\/p>\n","protected":false},"featured_media":3945,"template":"","meta":{"_acf_changed":true,"_relevanssi_hide_post":"","_relevanssi_hide_content":"","_relevanssi_pin_for_all":"","_relevanssi_pin_keywords":"","_relevanssi_unpin_keywords":"","_relevanssi_related_keywords":"","_relevanssi_related_include_ids":"","_relevanssi_related_exclude_ids":"","_relevanssi_related_no_append":"","_relevanssi_related_not_related":"","_relevanssi_related_posts":"3848,3845,3849,3841,3844","_relevanssi_noindex_reason":""},"product_brand":[],"product_cat":[16],"product_tag":[],"class_list":["product-available","product","first","instock","virtual","sold-individually","taxable","purchasable","product-type-bundle"],"bundled_by":[],"bundle_stock_status":"instock","bundle_stock_quantity":"","bundle_virtual":false,"bundle_layout":"default","bundle_add_to_cart_form_location":"default","bundle_editable_in_cart":false,"bundle_sold_individually_context":"product","bundle_item_grouping":"parent","bundle_min_size":"","bundle_max_size":"","bundle_price":{"price":{"min":{"incl_tax":"4.99","excl_tax":"4.158333"},"max":{"incl_tax":"4.99","excl_tax":"4.158333"}},"regular_price":{"min":{"incl_tax":"4.99","excl_tax":"4.158333"},"max":{"incl_tax":"4.99","excl_tax":"4.158333"}}},"bundled_items":[{"bundled_item_id":1,"product_id":300,"menu_order":0,"quantity_min":1,"quantity_max":1,"quantity_default":1,"priced_individually":false,"shipped_individually":true,"override_title":false,"title":"Erbauer R\u00e4ume","override_description":false,"description":"","optional":false,"hide_thumbnail":false,"discount":"","override_variations":false,"allowed_variations":[],"override_default_variation_attributes":false,"default_variation_attributes":[],"single_product_visibility":"visible","cart_visibility":"visible","order_visibility":"visible","single_product_price_visibility":"visible","cart_price_visibility":"visible","order_price_visibility":"visible","stock_status":"in_stock"},{"bundled_item_id":2,"product_id":306,"menu_order":1,"quantity_min":1,"quantity_max":1,"quantity_default":1,"priced_individually":false,"shipped_individually":true,"override_title":false,"title":"Maximilianr\u00e4ume","override_description":false,"description":"","optional":false,"hide_thumbnail":false,"discount":"","override_variations":false,"allowed_variations":[],"override_default_variation_attributes":false,"default_variation_attributes":[],"single_product_visibility":"visible","cart_visibility":"visible","order_visibility":"visible","single_product_price_visibility":"visible","cart_price_visibility":"visible","order_price_visibility":"visible","stock_status":"in_stock"}],"bundle_sell_ids":[],"acf":[],"yoast_head":"<!-- This site is optimized with the Yoast SEO Premium plugin v25.7.1 (Yoast SEO v26.8) - https:\/\/yoast.com\/product\/yoast-seo-premium-wordpress\/ -->\n<title>Maximilianr\u00e4ume und Erbauerr\u00e4ume - Discover-Culture<\/title>\n<meta name=\"description\" content=\"Finden Sie hier alle Informationen zum Produkt Maximilianr\u00e4ume und Erbauerr\u00e4ume und betreten Sie die neue Welt von Kunst und Kultur!\" \/>\n<meta name=\"robots\" content=\"index, follow, max-snippet:-1, max-image-preview:large, max-video-preview:-1\" \/>\n<link rel=\"canonical\" href=\"https:\/\/discover-culture.com\/de\/partner\/schloss-tratzberg\/touren\/maximilianr\u00e4ume-und-erbauerr\u00e4ume\/\" \/>\n<meta property=\"og:locale\" content=\"de_DE\" \/>\n<meta property=\"og:type\" content=\"article\" \/>\n<meta property=\"og:title\" content=\"Maximilianr\u00e4ume und Erbauerr\u00e4ume\" \/>\n<meta property=\"og:description\" content=\"Finden Sie hier alle Informationen zum Produkt Maximilianr\u00e4ume und Erbauerr\u00e4ume und betreten Sie die neue Welt von Kunst und Kultur!\" \/>\n<meta property=\"og:url\" content=\"https:\/\/discover-culture.com\/de\/partner\/schloss-tratzberg\/touren\/maximilianr\u00e4ume-und-erbauerr\u00e4ume\/\" \/>\n<meta property=\"og:site_name\" content=\"Discover-Culture\" \/>\n<meta property=\"article:modified_time\" content=\"2025-11-24T08:48:14+00:00\" \/>\n<meta property=\"og:image\" content=\"https:\/\/discover-culture.com\/wp-content\/uploads\/maximilianraum2-1.jpg\" \/>\n\t<meta property=\"og:image:width\" content=\"2160\" \/>\n\t<meta property=\"og:image:height\" content=\"1440\" \/>\n\t<meta property=\"og:image:type\" content=\"image\/jpeg\" \/>\n<meta name=\"twitter:card\" content=\"summary_large_image\" \/>\n<meta name=\"twitter:label1\" content=\"Gesch\u00e4tzte Lesezeit\" \/>\n\t<meta name=\"twitter:data1\" content=\"1\u00a0Minute\" \/>\n<script type=\"application\/ld+json\" class=\"yoast-schema-graph\">{\"@context\":\"https:\/\/schema.org\",\"@graph\":[{\"@type\":\"WebPage\",\"@id\":\"https:\/\/discover-culture.com\/partner\/schloss-tratzberg\/touren\/maximilianr%c3%a4ume-und-erbauerr%c3%a4ume\/\",\"url\":\"https:\/\/discover-culture.com\/partner\/schloss-tratzberg\/touren\/maximilianr%c3%a4ume-und-erbauerr%c3%a4ume\/\",\"name\":\"Maximilianr\u00e4ume und Erbauerr\u00e4ume - Discover-Culture\",\"isPartOf\":{\"@id\":\"https:\/\/discover-culture.com\/de\/#website\"},\"primaryImageOfPage\":{\"@id\":\"https:\/\/discover-culture.com\/partner\/schloss-tratzberg\/touren\/maximilianr%c3%a4ume-und-erbauerr%c3%a4ume\/#primaryimage\"},\"image\":{\"@id\":\"https:\/\/discover-culture.com\/partner\/schloss-tratzberg\/touren\/maximilianr%c3%a4ume-und-erbauerr%c3%a4ume\/#primaryimage\"},\"thumbnailUrl\":\"https:\/\/discover-culture.com\/wp-content\/uploads\/maximilianraum2-1.jpg\",\"datePublished\":\"2021-07-20T14:27:24+00:00\",\"dateModified\":\"2025-11-24T08:48:14+00:00\",\"description\":\"Finden Sie hier alle Informationen zum Produkt Maximilianr\u00e4ume und Erbauerr\u00e4ume und betreten Sie die neue Welt von Kunst und Kultur!\",\"breadcrumb\":{\"@id\":\"https:\/\/discover-culture.com\/partner\/schloss-tratzberg\/touren\/maximilianr%c3%a4ume-und-erbauerr%c3%a4ume\/#breadcrumb\"},\"inLanguage\":\"de\",\"potentialAction\":[{\"@type\":\"ReadAction\",\"target\":[\"https:\/\/discover-culture.com\/partner\/schloss-tratzberg\/touren\/maximilianr%c3%a4ume-und-erbauerr%c3%a4ume\/\"]}]},{\"@type\":\"ImageObject\",\"inLanguage\":\"de\",\"@id\":\"https:\/\/discover-culture.com\/partner\/schloss-tratzberg\/touren\/maximilianr%c3%a4ume-und-erbauerr%c3%a4ume\/#primaryimage\",\"url\":\"https:\/\/discover-culture.com\/wp-content\/uploads\/maximilianraum2-1.jpg\",\"contentUrl\":\"https:\/\/discover-culture.com\/wp-content\/uploads\/maximilianraum2-1.jpg\",\"width\":2160,\"height\":1440,\"caption\":\"maximilianraum2 1\"},{\"@type\":\"BreadcrumbList\",\"@id\":\"https:\/\/discover-culture.com\/partner\/schloss-tratzberg\/touren\/maximilianr%c3%a4ume-und-erbauerr%c3%a4ume\/#breadcrumb\",\"itemListElement\":[{\"@type\":\"ListItem\",\"position\":1,\"name\":\"Home\",\"item\":\"https:\/\/discover-culture.com\/\"},{\"@type\":\"ListItem\",\"position\":2,\"name\":\"Produkte\",\"item\":\"https:\/\/discover-culture.com\/de\/shop\/\"},{\"@type\":\"ListItem\",\"position\":3,\"name\":\"Maximilianr\u00e4ume und Erbauerr\u00e4ume\"}]},{\"@type\":\"WebSite\",\"@id\":\"https:\/\/discover-culture.com\/de\/#website\",\"url\":\"https:\/\/discover-culture.com\/de\/\",\"name\":\"Discover-Culture\",\"description\":\"\",\"potentialAction\":[{\"@type\":\"SearchAction\",\"target\":{\"@type\":\"EntryPoint\",\"urlTemplate\":\"https:\/\/discover-culture.com\/de\/?s={search_term_string}\"},\"query-input\":{\"@type\":\"PropertyValueSpecification\",\"valueRequired\":true,\"valueName\":\"search_term_string\"}}],\"inLanguage\":\"de\"}]}<\/script>\n<!-- \/ Yoast SEO Premium plugin. -->","yoast_head_json":{"title":"Maximilianr\u00e4ume und Erbauerr\u00e4ume - Discover-Culture","description":"Finden Sie hier alle Informationen zum Produkt Maximilianr\u00e4ume und Erbauerr\u00e4ume und betreten Sie die neue Welt von Kunst und Kultur!","robots":{"index":"index","follow":"follow","max-snippet":"max-snippet:-1","max-image-preview":"max-image-preview:large","max-video-preview":"max-video-preview:-1"},"canonical":"https:\/\/discover-culture.com\/de\/partner\/schloss-tratzberg\/touren\/maximilianr\u00e4ume-und-erbauerr\u00e4ume\/","og_locale":"de_DE","og_type":"article","og_title":"Maximilianr\u00e4ume und Erbauerr\u00e4ume","og_description":"Finden Sie hier alle Informationen zum Produkt Maximilianr\u00e4ume und Erbauerr\u00e4ume und betreten Sie die neue Welt von Kunst und Kultur!","og_url":"https:\/\/discover-culture.com\/de\/partner\/schloss-tratzberg\/touren\/maximilianr\u00e4ume-und-erbauerr\u00e4ume\/","og_site_name":"Discover-Culture","article_modified_time":"2025-11-24T08:48:14+00:00","og_image":[{"width":2160,"height":1440,"url":"https:\/\/discover-culture.com\/wp-content\/uploads\/maximilianraum2-1.jpg","type":"image\/jpeg"}],"twitter_card":"summary_large_image","twitter_misc":{"Gesch\u00e4tzte Lesezeit":"1\u00a0Minute"},"schema":{"@context":"https:\/\/schema.org","@graph":[{"@type":"WebPage","@id":"https:\/\/discover-culture.com\/partner\/schloss-tratzberg\/touren\/maximilianr%c3%a4ume-und-erbauerr%c3%a4ume\/","url":"https:\/\/discover-culture.com\/partner\/schloss-tratzberg\/touren\/maximilianr%c3%a4ume-und-erbauerr%c3%a4ume\/","name":"Maximilianr\u00e4ume und Erbauerr\u00e4ume - Discover-Culture","isPartOf":{"@id":"https:\/\/discover-culture.com\/de\/#website"},"primaryImageOfPage":{"@id":"https:\/\/discover-culture.com\/partner\/schloss-tratzberg\/touren\/maximilianr%c3%a4ume-und-erbauerr%c3%a4ume\/#primaryimage"},"image":{"@id":"https:\/\/discover-culture.com\/partner\/schloss-tratzberg\/touren\/maximilianr%c3%a4ume-und-erbauerr%c3%a4ume\/#primaryimage"},"thumbnailUrl":"https:\/\/discover-culture.com\/wp-content\/uploads\/maximilianraum2-1.jpg","datePublished":"2021-07-20T14:27:24+00:00","dateModified":"2025-11-24T08:48:14+00:00","description":"Finden Sie hier alle Informationen zum Produkt Maximilianr\u00e4ume und Erbauerr\u00e4ume und betreten Sie die neue Welt von Kunst und Kultur!","breadcrumb":{"@id":"https:\/\/discover-culture.com\/partner\/schloss-tratzberg\/touren\/maximilianr%c3%a4ume-und-erbauerr%c3%a4ume\/#breadcrumb"},"inLanguage":"de","potentialAction":[{"@type":"ReadAction","target":["https:\/\/discover-culture.com\/partner\/schloss-tratzberg\/touren\/maximilianr%c3%a4ume-und-erbauerr%c3%a4ume\/"]}]},{"@type":"ImageObject","inLanguage":"de","@id":"https:\/\/discover-culture.com\/partner\/schloss-tratzberg\/touren\/maximilianr%c3%a4ume-und-erbauerr%c3%a4ume\/#primaryimage","url":"https:\/\/discover-culture.com\/wp-content\/uploads\/maximilianraum2-1.jpg","contentUrl":"https:\/\/discover-culture.com\/wp-content\/uploads\/maximilianraum2-1.jpg","width":2160,"height":1440,"caption":"maximilianraum2 1"},{"@type":"BreadcrumbList","@id":"https:\/\/discover-culture.com\/partner\/schloss-tratzberg\/touren\/maximilianr%c3%a4ume-und-erbauerr%c3%a4ume\/#breadcrumb","itemListElement":[{"@type":"ListItem","position":1,"name":"Home","item":"https:\/\/discover-culture.com\/"},{"@type":"ListItem","position":2,"name":"Produkte","item":"https:\/\/discover-culture.com\/de\/shop\/"},{"@type":"ListItem","position":3,"name":"Maximilianr\u00e4ume und Erbauerr\u00e4ume"}]},{"@type":"WebSite","@id":"https:\/\/discover-culture.com\/de\/#website","url":"https:\/\/discover-culture.com\/de\/","name":"Discover-Culture","description":"","potentialAction":[{"@type":"SearchAction","target":{"@type":"EntryPoint","urlTemplate":"https:\/\/discover-culture.com\/de\/?s={search_term_string}"},"query-input":{"@type":"PropertyValueSpecification","valueRequired":true,"valueName":"search_term_string"}}],"inLanguage":"de"}]}},"_links":{"self":[{"href":"https:\/\/discover-culture.com\/de\/wp-json\/wp\/v2\/product\/3943","targetHints":{"allow":["GET"]}}],"collection":[{"href":"https:\/\/discover-culture.com\/de\/wp-json\/wp\/v2\/product"}],"about":[{"href":"https:\/\/discover-culture.com\/de\/wp-json\/wp\/v2\/types\/product"}],"wp:featuredmedia":[{"embeddable":true,"href":"https:\/\/discover-culture.com\/de\/wp-json\/wp\/v2\/media\/3945"}],"wp:attachment":[{"href":"https:\/\/discover-culture.com\/de\/wp-json\/wp\/v2\/media?parent=3943"}],"wp:term":[{"taxonomy":"product_brand","embeddable":true,"href":"https:\/\/discover-culture.com\/de\/wp-json\/wp\/v2\/product_brand?post=3943"},{"taxonomy":"product_cat","embeddable":true,"href":"https:\/\/discover-culture.com\/de\/wp-json\/wp\/v2\/product_cat?post=3943"},{"taxonomy":"product_tag","embeddable":true,"href":"https:\/\/discover-culture.com\/de\/wp-json\/wp\/v2\/product_tag?post=3943"}],"curies":[{"name":"wp","href":"https:\/\/api.w.org\/{rel}","templated":true}]}}