{"id":3892,"date":"2022-05-09T09:48:04","date_gmt":"2022-05-09T07:48:04","guid":{"rendered":"https:\/\/discover-culture.com\/partner\/\/touren\/"},"modified":"2024-01-22T12:05:03","modified_gmt":"2024-01-22T10:05:03","slug":"kirche-und-gruft","status":"publish","type":"product","link":"https:\/\/discover-culture.com\/partner\/burg-hochosterwitz\/touren\/kirche-und-gruft","title":{"rendered":"Kirche und Gruft"},"content":{"rendered":"<section id='lightpress__section--block_60ec347e10c51' class='lightpress__section lightpress__section--content'><div class=\"content__grid content__grid--fifty-fifty\">\n    <div class=\"content__box content__box\">\n                                                        <p>Die Burgkirche Hochosterwitz<\/p>\n<p><span style=\"font-family: -apple-system, system-ui, 'Open Sans', 'Segoe UI', Roboto, Oxygen, Ubuntu, Cantarell, 'Fira Sans', 'Droid Sans', 'Helvetica Neue', sans-serif; font-size: 16px; background-color: #ffffff;\">926 n.C. erstmals urkundlich erw\u00e4hnt, wurde die Kirche in der Reformationszeit komplett neu gebaut und ist mit 1586 datiert. Georg Khevenh\u00fcller lie\u00df sie als protestantische Kirche aus verputztem Bruchstein neu errichten und am Portal mit der Jahreszahl \u201e1586\u201c versehen. <\/span><\/p>\n<p><span style=\"font-family: -apple-system, system-ui, 'Open Sans', 'Segoe UI', Roboto, Oxygen, Ubuntu, Cantarell, 'Fira Sans', 'Droid Sans', 'Helvetica Neue', sans-serif; font-size: 16px; background-color: #ffffff;\">Es handelt sich um einen Saalbau mit Dachreitern und seperatem Chorraum. Der Rauputz der Bauzeit ist gr\u00f6\u00dftenteils noch erhalten, Fenstergew\u00e4nde und Ecken sind im glatten wei\u00dfen Putz abgesetzt, als handle es sich um Marmorquarder. Ornamentierte Gesimsb\u00e4nder bilden eine optische Trennung zwischen Mauern und Giebeln bzw. Dach. Dargestellt sind liegende Figuren zwischen Weinreben. In gleicher Weise hat man das Seitenportal mit L\u00f6wenfiguren eingefasst. Das Hauptportal im Westen rahmen die lebensgro\u00dfen Reliefs eines Mannes und einer Frau, auf den Sockeln sind Reliefs eines Basilisken und eines L\u00f6wen. <\/span><\/p>\n<p><span style=\"font-family: -apple-system, system-ui, 'Open Sans', 'Segoe UI', Roboto, Oxygen, Ubuntu, Cantarell, 'Fira Sans', 'Droid Sans', 'Helvetica Neue', sans-serif; font-size: 16px; background-color: #ffffff;\">Als T\u00fcrsturz dient ein Relief mit Christus zwischen den zw\u00f6lf Aposteln, der Giebel zeigt die Auferstehung Christi, bez. \u201e1586\u201c. Vasen und Fabelwesen in wei\u00dfem Putz bilden eine zus\u00e4tzliche Rahmung. Am m\u00e4chtigen Dachreiter fanden gemalte Wappen Platz.<\/span><\/p>\n\n                                        <\/div>\n            <div class=\"content__box content__box\">\n                                                                    <img decoding=\"async\" class=\"content__image\" src=\"https:\/\/discover-culture.com\/wp-content\/uploads\/burgkirche_hochosterwitz.jpg\" alt=\"burgkirche hochosterwitz\" loading=\"lazy\">\n                                                        <\/div>\n    <\/div><\/section>\n\n<section id='lightpress__section--block_60ec35c710c52' class='lightpress__section lightpress__section--content'><div class=\"content__grid content__grid--fifty-fifty\">\n    <div class=\"content__box content__box\">\n                                                    <img decoding=\"async\" class=\"content__image\" src=\"https:\/\/discover-culture.com\/wp-content\/uploads\/burgkirche_burg_hochosterwitz.jpg\" alt=\"burgkirche burg hochosterwitz\" loading=\"lazy\">\n                                        <\/div>\n            <div class=\"content__box content__box\">\n                                                                        <p>\u00a0<\/p>\n<p>\u00a0<\/p>\n<p><span style=\"font-family: -apple-system, system-ui, 'Open Sans', 'Segoe UI', Roboto, Oxygen, Ubuntu, Cantarell, 'Fira Sans', 'Droid Sans', 'Helvetica Neue', sans-serif; font-size: 16px; background-color: #ffffff;\">Die Kirche befindet sich auf einer weiteren, hohen Bastion, die hier wegen des Baugrundes unregelm\u00e4\u00dfig geformt ist und weit vorragt. Westlich der Bastion f\u00fchrt ein kleiner Torbau mit Br\u00fccke zu einem mauergesicherten Weg nebst einem weiteren kleinen Tor als Nebenausgang. <\/span><\/p>\n<p><span style=\"font-family: -apple-system, system-ui, 'Open Sans', 'Segoe UI', Roboto, Oxygen, Ubuntu, Cantarell, 'Fira Sans', 'Droid Sans', 'Helvetica Neue', sans-serif; font-size: 16px; background-color: #ffffff;\">Der folgende steile Fu\u00dfpfad (\u201eNarrensteig\u201c genannt) ist jedoch nicht f\u00fcr die \u00d6ffentlichkeit zug\u00e4nglich.<\/span><\/p>\n\n                                                        <\/div>\n    <\/div><\/section>","protected":false},"excerpt":{"rendered":"","protected":false},"featured_media":3896,"template":"","meta":{"_acf_changed":false,"_relevanssi_hide_post":"","_relevanssi_hide_content":"","_relevanssi_pin_for_all":"","_relevanssi_pin_keywords":"","_relevanssi_unpin_keywords":"","_relevanssi_related_keywords":"","_relevanssi_related_include_ids":"","_relevanssi_related_exclude_ids":"","_relevanssi_related_no_append":"","_relevanssi_related_not_related":"","_relevanssi_related_posts":"","_relevanssi_noindex_reason":""},"product_brand":[],"product_cat":[16],"product_tag":[],"class_list":["product-subtour","product","first","instock","virtual","sold-individually","taxable","purchasable","product-type-simple"],"bundled_by":["5276"],"bundle_stock_status":"instock","bundle_stock_quantity":null,"bundle_virtual":false,"bundle_layout":"","bundle_add_to_cart_form_location":"","bundle_editable_in_cart":false,"bundle_sold_individually_context":"","bundle_item_grouping":"","bundle_min_size":"","bundle_max_size":"","bundle_price":[],"bundled_items":[],"bundle_sell_ids":[],"acf":[],"yoast_head":"<!-- This site is optimized with the Yoast SEO Premium plugin v25.7.1 (Yoast SEO v26.8) - https:\/\/yoast.com\/product\/yoast-seo-premium-wordpress\/ -->\n<title>Kirche und Gruft - Discover-Culture<\/title>\n<meta name=\"description\" content=\"Finden Sie hier alle Informationen zum Produkt Kirche und Gruft und betreten Sie die neue Welt von Kunst und Kultur!\" \/>\n<meta name=\"robots\" content=\"index, follow, max-snippet:-1, max-image-preview:large, max-video-preview:-1\" \/>\n<link rel=\"canonical\" href=\"https:\/\/discover-culture.com\/de\/partner\/burg-hochosterwitz\/touren\/kirche-und-gruft\/\" \/>\n<meta property=\"og:locale\" content=\"de_DE\" \/>\n<meta property=\"og:type\" content=\"article\" \/>\n<meta property=\"og:title\" content=\"Kirche und Gruft\" \/>\n<meta property=\"og:description\" content=\"Finden Sie hier alle Informationen zum Produkt Kirche und Gruft und betreten Sie die neue Welt von Kunst und Kultur!\" \/>\n<meta property=\"og:url\" content=\"https:\/\/discover-culture.com\/de\/partner\/burg-hochosterwitz\/touren\/kirche-und-gruft\/\" \/>\n<meta property=\"og:site_name\" content=\"Discover-Culture\" \/>\n<meta property=\"article:modified_time\" content=\"2024-01-22T10:05:03+00:00\" \/>\n<meta property=\"og:image\" content=\"https:\/\/discover-culture.com\/wp-content\/uploads\/Burgkirche_Burg-Hochosterwitz.jpg\" \/>\n\t<meta property=\"og:image:width\" content=\"1500\" \/>\n\t<meta property=\"og:image:height\" content=\"1584\" \/>\n\t<meta property=\"og:image:type\" content=\"image\/jpeg\" \/>\n<meta name=\"twitter:card\" content=\"summary_large_image\" \/>\n<meta name=\"twitter:label1\" content=\"Gesch\u00e4tzte Lesezeit\" \/>\n\t<meta name=\"twitter:data1\" content=\"1\u00a0Minute\" \/>\n<script type=\"application\/ld+json\" class=\"yoast-schema-graph\">{\"@context\":\"https:\/\/schema.org\",\"@graph\":[{\"@type\":\"WebPage\",\"@id\":\"https:\/\/discover-culture.com\/partner\/burg-hochosterwitz\/touren\/kirche-und-gruft\/\",\"url\":\"https:\/\/discover-culture.com\/partner\/burg-hochosterwitz\/touren\/kirche-und-gruft\/\",\"name\":\"Kirche und Gruft - Discover-Culture\",\"isPartOf\":{\"@id\":\"https:\/\/discover-culture.com\/de\/#website\"},\"primaryImageOfPage\":{\"@id\":\"https:\/\/discover-culture.com\/partner\/burg-hochosterwitz\/touren\/kirche-und-gruft\/#primaryimage\"},\"image\":{\"@id\":\"https:\/\/discover-culture.com\/partner\/burg-hochosterwitz\/touren\/kirche-und-gruft\/#primaryimage\"},\"thumbnailUrl\":\"https:\/\/discover-culture.com\/wp-content\/uploads\/Burgkirche_Burg-Hochosterwitz.jpg\",\"datePublished\":\"2022-05-09T07:48:04+00:00\",\"dateModified\":\"2024-01-22T10:05:03+00:00\",\"description\":\"Finden Sie hier alle Informationen zum Produkt Kirche und Gruft und betreten Sie die neue Welt von Kunst und Kultur!\",\"breadcrumb\":{\"@id\":\"https:\/\/discover-culture.com\/partner\/burg-hochosterwitz\/touren\/kirche-und-gruft\/#breadcrumb\"},\"inLanguage\":\"de\",\"potentialAction\":[{\"@type\":\"ReadAction\",\"target\":[\"https:\/\/discover-culture.com\/partner\/burg-hochosterwitz\/touren\/kirche-und-gruft\/\"]}]},{\"@type\":\"ImageObject\",\"inLanguage\":\"de\",\"@id\":\"https:\/\/discover-culture.com\/partner\/burg-hochosterwitz\/touren\/kirche-und-gruft\/#primaryimage\",\"url\":\"https:\/\/discover-culture.com\/wp-content\/uploads\/Burgkirche_Burg-Hochosterwitz.jpg\",\"contentUrl\":\"https:\/\/discover-culture.com\/wp-content\/uploads\/Burgkirche_Burg-Hochosterwitz.jpg\",\"width\":1500,\"height\":1584,\"caption\":\"Burgkirche Burg Hochosterwitz\"},{\"@type\":\"BreadcrumbList\",\"@id\":\"https:\/\/discover-culture.com\/partner\/burg-hochosterwitz\/touren\/kirche-und-gruft\/#breadcrumb\",\"itemListElement\":[{\"@type\":\"ListItem\",\"position\":1,\"name\":\"Home\",\"item\":\"https:\/\/discover-culture.com\/\"},{\"@type\":\"ListItem\",\"position\":2,\"name\":\"Produkte\",\"item\":\"https:\/\/discover-culture.com\/de\/shop\/\"},{\"@type\":\"ListItem\",\"position\":3,\"name\":\"Kirche und Gruft\"}]},{\"@type\":\"WebSite\",\"@id\":\"https:\/\/discover-culture.com\/de\/#website\",\"url\":\"https:\/\/discover-culture.com\/de\/\",\"name\":\"Discover-Culture\",\"description\":\"\",\"potentialAction\":[{\"@type\":\"SearchAction\",\"target\":{\"@type\":\"EntryPoint\",\"urlTemplate\":\"https:\/\/discover-culture.com\/de\/?s={search_term_string}\"},\"query-input\":{\"@type\":\"PropertyValueSpecification\",\"valueRequired\":true,\"valueName\":\"search_term_string\"}}],\"inLanguage\":\"de\"}]}<\/script>\n<!-- \/ Yoast SEO Premium plugin. -->","yoast_head_json":{"title":"Kirche und Gruft - Discover-Culture","description":"Finden Sie hier alle Informationen zum Produkt Kirche und Gruft und betreten Sie die neue Welt von Kunst und Kultur!","robots":{"index":"index","follow":"follow","max-snippet":"max-snippet:-1","max-image-preview":"max-image-preview:large","max-video-preview":"max-video-preview:-1"},"canonical":"https:\/\/discover-culture.com\/de\/partner\/burg-hochosterwitz\/touren\/kirche-und-gruft\/","og_locale":"de_DE","og_type":"article","og_title":"Kirche und Gruft","og_description":"Finden Sie hier alle Informationen zum Produkt Kirche und Gruft und betreten Sie die neue Welt von Kunst und Kultur!","og_url":"https:\/\/discover-culture.com\/de\/partner\/burg-hochosterwitz\/touren\/kirche-und-gruft\/","og_site_name":"Discover-Culture","article_modified_time":"2024-01-22T10:05:03+00:00","og_image":[{"width":1500,"height":1584,"url":"https:\/\/discover-culture.com\/wp-content\/uploads\/Burgkirche_Burg-Hochosterwitz.jpg","type":"image\/jpeg"}],"twitter_card":"summary_large_image","twitter_misc":{"Gesch\u00e4tzte Lesezeit":"1\u00a0Minute"},"schema":{"@context":"https:\/\/schema.org","@graph":[{"@type":"WebPage","@id":"https:\/\/discover-culture.com\/partner\/burg-hochosterwitz\/touren\/kirche-und-gruft\/","url":"https:\/\/discover-culture.com\/partner\/burg-hochosterwitz\/touren\/kirche-und-gruft\/","name":"Kirche und Gruft - Discover-Culture","isPartOf":{"@id":"https:\/\/discover-culture.com\/de\/#website"},"primaryImageOfPage":{"@id":"https:\/\/discover-culture.com\/partner\/burg-hochosterwitz\/touren\/kirche-und-gruft\/#primaryimage"},"image":{"@id":"https:\/\/discover-culture.com\/partner\/burg-hochosterwitz\/touren\/kirche-und-gruft\/#primaryimage"},"thumbnailUrl":"https:\/\/discover-culture.com\/wp-content\/uploads\/Burgkirche_Burg-Hochosterwitz.jpg","datePublished":"2022-05-09T07:48:04+00:00","dateModified":"2024-01-22T10:05:03+00:00","description":"Finden Sie hier alle Informationen zum Produkt Kirche und Gruft und betreten Sie die neue Welt von Kunst und Kultur!","breadcrumb":{"@id":"https:\/\/discover-culture.com\/partner\/burg-hochosterwitz\/touren\/kirche-und-gruft\/#breadcrumb"},"inLanguage":"de","potentialAction":[{"@type":"ReadAction","target":["https:\/\/discover-culture.com\/partner\/burg-hochosterwitz\/touren\/kirche-und-gruft\/"]}]},{"@type":"ImageObject","inLanguage":"de","@id":"https:\/\/discover-culture.com\/partner\/burg-hochosterwitz\/touren\/kirche-und-gruft\/#primaryimage","url":"https:\/\/discover-culture.com\/wp-content\/uploads\/Burgkirche_Burg-Hochosterwitz.jpg","contentUrl":"https:\/\/discover-culture.com\/wp-content\/uploads\/Burgkirche_Burg-Hochosterwitz.jpg","width":1500,"height":1584,"caption":"Burgkirche Burg Hochosterwitz"},{"@type":"BreadcrumbList","@id":"https:\/\/discover-culture.com\/partner\/burg-hochosterwitz\/touren\/kirche-und-gruft\/#breadcrumb","itemListElement":[{"@type":"ListItem","position":1,"name":"Home","item":"https:\/\/discover-culture.com\/"},{"@type":"ListItem","position":2,"name":"Produkte","item":"https:\/\/discover-culture.com\/de\/shop\/"},{"@type":"ListItem","position":3,"name":"Kirche und Gruft"}]},{"@type":"WebSite","@id":"https:\/\/discover-culture.com\/de\/#website","url":"https:\/\/discover-culture.com\/de\/","name":"Discover-Culture","description":"","potentialAction":[{"@type":"SearchAction","target":{"@type":"EntryPoint","urlTemplate":"https:\/\/discover-culture.com\/de\/?s={search_term_string}"},"query-input":{"@type":"PropertyValueSpecification","valueRequired":true,"valueName":"search_term_string"}}],"inLanguage":"de"}]}},"_links":{"self":[{"href":"https:\/\/discover-culture.com\/de\/wp-json\/wp\/v2\/product\/3892","targetHints":{"allow":["GET"]}}],"collection":[{"href":"https:\/\/discover-culture.com\/de\/wp-json\/wp\/v2\/product"}],"about":[{"href":"https:\/\/discover-culture.com\/de\/wp-json\/wp\/v2\/types\/product"}],"wp:featuredmedia":[{"embeddable":true,"href":"https:\/\/discover-culture.com\/de\/wp-json\/wp\/v2\/media\/3896"}],"wp:attachment":[{"href":"https:\/\/discover-culture.com\/de\/wp-json\/wp\/v2\/media?parent=3892"}],"wp:term":[{"taxonomy":"product_brand","embeddable":true,"href":"https:\/\/discover-culture.com\/de\/wp-json\/wp\/v2\/product_brand?post=3892"},{"taxonomy":"product_cat","embeddable":true,"href":"https:\/\/discover-culture.com\/de\/wp-json\/wp\/v2\/product_cat?post=3892"},{"taxonomy":"product_tag","embeddable":true,"href":"https:\/\/discover-culture.com\/de\/wp-json\/wp\/v2\/product_tag?post=3892"}],"curies":[{"name":"wp","href":"https:\/\/api.w.org\/{rel}","templated":true}]}}