{"id":3887,"date":"2022-05-09T09:48:46","date_gmt":"2022-05-09T07:48:46","guid":{"rendered":"https:\/\/discover-culture.com\/partner\/\/touren\/"},"modified":"2024-01-22T12:04:29","modified_gmt":"2024-01-22T10:04:29","slug":"14-das-kulmertor-sowie-innenhof-mit-kapelle-und-schmiede","status":"publish","type":"product","link":"https:\/\/discover-culture.com\/partner\/burg-hochosterwitz\/touren\/14-das-kulmertor-sowie-innenhof-mit-kapelle-und-schmiede","title":{"rendered":"14 Das Kulmertor sowie  Innenhof mit Kapelle und Schmiede"},"content":{"rendered":"<section id='lightpress__section--block_60ec2ddf8c94d' class='lightpress__section lightpress__section--content'><div class=\"content__grid content__grid\">\n    <div class=\"content__box content__box--one-hundred\">\n                                                        <h3>Das Kulmertor<\/h3>\n<p><span style=\"color: #222222; font-family: 'Work Sans', Helvetica, Arial, sans-serif; font-size: 16px; background-color: #ffffff;\">Das letzte Tor ist das 1576 errichtete Kulmertor. Es wurde benannt nach den Kulmern, die lange Zeit Pfleger der Burg waren. Davor \u00fcberspannte eine Waagbalkenbr\u00fccke mit Gussl\u00f6chern, einem Fallbaum und einem Fallgatter den tiefen Graben. <\/span><\/p>\n<p><span style=\"color: #222222; font-family: 'Work Sans', Helvetica, Arial, sans-serif; font-size: 16px; background-color: #ffffff;\">Innerhalb des langen, gew\u00f6lbten Tors wendet sich der Burgweg um 90 Grad nach links und f\u00fchrt in den langgezogenen Zwinger vor der eigentlichen Burg. Das Portal besteht aus rotem Sandstein.<\/span><\/p>\n\n                                        <\/div>\n    <\/div><\/section>\n\n<section id='lightpress__section--block_60ec2e288c94e' class='lightpress__section lightpress__section--content'><div class=\"content__grid content__grid--fifty-fifty\">\n    <div class=\"content__box content__box\">\n                                                        <h3>Der Innenhof<\/h3>\n<p><span style=\"color: #222222; font-family: Work Sans, Helvetica, Arial, sans-serif;\"><span style=\"background-color: #ffffff;\">In der N\u00e4he der alten Herzogsstadt St. Veit an der Glan wacht die sch\u00f6ne Burg seit mehr als 1.000 Jahren \u00fcber das Land. Wie viele andere H\u00f6henburgen, die noch erhalten sind, wird auch die Burg Hochosterwitz heute als Attraktion f\u00fcr Besucherinnen und Besucher genutzt.\u00a0<\/span><\/span><\/p>\n<p>Der malerische Innenhof empf\u00e4ngt seine G\u00e4ste zum Verweilen und um alle Attraktionen der Burg in Ruhe genie\u00dfen zu k\u00f6nnen.<\/p>\n\n                                        <\/div>\n            <div class=\"content__box content__box\">\n                                                                    <img decoding=\"async\" class=\"content__image\" src=\"https:\/\/discover-culture.com\/wp-content\/uploads\/Innenhof_Burg_Hochosterwitz.jpg\" alt=\"Innenhof Burg Hochosterwitz\" loading=\"lazy\">\n                                                        <\/div>\n    <\/div><\/section>\n\n<section id='lightpress__section--block_60ec2f8d8c94f' class='lightpress__section lightpress__section--content'><div class=\"content__grid content__grid--fifty-fifty\">\n    <div class=\"content__box content__box\">\n                                                    <img decoding=\"async\" class=\"content__image\" src=\"https:\/\/discover-culture.com\/wp-content\/uploads\/Nikolauskapelle.jpg\" alt=\"Nikolauskapelle\" loading=\"lazy\">\n                                        <\/div>\n            <div class=\"content__box content__box\">\n                                                                        <h3>Die Nikolauskapelle<\/p>\n<\/h3>\n<p>Eingebettet in den Innenhof der Burg Hochosterwitz zeigt sich die Nikolauskapelle in Ihrer ganzen beeindruckenden Schh\u00f6nheit.<\/p>\n\n                                                        <\/div>\n    <\/div><\/section>\n\n<section id='lightpress__section--block_60ec312a8c951' class='lightpress__section lightpress__section--content'><div class=\"content__grid content__grid--fifty-fifty\">\n    <div class=\"content__box content__box\">\n                                                        <p>Die Burgschmiede<\/p>\n<p><span style=\"font-family: -apple-system, system-ui, 'Open Sans', 'Segoe UI', Roboto, Oxygen, Ubuntu, Cantarell, 'Fira Sans', 'Droid Sans', 'Helvetica Neue', sans-serif; font-size: 16px; background-color: #ffffff;\">Die 600 Jahre alte Familienschmiede der Familie Schmidberger hat nicht nur vor 450 Jahren erstmals die Burg Hochosterwitz mit Waffen beliefert, sondern stellt bis in die heutige Zeit die alten Waffen her. Die antike Schmiedekunst aus dem Hause Schmidberger ist \u00fcber \u00d6sterreichs Grenzen bekannt. <\/span><\/p>\n<p><span style=\"font-family: -apple-system, system-ui, 'Open Sans', 'Segoe UI', Roboto, Oxygen, Ubuntu, Cantarell, 'Fira Sans', 'Droid Sans', 'Helvetica Neue', sans-serif; font-size: 16px; background-color: #ffffff;\">Familie Schmidberger wurde bereits vom Vatikan beauftragt, die p\u00e4pstliche Schweizer Garde mit neuen Harnischen zu versehen. Diese wurden zum Teil in der Familienschmiede in Molln in der Eisenstra\u00dfe im Steyrtal und zum Teil auf der Burg Hochosterwitz hergestellt.<\/span><\/p>\n\n                                        <\/div>\n            <div class=\"content__box content__box\">\n                                                                    <img decoding=\"async\" class=\"content__image\" src=\"https:\/\/discover-culture.com\/wp-content\/uploads\/Schmiede.jpg\" alt=\"Schmiede\" loading=\"lazy\">\n                                                        <\/div>\n    <\/div><\/section>","protected":false},"excerpt":{"rendered":"","protected":false},"featured_media":3888,"template":"","meta":{"_acf_changed":false,"_relevanssi_hide_post":"","_relevanssi_hide_content":"","_relevanssi_pin_for_all":"","_relevanssi_pin_keywords":"","_relevanssi_unpin_keywords":"","_relevanssi_related_keywords":"","_relevanssi_related_include_ids":"","_relevanssi_related_exclude_ids":"","_relevanssi_related_no_append":"","_relevanssi_related_not_related":"","_relevanssi_related_posts":"","_relevanssi_noindex_reason":""},"product_brand":[],"product_cat":[16],"product_tag":[],"class_list":["product-subtour","product","first","instock","virtual","sold-individually","taxable","purchasable","product-type-simple"],"bundled_by":["5276"],"bundle_stock_status":"instock","bundle_stock_quantity":null,"bundle_virtual":false,"bundle_layout":"","bundle_add_to_cart_form_location":"","bundle_editable_in_cart":false,"bundle_sold_individually_context":"","bundle_item_grouping":"","bundle_min_size":"","bundle_max_size":"","bundle_price":[],"bundled_items":[],"bundle_sell_ids":[],"acf":[],"yoast_head":"<!-- This site is optimized with the Yoast SEO Premium plugin v25.7.1 (Yoast SEO v26.8) - https:\/\/yoast.com\/product\/yoast-seo-premium-wordpress\/ -->\n<title>14 Das Kulmertor sowie Innenhof mit Kapelle und Schmiede - Discover-Culture<\/title>\n<meta name=\"description\" content=\"Finden Sie hier alle Informationen zum Produkt 14 Das Kulmertor sowie Innenhof mit Kapelle und Schmiede und betreten Sie die neue Welt von Kunst und Kultur!\" \/>\n<meta name=\"robots\" content=\"index, follow, max-snippet:-1, max-image-preview:large, max-video-preview:-1\" \/>\n<link rel=\"canonical\" href=\"https:\/\/discover-culture.com\/de\/partner\/burg-hochosterwitz\/touren\/14-das-kulmertor-sowie-innenhof-mit-kapelle-und-schmiede\/\" \/>\n<meta property=\"og:locale\" content=\"de_DE\" \/>\n<meta property=\"og:type\" content=\"article\" \/>\n<meta property=\"og:title\" content=\"14 Das Kulmertor sowie Innenhof mit Kapelle und Schmiede\" \/>\n<meta property=\"og:description\" content=\"Finden Sie hier alle Informationen zum Produkt 14 Das Kulmertor sowie Innenhof mit Kapelle und Schmiede und betreten Sie die neue Welt von Kunst und Kultur!\" \/>\n<meta property=\"og:url\" content=\"https:\/\/discover-culture.com\/de\/partner\/burg-hochosterwitz\/touren\/14-das-kulmertor-sowie-innenhof-mit-kapelle-und-schmiede\/\" \/>\n<meta property=\"og:site_name\" content=\"Discover-Culture\" \/>\n<meta property=\"article:modified_time\" content=\"2024-01-22T10:04:29+00:00\" \/>\n<meta property=\"og:image\" content=\"https:\/\/discover-culture.com\/wp-content\/uploads\/Kulmertor.jpg\" \/>\n\t<meta property=\"og:image:width\" content=\"1500\" \/>\n\t<meta property=\"og:image:height\" content=\"862\" \/>\n\t<meta property=\"og:image:type\" content=\"image\/jpeg\" \/>\n<meta name=\"twitter:card\" content=\"summary_large_image\" \/>\n<meta name=\"twitter:label1\" content=\"Gesch\u00e4tzte Lesezeit\" \/>\n\t<meta name=\"twitter:data1\" content=\"1\u00a0Minute\" \/>\n<script type=\"application\/ld+json\" class=\"yoast-schema-graph\">{\"@context\":\"https:\/\/schema.org\",\"@graph\":[{\"@type\":\"WebPage\",\"@id\":\"https:\/\/discover-culture.com\/partner\/burg-hochosterwitz\/touren\/14-das-kulmertor-sowie-innenhof-mit-kapelle-und-schmiede\/\",\"url\":\"https:\/\/discover-culture.com\/partner\/burg-hochosterwitz\/touren\/14-das-kulmertor-sowie-innenhof-mit-kapelle-und-schmiede\/\",\"name\":\"14 Das Kulmertor sowie Innenhof mit Kapelle und Schmiede - Discover-Culture\",\"isPartOf\":{\"@id\":\"https:\/\/discover-culture.com\/de\/#website\"},\"primaryImageOfPage\":{\"@id\":\"https:\/\/discover-culture.com\/partner\/burg-hochosterwitz\/touren\/14-das-kulmertor-sowie-innenhof-mit-kapelle-und-schmiede\/#primaryimage\"},\"image\":{\"@id\":\"https:\/\/discover-culture.com\/partner\/burg-hochosterwitz\/touren\/14-das-kulmertor-sowie-innenhof-mit-kapelle-und-schmiede\/#primaryimage\"},\"thumbnailUrl\":\"https:\/\/discover-culture.com\/wp-content\/uploads\/Kulmertor.jpg\",\"datePublished\":\"2022-05-09T07:48:46+00:00\",\"dateModified\":\"2024-01-22T10:04:29+00:00\",\"description\":\"Finden Sie hier alle Informationen zum Produkt 14 Das Kulmertor sowie Innenhof mit Kapelle und Schmiede und betreten Sie die neue Welt von Kunst und Kultur!\",\"breadcrumb\":{\"@id\":\"https:\/\/discover-culture.com\/partner\/burg-hochosterwitz\/touren\/14-das-kulmertor-sowie-innenhof-mit-kapelle-und-schmiede\/#breadcrumb\"},\"inLanguage\":\"de\",\"potentialAction\":[{\"@type\":\"ReadAction\",\"target\":[\"https:\/\/discover-culture.com\/partner\/burg-hochosterwitz\/touren\/14-das-kulmertor-sowie-innenhof-mit-kapelle-und-schmiede\/\"]}]},{\"@type\":\"ImageObject\",\"inLanguage\":\"de\",\"@id\":\"https:\/\/discover-culture.com\/partner\/burg-hochosterwitz\/touren\/14-das-kulmertor-sowie-innenhof-mit-kapelle-und-schmiede\/#primaryimage\",\"url\":\"https:\/\/discover-culture.com\/wp-content\/uploads\/Kulmertor.jpg\",\"contentUrl\":\"https:\/\/discover-culture.com\/wp-content\/uploads\/Kulmertor.jpg\",\"width\":1500,\"height\":862,\"caption\":\"Kulmertor\"},{\"@type\":\"BreadcrumbList\",\"@id\":\"https:\/\/discover-culture.com\/partner\/burg-hochosterwitz\/touren\/14-das-kulmertor-sowie-innenhof-mit-kapelle-und-schmiede\/#breadcrumb\",\"itemListElement\":[{\"@type\":\"ListItem\",\"position\":1,\"name\":\"Home\",\"item\":\"https:\/\/discover-culture.com\/\"},{\"@type\":\"ListItem\",\"position\":2,\"name\":\"Produkte\",\"item\":\"https:\/\/discover-culture.com\/de\/shop\/\"},{\"@type\":\"ListItem\",\"position\":3,\"name\":\"14 Das Kulmertor sowie Innenhof mit Kapelle und Schmiede\"}]},{\"@type\":\"WebSite\",\"@id\":\"https:\/\/discover-culture.com\/de\/#website\",\"url\":\"https:\/\/discover-culture.com\/de\/\",\"name\":\"Discover-Culture\",\"description\":\"\",\"potentialAction\":[{\"@type\":\"SearchAction\",\"target\":{\"@type\":\"EntryPoint\",\"urlTemplate\":\"https:\/\/discover-culture.com\/de\/?s={search_term_string}\"},\"query-input\":{\"@type\":\"PropertyValueSpecification\",\"valueRequired\":true,\"valueName\":\"search_term_string\"}}],\"inLanguage\":\"de\"}]}<\/script>\n<!-- \/ Yoast SEO Premium plugin. -->","yoast_head_json":{"title":"14 Das Kulmertor sowie Innenhof mit Kapelle und Schmiede - Discover-Culture","description":"Finden Sie hier alle Informationen zum Produkt 14 Das Kulmertor sowie Innenhof mit Kapelle und Schmiede und betreten Sie die neue Welt von Kunst und Kultur!","robots":{"index":"index","follow":"follow","max-snippet":"max-snippet:-1","max-image-preview":"max-image-preview:large","max-video-preview":"max-video-preview:-1"},"canonical":"https:\/\/discover-culture.com\/de\/partner\/burg-hochosterwitz\/touren\/14-das-kulmertor-sowie-innenhof-mit-kapelle-und-schmiede\/","og_locale":"de_DE","og_type":"article","og_title":"14 Das Kulmertor sowie Innenhof mit Kapelle und Schmiede","og_description":"Finden Sie hier alle Informationen zum Produkt 14 Das Kulmertor sowie Innenhof mit Kapelle und Schmiede und betreten Sie die neue Welt von Kunst und Kultur!","og_url":"https:\/\/discover-culture.com\/de\/partner\/burg-hochosterwitz\/touren\/14-das-kulmertor-sowie-innenhof-mit-kapelle-und-schmiede\/","og_site_name":"Discover-Culture","article_modified_time":"2024-01-22T10:04:29+00:00","og_image":[{"width":1500,"height":862,"url":"https:\/\/discover-culture.com\/wp-content\/uploads\/Kulmertor.jpg","type":"image\/jpeg"}],"twitter_card":"summary_large_image","twitter_misc":{"Gesch\u00e4tzte Lesezeit":"1\u00a0Minute"},"schema":{"@context":"https:\/\/schema.org","@graph":[{"@type":"WebPage","@id":"https:\/\/discover-culture.com\/partner\/burg-hochosterwitz\/touren\/14-das-kulmertor-sowie-innenhof-mit-kapelle-und-schmiede\/","url":"https:\/\/discover-culture.com\/partner\/burg-hochosterwitz\/touren\/14-das-kulmertor-sowie-innenhof-mit-kapelle-und-schmiede\/","name":"14 Das Kulmertor sowie Innenhof mit Kapelle und Schmiede - Discover-Culture","isPartOf":{"@id":"https:\/\/discover-culture.com\/de\/#website"},"primaryImageOfPage":{"@id":"https:\/\/discover-culture.com\/partner\/burg-hochosterwitz\/touren\/14-das-kulmertor-sowie-innenhof-mit-kapelle-und-schmiede\/#primaryimage"},"image":{"@id":"https:\/\/discover-culture.com\/partner\/burg-hochosterwitz\/touren\/14-das-kulmertor-sowie-innenhof-mit-kapelle-und-schmiede\/#primaryimage"},"thumbnailUrl":"https:\/\/discover-culture.com\/wp-content\/uploads\/Kulmertor.jpg","datePublished":"2022-05-09T07:48:46+00:00","dateModified":"2024-01-22T10:04:29+00:00","description":"Finden Sie hier alle Informationen zum Produkt 14 Das Kulmertor sowie Innenhof mit Kapelle und Schmiede und betreten Sie die neue Welt von Kunst und Kultur!","breadcrumb":{"@id":"https:\/\/discover-culture.com\/partner\/burg-hochosterwitz\/touren\/14-das-kulmertor-sowie-innenhof-mit-kapelle-und-schmiede\/#breadcrumb"},"inLanguage":"de","potentialAction":[{"@type":"ReadAction","target":["https:\/\/discover-culture.com\/partner\/burg-hochosterwitz\/touren\/14-das-kulmertor-sowie-innenhof-mit-kapelle-und-schmiede\/"]}]},{"@type":"ImageObject","inLanguage":"de","@id":"https:\/\/discover-culture.com\/partner\/burg-hochosterwitz\/touren\/14-das-kulmertor-sowie-innenhof-mit-kapelle-und-schmiede\/#primaryimage","url":"https:\/\/discover-culture.com\/wp-content\/uploads\/Kulmertor.jpg","contentUrl":"https:\/\/discover-culture.com\/wp-content\/uploads\/Kulmertor.jpg","width":1500,"height":862,"caption":"Kulmertor"},{"@type":"BreadcrumbList","@id":"https:\/\/discover-culture.com\/partner\/burg-hochosterwitz\/touren\/14-das-kulmertor-sowie-innenhof-mit-kapelle-und-schmiede\/#breadcrumb","itemListElement":[{"@type":"ListItem","position":1,"name":"Home","item":"https:\/\/discover-culture.com\/"},{"@type":"ListItem","position":2,"name":"Produkte","item":"https:\/\/discover-culture.com\/de\/shop\/"},{"@type":"ListItem","position":3,"name":"14 Das Kulmertor sowie Innenhof mit Kapelle und Schmiede"}]},{"@type":"WebSite","@id":"https:\/\/discover-culture.com\/de\/#website","url":"https:\/\/discover-culture.com\/de\/","name":"Discover-Culture","description":"","potentialAction":[{"@type":"SearchAction","target":{"@type":"EntryPoint","urlTemplate":"https:\/\/discover-culture.com\/de\/?s={search_term_string}"},"query-input":{"@type":"PropertyValueSpecification","valueRequired":true,"valueName":"search_term_string"}}],"inLanguage":"de"}]}},"_links":{"self":[{"href":"https:\/\/discover-culture.com\/de\/wp-json\/wp\/v2\/product\/3887","targetHints":{"allow":["GET"]}}],"collection":[{"href":"https:\/\/discover-culture.com\/de\/wp-json\/wp\/v2\/product"}],"about":[{"href":"https:\/\/discover-culture.com\/de\/wp-json\/wp\/v2\/types\/product"}],"wp:featuredmedia":[{"embeddable":true,"href":"https:\/\/discover-culture.com\/de\/wp-json\/wp\/v2\/media\/3888"}],"wp:attachment":[{"href":"https:\/\/discover-culture.com\/de\/wp-json\/wp\/v2\/media?parent=3887"}],"wp:term":[{"taxonomy":"product_brand","embeddable":true,"href":"https:\/\/discover-culture.com\/de\/wp-json\/wp\/v2\/product_brand?post=3887"},{"taxonomy":"product_cat","embeddable":true,"href":"https:\/\/discover-culture.com\/de\/wp-json\/wp\/v2\/product_cat?post=3887"},{"taxonomy":"product_tag","embeddable":true,"href":"https:\/\/discover-culture.com\/de\/wp-json\/wp\/v2\/product_tag?post=3887"}],"curies":[{"name":"wp","href":"https:\/\/api.w.org\/{rel}","templated":true}]}}