{"id":3877,"date":"2022-05-09T11:09:29","date_gmt":"2022-05-09T09:09:29","guid":{"rendered":"https:\/\/discover-culture.com\/partner\/\/touren\/"},"modified":"2024-01-22T12:02:14","modified_gmt":"2024-01-22T10:02:14","slug":"7-das-khevenh%c3%bcllertor","status":"publish","type":"product","link":"https:\/\/discover-culture.com\/partner\/burg-hochosterwitz\/touren\/7-das-khevenh%c3%bcllertor","title":{"rendered":"7 Das Khevenh\u00fcllertor"},"content":{"rendered":"<section id='lightpress__section--block_60ec1f3bd80c6' class='lightpress__section lightpress__section--content'><div class=\"content__grid content__grid--fifty-fifty\">\n    <div class=\"content__box content__box\">\n                                                        <p><span style=\"font-family: -apple-system, system-ui, 'Open Sans', 'Segoe UI', Roboto, Oxygen, Ubuntu, Cantarell, 'Fira Sans', 'Droid Sans', 'Helvetica Neue', sans-serif; font-size: 16px; background-color: #ffffff;\">Das pr\u00e4chtigste s\u00e4mtlicher Tore. An der gediegenen Renaissanceumrahmung des Torbogens zeigt der Schlussstein aus wei\u00dfem Marmor das Khevenh\u00fcllerwappen, einen L\u00f6wenkopf und 1580, dar\u00fcber im Relief das Brustbild des Bauherrn Georg Khevenh\u00fcller, ger\u00fcstet, jedoch ohne Helm, in der Rechten den Kommandostab haltend, die Linke in die H\u00fcfte gestemmt, die Feldbinde \u00fcber dem Harnisch.<\/span><\/p>\n<p><span style=\"font-family: -apple-system, system-ui, 'Open Sans', 'Segoe UI', Roboto, Oxygen, Ubuntu, Cantarell, 'Fira Sans', 'Droid Sans', 'Helvetica Neue', sans-serif; font-size: 16px; background-color: #ffffff;\">Georg hat sich hier als Armeef\u00fchrer darstellen lassen, eingedenk des T\u00fcrkenzuges vom Jahre 1578, der in Megisers Landesgeschichte nach den Aufzeichnungen des Pastors Chistalnig ausf\u00fchrlich beschrieben ist.<\/span><\/p>\n<p><span style=\"font-family: -apple-system, system-ui, 'Open Sans', 'Segoe UI', Roboto, Oxygen, Ubuntu, Cantarell, 'Fira Sans', 'Droid Sans', 'Helvetica Neue', sans-serif; font-size: 16px; background-color: #ffffff;\"> \u00c4hnlich ist die Darstellung \u2013 und immer mit der Feldbinde \u2013 als knieender Ritter aus Holz in Naturgr\u00f6\u00dfe in den Sammlungen der Burg und auf dem Gruftdeckel aus rotem Marmor in der Villacher Pfarrkirche als liegende Reliefgestalt.\u00a0<\/span><\/p>\n\n                                        <\/div>\n            <div class=\"content__box content__box\">\n                                                                    <img decoding=\"async\" class=\"content__image\" src=\"https:\/\/discover-culture.com\/wp-content\/uploads\/burgtore-hochosterwitz.jpg\" alt=\"burgtore hochosterwitz\" loading=\"lazy\">\n                                                        <\/div>\n    <\/div><\/section>","protected":false},"excerpt":{"rendered":"","protected":false},"featured_media":3878,"template":"","meta":{"_acf_changed":false,"_relevanssi_hide_post":"","_relevanssi_hide_content":"","_relevanssi_pin_for_all":"","_relevanssi_pin_keywords":"","_relevanssi_unpin_keywords":"","_relevanssi_related_keywords":"","_relevanssi_related_include_ids":"","_relevanssi_related_exclude_ids":"","_relevanssi_related_no_append":"","_relevanssi_related_not_related":"","_relevanssi_related_posts":"","_relevanssi_noindex_reason":""},"product_brand":[],"product_cat":[16],"product_tag":[],"class_list":["product-subtour","product","first","instock","virtual","sold-individually","taxable","purchasable","product-type-simple"],"bundled_by":["5276"],"bundle_stock_status":"instock","bundle_stock_quantity":null,"bundle_virtual":false,"bundle_layout":"","bundle_add_to_cart_form_location":"","bundle_editable_in_cart":false,"bundle_sold_individually_context":"","bundle_item_grouping":"","bundle_min_size":"","bundle_max_size":"","bundle_price":[],"bundled_items":[],"bundle_sell_ids":[],"acf":[],"yoast_head":"<!-- This site is optimized with the Yoast SEO Premium plugin v25.7.1 (Yoast SEO v26.8) - https:\/\/yoast.com\/product\/yoast-seo-premium-wordpress\/ -->\n<title>7 Das Khevenh\u00fcllertor - Discover-Culture<\/title>\n<meta name=\"description\" content=\"Finden Sie hier alle Informationen zum Produkt 7 Das Khevenh\u00fcllertor und betreten Sie die neue Welt von Kunst und Kultur!\" \/>\n<meta name=\"robots\" content=\"index, follow, max-snippet:-1, max-image-preview:large, max-video-preview:-1\" \/>\n<link rel=\"canonical\" href=\"https:\/\/discover-culture.com\/de\/partner\/burg-hochosterwitz\/touren\/7-das-khevenh\u00fcllertor\/\" \/>\n<meta property=\"og:locale\" content=\"de_DE\" \/>\n<meta property=\"og:type\" content=\"article\" \/>\n<meta property=\"og:title\" content=\"7 Das Khevenh\u00fcllertor\" \/>\n<meta property=\"og:description\" content=\"Finden Sie hier alle Informationen zum Produkt 7 Das Khevenh\u00fcllertor und betreten Sie die neue Welt von Kunst und Kultur!\" \/>\n<meta property=\"og:url\" content=\"https:\/\/discover-culture.com\/de\/partner\/burg-hochosterwitz\/touren\/7-das-khevenh\u00fcllertor\/\" \/>\n<meta property=\"og:site_name\" content=\"Discover-Culture\" \/>\n<meta property=\"article:modified_time\" content=\"2024-01-22T10:02:14+00:00\" \/>\n<meta property=\"og:image\" content=\"https:\/\/discover-culture.com\/wp-content\/uploads\/Burg-Hochosterwitz-Khevenhuellertor.jpg\" \/>\n\t<meta property=\"og:image:width\" content=\"759\" \/>\n\t<meta property=\"og:image:height\" content=\"377\" \/>\n\t<meta property=\"og:image:type\" content=\"image\/jpeg\" \/>\n<meta name=\"twitter:card\" content=\"summary_large_image\" \/>\n<meta name=\"twitter:label1\" content=\"Gesch\u00e4tzte Lesezeit\" \/>\n\t<meta name=\"twitter:data1\" content=\"1\u00a0Minute\" \/>\n<script type=\"application\/ld+json\" class=\"yoast-schema-graph\">{\"@context\":\"https:\/\/schema.org\",\"@graph\":[{\"@type\":\"WebPage\",\"@id\":\"https:\/\/discover-culture.com\/partner\/burg-hochosterwitz\/touren\/7-das-khevenh%c3%bcllertor\/\",\"url\":\"https:\/\/discover-culture.com\/partner\/burg-hochosterwitz\/touren\/7-das-khevenh%c3%bcllertor\/\",\"name\":\"7 Das Khevenh\u00fcllertor - Discover-Culture\",\"isPartOf\":{\"@id\":\"https:\/\/discover-culture.com\/de\/#website\"},\"primaryImageOfPage\":{\"@id\":\"https:\/\/discover-culture.com\/partner\/burg-hochosterwitz\/touren\/7-das-khevenh%c3%bcllertor\/#primaryimage\"},\"image\":{\"@id\":\"https:\/\/discover-culture.com\/partner\/burg-hochosterwitz\/touren\/7-das-khevenh%c3%bcllertor\/#primaryimage\"},\"thumbnailUrl\":\"https:\/\/discover-culture.com\/wp-content\/uploads\/Burg-Hochosterwitz-Khevenhuellertor.jpg\",\"datePublished\":\"2022-05-09T09:09:29+00:00\",\"dateModified\":\"2024-01-22T10:02:14+00:00\",\"description\":\"Finden Sie hier alle Informationen zum Produkt 7 Das Khevenh\u00fcllertor und betreten Sie die neue Welt von Kunst und Kultur!\",\"breadcrumb\":{\"@id\":\"https:\/\/discover-culture.com\/partner\/burg-hochosterwitz\/touren\/7-das-khevenh%c3%bcllertor\/#breadcrumb\"},\"inLanguage\":\"de\",\"potentialAction\":[{\"@type\":\"ReadAction\",\"target\":[\"https:\/\/discover-culture.com\/partner\/burg-hochosterwitz\/touren\/7-das-khevenh%c3%bcllertor\/\"]}]},{\"@type\":\"ImageObject\",\"inLanguage\":\"de\",\"@id\":\"https:\/\/discover-culture.com\/partner\/burg-hochosterwitz\/touren\/7-das-khevenh%c3%bcllertor\/#primaryimage\",\"url\":\"https:\/\/discover-culture.com\/wp-content\/uploads\/Burg-Hochosterwitz-Khevenhuellertor.jpg\",\"contentUrl\":\"https:\/\/discover-culture.com\/wp-content\/uploads\/Burg-Hochosterwitz-Khevenhuellertor.jpg\",\"width\":759,\"height\":377,\"caption\":\"Burg Hochosterwitz Khevenhuellertor\"},{\"@type\":\"BreadcrumbList\",\"@id\":\"https:\/\/discover-culture.com\/partner\/burg-hochosterwitz\/touren\/7-das-khevenh%c3%bcllertor\/#breadcrumb\",\"itemListElement\":[{\"@type\":\"ListItem\",\"position\":1,\"name\":\"Home\",\"item\":\"https:\/\/discover-culture.com\/\"},{\"@type\":\"ListItem\",\"position\":2,\"name\":\"Produkte\",\"item\":\"https:\/\/discover-culture.com\/de\/shop\/\"},{\"@type\":\"ListItem\",\"position\":3,\"name\":\"7 Das Khevenh\u00fcllertor\"}]},{\"@type\":\"WebSite\",\"@id\":\"https:\/\/discover-culture.com\/de\/#website\",\"url\":\"https:\/\/discover-culture.com\/de\/\",\"name\":\"Discover-Culture\",\"description\":\"\",\"potentialAction\":[{\"@type\":\"SearchAction\",\"target\":{\"@type\":\"EntryPoint\",\"urlTemplate\":\"https:\/\/discover-culture.com\/de\/?s={search_term_string}\"},\"query-input\":{\"@type\":\"PropertyValueSpecification\",\"valueRequired\":true,\"valueName\":\"search_term_string\"}}],\"inLanguage\":\"de\"}]}<\/script>\n<!-- \/ Yoast SEO Premium plugin. -->","yoast_head_json":{"title":"7 Das Khevenh\u00fcllertor - Discover-Culture","description":"Finden Sie hier alle Informationen zum Produkt 7 Das Khevenh\u00fcllertor und betreten Sie die neue Welt von Kunst und Kultur!","robots":{"index":"index","follow":"follow","max-snippet":"max-snippet:-1","max-image-preview":"max-image-preview:large","max-video-preview":"max-video-preview:-1"},"canonical":"https:\/\/discover-culture.com\/de\/partner\/burg-hochosterwitz\/touren\/7-das-khevenh\u00fcllertor\/","og_locale":"de_DE","og_type":"article","og_title":"7 Das Khevenh\u00fcllertor","og_description":"Finden Sie hier alle Informationen zum Produkt 7 Das Khevenh\u00fcllertor und betreten Sie die neue Welt von Kunst und Kultur!","og_url":"https:\/\/discover-culture.com\/de\/partner\/burg-hochosterwitz\/touren\/7-das-khevenh\u00fcllertor\/","og_site_name":"Discover-Culture","article_modified_time":"2024-01-22T10:02:14+00:00","og_image":[{"width":759,"height":377,"url":"https:\/\/discover-culture.com\/wp-content\/uploads\/Burg-Hochosterwitz-Khevenhuellertor.jpg","type":"image\/jpeg"}],"twitter_card":"summary_large_image","twitter_misc":{"Gesch\u00e4tzte Lesezeit":"1\u00a0Minute"},"schema":{"@context":"https:\/\/schema.org","@graph":[{"@type":"WebPage","@id":"https:\/\/discover-culture.com\/partner\/burg-hochosterwitz\/touren\/7-das-khevenh%c3%bcllertor\/","url":"https:\/\/discover-culture.com\/partner\/burg-hochosterwitz\/touren\/7-das-khevenh%c3%bcllertor\/","name":"7 Das Khevenh\u00fcllertor - Discover-Culture","isPartOf":{"@id":"https:\/\/discover-culture.com\/de\/#website"},"primaryImageOfPage":{"@id":"https:\/\/discover-culture.com\/partner\/burg-hochosterwitz\/touren\/7-das-khevenh%c3%bcllertor\/#primaryimage"},"image":{"@id":"https:\/\/discover-culture.com\/partner\/burg-hochosterwitz\/touren\/7-das-khevenh%c3%bcllertor\/#primaryimage"},"thumbnailUrl":"https:\/\/discover-culture.com\/wp-content\/uploads\/Burg-Hochosterwitz-Khevenhuellertor.jpg","datePublished":"2022-05-09T09:09:29+00:00","dateModified":"2024-01-22T10:02:14+00:00","description":"Finden Sie hier alle Informationen zum Produkt 7 Das Khevenh\u00fcllertor und betreten Sie die neue Welt von Kunst und Kultur!","breadcrumb":{"@id":"https:\/\/discover-culture.com\/partner\/burg-hochosterwitz\/touren\/7-das-khevenh%c3%bcllertor\/#breadcrumb"},"inLanguage":"de","potentialAction":[{"@type":"ReadAction","target":["https:\/\/discover-culture.com\/partner\/burg-hochosterwitz\/touren\/7-das-khevenh%c3%bcllertor\/"]}]},{"@type":"ImageObject","inLanguage":"de","@id":"https:\/\/discover-culture.com\/partner\/burg-hochosterwitz\/touren\/7-das-khevenh%c3%bcllertor\/#primaryimage","url":"https:\/\/discover-culture.com\/wp-content\/uploads\/Burg-Hochosterwitz-Khevenhuellertor.jpg","contentUrl":"https:\/\/discover-culture.com\/wp-content\/uploads\/Burg-Hochosterwitz-Khevenhuellertor.jpg","width":759,"height":377,"caption":"Burg Hochosterwitz Khevenhuellertor"},{"@type":"BreadcrumbList","@id":"https:\/\/discover-culture.com\/partner\/burg-hochosterwitz\/touren\/7-das-khevenh%c3%bcllertor\/#breadcrumb","itemListElement":[{"@type":"ListItem","position":1,"name":"Home","item":"https:\/\/discover-culture.com\/"},{"@type":"ListItem","position":2,"name":"Produkte","item":"https:\/\/discover-culture.com\/de\/shop\/"},{"@type":"ListItem","position":3,"name":"7 Das Khevenh\u00fcllertor"}]},{"@type":"WebSite","@id":"https:\/\/discover-culture.com\/de\/#website","url":"https:\/\/discover-culture.com\/de\/","name":"Discover-Culture","description":"","potentialAction":[{"@type":"SearchAction","target":{"@type":"EntryPoint","urlTemplate":"https:\/\/discover-culture.com\/de\/?s={search_term_string}"},"query-input":{"@type":"PropertyValueSpecification","valueRequired":true,"valueName":"search_term_string"}}],"inLanguage":"de"}]}},"_links":{"self":[{"href":"https:\/\/discover-culture.com\/de\/wp-json\/wp\/v2\/product\/3877","targetHints":{"allow":["GET"]}}],"collection":[{"href":"https:\/\/discover-culture.com\/de\/wp-json\/wp\/v2\/product"}],"about":[{"href":"https:\/\/discover-culture.com\/de\/wp-json\/wp\/v2\/types\/product"}],"wp:featuredmedia":[{"embeddable":true,"href":"https:\/\/discover-culture.com\/de\/wp-json\/wp\/v2\/media\/3878"}],"wp:attachment":[{"href":"https:\/\/discover-culture.com\/de\/wp-json\/wp\/v2\/media?parent=3877"}],"wp:term":[{"taxonomy":"product_brand","embeddable":true,"href":"https:\/\/discover-culture.com\/de\/wp-json\/wp\/v2\/product_brand?post=3877"},{"taxonomy":"product_cat","embeddable":true,"href":"https:\/\/discover-culture.com\/de\/wp-json\/wp\/v2\/product_cat?post=3877"},{"taxonomy":"product_tag","embeddable":true,"href":"https:\/\/discover-culture.com\/de\/wp-json\/wp\/v2\/product_tag?post=3877"}],"curies":[{"name":"wp","href":"https:\/\/api.w.org\/{rel}","templated":true}]}}