{"id":3875,"date":"2022-05-09T09:44:03","date_gmt":"2022-05-09T07:44:03","guid":{"rendered":"https:\/\/discover-culture.com\/partner\/\/touren\/"},"modified":"2024-01-22T12:01:42","modified_gmt":"2024-01-22T10:01:42","slug":"2-w%c3%a4chtertor-3-nautor-und-4-engelstor","status":"publish","type":"product","link":"https:\/\/discover-culture.com\/partner\/burg-hochosterwitz\/touren\/2-w%c3%a4chtertor-3-nautor-und-4-engelstor","title":{"rendered":"2 W\u00e4chtertor, 3 Nautor und 4 Engelstor"},"content":{"rendered":"<section id='lightpress__section--block_60ec22f00d14e' class='lightpress__section lightpress__section--content'><div class=\"content__grid content__grid--fifty-fifty\">\n    <div class=\"content__box content__box\">\n                                                        <h3>Das W\u00e4chtertor<\/h3>\n<p><span style=\"color: #222222; font-family: 'Work Sans', Helvetica, Arial, sans-serif; font-size: 16px; background-color: #ffffff;\">Links an die gewaltige Steilwand gebaut, ragt das W\u00e4chtertor rechts \u00fcber einen Abgrund. Die Fenster wurden im Belagerungsfall mit eisenbeschlagenen L\u00e4den verschlossen. <\/span><\/p>\n<p><span style=\"color: #222222; font-family: 'Work Sans', Helvetica, Arial, sans-serif; font-size: 16px; background-color: #ffffff;\">Eine gebrochene Steintreppe im Inneren des Tores f\u00fchrt nach au\u00dfen auf ein kleines Felsplateau, von dem aus Steinbl\u00f6cke auf Angreifer geschleudert werden konnten.<\/span><\/p>\n<p><span style=\"color: #222222; font-family: 'Work Sans', Helvetica, Arial, sans-serif; font-size: 16px; background-color: #ffffff;\"> Das Dach war mit unbrennbaren Steinschindeln bedeckt.<\/span><\/p>\n\n                                        <\/div>\n            <div class=\"content__box content__box\">\n                                                                    <img decoding=\"async\" class=\"content__image\" src=\"https:\/\/discover-culture.com\/wp-content\/uploads\/burgtore-hochosterwitz.jpg\" alt=\"burgtore hochosterwitz\" loading=\"lazy\">\n                                                        <\/div>\n    <\/div><\/section>\n\n<section id='lightpress__section--block_60ec23cc0d150' class='lightpress__section lightpress__section--content'><div class=\"content__grid content__grid\">\n    <div class=\"content__box content__box--one-hundred\">\n                                                        <h3>Das Nautor<\/h3>\n<p><span style=\"color: #222222; font-family: 'Work Sans', Helvetica, Arial, sans-serif; font-size: 16px; background-color: #ffffff;\">Das Tor tr\u00e4gt seinen Namen vom Mittelhochdeutschen Nau, kleines Schiff, weil es im Grundriss wie ein Schiffsbug \u00fcber dem Abgrund thront.<\/span><\/p>\n<p><span style=\"color: #222222; font-family: 'Work Sans', Helvetica, Arial, sans-serif; font-size: 16px; background-color: #ffffff;\">Der Weg zum Tor ist sehr schmal und soll so Feinde abhalten.<\/span><\/p>\n\n                                        <\/div>\n    <\/div><\/section>\n\n<section id='lightpress__section--block_60ec12b00168c' class='lightpress__section lightpress__section--content'><div class=\"content__grid content__grid\">\n    <div class=\"content__box content__box--one-hundred\">\n                                                        <h3>Das Engelstor<\/h3>\n<p>Folgend auf das zweite Tor, das W\u00e4chtertor sowie das Nautor als drittes Tor, zeigt sich das Engelstor in seiner beeindruckenden Pr\u00e4senz.<\/p>\n<p>Das Engelstor, dessen erste Befestigungen aus dem 12. Jahrhundert stammen, wurde auf einer isolierten Felsgruppe gebaut und ist beidseitig nur mit Br\u00fccken zug\u00e4nglich. Die Konstruktion ist eine eigene Festung, was den Schluss zul\u00e4sst, dass dieses Tor eine eigene Vorburg war. Erst im Jahr 1577 konnte der letzte Ausbau abgeschlossen werden.<\/p>\n<p>Der Schlussstein zeigt den Erzengel Michael, den Schutzpatron der Garde. Die Torfl\u00fcgel zieren Engelsk\u00f6pfe in allen Farben. Der Gefechtstand zur Rechten l\u00e4sst keinen ungehinderten Angriff zu.<\/p>\n\n                                        <\/div>\n    <\/div><\/section>","protected":false},"excerpt":{"rendered":"","protected":false},"featured_media":3876,"template":"","meta":{"_acf_changed":false,"_relevanssi_hide_post":"","_relevanssi_hide_content":"","_relevanssi_pin_for_all":"","_relevanssi_pin_keywords":"","_relevanssi_unpin_keywords":"","_relevanssi_related_keywords":"","_relevanssi_related_include_ids":"","_relevanssi_related_exclude_ids":"","_relevanssi_related_no_append":"","_relevanssi_related_not_related":"","_relevanssi_related_posts":"","_relevanssi_noindex_reason":""},"product_brand":[],"product_cat":[16],"product_tag":[],"class_list":["product-subtour","product","first","instock","virtual","sold-individually","taxable","purchasable","product-type-simple"],"bundled_by":["5276"],"bundle_stock_status":"instock","bundle_stock_quantity":null,"bundle_virtual":false,"bundle_layout":"","bundle_add_to_cart_form_location":"","bundle_editable_in_cart":false,"bundle_sold_individually_context":"","bundle_item_grouping":"","bundle_min_size":"","bundle_max_size":"","bundle_price":[],"bundled_items":[],"bundle_sell_ids":[],"acf":[],"yoast_head":"<!-- This site is optimized with the Yoast SEO Premium plugin v25.7.1 (Yoast SEO v26.8) - https:\/\/yoast.com\/product\/yoast-seo-premium-wordpress\/ -->\n<title>2 W\u00e4chtertor, 3 Nautor und 4 Engelstor - Discover-Culture<\/title>\n<meta name=\"description\" content=\"Finden Sie hier alle Informationen zum Produkt 2 W\u00e4chtertor, 3 Nautor und 4 Engelstor und betreten Sie die neue Welt von Kunst und Kultur!\" \/>\n<meta name=\"robots\" content=\"index, follow, max-snippet:-1, max-image-preview:large, max-video-preview:-1\" \/>\n<link rel=\"canonical\" href=\"https:\/\/discover-culture.com\/de\/partner\/burg-hochosterwitz\/touren\/2-w\u00e4chtertor-3-nautor-und-4-engelstor\/\" \/>\n<meta property=\"og:locale\" content=\"de_DE\" \/>\n<meta property=\"og:type\" content=\"article\" \/>\n<meta property=\"og:title\" content=\"2 W\u00e4chtertor, 3 Nautor und 4 Engelstor\" \/>\n<meta property=\"og:description\" content=\"Finden Sie hier alle Informationen zum Produkt 2 W\u00e4chtertor, 3 Nautor und 4 Engelstor und betreten Sie die neue Welt von Kunst und Kultur!\" \/>\n<meta property=\"og:url\" content=\"https:\/\/discover-culture.com\/de\/partner\/burg-hochosterwitz\/touren\/2-w\u00e4chtertor-3-nautor-und-4-engelstor\/\" \/>\n<meta property=\"og:site_name\" content=\"Discover-Culture\" \/>\n<meta property=\"article:modified_time\" content=\"2024-01-22T10:01:42+00:00\" \/>\n<meta property=\"og:image\" content=\"https:\/\/discover-culture.com\/wp-content\/uploads\/Engelstor.jpg\" \/>\n\t<meta property=\"og:image:width\" content=\"1669\" \/>\n\t<meta property=\"og:image:height\" content=\"1080\" \/>\n\t<meta property=\"og:image:type\" content=\"image\/jpeg\" \/>\n<meta name=\"twitter:card\" content=\"summary_large_image\" \/>\n<meta name=\"twitter:label1\" content=\"Gesch\u00e4tzte Lesezeit\" \/>\n\t<meta name=\"twitter:data1\" content=\"1\u00a0Minute\" \/>\n<script type=\"application\/ld+json\" class=\"yoast-schema-graph\">{\"@context\":\"https:\/\/schema.org\",\"@graph\":[{\"@type\":\"WebPage\",\"@id\":\"https:\/\/discover-culture.com\/partner\/burg-hochosterwitz\/touren\/2-w%c3%a4chtertor-3-nautor-und-4-engelstor\/\",\"url\":\"https:\/\/discover-culture.com\/partner\/burg-hochosterwitz\/touren\/2-w%c3%a4chtertor-3-nautor-und-4-engelstor\/\",\"name\":\"2 W\u00e4chtertor, 3 Nautor und 4 Engelstor - Discover-Culture\",\"isPartOf\":{\"@id\":\"https:\/\/discover-culture.com\/de\/#website\"},\"primaryImageOfPage\":{\"@id\":\"https:\/\/discover-culture.com\/partner\/burg-hochosterwitz\/touren\/2-w%c3%a4chtertor-3-nautor-und-4-engelstor\/#primaryimage\"},\"image\":{\"@id\":\"https:\/\/discover-culture.com\/partner\/burg-hochosterwitz\/touren\/2-w%c3%a4chtertor-3-nautor-und-4-engelstor\/#primaryimage\"},\"thumbnailUrl\":\"https:\/\/discover-culture.com\/wp-content\/uploads\/Engelstor.jpg\",\"datePublished\":\"2022-05-09T07:44:03+00:00\",\"dateModified\":\"2024-01-22T10:01:42+00:00\",\"description\":\"Finden Sie hier alle Informationen zum Produkt 2 W\u00e4chtertor, 3 Nautor und 4 Engelstor und betreten Sie die neue Welt von Kunst und Kultur!\",\"breadcrumb\":{\"@id\":\"https:\/\/discover-culture.com\/partner\/burg-hochosterwitz\/touren\/2-w%c3%a4chtertor-3-nautor-und-4-engelstor\/#breadcrumb\"},\"inLanguage\":\"de\",\"potentialAction\":[{\"@type\":\"ReadAction\",\"target\":[\"https:\/\/discover-culture.com\/partner\/burg-hochosterwitz\/touren\/2-w%c3%a4chtertor-3-nautor-und-4-engelstor\/\"]}]},{\"@type\":\"ImageObject\",\"inLanguage\":\"de\",\"@id\":\"https:\/\/discover-culture.com\/partner\/burg-hochosterwitz\/touren\/2-w%c3%a4chtertor-3-nautor-und-4-engelstor\/#primaryimage\",\"url\":\"https:\/\/discover-culture.com\/wp-content\/uploads\/Engelstor.jpg\",\"contentUrl\":\"https:\/\/discover-culture.com\/wp-content\/uploads\/Engelstor.jpg\",\"width\":1669,\"height\":1080,\"caption\":\"Engelstor\"},{\"@type\":\"BreadcrumbList\",\"@id\":\"https:\/\/discover-culture.com\/partner\/burg-hochosterwitz\/touren\/2-w%c3%a4chtertor-3-nautor-und-4-engelstor\/#breadcrumb\",\"itemListElement\":[{\"@type\":\"ListItem\",\"position\":1,\"name\":\"Home\",\"item\":\"https:\/\/discover-culture.com\/\"},{\"@type\":\"ListItem\",\"position\":2,\"name\":\"Produkte\",\"item\":\"https:\/\/discover-culture.com\/de\/shop\/\"},{\"@type\":\"ListItem\",\"position\":3,\"name\":\"2 W\u00e4chtertor, 3 Nautor und 4 Engelstor\"}]},{\"@type\":\"WebSite\",\"@id\":\"https:\/\/discover-culture.com\/de\/#website\",\"url\":\"https:\/\/discover-culture.com\/de\/\",\"name\":\"Discover-Culture\",\"description\":\"\",\"potentialAction\":[{\"@type\":\"SearchAction\",\"target\":{\"@type\":\"EntryPoint\",\"urlTemplate\":\"https:\/\/discover-culture.com\/de\/?s={search_term_string}\"},\"query-input\":{\"@type\":\"PropertyValueSpecification\",\"valueRequired\":true,\"valueName\":\"search_term_string\"}}],\"inLanguage\":\"de\"}]}<\/script>\n<!-- \/ Yoast SEO Premium plugin. -->","yoast_head_json":{"title":"2 W\u00e4chtertor, 3 Nautor und 4 Engelstor - Discover-Culture","description":"Finden Sie hier alle Informationen zum Produkt 2 W\u00e4chtertor, 3 Nautor und 4 Engelstor und betreten Sie die neue Welt von Kunst und Kultur!","robots":{"index":"index","follow":"follow","max-snippet":"max-snippet:-1","max-image-preview":"max-image-preview:large","max-video-preview":"max-video-preview:-1"},"canonical":"https:\/\/discover-culture.com\/de\/partner\/burg-hochosterwitz\/touren\/2-w\u00e4chtertor-3-nautor-und-4-engelstor\/","og_locale":"de_DE","og_type":"article","og_title":"2 W\u00e4chtertor, 3 Nautor und 4 Engelstor","og_description":"Finden Sie hier alle Informationen zum Produkt 2 W\u00e4chtertor, 3 Nautor und 4 Engelstor und betreten Sie die neue Welt von Kunst und Kultur!","og_url":"https:\/\/discover-culture.com\/de\/partner\/burg-hochosterwitz\/touren\/2-w\u00e4chtertor-3-nautor-und-4-engelstor\/","og_site_name":"Discover-Culture","article_modified_time":"2024-01-22T10:01:42+00:00","og_image":[{"width":1669,"height":1080,"url":"https:\/\/discover-culture.com\/wp-content\/uploads\/Engelstor.jpg","type":"image\/jpeg"}],"twitter_card":"summary_large_image","twitter_misc":{"Gesch\u00e4tzte Lesezeit":"1\u00a0Minute"},"schema":{"@context":"https:\/\/schema.org","@graph":[{"@type":"WebPage","@id":"https:\/\/discover-culture.com\/partner\/burg-hochosterwitz\/touren\/2-w%c3%a4chtertor-3-nautor-und-4-engelstor\/","url":"https:\/\/discover-culture.com\/partner\/burg-hochosterwitz\/touren\/2-w%c3%a4chtertor-3-nautor-und-4-engelstor\/","name":"2 W\u00e4chtertor, 3 Nautor und 4 Engelstor - Discover-Culture","isPartOf":{"@id":"https:\/\/discover-culture.com\/de\/#website"},"primaryImageOfPage":{"@id":"https:\/\/discover-culture.com\/partner\/burg-hochosterwitz\/touren\/2-w%c3%a4chtertor-3-nautor-und-4-engelstor\/#primaryimage"},"image":{"@id":"https:\/\/discover-culture.com\/partner\/burg-hochosterwitz\/touren\/2-w%c3%a4chtertor-3-nautor-und-4-engelstor\/#primaryimage"},"thumbnailUrl":"https:\/\/discover-culture.com\/wp-content\/uploads\/Engelstor.jpg","datePublished":"2022-05-09T07:44:03+00:00","dateModified":"2024-01-22T10:01:42+00:00","description":"Finden Sie hier alle Informationen zum Produkt 2 W\u00e4chtertor, 3 Nautor und 4 Engelstor und betreten Sie die neue Welt von Kunst und Kultur!","breadcrumb":{"@id":"https:\/\/discover-culture.com\/partner\/burg-hochosterwitz\/touren\/2-w%c3%a4chtertor-3-nautor-und-4-engelstor\/#breadcrumb"},"inLanguage":"de","potentialAction":[{"@type":"ReadAction","target":["https:\/\/discover-culture.com\/partner\/burg-hochosterwitz\/touren\/2-w%c3%a4chtertor-3-nautor-und-4-engelstor\/"]}]},{"@type":"ImageObject","inLanguage":"de","@id":"https:\/\/discover-culture.com\/partner\/burg-hochosterwitz\/touren\/2-w%c3%a4chtertor-3-nautor-und-4-engelstor\/#primaryimage","url":"https:\/\/discover-culture.com\/wp-content\/uploads\/Engelstor.jpg","contentUrl":"https:\/\/discover-culture.com\/wp-content\/uploads\/Engelstor.jpg","width":1669,"height":1080,"caption":"Engelstor"},{"@type":"BreadcrumbList","@id":"https:\/\/discover-culture.com\/partner\/burg-hochosterwitz\/touren\/2-w%c3%a4chtertor-3-nautor-und-4-engelstor\/#breadcrumb","itemListElement":[{"@type":"ListItem","position":1,"name":"Home","item":"https:\/\/discover-culture.com\/"},{"@type":"ListItem","position":2,"name":"Produkte","item":"https:\/\/discover-culture.com\/de\/shop\/"},{"@type":"ListItem","position":3,"name":"2 W\u00e4chtertor, 3 Nautor und 4 Engelstor"}]},{"@type":"WebSite","@id":"https:\/\/discover-culture.com\/de\/#website","url":"https:\/\/discover-culture.com\/de\/","name":"Discover-Culture","description":"","potentialAction":[{"@type":"SearchAction","target":{"@type":"EntryPoint","urlTemplate":"https:\/\/discover-culture.com\/de\/?s={search_term_string}"},"query-input":{"@type":"PropertyValueSpecification","valueRequired":true,"valueName":"search_term_string"}}],"inLanguage":"de"}]}},"_links":{"self":[{"href":"https:\/\/discover-culture.com\/de\/wp-json\/wp\/v2\/product\/3875","targetHints":{"allow":["GET"]}}],"collection":[{"href":"https:\/\/discover-culture.com\/de\/wp-json\/wp\/v2\/product"}],"about":[{"href":"https:\/\/discover-culture.com\/de\/wp-json\/wp\/v2\/types\/product"}],"wp:featuredmedia":[{"embeddable":true,"href":"https:\/\/discover-culture.com\/de\/wp-json\/wp\/v2\/media\/3876"}],"wp:attachment":[{"href":"https:\/\/discover-culture.com\/de\/wp-json\/wp\/v2\/media?parent=3875"}],"wp:term":[{"taxonomy":"product_brand","embeddable":true,"href":"https:\/\/discover-culture.com\/de\/wp-json\/wp\/v2\/product_brand?post=3875"},{"taxonomy":"product_cat","embeddable":true,"href":"https:\/\/discover-culture.com\/de\/wp-json\/wp\/v2\/product_cat?post=3875"},{"taxonomy":"product_tag","embeddable":true,"href":"https:\/\/discover-culture.com\/de\/wp-json\/wp\/v2\/product_tag?post=3875"}],"curies":[{"name":"wp","href":"https:\/\/api.w.org\/{rel}","templated":true}]}}