{"id":340,"date":"2021-06-22T11:51:28","date_gmt":"2021-06-22T09:51:28","guid":{"rendered":"https:\/\/discover-culture.com\/partner\/\/touren\/"},"modified":"2024-01-22T11:58:27","modified_gmt":"2024-01-22T09:58:27","slug":"das-burgmuseum","status":"publish","type":"product","link":"https:\/\/discover-culture.com\/partner\/burg-hochosterwitz\/touren\/das-burgmuseum","title":{"rendered":"Das Burgmuseum"},"content":{"rendered":"<section id='lightpress__section--block_84306dca9b62bb3e0d967e5360e28eef' class='lightpress__section lightpress__section--content'><div class=\"content__grid content__grid\">\n    <div class=\"content__box content__box--one-hundred\">\n                                                        <p>Die beeindruckende Festungsanlage fand im Jahre 860 erstmals urkundliche Erw\u00e4hnung. Stolze 14 Tore besitzt die Anlage, ein Wanderweg f\u00fchrt Besucher und Besucherinnen einen 150 Meter hohen Burgfelsen hinauf \u2013 begeben Sie sich auf eine virtuelle Wanderung durch gelebte Historie, die sich Ihnen in der Burg Hochosterwitz offenbart.<\/p>\n\n                                        <\/div>\n    <\/div><\/section>\n\n<section id='lightpress__section--block_d6b48306de8d2fe4280c4a3efa68fcb5' class='lightpress__section lightpress__section--content'><div class=\"content__grid content__grid--fifty-fifty\">\n    <div class=\"content__box content__box\">\n                                                        <p>&nbsp;<\/p>\n<p>&nbsp;<\/p>\n<p>&nbsp;<\/p>\n<p>Die R\u00e4umlichkeiten der Hochburg enthalten den von Napoleon \u00fcbrig gelassenen Teil der R\u00fcstkammer, bestehend aus einer gr\u00f6\u00dferen Anzahl R\u00fcstungen zum Teil mit dem Khevenh\u00fcller Wappen, daneben Panzerhemden, Tartschen, Sturmhauben, S\u00e4ttel, Pulverh\u00f6rner, Speere, Lanzen, Hellebarden, Gesch\u00fctze etc.<\/p>\n<p>Eine gro\u00dfe Anzahl Ahnenbilder und historische Gem\u00e4lde zieren die W\u00e4nde und in den Schauk\u00e4sten liegen St\u00fccke von besonderem historischen Wert, die mit der Burg- bzw. Familiengeschichte im Zusammenhang stehen.<\/p>\n\n                                        <\/div>\n            <div class=\"content__box content__box\">\n                                                                    <img decoding=\"async\" class=\"content__image\" src=\"https:\/\/discover-culture.com\/wp-content\/uploads\/Hochosterwitz_Museum-scaled.jpg\" alt=\"Hochosterwitz Museum scaled\" loading=\"lazy\">\n                                                        <\/div>\n    <\/div><\/section>\n\n<section id='lightpress__section--block_f10a7871554958368477cd94d7a8c5e1' class='lightpress__section lightpress__section--content'><div class=\"content__grid content__grid--fifty-fifty\">\n    <div class=\"content__box content__box\">\n                                                    <img decoding=\"async\" class=\"content__image\" src=\"https:\/\/discover-culture.com\/wp-content\/uploads\/Hochburg-Bildergalerie-4.jpg\" alt=\"Hochburg Bildergalerie 4\" loading=\"lazy\">\n                                        <\/div>\n            <div class=\"content__box content__box\">\n                                                                        <p>&nbsp;<\/p>\n<p>&nbsp;<\/p>\n<p>Wie in seinem Testament festgehalten, hat Georg Khevenh\u00fcller die Burg mit einer Waffenkammer ausgestattet, zum Schutz f\u00fcr die Burg und der Bev\u00f6lkerung. Eine Vielzahl der Waffen sind bis heute noch erhalten und ausgestellt.<\/p>\n<p>&nbsp;<\/p>\n<p>Darunter sind Jagdwaffen, Kanonen und eine Bombarde aus dem fr\u00fchen 14 Jahrhundert, die wohl die \u00e4lteste bekannte Feuerwaffe der Welt ist. Harnische, R\u00fcstungen, Hellebarden und Schwerter bezeugen den Nahkampf, der ben\u00f6tigt wurde, um einfallende Heere zu bek\u00e4mpfen.<\/p>\n<p>&nbsp;<\/p>\n<p>Beutest\u00fccke aus den T\u00fcrkenkriegen sind genauso vorhanden wie Armbr\u00fcste, Pfeil und Bogen sowie Dolche.<\/p>\n\n                                                        <\/div>\n    <\/div><\/section>\n\n<section id='lightpress__section--block_556c9d9d32bd50eba2b18fb37564cb72' class='lightpress__section lightpress__section--content-with-gallery'><h2 class=\"cwg__headline\"><\/h2>\n<div id='lightpress__section--block_69e00f63218ad' class='cwg__content lightpress__section--content'><div class=\"content__grid content__grid\">\n    <div class=\"content__box content__box--one-hundred\">\n                                                        <p>Der weltweit einzig bekannte Menschenf\u00e4nger wird von einer Tournier Prunkr\u00fcstung aus N\u00fcrnberg gehalten. Die bekannten Khevenh\u00fcller Harnische zeigen feinste Gravierarbeiten und Plattner-Kunst. Waffenbegeisterte werden genauso auf ihre Kosten kommen wie Geschichtsinteressierte. Erwachsene und Kinder k\u00f6nnen sich durch Besichtigung in die Abenteuer der Ritter vergangener Zeiten hineinversetzen.<\/p>\n\n                                        <\/div>\n    <\/div><\/div>\n\n<div class=\"cwg__gallery cwg__gallery--3\">\n                    <picture class=\"cwg__image\">\n            <source srcset=\"https:\/\/discover-culture.com\/wp-content\/uploads\/2mus-Hochosterwitz-Ru\u0308stungen-Foto-August-Zoebl-28.5_web-1024x683-1.webp\" type=\"image\/webp\">\n            <source srcset=\"https:\/\/discover-culture.com\/wp-content\/uploads\/2mus-Hochosterwitz-Ru\u0308stungen-Foto-August-Zoebl-28.5_web-1024x683-1.jpg\" type=\"image\/jpeg\">\n            <img decoding=\"async\" loading=\"lazy\" src=\"https:\/\/discover-culture.com\/wp-content\/uploads\/2mus-Hochosterwitz-Ru\u0308stungen-Foto-August-Zoebl-28.5_web-1024x683-1.jpg\" alt=\"2mus Hochosterwitz Ru\u0308stungen Foto August Zoebl 28.5 web 1024x683 1\">\n        <\/picture>\n                    <picture class=\"cwg__image\">\n            <source srcset=\"https:\/\/discover-culture.com\/wp-content\/uploads\/1mus-Hochosterwitz-Feldschlangen-Foto-August-Zoebl-Hochosterwitz-Museum-Scout-2015.webp\" type=\"image\/webp\">\n            <source srcset=\"https:\/\/discover-culture.com\/wp-content\/uploads\/1mus-Hochosterwitz-Feldschlangen-Foto-August-Zoebl-Hochosterwitz-Museum-Scout-2015.jpg\" type=\"image\/jpeg\">\n            <img decoding=\"async\" loading=\"lazy\" src=\"https:\/\/discover-culture.com\/wp-content\/uploads\/1mus-Hochosterwitz-Feldschlangen-Foto-August-Zoebl-Hochosterwitz-Museum-Scout-2015.jpg\" alt=\"1mus Hochosterwitz Feldschlangen Foto August Zoebl Hochosterwitz Museum Scout 2015\">\n        <\/picture>\n                    <picture class=\"cwg__image\">\n            <source srcset=\"https:\/\/discover-culture.com\/wp-content\/uploads\/2mus-Hochosterwitz-Kanonen-Foto-August-Zoebl-2015_web-1024x683-1.webp\" type=\"image\/webp\">\n            <source srcset=\"https:\/\/discover-culture.com\/wp-content\/uploads\/2mus-Hochosterwitz-Kanonen-Foto-August-Zoebl-2015_web-1024x683-1.jpg\" type=\"image\/jpeg\">\n            <img decoding=\"async\" loading=\"lazy\" src=\"https:\/\/discover-culture.com\/wp-content\/uploads\/2mus-Hochosterwitz-Kanonen-Foto-August-Zoebl-2015_web-1024x683-1.jpg\" alt=\"2mus Hochosterwitz Kanonen Foto August Zoebl 2015 web 1024x683 1\">\n        <\/picture>\n    <\/div><\/section>\n\n<section id='lightpress__section--block_a62748f88ac38b2ec46a1aac43e5480b' class='lightpress__section lightpress__section--card-item-content'><div class=\"card-item\">\n  \n      <picture class=\"card-item__background-image\">\n      <source srcset=\"https:\/\/discover-culture.com\/wp-content\/uploads\/Burg_Hochosterwitz.webp\" type=\"image\/webp\">\n      <source srcset=\"https:\/\/discover-culture.com\/wp-content\/uploads\/Burg_Hochosterwitz.jpg\" type=\"image\/jpeg\">\n      <img decoding=\"async\" loading=\"lazy\" src=\"https:\/\/discover-culture.com\/wp-content\/uploads\/Burg_Hochosterwitz.jpg\" alt=\"Burg Hochosterwitz\">\n    <\/picture>\n    <div id='lightpress__section--block_69e00f6329e72' class='lightpress__section--content'><div class=\"content__grid content__grid\">\n    <div class=\"content__box content__box--one-hundred\">\n                                                        <p>&nbsp;<\/p>\n<p>&nbsp;<\/p>\n<p>&nbsp;<\/p>\n<p>&nbsp;<\/p>\n<p>&nbsp;<\/p>\n<p>&nbsp;<\/p>\n<p>&nbsp;<\/p>\n<p>&nbsp;<\/p>\n<p><a class=\"lcyd__button lcyd__button--arrow lcyd__button--light\" href=\"https:\/\/www.burg-hochosterwitz.com\/\" target=\"_blank\" rel=\"noopener\">Mehr Informationen zur Burg Hochosterwitz<\/a><\/p>\n\n                                        <\/div>\n    <\/div><\/div>\n<\/div>\n<\/section>","protected":false},"excerpt":{"rendered":"","protected":false},"featured_media":341,"template":"","meta":{"_acf_changed":false,"_relevanssi_hide_post":"","_relevanssi_hide_content":"","_relevanssi_pin_for_all":"","_relevanssi_pin_keywords":"","_relevanssi_unpin_keywords":"","_relevanssi_related_keywords":"","_relevanssi_related_include_ids":"","_relevanssi_related_exclude_ids":"","_relevanssi_related_no_append":"","_relevanssi_related_not_related":"","_relevanssi_related_posts":"3849,3845,3841,3848,3844","_relevanssi_noindex_reason":""},"product_brand":[],"product_cat":[16],"product_tag":[],"class_list":["product-available","product","first","instock","virtual","sold-individually","taxable","purchasable","product-type-simple"],"bundled_by":[],"bundle_stock_status":"instock","bundle_stock_quantity":null,"bundle_virtual":false,"bundle_layout":"","bundle_add_to_cart_form_location":"","bundle_editable_in_cart":false,"bundle_sold_individually_context":"","bundle_item_grouping":"","bundle_min_size":"","bundle_max_size":"","bundle_price":[],"bundled_items":[],"bundle_sell_ids":[],"acf":[],"yoast_head":"<!-- This site is optimized with the Yoast SEO Premium plugin v25.7.1 (Yoast SEO v26.8) - https:\/\/yoast.com\/product\/yoast-seo-premium-wordpress\/ -->\n<title>Das Burgmuseum - Discover-Culture<\/title>\n<meta name=\"description\" content=\"Die beeindruckende Festungsanlage fand im Jahre 860 erstmals urkundliche Erw\u00e4hnung. Stolze 14 Tore besitzt die Anlage.\" \/>\n<meta name=\"robots\" content=\"index, follow, max-snippet:-1, max-image-preview:large, max-video-preview:-1\" \/>\n<link rel=\"canonical\" href=\"https:\/\/discover-culture.com\/de\/partner\/burg-hochosterwitz\/touren\/das-burgmuseum\/\" \/>\n<meta property=\"og:locale\" content=\"de_DE\" \/>\n<meta property=\"og:type\" content=\"article\" \/>\n<meta property=\"og:title\" content=\"Das Burgmuseum\" \/>\n<meta property=\"og:description\" content=\"Die beeindruckende Festungsanlage fand im Jahre 860 erstmals urkundliche Erw\u00e4hnung. Stolze 14 Tore besitzt die Anlage.\" \/>\n<meta property=\"og:url\" content=\"https:\/\/discover-culture.com\/de\/partner\/burg-hochosterwitz\/touren\/das-burgmuseum\/\" \/>\n<meta property=\"og:site_name\" content=\"Discover-Culture\" \/>\n<meta property=\"article:modified_time\" content=\"2024-01-22T09:58:27+00:00\" \/>\n<meta property=\"og:image\" content=\"https:\/\/discover-culture.com\/wp-content\/uploads\/1mus-Hochosterwitz-Feldschlangen-Foto-August-Zoebl-Hochosterwitz-Museum-Scout-2015.png\" \/>\n\t<meta property=\"og:image:width\" content=\"1900\" \/>\n\t<meta property=\"og:image:height\" content=\"700\" \/>\n\t<meta property=\"og:image:type\" content=\"image\/png\" \/>\n<meta name=\"twitter:card\" content=\"summary_large_image\" \/>\n<meta name=\"twitter:label1\" content=\"Gesch\u00e4tzte Lesezeit\" \/>\n\t<meta name=\"twitter:data1\" content=\"1\u00a0Minute\" \/>\n<script type=\"application\/ld+json\" class=\"yoast-schema-graph\">{\"@context\":\"https:\/\/schema.org\",\"@graph\":[{\"@type\":\"WebPage\",\"@id\":\"https:\/\/discover-culture.com\/partner\/burg-hochosterwitz\/touren\/das-burgmuseum\/\",\"url\":\"https:\/\/discover-culture.com\/partner\/burg-hochosterwitz\/touren\/das-burgmuseum\/\",\"name\":\"Das Burgmuseum - Discover-Culture\",\"isPartOf\":{\"@id\":\"https:\/\/discover-culture.com\/de\/#website\"},\"primaryImageOfPage\":{\"@id\":\"https:\/\/discover-culture.com\/partner\/burg-hochosterwitz\/touren\/das-burgmuseum\/#primaryimage\"},\"image\":{\"@id\":\"https:\/\/discover-culture.com\/partner\/burg-hochosterwitz\/touren\/das-burgmuseum\/#primaryimage\"},\"thumbnailUrl\":\"https:\/\/discover-culture.com\/wp-content\/uploads\/1mus-Hochosterwitz-Feldschlangen-Foto-August-Zoebl-Hochosterwitz-Museum-Scout-2015.png\",\"datePublished\":\"2021-06-22T09:51:28+00:00\",\"dateModified\":\"2024-01-22T09:58:27+00:00\",\"description\":\"Die beeindruckende Festungsanlage fand im Jahre 860 erstmals urkundliche Erw\u00e4hnung. Stolze 14 Tore besitzt die Anlage.\",\"breadcrumb\":{\"@id\":\"https:\/\/discover-culture.com\/partner\/burg-hochosterwitz\/touren\/das-burgmuseum\/#breadcrumb\"},\"inLanguage\":\"de\",\"potentialAction\":[{\"@type\":\"ReadAction\",\"target\":[\"https:\/\/discover-culture.com\/partner\/burg-hochosterwitz\/touren\/das-burgmuseum\/\"]}]},{\"@type\":\"ImageObject\",\"inLanguage\":\"de\",\"@id\":\"https:\/\/discover-culture.com\/partner\/burg-hochosterwitz\/touren\/das-burgmuseum\/#primaryimage\",\"url\":\"https:\/\/discover-culture.com\/wp-content\/uploads\/1mus-Hochosterwitz-Feldschlangen-Foto-August-Zoebl-Hochosterwitz-Museum-Scout-2015.png\",\"contentUrl\":\"https:\/\/discover-culture.com\/wp-content\/uploads\/1mus-Hochosterwitz-Feldschlangen-Foto-August-Zoebl-Hochosterwitz-Museum-Scout-2015.png\",\"width\":1900,\"height\":700,\"caption\":\"1mus Hochosterwitz Feldschlangen Foto August Zoebl Hochosterwitz Museum Scout 2015\"},{\"@type\":\"BreadcrumbList\",\"@id\":\"https:\/\/discover-culture.com\/partner\/burg-hochosterwitz\/touren\/das-burgmuseum\/#breadcrumb\",\"itemListElement\":[{\"@type\":\"ListItem\",\"position\":1,\"name\":\"Home\",\"item\":\"https:\/\/discover-culture.com\/\"},{\"@type\":\"ListItem\",\"position\":2,\"name\":\"Produkte\",\"item\":\"https:\/\/discover-culture.com\/de\/shop\/\"},{\"@type\":\"ListItem\",\"position\":3,\"name\":\"Das Burgmuseum\"}]},{\"@type\":\"WebSite\",\"@id\":\"https:\/\/discover-culture.com\/de\/#website\",\"url\":\"https:\/\/discover-culture.com\/de\/\",\"name\":\"Discover-Culture\",\"description\":\"\",\"potentialAction\":[{\"@type\":\"SearchAction\",\"target\":{\"@type\":\"EntryPoint\",\"urlTemplate\":\"https:\/\/discover-culture.com\/de\/?s={search_term_string}\"},\"query-input\":{\"@type\":\"PropertyValueSpecification\",\"valueRequired\":true,\"valueName\":\"search_term_string\"}}],\"inLanguage\":\"de\"}]}<\/script>\n<!-- \/ Yoast SEO Premium plugin. -->","yoast_head_json":{"title":"Das Burgmuseum - Discover-Culture","description":"Die beeindruckende Festungsanlage fand im Jahre 860 erstmals urkundliche Erw\u00e4hnung. Stolze 14 Tore besitzt die Anlage.","robots":{"index":"index","follow":"follow","max-snippet":"max-snippet:-1","max-image-preview":"max-image-preview:large","max-video-preview":"max-video-preview:-1"},"canonical":"https:\/\/discover-culture.com\/de\/partner\/burg-hochosterwitz\/touren\/das-burgmuseum\/","og_locale":"de_DE","og_type":"article","og_title":"Das Burgmuseum","og_description":"Die beeindruckende Festungsanlage fand im Jahre 860 erstmals urkundliche Erw\u00e4hnung. Stolze 14 Tore besitzt die Anlage.","og_url":"https:\/\/discover-culture.com\/de\/partner\/burg-hochosterwitz\/touren\/das-burgmuseum\/","og_site_name":"Discover-Culture","article_modified_time":"2024-01-22T09:58:27+00:00","og_image":[{"width":1900,"height":700,"url":"https:\/\/discover-culture.com\/wp-content\/uploads\/1mus-Hochosterwitz-Feldschlangen-Foto-August-Zoebl-Hochosterwitz-Museum-Scout-2015.png","type":"image\/png"}],"twitter_card":"summary_large_image","twitter_misc":{"Gesch\u00e4tzte Lesezeit":"1\u00a0Minute"},"schema":{"@context":"https:\/\/schema.org","@graph":[{"@type":"WebPage","@id":"https:\/\/discover-culture.com\/partner\/burg-hochosterwitz\/touren\/das-burgmuseum\/","url":"https:\/\/discover-culture.com\/partner\/burg-hochosterwitz\/touren\/das-burgmuseum\/","name":"Das Burgmuseum - Discover-Culture","isPartOf":{"@id":"https:\/\/discover-culture.com\/de\/#website"},"primaryImageOfPage":{"@id":"https:\/\/discover-culture.com\/partner\/burg-hochosterwitz\/touren\/das-burgmuseum\/#primaryimage"},"image":{"@id":"https:\/\/discover-culture.com\/partner\/burg-hochosterwitz\/touren\/das-burgmuseum\/#primaryimage"},"thumbnailUrl":"https:\/\/discover-culture.com\/wp-content\/uploads\/1mus-Hochosterwitz-Feldschlangen-Foto-August-Zoebl-Hochosterwitz-Museum-Scout-2015.png","datePublished":"2021-06-22T09:51:28+00:00","dateModified":"2024-01-22T09:58:27+00:00","description":"Die beeindruckende Festungsanlage fand im Jahre 860 erstmals urkundliche Erw\u00e4hnung. Stolze 14 Tore besitzt die Anlage.","breadcrumb":{"@id":"https:\/\/discover-culture.com\/partner\/burg-hochosterwitz\/touren\/das-burgmuseum\/#breadcrumb"},"inLanguage":"de","potentialAction":[{"@type":"ReadAction","target":["https:\/\/discover-culture.com\/partner\/burg-hochosterwitz\/touren\/das-burgmuseum\/"]}]},{"@type":"ImageObject","inLanguage":"de","@id":"https:\/\/discover-culture.com\/partner\/burg-hochosterwitz\/touren\/das-burgmuseum\/#primaryimage","url":"https:\/\/discover-culture.com\/wp-content\/uploads\/1mus-Hochosterwitz-Feldschlangen-Foto-August-Zoebl-Hochosterwitz-Museum-Scout-2015.png","contentUrl":"https:\/\/discover-culture.com\/wp-content\/uploads\/1mus-Hochosterwitz-Feldschlangen-Foto-August-Zoebl-Hochosterwitz-Museum-Scout-2015.png","width":1900,"height":700,"caption":"1mus Hochosterwitz Feldschlangen Foto August Zoebl Hochosterwitz Museum Scout 2015"},{"@type":"BreadcrumbList","@id":"https:\/\/discover-culture.com\/partner\/burg-hochosterwitz\/touren\/das-burgmuseum\/#breadcrumb","itemListElement":[{"@type":"ListItem","position":1,"name":"Home","item":"https:\/\/discover-culture.com\/"},{"@type":"ListItem","position":2,"name":"Produkte","item":"https:\/\/discover-culture.com\/de\/shop\/"},{"@type":"ListItem","position":3,"name":"Das Burgmuseum"}]},{"@type":"WebSite","@id":"https:\/\/discover-culture.com\/de\/#website","url":"https:\/\/discover-culture.com\/de\/","name":"Discover-Culture","description":"","potentialAction":[{"@type":"SearchAction","target":{"@type":"EntryPoint","urlTemplate":"https:\/\/discover-culture.com\/de\/?s={search_term_string}"},"query-input":{"@type":"PropertyValueSpecification","valueRequired":true,"valueName":"search_term_string"}}],"inLanguage":"de"}]}},"_links":{"self":[{"href":"https:\/\/discover-culture.com\/de\/wp-json\/wp\/v2\/product\/340","targetHints":{"allow":["GET"]}}],"collection":[{"href":"https:\/\/discover-culture.com\/de\/wp-json\/wp\/v2\/product"}],"about":[{"href":"https:\/\/discover-culture.com\/de\/wp-json\/wp\/v2\/types\/product"}],"wp:featuredmedia":[{"embeddable":true,"href":"https:\/\/discover-culture.com\/de\/wp-json\/wp\/v2\/media\/341"}],"wp:attachment":[{"href":"https:\/\/discover-culture.com\/de\/wp-json\/wp\/v2\/media?parent=340"}],"wp:term":[{"taxonomy":"product_brand","embeddable":true,"href":"https:\/\/discover-culture.com\/de\/wp-json\/wp\/v2\/product_brand?post=340"},{"taxonomy":"product_cat","embeddable":true,"href":"https:\/\/discover-culture.com\/de\/wp-json\/wp\/v2\/product_cat?post=340"},{"taxonomy":"product_tag","embeddable":true,"href":"https:\/\/discover-culture.com\/de\/wp-json\/wp\/v2\/product_tag?post=340"}],"curies":[{"name":"wp","href":"https:\/\/api.w.org\/{rel}","templated":true}]}}