{"id":335,"date":"2021-06-22T11:29:00","date_gmt":"2021-06-22T09:29:00","guid":{"rendered":"https:\/\/discover-culture.com\/partner\/\/touren\/"},"modified":"2023-04-14T11:32:11","modified_gmt":"2023-04-14T09:32:11","slug":"garde-museum","status":"publish","type":"product","link":"https:\/\/discover-culture.com\/partner\/burg-hochosterwitz\/touren\/garde-museum","title":{"rendered":"Garde Museum"},"content":{"rendered":"<section id='lightpress__section--block_1b255b03b1bcb650a177698f8bd04e22' class='lightpress__section lightpress__section--content'><div class=\"content__grid content__grid\">\n    <div class=\"content__box content__box--one-hundred\">\n                                                        <p>Die Khevenh\u00fcller-Metsch-Ehrengarde ist ein Aush\u00e4ngeschild der f\u00fcrstlichen Familie \u2013 und selten ist die\u00a0Tradition in ihrer Lebendigkeit\u00a0so weitergef\u00fchrt worden, wie es hier geschieht. Seit 1600 sch\u00fctzt und bewacht die Ehrengarde die F\u00fcrstenfamilie und sichert das Schloss Niederosterwitz und die Burg Hochosterwitz.<\/p>\n\n                                        <\/div>\n    <\/div><\/section>\n\n<section id='lightpress__section--block_9a0a786cbd4643515510725c7ea1f0f9' class='lightpress__section lightpress__section--content'><div class=\"content__grid content__grid--fifty-fifty\">\n    <div class=\"content__box content__box\">\n                                                        <h3 class=\"text-image__heading\">Khevenh\u00fcller Garde<\/h3>\n<div class=\"text-image__excerpt\">\n<p>Anfangs Landsknechte, dann Wachmannschaften, sind es heute ehemalige Militaristen, die man mit der Schweizer Garde vergleichen kann.<\/p>\n<p>Mit den Vorg\u00e4ngern des 16. Jahrhunderts verbindet sie auch heute die feste \u00dcberzeugung, dass die F\u00fcrstenfamilie und ihre Nachfolger es verdienen, dass man sich f\u00fcr sie einsetzt<\/p>\n<\/div>\n\n                                        <\/div>\n            <div class=\"content__box content__box\">\n                                                                    <img decoding=\"async\" class=\"content__image\" src=\"https:\/\/discover-culture.com\/wp-content\/uploads\/3-Faehnrichtor-Erich-Hochosterwitz-Garde-Foto-August-Zoebl-2020-508_web-1.jpg\" alt=\"3 Faehnrichtor Erich Hochosterwitz Garde Foto August Zoebl 2020 508 web 1\" loading=\"lazy\">\n                                                        <\/div>\n    <\/div><\/section>\n\n<section id='lightpress__section--block_0a157bb7421941454f8adfcd065de226' class='lightpress__section lightpress__section--content-with-gallery'><h2 class=\"cwg__headline\">Standhaft und treu der F\u00fcrstenfamilie Khevenh\u00fcller-Metsch<\/h2>\n<div id='lightpress__section--block_69e8dc9428f8b' class='cwg__content lightpress__section--content'><div class=\"content__grid content__grid\">\n    <div class=\"content__box content__box--one-hundred\">\n                                                        \n                                        <\/div>\n    <\/div><\/div>\n\n<div class=\"cwg__gallery cwg__gallery--3\">\n                    <picture class=\"cwg__image\">\n            <source srcset=\"https:\/\/discover-culture.com\/wp-content\/uploads\/Hochosterwitz_Museum-scaled.webp\" type=\"image\/webp\">\n            <source srcset=\"https:\/\/discover-culture.com\/wp-content\/uploads\/Hochosterwitz_Museum-scaled.jpg\" type=\"image\/jpeg\">\n            <img decoding=\"async\" loading=\"lazy\" src=\"https:\/\/discover-culture.com\/wp-content\/uploads\/Hochosterwitz_Museum-scaled.jpg\" alt=\"Hochosterwitz Museum scaled\">\n        <\/picture>\n                    <picture class=\"cwg__image\">\n            <source srcset=\"https:\/\/discover-culture.com\/wp-content\/uploads\/Gardehauptmann.webp\" type=\"image\/webp\">\n            <source srcset=\"https:\/\/discover-culture.com\/wp-content\/uploads\/Gardehauptmann.jpg\" type=\"image\/jpeg\">\n            <img decoding=\"async\" loading=\"lazy\" src=\"https:\/\/discover-culture.com\/wp-content\/uploads\/Gardehauptmann.jpg\" alt=\"Gardehauptmann\">\n        <\/picture>\n                    <picture class=\"cwg__image\">\n            <source srcset=\"https:\/\/discover-culture.com\/wp-content\/uploads\/Ruestungen.webp\" type=\"image\/webp\">\n            <source srcset=\"https:\/\/discover-culture.com\/wp-content\/uploads\/Ruestungen.jpg\" type=\"image\/jpeg\">\n            <img decoding=\"async\" loading=\"lazy\" src=\"https:\/\/discover-culture.com\/wp-content\/uploads\/Ruestungen.jpg\" alt=\"Ruestungen\">\n        <\/picture>\n    <\/div><\/section>","protected":false},"excerpt":{"rendered":"","protected":false},"featured_media":332,"template":"","meta":{"_acf_changed":false,"_relevanssi_hide_post":"","_relevanssi_hide_content":"","_relevanssi_pin_for_all":"","_relevanssi_pin_keywords":"","_relevanssi_unpin_keywords":"","_relevanssi_related_keywords":"","_relevanssi_related_include_ids":"","_relevanssi_related_exclude_ids":"","_relevanssi_related_no_append":"","_relevanssi_related_not_related":"","_relevanssi_related_posts":"3848,3849,3844,3845,3841","_relevanssi_noindex_reason":""},"product_brand":[],"product_cat":[16],"product_tag":[],"class_list":["product-available","product","first","instock","virtual","sold-individually","taxable","purchasable","product-type-simple"],"bundled_by":["5276"],"bundle_stock_status":"instock","bundle_stock_quantity":null,"bundle_virtual":false,"bundle_layout":"","bundle_add_to_cart_form_location":"","bundle_editable_in_cart":false,"bundle_sold_individually_context":"","bundle_item_grouping":"","bundle_min_size":"","bundle_max_size":"","bundle_price":[],"bundled_items":[],"bundle_sell_ids":[],"acf":[],"yoast_head":"<!-- This site is optimized with the Yoast SEO Premium plugin v25.7.1 (Yoast SEO v26.8) - https:\/\/yoast.com\/product\/yoast-seo-premium-wordpress\/ -->\n<title>Garde Museum - Discover-Culture<\/title>\n<meta name=\"description\" content=\"Finden Sie hier alle Informationen zum Produkt Garde Museum und betreten Sie die neue Welt von Kunst und Kultur!\" \/>\n<meta name=\"robots\" content=\"index, follow, max-snippet:-1, max-image-preview:large, max-video-preview:-1\" \/>\n<link rel=\"canonical\" href=\"https:\/\/discover-culture.com\/de\/partner\/burg-hochosterwitz\/touren\/garde-museum\/\" \/>\n<meta property=\"og:locale\" content=\"de_DE\" \/>\n<meta property=\"og:type\" content=\"article\" \/>\n<meta property=\"og:title\" content=\"Garde Museum\" \/>\n<meta property=\"og:description\" content=\"Finden Sie hier alle Informationen zum Produkt Garde Museum und betreten Sie die neue Welt von Kunst und Kultur!\" \/>\n<meta property=\"og:url\" content=\"https:\/\/discover-culture.com\/de\/partner\/burg-hochosterwitz\/touren\/garde-museum\/\" \/>\n<meta property=\"og:site_name\" content=\"Discover-Culture\" \/>\n<meta property=\"article:modified_time\" content=\"2023-04-14T09:32:11+00:00\" \/>\n<meta property=\"og:image\" content=\"https:\/\/discover-culture.com\/wp-content\/uploads\/3-Garde-Loewentor2-Hochosterwitz-Garde-Foto-August-Zoebl-2020-198_Web-1024x683-1.jpg\" \/>\n\t<meta property=\"og:image:width\" content=\"1024\" \/>\n\t<meta property=\"og:image:height\" content=\"683\" \/>\n\t<meta property=\"og:image:type\" content=\"image\/jpeg\" \/>\n<meta name=\"twitter:card\" content=\"summary_large_image\" \/>\n<script type=\"application\/ld+json\" class=\"yoast-schema-graph\">{\"@context\":\"https:\/\/schema.org\",\"@graph\":[{\"@type\":\"WebPage\",\"@id\":\"https:\/\/discover-culture.com\/partner\/burg-hochosterwitz\/touren\/garde-museum\/\",\"url\":\"https:\/\/discover-culture.com\/partner\/burg-hochosterwitz\/touren\/garde-museum\/\",\"name\":\"Garde Museum - Discover-Culture\",\"isPartOf\":{\"@id\":\"https:\/\/discover-culture.com\/de\/#website\"},\"primaryImageOfPage\":{\"@id\":\"https:\/\/discover-culture.com\/partner\/burg-hochosterwitz\/touren\/garde-museum\/#primaryimage\"},\"image\":{\"@id\":\"https:\/\/discover-culture.com\/partner\/burg-hochosterwitz\/touren\/garde-museum\/#primaryimage\"},\"thumbnailUrl\":\"https:\/\/discover-culture.com\/wp-content\/uploads\/3-Garde-Loewentor2-Hochosterwitz-Garde-Foto-August-Zoebl-2020-198_Web-1024x683-1.jpg\",\"datePublished\":\"2021-06-22T09:29:00+00:00\",\"dateModified\":\"2023-04-14T09:32:11+00:00\",\"description\":\"Finden Sie hier alle Informationen zum Produkt Garde Museum und betreten Sie die neue Welt von Kunst und Kultur!\",\"breadcrumb\":{\"@id\":\"https:\/\/discover-culture.com\/partner\/burg-hochosterwitz\/touren\/garde-museum\/#breadcrumb\"},\"inLanguage\":\"de\",\"potentialAction\":[{\"@type\":\"ReadAction\",\"target\":[\"https:\/\/discover-culture.com\/partner\/burg-hochosterwitz\/touren\/garde-museum\/\"]}]},{\"@type\":\"ImageObject\",\"inLanguage\":\"de\",\"@id\":\"https:\/\/discover-culture.com\/partner\/burg-hochosterwitz\/touren\/garde-museum\/#primaryimage\",\"url\":\"https:\/\/discover-culture.com\/wp-content\/uploads\/3-Garde-Loewentor2-Hochosterwitz-Garde-Foto-August-Zoebl-2020-198_Web-1024x683-1.jpg\",\"contentUrl\":\"https:\/\/discover-culture.com\/wp-content\/uploads\/3-Garde-Loewentor2-Hochosterwitz-Garde-Foto-August-Zoebl-2020-198_Web-1024x683-1.jpg\",\"width\":1024,\"height\":683,\"caption\":\"3 Garde Loewentor2 Hochosterwitz Garde Foto August Zoebl 2020 198 Web 1024x683 1\"},{\"@type\":\"BreadcrumbList\",\"@id\":\"https:\/\/discover-culture.com\/partner\/burg-hochosterwitz\/touren\/garde-museum\/#breadcrumb\",\"itemListElement\":[{\"@type\":\"ListItem\",\"position\":1,\"name\":\"Home\",\"item\":\"https:\/\/discover-culture.com\/\"},{\"@type\":\"ListItem\",\"position\":2,\"name\":\"Produkte\",\"item\":\"https:\/\/discover-culture.com\/de\/shop\/\"},{\"@type\":\"ListItem\",\"position\":3,\"name\":\"Garde Museum\"}]},{\"@type\":\"WebSite\",\"@id\":\"https:\/\/discover-culture.com\/de\/#website\",\"url\":\"https:\/\/discover-culture.com\/de\/\",\"name\":\"Discover-Culture\",\"description\":\"\",\"potentialAction\":[{\"@type\":\"SearchAction\",\"target\":{\"@type\":\"EntryPoint\",\"urlTemplate\":\"https:\/\/discover-culture.com\/de\/?s={search_term_string}\"},\"query-input\":{\"@type\":\"PropertyValueSpecification\",\"valueRequired\":true,\"valueName\":\"search_term_string\"}}],\"inLanguage\":\"de\"}]}<\/script>\n<!-- \/ Yoast SEO Premium plugin. -->","yoast_head_json":{"title":"Garde Museum - Discover-Culture","description":"Finden Sie hier alle Informationen zum Produkt Garde Museum und betreten Sie die neue Welt von Kunst und Kultur!","robots":{"index":"index","follow":"follow","max-snippet":"max-snippet:-1","max-image-preview":"max-image-preview:large","max-video-preview":"max-video-preview:-1"},"canonical":"https:\/\/discover-culture.com\/de\/partner\/burg-hochosterwitz\/touren\/garde-museum\/","og_locale":"de_DE","og_type":"article","og_title":"Garde Museum","og_description":"Finden Sie hier alle Informationen zum Produkt Garde Museum und betreten Sie die neue Welt von Kunst und Kultur!","og_url":"https:\/\/discover-culture.com\/de\/partner\/burg-hochosterwitz\/touren\/garde-museum\/","og_site_name":"Discover-Culture","article_modified_time":"2023-04-14T09:32:11+00:00","og_image":[{"width":1024,"height":683,"url":"https:\/\/discover-culture.com\/wp-content\/uploads\/3-Garde-Loewentor2-Hochosterwitz-Garde-Foto-August-Zoebl-2020-198_Web-1024x683-1.jpg","type":"image\/jpeg"}],"twitter_card":"summary_large_image","schema":{"@context":"https:\/\/schema.org","@graph":[{"@type":"WebPage","@id":"https:\/\/discover-culture.com\/partner\/burg-hochosterwitz\/touren\/garde-museum\/","url":"https:\/\/discover-culture.com\/partner\/burg-hochosterwitz\/touren\/garde-museum\/","name":"Garde Museum - Discover-Culture","isPartOf":{"@id":"https:\/\/discover-culture.com\/de\/#website"},"primaryImageOfPage":{"@id":"https:\/\/discover-culture.com\/partner\/burg-hochosterwitz\/touren\/garde-museum\/#primaryimage"},"image":{"@id":"https:\/\/discover-culture.com\/partner\/burg-hochosterwitz\/touren\/garde-museum\/#primaryimage"},"thumbnailUrl":"https:\/\/discover-culture.com\/wp-content\/uploads\/3-Garde-Loewentor2-Hochosterwitz-Garde-Foto-August-Zoebl-2020-198_Web-1024x683-1.jpg","datePublished":"2021-06-22T09:29:00+00:00","dateModified":"2023-04-14T09:32:11+00:00","description":"Finden Sie hier alle Informationen zum Produkt Garde Museum und betreten Sie die neue Welt von Kunst und Kultur!","breadcrumb":{"@id":"https:\/\/discover-culture.com\/partner\/burg-hochosterwitz\/touren\/garde-museum\/#breadcrumb"},"inLanguage":"de","potentialAction":[{"@type":"ReadAction","target":["https:\/\/discover-culture.com\/partner\/burg-hochosterwitz\/touren\/garde-museum\/"]}]},{"@type":"ImageObject","inLanguage":"de","@id":"https:\/\/discover-culture.com\/partner\/burg-hochosterwitz\/touren\/garde-museum\/#primaryimage","url":"https:\/\/discover-culture.com\/wp-content\/uploads\/3-Garde-Loewentor2-Hochosterwitz-Garde-Foto-August-Zoebl-2020-198_Web-1024x683-1.jpg","contentUrl":"https:\/\/discover-culture.com\/wp-content\/uploads\/3-Garde-Loewentor2-Hochosterwitz-Garde-Foto-August-Zoebl-2020-198_Web-1024x683-1.jpg","width":1024,"height":683,"caption":"3 Garde Loewentor2 Hochosterwitz Garde Foto August Zoebl 2020 198 Web 1024x683 1"},{"@type":"BreadcrumbList","@id":"https:\/\/discover-culture.com\/partner\/burg-hochosterwitz\/touren\/garde-museum\/#breadcrumb","itemListElement":[{"@type":"ListItem","position":1,"name":"Home","item":"https:\/\/discover-culture.com\/"},{"@type":"ListItem","position":2,"name":"Produkte","item":"https:\/\/discover-culture.com\/de\/shop\/"},{"@type":"ListItem","position":3,"name":"Garde Museum"}]},{"@type":"WebSite","@id":"https:\/\/discover-culture.com\/de\/#website","url":"https:\/\/discover-culture.com\/de\/","name":"Discover-Culture","description":"","potentialAction":[{"@type":"SearchAction","target":{"@type":"EntryPoint","urlTemplate":"https:\/\/discover-culture.com\/de\/?s={search_term_string}"},"query-input":{"@type":"PropertyValueSpecification","valueRequired":true,"valueName":"search_term_string"}}],"inLanguage":"de"}]}},"_links":{"self":[{"href":"https:\/\/discover-culture.com\/de\/wp-json\/wp\/v2\/product\/335","targetHints":{"allow":["GET"]}}],"collection":[{"href":"https:\/\/discover-culture.com\/de\/wp-json\/wp\/v2\/product"}],"about":[{"href":"https:\/\/discover-culture.com\/de\/wp-json\/wp\/v2\/types\/product"}],"wp:featuredmedia":[{"embeddable":true,"href":"https:\/\/discover-culture.com\/de\/wp-json\/wp\/v2\/media\/332"}],"wp:attachment":[{"href":"https:\/\/discover-culture.com\/de\/wp-json\/wp\/v2\/media?parent=335"}],"wp:term":[{"taxonomy":"product_brand","embeddable":true,"href":"https:\/\/discover-culture.com\/de\/wp-json\/wp\/v2\/product_brand?post=335"},{"taxonomy":"product_cat","embeddable":true,"href":"https:\/\/discover-culture.com\/de\/wp-json\/wp\/v2\/product_cat?post=335"},{"taxonomy":"product_tag","embeddable":true,"href":"https:\/\/discover-culture.com\/de\/wp-json\/wp\/v2\/product_tag?post=335"}],"curies":[{"name":"wp","href":"https:\/\/api.w.org\/{rel}","templated":true}]}}