{"id":314,"date":"2021-06-22T09:49:20","date_gmt":"2021-06-22T07:49:20","guid":{"rendered":"https:\/\/discover-culture.com\/partner\/\/touren\/"},"modified":"2025-11-19T09:39:59","modified_gmt":"2025-11-19T07:39:59","slug":"r%c3%bcstkammer","status":"publish","type":"product","link":"https:\/\/discover-culture.com\/partner\/schloss-tratzberg\/touren\/r%c3%bcstkammer","title":{"rendered":"R\u00fcstkammer"},"content":{"rendered":"<section id='lightpress__section--block_99279fc1610abd8571fd4e48e61c3806' class='lightpress__section lightpress__section--content'><div class=\"content__grid content__grid\">\n    <div class=\"content__box content__box--one-hundred\">\n                                                        <p>Entdecken Sie eine einzigartige Waffen-und Kanonensammlung und staunen Sie, wenn eine der Ritterr\u00fcstungen vielleicht gerade wieder zum Leben erwacht\u2026<\/p>\n\n                                        <\/div>\n    <\/div><\/section>\n\n<section id='lightpress__section--block_fd8f2594de1168492398f7fb84a72991' class='lightpress__section lightpress__section--content'><div class=\"content__grid content__grid--fifty-fifty\">\n    <div class=\"content__box content__box content__box--text-center\">\n                                                        <h3 class=\"text-image__heading\">Schloss Tratzberg &#8211; die R\u00fcstkammer<\/h3>\n<p>Die R\u00fcstkammer wurde in einen gr\u00f6\u00dferen Raum im Schloss umgesiedelt und erstrahlt heute dort glamour\u00f6s in neuer Pracht. <\/p>\n<p>Der heutige \u201cRittersaal\u201d von Schloss Tratzberg kann auch f\u00fcr private Veranstaltungen exklusiv gemietet werden.<\/p>\n<p>In der virtuellen Version ist noch die \u201curspr\u00fcngliche R\u00fcstkammer\u201d zu sehen&#8220;<\/p>\n\n                                        <\/div>\n            <div class=\"content__box content__box\">\n                                                                    <img decoding=\"async\" class=\"content__image\" src=\"https:\/\/discover-culture.com\/wp-content\/uploads\/SchlossTratzberg_Rittersaal_Reihe-Ruestungen-Komplett_TorstenMuehlbacher_2024.jpg\" alt=\"SchlossTratzberg Rittersaal Reihe Ru\u0308stungen Komplett TorstenMu\u0308hlbacher\" loading=\"lazy\">\n                                            <p class=\"copyright copyright--light\">\u00a9Schloss Tratzberg, Torsten M\u00fchlbacher<\/p>\n                                                        <\/div>\n    <\/div><\/section>\n\n<section id='lightpress__section--block_5c8a0ae225d245b46a011c0f70f9a2b5' class='lightpress__section lightpress__section--content'><div class=\"content__grid content__grid--fifty-fifty\">\n    <div class=\"content__box content__box\">\n                                                    <img decoding=\"async\" class=\"content__image\" src=\"https:\/\/discover-culture.com\/wp-content\/uploads\/Tratzberg_Ruestkammer_waffen.jpg\" alt=\"Tratzberg Ruestkammer waffen\" loading=\"lazy\">\n                                        <\/div>\n            <div class=\"content__box content__box content__box--text-center\">\n                                                                        <h3 class=\"text-image__heading\">Die historische Waffensammlung virtuell erforschen<\/h3>\n<div class=\"text-image__excerpt\">\n<p>Zahlreiche Zeitzeugen befinden sich heute noch in der R\u00fcstkammer Tratzbergs.<\/p>\n<p>Zwischen perfekt erhaltenen R\u00fcstungen finden sich Waffen wie etwa S\u00e4bel, Sicheln, Morgensterne oder Armbr\u00fcste.<\/p>\n<\/div>\n\n                                                        <\/div>\n    <\/div><\/section>\n\n<section id='lightpress__section--block_b991a20332b7ceb69128d2c09cbe1aa2' class='lightpress__section lightpress__section--card-item-content'><div class=\"card-item\">\n  \n      <picture class=\"card-item__background-image\">\n      <source srcset=\"https:\/\/discover-culture.com\/wp-content\/uploads\/Schloss_Tratzberg.webp\" type=\"image\/webp\">\n      <source srcset=\"https:\/\/discover-culture.com\/wp-content\/uploads\/Schloss_Tratzberg.jpg\" type=\"image\/jpeg\">\n      <img decoding=\"async\" loading=\"lazy\" src=\"https:\/\/discover-culture.com\/wp-content\/uploads\/Schloss_Tratzberg.jpg\" alt=\"Schloss Tratzberg\">\n    <\/picture>\n    <div id='lightpress__section--block_69d42d35331a2' class='lightpress__section--content'><div class=\"content__grid content__grid\">\n    <div class=\"content__box content__box--one-hundred\">\n                                                        <p>&nbsp;<\/p>\n<p>&nbsp;<\/p>\n<p>&nbsp;<\/p>\n<p>&nbsp;<\/p>\n<p>&nbsp;<\/p>\n<p>&nbsp;<\/p>\n<p>&nbsp;<\/p>\n<p>&nbsp;<\/p>\n<p><a class=\"lcyd__button lcyd__button--arrow lcyd__button--light\" href=\"https:\/\/schloss-tratzberg.at\" target=\"_blank\" rel=\"noopener\">Weiterf\u00fchrende Informationen Schloss Tratzberg<\/a><\/p>\n\n                                        <\/div>\n    <\/div><\/div>\n<\/div>\n<\/section>","protected":false},"excerpt":{"rendered":"","protected":false},"featured_media":7626,"template":"","meta":{"_acf_changed":true,"_relevanssi_hide_post":"","_relevanssi_hide_content":"","_relevanssi_pin_for_all":"","_relevanssi_pin_keywords":"","_relevanssi_unpin_keywords":"","_relevanssi_related_keywords":"","_relevanssi_related_include_ids":"","_relevanssi_related_exclude_ids":"","_relevanssi_related_no_append":"","_relevanssi_related_not_related":"","_relevanssi_related_posts":"3841,3845,3848,3844,3849","_relevanssi_noindex_reason":""},"product_brand":[],"product_cat":[16],"product_tag":[],"class_list":["product-available","product","first","instock","virtual","sold-individually","taxable","purchasable","product-type-simple"],"bundled_by":[],"bundle_stock_status":"instock","bundle_stock_quantity":null,"bundle_virtual":false,"bundle_layout":"","bundle_add_to_cart_form_location":"","bundle_editable_in_cart":false,"bundle_sold_individually_context":"","bundle_item_grouping":"","bundle_min_size":"","bundle_max_size":"","bundle_price":[],"bundled_items":[],"bundle_sell_ids":[],"acf":[],"yoast_head":"<!-- This site is optimized with the Yoast SEO Premium plugin v25.7.1 (Yoast SEO v26.8) - https:\/\/yoast.com\/product\/yoast-seo-premium-wordpress\/ -->\n<title>R\u00fcstkammer - Discover-Culture<\/title>\n<meta name=\"description\" content=\"Finden Sie hier alle Informationen zum Produkt R\u00fcstkammer und betreten Sie die neue Welt von Kunst und Kultur!\" \/>\n<meta name=\"robots\" content=\"index, follow, max-snippet:-1, max-image-preview:large, max-video-preview:-1\" \/>\n<link rel=\"canonical\" href=\"https:\/\/discover-culture.com\/de\/partner\/schloss-tratzberg\/touren\/r\u00fcstkammer\/\" \/>\n<meta property=\"og:locale\" content=\"de_DE\" \/>\n<meta property=\"og:type\" content=\"article\" \/>\n<meta property=\"og:title\" content=\"R\u00fcstkammer\" \/>\n<meta property=\"og:description\" content=\"Finden Sie hier alle Informationen zum Produkt R\u00fcstkammer und betreten Sie die neue Welt von Kunst und Kultur!\" \/>\n<meta property=\"og:url\" content=\"https:\/\/discover-culture.com\/de\/partner\/schloss-tratzberg\/touren\/r\u00fcstkammer\/\" \/>\n<meta property=\"og:site_name\" content=\"Discover-Culture\" \/>\n<meta property=\"article:modified_time\" content=\"2025-11-19T07:39:59+00:00\" \/>\n<meta property=\"og:image\" content=\"https:\/\/discover-culture.com\/wp-content\/uploads\/SchlossTratzberg_Rittersaal_Panorama-1_TorstenMuehlbacher_web-1024x601.jpg\" \/>\n\t<meta property=\"og:image:width\" content=\"1024\" \/>\n\t<meta property=\"og:image:height\" content=\"601\" \/>\n\t<meta property=\"og:image:type\" content=\"image\/jpeg\" \/>\n<meta name=\"twitter:card\" content=\"summary_large_image\" \/>\n<meta name=\"twitter:label1\" content=\"Gesch\u00e4tzte Lesezeit\" \/>\n\t<meta name=\"twitter:data1\" content=\"1\u00a0Minute\" \/>\n<script type=\"application\/ld+json\" class=\"yoast-schema-graph\">{\"@context\":\"https:\/\/schema.org\",\"@graph\":[{\"@type\":\"WebPage\",\"@id\":\"https:\/\/discover-culture.com\/partner\/schloss-tratzberg\/touren\/r%c3%bcstkammer\/\",\"url\":\"https:\/\/discover-culture.com\/partner\/schloss-tratzberg\/touren\/r%c3%bcstkammer\/\",\"name\":\"R\u00fcstkammer - Discover-Culture\",\"isPartOf\":{\"@id\":\"https:\/\/discover-culture.com\/de\/#website\"},\"primaryImageOfPage\":{\"@id\":\"https:\/\/discover-culture.com\/partner\/schloss-tratzberg\/touren\/r%c3%bcstkammer\/#primaryimage\"},\"image\":{\"@id\":\"https:\/\/discover-culture.com\/partner\/schloss-tratzberg\/touren\/r%c3%bcstkammer\/#primaryimage\"},\"thumbnailUrl\":\"https:\/\/discover-culture.com\/wp-content\/uploads\/SchlossTratzberg_Rittersaal_Panorama-1_TorstenMuehlbacher_web.jpg\",\"datePublished\":\"2021-06-22T07:49:20+00:00\",\"dateModified\":\"2025-11-19T07:39:59+00:00\",\"description\":\"Finden Sie hier alle Informationen zum Produkt R\u00fcstkammer und betreten Sie die neue Welt von Kunst und Kultur!\",\"breadcrumb\":{\"@id\":\"https:\/\/discover-culture.com\/partner\/schloss-tratzberg\/touren\/r%c3%bcstkammer\/#breadcrumb\"},\"inLanguage\":\"de\",\"potentialAction\":[{\"@type\":\"ReadAction\",\"target\":[\"https:\/\/discover-culture.com\/partner\/schloss-tratzberg\/touren\/r%c3%bcstkammer\/\"]}]},{\"@type\":\"ImageObject\",\"inLanguage\":\"de\",\"@id\":\"https:\/\/discover-culture.com\/partner\/schloss-tratzberg\/touren\/r%c3%bcstkammer\/#primaryimage\",\"url\":\"https:\/\/discover-culture.com\/wp-content\/uploads\/SchlossTratzberg_Rittersaal_Panorama-1_TorstenMuehlbacher_web.jpg\",\"contentUrl\":\"https:\/\/discover-culture.com\/wp-content\/uploads\/SchlossTratzberg_Rittersaal_Panorama-1_TorstenMuehlbacher_web.jpg\",\"width\":2000,\"height\":1174,\"caption\":\"SchlossTratzberg Rittersaal Panorama TorstenMu\u0308hlbacher web\"},{\"@type\":\"BreadcrumbList\",\"@id\":\"https:\/\/discover-culture.com\/partner\/schloss-tratzberg\/touren\/r%c3%bcstkammer\/#breadcrumb\",\"itemListElement\":[{\"@type\":\"ListItem\",\"position\":1,\"name\":\"Home\",\"item\":\"https:\/\/discover-culture.com\/\"},{\"@type\":\"ListItem\",\"position\":2,\"name\":\"Produkte\",\"item\":\"https:\/\/discover-culture.com\/de\/shop\/\"},{\"@type\":\"ListItem\",\"position\":3,\"name\":\"R\u00fcstkammer\"}]},{\"@type\":\"WebSite\",\"@id\":\"https:\/\/discover-culture.com\/de\/#website\",\"url\":\"https:\/\/discover-culture.com\/de\/\",\"name\":\"Discover-Culture\",\"description\":\"\",\"potentialAction\":[{\"@type\":\"SearchAction\",\"target\":{\"@type\":\"EntryPoint\",\"urlTemplate\":\"https:\/\/discover-culture.com\/de\/?s={search_term_string}\"},\"query-input\":{\"@type\":\"PropertyValueSpecification\",\"valueRequired\":true,\"valueName\":\"search_term_string\"}}],\"inLanguage\":\"de\"}]}<\/script>\n<!-- \/ Yoast SEO Premium plugin. -->","yoast_head_json":{"title":"R\u00fcstkammer - Discover-Culture","description":"Finden Sie hier alle Informationen zum Produkt R\u00fcstkammer und betreten Sie die neue Welt von Kunst und Kultur!","robots":{"index":"index","follow":"follow","max-snippet":"max-snippet:-1","max-image-preview":"max-image-preview:large","max-video-preview":"max-video-preview:-1"},"canonical":"https:\/\/discover-culture.com\/de\/partner\/schloss-tratzberg\/touren\/r\u00fcstkammer\/","og_locale":"de_DE","og_type":"article","og_title":"R\u00fcstkammer","og_description":"Finden Sie hier alle Informationen zum Produkt R\u00fcstkammer und betreten Sie die neue Welt von Kunst und Kultur!","og_url":"https:\/\/discover-culture.com\/de\/partner\/schloss-tratzberg\/touren\/r\u00fcstkammer\/","og_site_name":"Discover-Culture","article_modified_time":"2025-11-19T07:39:59+00:00","og_image":[{"width":1024,"height":601,"url":"https:\/\/discover-culture.com\/wp-content\/uploads\/SchlossTratzberg_Rittersaal_Panorama-1_TorstenMuehlbacher_web-1024x601.jpg","type":"image\/jpeg"}],"twitter_card":"summary_large_image","twitter_misc":{"Gesch\u00e4tzte Lesezeit":"1\u00a0Minute"},"schema":{"@context":"https:\/\/schema.org","@graph":[{"@type":"WebPage","@id":"https:\/\/discover-culture.com\/partner\/schloss-tratzberg\/touren\/r%c3%bcstkammer\/","url":"https:\/\/discover-culture.com\/partner\/schloss-tratzberg\/touren\/r%c3%bcstkammer\/","name":"R\u00fcstkammer - Discover-Culture","isPartOf":{"@id":"https:\/\/discover-culture.com\/de\/#website"},"primaryImageOfPage":{"@id":"https:\/\/discover-culture.com\/partner\/schloss-tratzberg\/touren\/r%c3%bcstkammer\/#primaryimage"},"image":{"@id":"https:\/\/discover-culture.com\/partner\/schloss-tratzberg\/touren\/r%c3%bcstkammer\/#primaryimage"},"thumbnailUrl":"https:\/\/discover-culture.com\/wp-content\/uploads\/SchlossTratzberg_Rittersaal_Panorama-1_TorstenMuehlbacher_web.jpg","datePublished":"2021-06-22T07:49:20+00:00","dateModified":"2025-11-19T07:39:59+00:00","description":"Finden Sie hier alle Informationen zum Produkt R\u00fcstkammer und betreten Sie die neue Welt von Kunst und Kultur!","breadcrumb":{"@id":"https:\/\/discover-culture.com\/partner\/schloss-tratzberg\/touren\/r%c3%bcstkammer\/#breadcrumb"},"inLanguage":"de","potentialAction":[{"@type":"ReadAction","target":["https:\/\/discover-culture.com\/partner\/schloss-tratzberg\/touren\/r%c3%bcstkammer\/"]}]},{"@type":"ImageObject","inLanguage":"de","@id":"https:\/\/discover-culture.com\/partner\/schloss-tratzberg\/touren\/r%c3%bcstkammer\/#primaryimage","url":"https:\/\/discover-culture.com\/wp-content\/uploads\/SchlossTratzberg_Rittersaal_Panorama-1_TorstenMuehlbacher_web.jpg","contentUrl":"https:\/\/discover-culture.com\/wp-content\/uploads\/SchlossTratzberg_Rittersaal_Panorama-1_TorstenMuehlbacher_web.jpg","width":2000,"height":1174,"caption":"SchlossTratzberg Rittersaal Panorama TorstenMu\u0308hlbacher web"},{"@type":"BreadcrumbList","@id":"https:\/\/discover-culture.com\/partner\/schloss-tratzberg\/touren\/r%c3%bcstkammer\/#breadcrumb","itemListElement":[{"@type":"ListItem","position":1,"name":"Home","item":"https:\/\/discover-culture.com\/"},{"@type":"ListItem","position":2,"name":"Produkte","item":"https:\/\/discover-culture.com\/de\/shop\/"},{"@type":"ListItem","position":3,"name":"R\u00fcstkammer"}]},{"@type":"WebSite","@id":"https:\/\/discover-culture.com\/de\/#website","url":"https:\/\/discover-culture.com\/de\/","name":"Discover-Culture","description":"","potentialAction":[{"@type":"SearchAction","target":{"@type":"EntryPoint","urlTemplate":"https:\/\/discover-culture.com\/de\/?s={search_term_string}"},"query-input":{"@type":"PropertyValueSpecification","valueRequired":true,"valueName":"search_term_string"}}],"inLanguage":"de"}]}},"_links":{"self":[{"href":"https:\/\/discover-culture.com\/de\/wp-json\/wp\/v2\/product\/314","targetHints":{"allow":["GET"]}}],"collection":[{"href":"https:\/\/discover-culture.com\/de\/wp-json\/wp\/v2\/product"}],"about":[{"href":"https:\/\/discover-culture.com\/de\/wp-json\/wp\/v2\/types\/product"}],"wp:featuredmedia":[{"embeddable":true,"href":"https:\/\/discover-culture.com\/de\/wp-json\/wp\/v2\/media\/7626"}],"wp:attachment":[{"href":"https:\/\/discover-culture.com\/de\/wp-json\/wp\/v2\/media?parent=314"}],"wp:term":[{"taxonomy":"product_brand","embeddable":true,"href":"https:\/\/discover-culture.com\/de\/wp-json\/wp\/v2\/product_brand?post=314"},{"taxonomy":"product_cat","embeddable":true,"href":"https:\/\/discover-culture.com\/de\/wp-json\/wp\/v2\/product_cat?post=314"},{"taxonomy":"product_tag","embeddable":true,"href":"https:\/\/discover-culture.com\/de\/wp-json\/wp\/v2\/product_tag?post=314"}],"curies":[{"name":"wp","href":"https:\/\/api.w.org\/{rel}","templated":true}]}}