{"id":268,"date":"2021-06-21T13:53:46","date_gmt":"2021-06-21T11:53:46","guid":{"rendered":"https:\/\/discover-culture.com\/partner\/\/touren\/"},"modified":"2025-11-19T09:35:57","modified_gmt":"2025-11-19T07:35:57","slug":"schlossf%c3%bchrung","status":"publish","type":"product","link":"https:\/\/discover-culture.com\/partner\/schloss-tratzberg\/touren\/schlossf%c3%bchrung","title":{"rendered":"Schlossf\u00fchrung"},"content":{"rendered":"<section id='lightpress__section--block_b0d9aa82b405051ec5735ced889ebd10' class='lightpress__section lightpress__section--content'><div class=\"content__grid content__grid\">\n    <div class=\"content__box content__box--one-hundred\">\n                                                        <p>Entdecken Sie das Schloss Tratzberg mit allen Sinnen. Schlendern Sie durch geschichtstr\u00e4chtige Gem\u00e4uer, bewundern Sie Originalmobiliar als Zeugen der damaligen Zeit und reisen Sie virtuell durch die fabelhafte Entstehungsgeschichte Tratzbergs. In einer herausragenden (360 Grad und\/oder 3D-) Qualit\u00e4t ist es m\u00f6glich, dieses historische Juwel virtuell in seiner Einzigartigkeit zu erforschen.<\/p>\n\n                                        <\/div>\n    <\/div><\/section>\n\n<section id='lightpress__section--block_9bd542efe2927ead281bd8d66fee5675' class='lightpress__section lightpress__section--content'><div class=\"content__grid content__grid--fifty-fifty\">\n    <div class=\"content__box content__box\">\n                                                    <img decoding=\"async\" class=\"content__image\" src=\"https:\/\/discover-culture.com\/wp-content\/uploads\/fuggerkammer-scaled-1.jpg\" alt=\"fuggerkammer scaled 1\" loading=\"lazy\">\n                                        <\/div>\n            <div class=\"content__box content__box content__box--text-center\">\n                                                                        <h3 class=\"text-image__heading\">Die Geschichte des Schlosses Tratzberg<\/h3>\n<div class=\"text-image__excerpt\">\n<p>Schloss Tratzberg wurde erstmals im 13. Jahrhundert urkundlich erw\u00e4hnt und diente als ehemalige Grenzfeste gegen Bayern.<\/p>\n<p>Kaiser Maximilian nutzte Tratzberg dazumal als Jagdschloss, jedoch wurde die urspr\u00fcngliche Wehrburg 1492 in Folge eines Brandes v\u00f6llig zerst\u00f6rt.<\/p>\n<\/div>\n\n                                                        <\/div>\n    <\/div><\/section>\n\n<section id='lightpress__section--block_115fc95b48858cdc01a51d427d297348' class='lightpress__section lightpress__section--content'><div class=\"content__grid content__grid\">\n    <div class=\"content__box content__box--two-thirds content__box--text-center\">\n                                                        <h3>Ein unvergesslicher Besuch in Tirol<\/h3>\n<p>Schloss Tratzberg, nahe Innsbruck in Tirol, ist eines der sch\u00f6nsten Renaissance-Schl\u00f6sser \u00d6sterreichs.<br \/>Besucher erleben Geschichte hautnah, wandern auf den Spuren des Kaisers und sehen das beeindruckende Originalmobiliar aus f\u00fcnf Jahrhunderten. <\/p>\n<p>Wir bieten das gesamte Schlossbesuch-Erlebnis in 9 Sprachen an (wobei die M\u00e4rchenf\u00fchrung f\u00fcr Kinder in 4 Sprachen erh\u00e4ltlich ist) \u2013 ideal f\u00fcr Individualreisende, Familien und Reisegruppen.<\/p>\n<p>Neben der klassischen Schlossf\u00fchrung erwarten unsere G\u00e4ste viele weitere attraktive Erlebnisangebote: historische Rundg\u00e4nge, immersive VR-Erlebnisse, Weinverkostungen mit preisgekr\u00f6nten Weinen aus dem gr\u00e4flichen Weingut, spezielle Familienprogramme und besondere Saisonhighlights. <\/p>\n<p>F\u00fcr individuelle Besucher, Busgruppen und Reiseveranstalter: Kontaktieren Sie uns jederzeit direkt. Wir beraten Sie pers\u00f6nlich und bieten auf Wunsch besondere Konditionen, exklusive Erlebnisbausteine oder reservierbare Zeitfenster an.<\/p>\n<p><a class=\"lcyd__button lcyd__button--animate lcyd__button--arrow lcyd__button--animate\" href=\"mailto:info@schloss-tratzberg.at\" target=\"_blank\" rel=\"noopener\">info@schloss-tratzberg.at<\/a><\/p>\n<p><span data-mce-type=\"bookmark\" style=\"display: inline-block; width: 0px; overflow: hidden; line-height: 0;\" class=\"mce_SELRES_start\">\ufeff<\/span><\/p>\n\n                                        <\/div>\n            <div class=\"content__box content__box\">\n                                                                    <img decoding=\"async\" class=\"content__image\" src=\"https:\/\/discover-culture.com\/wp-content\/uploads\/SchlossTratzberg_Rittersaal_Vitrine-Reiterausruestung-Nah_TorstenMuehlbacher_2024.jpg\" alt=\"SchlossTratzberg Rittersaal Vitrine Reiterausru\u0308stung Nah TorstenMu\u0308hlbacher\" loading=\"lazy\">\n                                            <p class=\"copyright\">\u00a9Schloss Tratzberg,Torsten M\u00fchlbacher<\/p>\n                                                        <\/div>\n    <\/div><\/section>\n\n<section id='lightpress__section--block_0cf875aeec073292d55a1e1c72f0852b' class='lightpress__section lightpress__section--content-with-gallery'><h2 class=\"cwg__headline\">Historie erleben<\/h2>\n<div id='lightpress__section--block_69d28b1b7b6bb' class='cwg__content lightpress__section--content'><div class=\"content__grid content__grid\">\n    <div class=\"content__box content__box--one-hundred\">\n                                                        <p>Kaiser Maximilian baute Tratzberg nicht wieder auf sondern tauschte die Ruine gegen ein Schloss der reichen Silberbergwerksbesitzer T\u00e4nzel.<\/p>\n<p>Diese errichteten im Jahre 1500 den ersten sp\u00e4tgotischen Teil des heutigen Schlosses Tratzberg in ungew\u00f6hnlich prunkvoller, verschwenderischer Weise und lie\u00dfen es mit au\u00dferordentlich kunstvoll gestalteten Marmor-, Holz- und Eisenarbeiten ausstatten.<\/p>\n\n                                        <\/div>\n    <\/div><\/div>\n\n<div class=\"cwg__gallery cwg__gallery--3\">\n                    <picture class=\"cwg__image\">\n            <source srcset=\"https:\/\/discover-culture.com\/wp-content\/uploads\/jagdsaal_web.webp\" type=\"image\/webp\">\n            <source srcset=\"https:\/\/discover-culture.com\/wp-content\/uploads\/jagdsaal_web.jpg\" type=\"image\/jpeg\">\n            <img decoding=\"async\" loading=\"lazy\" src=\"https:\/\/discover-culture.com\/wp-content\/uploads\/jagdsaal_web.jpg\" alt=\"jagdsaal web\">\n        <\/picture>\n                    <picture class=\"cwg__image\">\n            <source srcset=\"https:\/\/discover-culture.com\/wp-content\/uploads\/Habsburger_Saal_Tratzberg.webp\" type=\"image\/webp\">\n            <source srcset=\"https:\/\/discover-culture.com\/wp-content\/uploads\/Habsburger_Saal_Tratzberg.jpg\" type=\"image\/jpeg\">\n            <img decoding=\"async\" loading=\"lazy\" src=\"https:\/\/discover-culture.com\/wp-content\/uploads\/Habsburger_Saal_Tratzberg.jpg\" alt=\"Habsburger Saal Tratzberg\">\n        <\/picture>\n                    <picture class=\"cwg__image\">\n            <source srcset=\"https:\/\/discover-culture.com\/wp-content\/uploads\/koeniginzimmer_web.webp\" type=\"image\/webp\">\n            <source srcset=\"https:\/\/discover-culture.com\/wp-content\/uploads\/koeniginzimmer_web.jpg\" type=\"image\/jpeg\">\n            <img decoding=\"async\" loading=\"lazy\" src=\"https:\/\/discover-culture.com\/wp-content\/uploads\/koeniginzimmer_web.jpg\" alt=\"koeniginzimmer web\">\n        <\/picture>\n    <\/div><\/section>\n\n<section id='lightpress__section--block_ae0ff8f30652580e5c91b105b954ed59' class='lightpress__section--full-width lightpress__section lightpress__section--section-add-to-cart'><\/section>","protected":false},"excerpt":{"rendered":"","protected":false},"featured_media":7625,"template":"","meta":{"_acf_changed":true,"_relevanssi_hide_post":"","_relevanssi_hide_content":"","_relevanssi_pin_for_all":"","_relevanssi_pin_keywords":"","_relevanssi_unpin_keywords":"","_relevanssi_related_keywords":"","_relevanssi_related_include_ids":"","_relevanssi_related_exclude_ids":"","_relevanssi_related_no_append":"","_relevanssi_related_not_related":"","_relevanssi_related_posts":"3841,3845,3849,3848,3844","_relevanssi_noindex_reason":""},"product_brand":[],"product_cat":[16],"product_tag":[],"class_list":["product-available","product","first","instock","virtual","sold-individually","taxable","purchasable","product-type-simple"],"bundled_by":[],"bundle_stock_status":"instock","bundle_stock_quantity":null,"bundle_virtual":false,"bundle_layout":"","bundle_add_to_cart_form_location":"","bundle_editable_in_cart":false,"bundle_sold_individually_context":"","bundle_item_grouping":"","bundle_min_size":"","bundle_max_size":"","bundle_price":[],"bundled_items":[],"bundle_sell_ids":[],"acf":[],"yoast_head":"<!-- This site is optimized with the Yoast SEO Premium plugin v25.7.1 (Yoast SEO v26.8) - https:\/\/yoast.com\/product\/yoast-seo-premium-wordpress\/ -->\n<title>Schlossf\u00fchrung - Discover-Culture<\/title>\n<meta name=\"description\" content=\"Finden Sie hier alle Informationen zum Produkt Schlossf\u00fchrung und betreten Sie die neue Welt von Kunst und Kultur!\" \/>\n<meta name=\"robots\" content=\"index, follow, max-snippet:-1, max-image-preview:large, max-video-preview:-1\" \/>\n<link rel=\"canonical\" href=\"https:\/\/discover-culture.com\/de\/partner\/schloss-tratzberg\/touren\/schlossf\u00fchrung\/\" \/>\n<meta property=\"og:locale\" content=\"de_DE\" \/>\n<meta property=\"og:type\" content=\"article\" \/>\n<meta property=\"og:title\" content=\"Schlossf\u00fchrung\" \/>\n<meta property=\"og:description\" content=\"Finden Sie hier alle Informationen zum Produkt Schlossf\u00fchrung und betreten Sie die neue Welt von Kunst und Kultur!\" \/>\n<meta property=\"og:url\" content=\"https:\/\/discover-culture.com\/de\/partner\/schloss-tratzberg\/touren\/schlossf\u00fchrung\/\" \/>\n<meta property=\"og:site_name\" content=\"Discover-Culture\" \/>\n<meta property=\"article:modified_time\" content=\"2025-11-19T07:35:57+00:00\" \/>\n<meta property=\"og:image\" content=\"https:\/\/discover-culture.com\/wp-content\/uploads\/Schloss_Tratzberg_Innenhof.jpg\" \/>\n\t<meta property=\"og:image:width\" content=\"2000\" \/>\n\t<meta property=\"og:image:height\" content=\"1333\" \/>\n\t<meta property=\"og:image:type\" content=\"image\/jpeg\" \/>\n<meta name=\"twitter:card\" content=\"summary_large_image\" \/>\n<meta name=\"twitter:label1\" content=\"Gesch\u00e4tzte Lesezeit\" \/>\n\t<meta name=\"twitter:data1\" content=\"1\u00a0Minute\" \/>\n<script type=\"application\/ld+json\" class=\"yoast-schema-graph\">{\"@context\":\"https:\/\/schema.org\",\"@graph\":[{\"@type\":\"WebPage\",\"@id\":\"https:\/\/discover-culture.com\/partner\/schloss-tratzberg\/touren\/schlossf%c3%bchrung\/\",\"url\":\"https:\/\/discover-culture.com\/partner\/schloss-tratzberg\/touren\/schlossf%c3%bchrung\/\",\"name\":\"Schlossf\u00fchrung - Discover-Culture\",\"isPartOf\":{\"@id\":\"https:\/\/discover-culture.com\/de\/#website\"},\"primaryImageOfPage\":{\"@id\":\"https:\/\/discover-culture.com\/partner\/schloss-tratzberg\/touren\/schlossf%c3%bchrung\/#primaryimage\"},\"image\":{\"@id\":\"https:\/\/discover-culture.com\/partner\/schloss-tratzberg\/touren\/schlossf%c3%bchrung\/#primaryimage\"},\"thumbnailUrl\":\"https:\/\/discover-culture.com\/wp-content\/uploads\/Schloss_Tratzberg_Innenhof.jpg\",\"datePublished\":\"2021-06-21T11:53:46+00:00\",\"dateModified\":\"2025-11-19T07:35:57+00:00\",\"description\":\"Finden Sie hier alle Informationen zum Produkt Schlossf\u00fchrung und betreten Sie die neue Welt von Kunst und Kultur!\",\"breadcrumb\":{\"@id\":\"https:\/\/discover-culture.com\/partner\/schloss-tratzberg\/touren\/schlossf%c3%bchrung\/#breadcrumb\"},\"inLanguage\":\"de\",\"potentialAction\":[{\"@type\":\"ReadAction\",\"target\":[\"https:\/\/discover-culture.com\/partner\/schloss-tratzberg\/touren\/schlossf%c3%bchrung\/\"]}]},{\"@type\":\"ImageObject\",\"inLanguage\":\"de\",\"@id\":\"https:\/\/discover-culture.com\/partner\/schloss-tratzberg\/touren\/schlossf%c3%bchrung\/#primaryimage\",\"url\":\"https:\/\/discover-culture.com\/wp-content\/uploads\/Schloss_Tratzberg_Innenhof.jpg\",\"contentUrl\":\"https:\/\/discover-culture.com\/wp-content\/uploads\/Schloss_Tratzberg_Innenhof.jpg\",\"width\":2000,\"height\":1333,\"caption\":\"Schloss Tratzberg Innenhof\"},{\"@type\":\"BreadcrumbList\",\"@id\":\"https:\/\/discover-culture.com\/partner\/schloss-tratzberg\/touren\/schlossf%c3%bchrung\/#breadcrumb\",\"itemListElement\":[{\"@type\":\"ListItem\",\"position\":1,\"name\":\"Home\",\"item\":\"https:\/\/discover-culture.com\/\"},{\"@type\":\"ListItem\",\"position\":2,\"name\":\"Produkte\",\"item\":\"https:\/\/discover-culture.com\/de\/shop\/\"},{\"@type\":\"ListItem\",\"position\":3,\"name\":\"Schlossf\u00fchrung\"}]},{\"@type\":\"WebSite\",\"@id\":\"https:\/\/discover-culture.com\/de\/#website\",\"url\":\"https:\/\/discover-culture.com\/de\/\",\"name\":\"Discover-Culture\",\"description\":\"\",\"potentialAction\":[{\"@type\":\"SearchAction\",\"target\":{\"@type\":\"EntryPoint\",\"urlTemplate\":\"https:\/\/discover-culture.com\/de\/?s={search_term_string}\"},\"query-input\":{\"@type\":\"PropertyValueSpecification\",\"valueRequired\":true,\"valueName\":\"search_term_string\"}}],\"inLanguage\":\"de\"}]}<\/script>\n<!-- \/ Yoast SEO Premium plugin. -->","yoast_head_json":{"title":"Schlossf\u00fchrung - Discover-Culture","description":"Finden Sie hier alle Informationen zum Produkt Schlossf\u00fchrung und betreten Sie die neue Welt von Kunst und Kultur!","robots":{"index":"index","follow":"follow","max-snippet":"max-snippet:-1","max-image-preview":"max-image-preview:large","max-video-preview":"max-video-preview:-1"},"canonical":"https:\/\/discover-culture.com\/de\/partner\/schloss-tratzberg\/touren\/schlossf\u00fchrung\/","og_locale":"de_DE","og_type":"article","og_title":"Schlossf\u00fchrung","og_description":"Finden Sie hier alle Informationen zum Produkt Schlossf\u00fchrung und betreten Sie die neue Welt von Kunst und Kultur!","og_url":"https:\/\/discover-culture.com\/de\/partner\/schloss-tratzberg\/touren\/schlossf\u00fchrung\/","og_site_name":"Discover-Culture","article_modified_time":"2025-11-19T07:35:57+00:00","og_image":[{"width":2000,"height":1333,"url":"https:\/\/discover-culture.com\/wp-content\/uploads\/Schloss_Tratzberg_Innenhof.jpg","type":"image\/jpeg"}],"twitter_card":"summary_large_image","twitter_misc":{"Gesch\u00e4tzte Lesezeit":"1\u00a0Minute"},"schema":{"@context":"https:\/\/schema.org","@graph":[{"@type":"WebPage","@id":"https:\/\/discover-culture.com\/partner\/schloss-tratzberg\/touren\/schlossf%c3%bchrung\/","url":"https:\/\/discover-culture.com\/partner\/schloss-tratzberg\/touren\/schlossf%c3%bchrung\/","name":"Schlossf\u00fchrung - Discover-Culture","isPartOf":{"@id":"https:\/\/discover-culture.com\/de\/#website"},"primaryImageOfPage":{"@id":"https:\/\/discover-culture.com\/partner\/schloss-tratzberg\/touren\/schlossf%c3%bchrung\/#primaryimage"},"image":{"@id":"https:\/\/discover-culture.com\/partner\/schloss-tratzberg\/touren\/schlossf%c3%bchrung\/#primaryimage"},"thumbnailUrl":"https:\/\/discover-culture.com\/wp-content\/uploads\/Schloss_Tratzberg_Innenhof.jpg","datePublished":"2021-06-21T11:53:46+00:00","dateModified":"2025-11-19T07:35:57+00:00","description":"Finden Sie hier alle Informationen zum Produkt Schlossf\u00fchrung und betreten Sie die neue Welt von Kunst und Kultur!","breadcrumb":{"@id":"https:\/\/discover-culture.com\/partner\/schloss-tratzberg\/touren\/schlossf%c3%bchrung\/#breadcrumb"},"inLanguage":"de","potentialAction":[{"@type":"ReadAction","target":["https:\/\/discover-culture.com\/partner\/schloss-tratzberg\/touren\/schlossf%c3%bchrung\/"]}]},{"@type":"ImageObject","inLanguage":"de","@id":"https:\/\/discover-culture.com\/partner\/schloss-tratzberg\/touren\/schlossf%c3%bchrung\/#primaryimage","url":"https:\/\/discover-culture.com\/wp-content\/uploads\/Schloss_Tratzberg_Innenhof.jpg","contentUrl":"https:\/\/discover-culture.com\/wp-content\/uploads\/Schloss_Tratzberg_Innenhof.jpg","width":2000,"height":1333,"caption":"Schloss Tratzberg Innenhof"},{"@type":"BreadcrumbList","@id":"https:\/\/discover-culture.com\/partner\/schloss-tratzberg\/touren\/schlossf%c3%bchrung\/#breadcrumb","itemListElement":[{"@type":"ListItem","position":1,"name":"Home","item":"https:\/\/discover-culture.com\/"},{"@type":"ListItem","position":2,"name":"Produkte","item":"https:\/\/discover-culture.com\/de\/shop\/"},{"@type":"ListItem","position":3,"name":"Schlossf\u00fchrung"}]},{"@type":"WebSite","@id":"https:\/\/discover-culture.com\/de\/#website","url":"https:\/\/discover-culture.com\/de\/","name":"Discover-Culture","description":"","potentialAction":[{"@type":"SearchAction","target":{"@type":"EntryPoint","urlTemplate":"https:\/\/discover-culture.com\/de\/?s={search_term_string}"},"query-input":{"@type":"PropertyValueSpecification","valueRequired":true,"valueName":"search_term_string"}}],"inLanguage":"de"}]}},"_links":{"self":[{"href":"https:\/\/discover-culture.com\/de\/wp-json\/wp\/v2\/product\/268","targetHints":{"allow":["GET"]}}],"collection":[{"href":"https:\/\/discover-culture.com\/de\/wp-json\/wp\/v2\/product"}],"about":[{"href":"https:\/\/discover-culture.com\/de\/wp-json\/wp\/v2\/types\/product"}],"wp:featuredmedia":[{"embeddable":true,"href":"https:\/\/discover-culture.com\/de\/wp-json\/wp\/v2\/media\/7625"}],"wp:attachment":[{"href":"https:\/\/discover-culture.com\/de\/wp-json\/wp\/v2\/media?parent=268"}],"wp:term":[{"taxonomy":"product_brand","embeddable":true,"href":"https:\/\/discover-culture.com\/de\/wp-json\/wp\/v2\/product_brand?post=268"},{"taxonomy":"product_cat","embeddable":true,"href":"https:\/\/discover-culture.com\/de\/wp-json\/wp\/v2\/product_cat?post=268"},{"taxonomy":"product_tag","embeddable":true,"href":"https:\/\/discover-culture.com\/de\/wp-json\/wp\/v2\/product_tag?post=268"}],"curies":[{"name":"wp","href":"https:\/\/api.w.org\/{rel}","templated":true}]}}