{"id":25,"date":"2021-05-19T09:12:21","date_gmt":"2021-05-19T09:12:21","guid":{"rendered":"https:\/\/discover-culture.com\/?post_type=product&#038;p=25"},"modified":"2023-04-14T10:40:08","modified_gmt":"2023-04-14T08:40:08","slug":"klosterbibliothek","status":"publish","type":"product","link":"https:\/\/discover-culture.com\/partner\/benediktinerstift-admont\/touren\/klosterbibliothek","title":{"rendered":"Klosterbibliothek"},"content":{"rendered":"<section id='lightpress__section--block_adfb579b0ef5567b2444667299a177fd' class='lightpress__section lightpress__section--content'><div class=\"content__grid content__grid--fifty-fifty\">\n    <div class=\"content__box content__box\">\n                                                        <h2>Features<\/h2>\n\n                                        <\/div>\n            <div class=\"content__box content__box\">\n                                                                        <p>Die Admonter Stiftsbibliothek ist eines der gro\u00dfen Gesamtkunstwerke des europ\u00e4ischen Sp\u00e4tbarocks. In ihr sind verschiedene Kunstgattungen (Architektur, Fresken, Skulpturen, Schriften &amp; Druckwerke) zu einer Einheit verschmolzen. Sie stellt einen \u00fcber Jahrhunderte hinweg reichenden Wissensspeicher dar. In einer herausragenden (360 Grad und\/oder 3D-) Qualit\u00e4t ist es m\u00f6glich, durch die Bibliothek zu gehen, Geheimg\u00e4nge zu betreten, Audio- und Videoguides abzurufen und auch in B\u00fcchern zu bl\u00e4ttern\u2026<\/p>\n\n                                                        <\/div>\n    <\/div><\/section>\n\n<section id='lightpress__section--block_8f835c84a6e7ef889ff1476d1f7c9688' class='lightpress__section lightpress__section--background-image-content'><div class=\"bic__container\">\n    \n    <picture class=\"bic__image\" >\n        <source srcset=\"https:\/\/discover-culture.com\/wp-content\/uploads\/StiftAdmontLibrary01-1920x965-c-center.webp\" type=\"image\/webp\">\n        <source srcset=\"https:\/\/discover-culture.com\/wp-content\/uploads\/StiftAdmontLibrary01-1920x965-c-center.jpg\" type=\"image\/jpeg\">\n\n        <img decoding=\"async\" loading=\"lazy\" src=\"https:\/\/discover-culture.com\/wp-content\/uploads\/StiftAdmontLibrary01-1920x965-c-center.jpg\" alt=\"StiftAdmontLibrary01\">\n    <\/picture>\n\n    <div class=\"fullscreen-image__clip-path\">\n    <\/div>\n\n    <div id='lightpress__section--block_69eabef008c86' class='bic_content lightpress__section--content'><div class=\"content__grid content__grid\">\n    <div class=\"content__box content__box--one-hundred\">\n                                                        <p>Der mit einem Kuppelfresko im Jahre 1776 vollendete, sp\u00e4tbarocke Bibliothekssaal wurde von\u00a0Abt Matth\u00e4us Offner\u00a0(Regierungszeit 1751-1779) in Auftrag gegeben. Seit etwa 1764 geplant und in den Folgejahren gebaut wurde sie vom \u00f6sterreichischen Barockbaumeister\u00a0Josef Hueber\u00a0(1715-1787). Hueber war den Ideen der Aufkl\u00e4rung verpflichtet: \u201eWie den Verstand soll auch den Raum Licht erf\u00fcllen.\u201c Der gewaltige, in drei Teile gegliederte Raum ist der gr\u00f6\u00dfte kl\u00f6sterliche Bibliothekssaal der Welt. Aufkl\u00e4rerischen Geist atmen auch die sieben Deckenfresken, die der \u00fcber 80-j\u00e4hrige\u00a0Bartolomeo Altomonte\u00a0(1694-1783) in den Sommermonaten der Jahre 1775 und 1776 schuf. Sie zeigen die Stufen der menschlichen Erkenntnis vom Denken und Sprechen \u00fcber die Wissenschaften bis zur g\u00f6ttlichen Offenbarung in der Mittelkuppel.<\/p>\n\n                                        <\/div>\n    <\/div><\/div>\n<\/div><\/section>\n\n<section id='lightpress__section--block_e5744689969290dcadeb0de1ca2bc378' class='lightpress__section lightpress__section--content'><div class=\"content__grid content__grid\">\n    <div class=\"content__box content__box\">\n                                                        <h2>Bewegen Sie sich frei in der Bibliothek<\/h2>\n<p>Der gewaltige, in drei Teile gegliederte Raum ist der gr\u00f6\u00dfte kl\u00f6sterliche Bibliothekssaal der Welt. Die Tour bietet eine unbegrenzte 360\u00b0 3D-Version der Bibliothek zur freien Erkundung.<\/p>\n\n                                        <\/div>\n            <div class=\"content__box content__box--one-third\">\n                                                                    <img decoding=\"async\" class=\"content__image\" src=\"https:\/\/discover-culture.com\/wp-content\/uploads\/Bibliothek-bei-Nacht_\u00a9Thomas-Sattler.png\" alt=\"Bibliothek bei Nacht \u00a9Thomas Sattler\" loading=\"lazy\">\n                                                        <\/div>\n    <\/div><\/section>\n\n<section id='lightpress__section--block_ff7c6ab6c66a022c8f9959611b51cad6' class='lightpress__section lightpress__section--content'><div class=\"content__grid content__grid\">\n    <div class=\"content__box content__box--two-thirds\">\n                                                    <img decoding=\"async\" class=\"content__image\" src=\"https:\/\/discover-culture.com\/wp-content\/uploads\/Bibliothek-3D3.png\" alt=\"Bibliothek 3D3\" loading=\"lazy\">\n                                        <\/div>\n            <div class=\"content__box content__box\">\n                                                                        <h2>Geheimg\u00e4nge entdecken<\/h2>\n<p>Betreten Sie auf Ihrer Tour durch die Bibliothek auch unsere Geheimg\u00e4nge. Diese sind gut versteckt und d\u00fcrfen von unseren BesucherInnen vor Ort leider nicht betreten werden. Erstmals sind diese jedoch in unserer digitalen Tour f\u00fcr Sie ge\u00f6ffnet.<\/p>\n\n                                                        <\/div>\n    <\/div><\/section>\n\n<section id='lightpress__section--block_5fced2395f2954cca4a884b947760717' class='lightpress__section lightpress__section--card-item-content'><div class=\"card-item\">\n  \n      <picture class=\"card-item__background-image\">\n      <source srcset=\"https:\/\/discover-culture.com\/wp-content\/uploads\/StiftAdmontLibrary01.webp\" type=\"image\/webp\">\n      <source srcset=\"https:\/\/discover-culture.com\/wp-content\/uploads\/StiftAdmontLibrary01.jpg\" type=\"image\/jpeg\">\n      <img decoding=\"async\" loading=\"lazy\" src=\"https:\/\/discover-culture.com\/wp-content\/uploads\/StiftAdmontLibrary01.jpg\" alt=\"StiftAdmontLibrary01\">\n    <\/picture>\n    <div id='lightpress__section--block_69eabef023d68' class='lightpress__section--content'><div class=\"content__grid content__grid\">\n    <div class=\"content__box content__box\">\n                                                        <h2>Sie m\u00f6chten auch Partner werden?<\/h2>\n<p>Museen und Kulturbetrieben auf der ganzen Welt steht es offen, Teil unserer Plattform zu werden. Falls Sie Interesse haben senden Sie uns gerne eine Nachricht.<\/p>\n\n                                        <\/div>\n            <div class=\"content__box content__box--one-third\">\n                                                                        <p><a class=\"lcyd__button lcyd__button--arrow lcyd__button--light\" href=\"https:\/\/discover-culture.com\/partner-werden\/\">Partner werden<\/a><\/p>\n\n                                                        <\/div>\n    <\/div><\/div>\n<\/div>\n<\/section>\n\n<section id='lightpress__section--block_17f630fd8414a31aa917b93863a0a102' class='lightpress__section--full-width lightpress__section lightpress__section--section-add-to-cart'><\/section>","protected":false},"excerpt":{"rendered":"<p>Die Admonter Stiftsbibliothek ist eines der gro\u00dfen Gesamtkunstwerke des europ\u00e4ischen Sp\u00e4tbarocks. In ihr sind verschiedene Kunstgattungen (Architektur, Fresken, Skulpturen, Schriften &amp; Druckwerke) zu einer Einheit verschmolzen. Sie stellt einen \u00fcber Jahrhunderte hinweg reichenden Wissensspeicher dar. In einer herausragenden (360 Grad und\/oder 3D-) Qualit\u00e4t ist es m\u00f6glich, durch die Bibliothek zu gehen, Geheimg\u00e4nge zu betreten, Audio- und Videoguides abzurufen und auch in B\u00fcchern zu bl\u00e4ttern\u2026<\/p>\n","protected":false},"featured_media":171,"template":"","meta":{"_acf_changed":false,"_relevanssi_hide_post":"","_relevanssi_hide_content":"","_relevanssi_pin_for_all":"","_relevanssi_pin_keywords":"","_relevanssi_unpin_keywords":"","_relevanssi_related_keywords":"","_relevanssi_related_include_ids":"","_relevanssi_related_exclude_ids":"","_relevanssi_related_no_append":"","_relevanssi_related_not_related":"","_relevanssi_related_posts":"3844,3849,3848,3845,3841","_relevanssi_noindex_reason":""},"product_brand":[],"product_cat":[16],"product_tag":[],"class_list":["product-available","product","first","instock","virtual","sold-individually","taxable","purchasable","product-type-simple"],"bundled_by":[],"bundle_stock_status":"instock","bundle_stock_quantity":null,"bundle_virtual":false,"bundle_layout":"","bundle_add_to_cart_form_location":"","bundle_editable_in_cart":false,"bundle_sold_individually_context":"","bundle_item_grouping":"","bundle_min_size":"","bundle_max_size":"","bundle_price":[],"bundled_items":[],"bundle_sell_ids":[],"acf":[],"yoast_head":"<!-- This site is optimized with the Yoast SEO Premium plugin v25.7.1 (Yoast SEO v26.8) - https:\/\/yoast.com\/product\/yoast-seo-premium-wordpress\/ -->\n<title>Klosterbibliothek - Discover-Culture<\/title>\n<meta name=\"description\" content=\"Finden Sie hier alle Informationen zum Produkt Klosterbibliothek und betreten Sie die neue Welt von Kunst und Kultur!\" \/>\n<meta name=\"robots\" content=\"index, follow, max-snippet:-1, max-image-preview:large, max-video-preview:-1\" \/>\n<link rel=\"canonical\" href=\"https:\/\/discover-culture.com\/de\/partner\/benediktinerstift-admont\/touren\/klosterbibliothek\/\" \/>\n<meta property=\"og:locale\" content=\"de_DE\" \/>\n<meta property=\"og:type\" content=\"article\" \/>\n<meta property=\"og:title\" content=\"Klosterbibliothek\" \/>\n<meta property=\"og:description\" content=\"Finden Sie hier alle Informationen zum Produkt Klosterbibliothek und betreten Sie die neue Welt von Kunst und Kultur!\" \/>\n<meta property=\"og:url\" content=\"https:\/\/discover-culture.com\/de\/partner\/benediktinerstift-admont\/touren\/klosterbibliothek\/\" \/>\n<meta property=\"og:site_name\" content=\"Discover-Culture\" \/>\n<meta property=\"article:modified_time\" content=\"2023-04-14T08:40:08+00:00\" \/>\n<meta property=\"og:image\" content=\"https:\/\/discover-culture.com\/wp-content\/uploads\/StiftAdmontLibrary01.png\" \/>\n\t<meta property=\"og:image:width\" content=\"1923\" \/>\n\t<meta property=\"og:image:height\" content=\"1370\" \/>\n\t<meta property=\"og:image:type\" content=\"image\/png\" \/>\n<meta name=\"twitter:card\" content=\"summary_large_image\" \/>\n<script type=\"application\/ld+json\" class=\"yoast-schema-graph\">{\"@context\":\"https:\/\/schema.org\",\"@graph\":[{\"@type\":\"WebPage\",\"@id\":\"https:\/\/discover-culture.com\/partner\/benediktinerstift-admont\/touren\/klosterbibliothek\/\",\"url\":\"https:\/\/discover-culture.com\/partner\/benediktinerstift-admont\/touren\/klosterbibliothek\/\",\"name\":\"Klosterbibliothek - Discover-Culture\",\"isPartOf\":{\"@id\":\"https:\/\/discover-culture.com\/de\/#website\"},\"primaryImageOfPage\":{\"@id\":\"https:\/\/discover-culture.com\/partner\/benediktinerstift-admont\/touren\/klosterbibliothek\/#primaryimage\"},\"image\":{\"@id\":\"https:\/\/discover-culture.com\/partner\/benediktinerstift-admont\/touren\/klosterbibliothek\/#primaryimage\"},\"thumbnailUrl\":\"https:\/\/discover-culture.com\/wp-content\/uploads\/StiftAdmontLibrary01.png\",\"datePublished\":\"2021-05-19T09:12:21+00:00\",\"dateModified\":\"2023-04-14T08:40:08+00:00\",\"description\":\"Finden Sie hier alle Informationen zum Produkt Klosterbibliothek und betreten Sie die neue Welt von Kunst und Kultur!\",\"breadcrumb\":{\"@id\":\"https:\/\/discover-culture.com\/partner\/benediktinerstift-admont\/touren\/klosterbibliothek\/#breadcrumb\"},\"inLanguage\":\"de\",\"potentialAction\":[{\"@type\":\"ReadAction\",\"target\":[\"https:\/\/discover-culture.com\/partner\/benediktinerstift-admont\/touren\/klosterbibliothek\/\"]}]},{\"@type\":\"ImageObject\",\"inLanguage\":\"de\",\"@id\":\"https:\/\/discover-culture.com\/partner\/benediktinerstift-admont\/touren\/klosterbibliothek\/#primaryimage\",\"url\":\"https:\/\/discover-culture.com\/wp-content\/uploads\/StiftAdmontLibrary01.png\",\"contentUrl\":\"https:\/\/discover-culture.com\/wp-content\/uploads\/StiftAdmontLibrary01.png\",\"width\":1923,\"height\":1370,\"caption\":\"StiftAdmontLibrary01\"},{\"@type\":\"BreadcrumbList\",\"@id\":\"https:\/\/discover-culture.com\/partner\/benediktinerstift-admont\/touren\/klosterbibliothek\/#breadcrumb\",\"itemListElement\":[{\"@type\":\"ListItem\",\"position\":1,\"name\":\"Home\",\"item\":\"https:\/\/discover-culture.com\/\"},{\"@type\":\"ListItem\",\"position\":2,\"name\":\"Produkte\",\"item\":\"https:\/\/discover-culture.com\/de\/shop\/\"},{\"@type\":\"ListItem\",\"position\":3,\"name\":\"Klosterbibliothek\"}]},{\"@type\":\"WebSite\",\"@id\":\"https:\/\/discover-culture.com\/de\/#website\",\"url\":\"https:\/\/discover-culture.com\/de\/\",\"name\":\"Discover-Culture\",\"description\":\"\",\"potentialAction\":[{\"@type\":\"SearchAction\",\"target\":{\"@type\":\"EntryPoint\",\"urlTemplate\":\"https:\/\/discover-culture.com\/de\/?s={search_term_string}\"},\"query-input\":{\"@type\":\"PropertyValueSpecification\",\"valueRequired\":true,\"valueName\":\"search_term_string\"}}],\"inLanguage\":\"de\"}]}<\/script>\n<!-- \/ Yoast SEO Premium plugin. -->","yoast_head_json":{"title":"Klosterbibliothek - Discover-Culture","description":"Finden Sie hier alle Informationen zum Produkt Klosterbibliothek und betreten Sie die neue Welt von Kunst und Kultur!","robots":{"index":"index","follow":"follow","max-snippet":"max-snippet:-1","max-image-preview":"max-image-preview:large","max-video-preview":"max-video-preview:-1"},"canonical":"https:\/\/discover-culture.com\/de\/partner\/benediktinerstift-admont\/touren\/klosterbibliothek\/","og_locale":"de_DE","og_type":"article","og_title":"Klosterbibliothek","og_description":"Finden Sie hier alle Informationen zum Produkt Klosterbibliothek und betreten Sie die neue Welt von Kunst und Kultur!","og_url":"https:\/\/discover-culture.com\/de\/partner\/benediktinerstift-admont\/touren\/klosterbibliothek\/","og_site_name":"Discover-Culture","article_modified_time":"2023-04-14T08:40:08+00:00","og_image":[{"width":1923,"height":1370,"url":"https:\/\/discover-culture.com\/wp-content\/uploads\/StiftAdmontLibrary01.png","type":"image\/png"}],"twitter_card":"summary_large_image","schema":{"@context":"https:\/\/schema.org","@graph":[{"@type":"WebPage","@id":"https:\/\/discover-culture.com\/partner\/benediktinerstift-admont\/touren\/klosterbibliothek\/","url":"https:\/\/discover-culture.com\/partner\/benediktinerstift-admont\/touren\/klosterbibliothek\/","name":"Klosterbibliothek - Discover-Culture","isPartOf":{"@id":"https:\/\/discover-culture.com\/de\/#website"},"primaryImageOfPage":{"@id":"https:\/\/discover-culture.com\/partner\/benediktinerstift-admont\/touren\/klosterbibliothek\/#primaryimage"},"image":{"@id":"https:\/\/discover-culture.com\/partner\/benediktinerstift-admont\/touren\/klosterbibliothek\/#primaryimage"},"thumbnailUrl":"https:\/\/discover-culture.com\/wp-content\/uploads\/StiftAdmontLibrary01.png","datePublished":"2021-05-19T09:12:21+00:00","dateModified":"2023-04-14T08:40:08+00:00","description":"Finden Sie hier alle Informationen zum Produkt Klosterbibliothek und betreten Sie die neue Welt von Kunst und Kultur!","breadcrumb":{"@id":"https:\/\/discover-culture.com\/partner\/benediktinerstift-admont\/touren\/klosterbibliothek\/#breadcrumb"},"inLanguage":"de","potentialAction":[{"@type":"ReadAction","target":["https:\/\/discover-culture.com\/partner\/benediktinerstift-admont\/touren\/klosterbibliothek\/"]}]},{"@type":"ImageObject","inLanguage":"de","@id":"https:\/\/discover-culture.com\/partner\/benediktinerstift-admont\/touren\/klosterbibliothek\/#primaryimage","url":"https:\/\/discover-culture.com\/wp-content\/uploads\/StiftAdmontLibrary01.png","contentUrl":"https:\/\/discover-culture.com\/wp-content\/uploads\/StiftAdmontLibrary01.png","width":1923,"height":1370,"caption":"StiftAdmontLibrary01"},{"@type":"BreadcrumbList","@id":"https:\/\/discover-culture.com\/partner\/benediktinerstift-admont\/touren\/klosterbibliothek\/#breadcrumb","itemListElement":[{"@type":"ListItem","position":1,"name":"Home","item":"https:\/\/discover-culture.com\/"},{"@type":"ListItem","position":2,"name":"Produkte","item":"https:\/\/discover-culture.com\/de\/shop\/"},{"@type":"ListItem","position":3,"name":"Klosterbibliothek"}]},{"@type":"WebSite","@id":"https:\/\/discover-culture.com\/de\/#website","url":"https:\/\/discover-culture.com\/de\/","name":"Discover-Culture","description":"","potentialAction":[{"@type":"SearchAction","target":{"@type":"EntryPoint","urlTemplate":"https:\/\/discover-culture.com\/de\/?s={search_term_string}"},"query-input":{"@type":"PropertyValueSpecification","valueRequired":true,"valueName":"search_term_string"}}],"inLanguage":"de"}]}},"_links":{"self":[{"href":"https:\/\/discover-culture.com\/de\/wp-json\/wp\/v2\/product\/25","targetHints":{"allow":["GET"]}}],"collection":[{"href":"https:\/\/discover-culture.com\/de\/wp-json\/wp\/v2\/product"}],"about":[{"href":"https:\/\/discover-culture.com\/de\/wp-json\/wp\/v2\/types\/product"}],"wp:featuredmedia":[{"embeddable":true,"href":"https:\/\/discover-culture.com\/de\/wp-json\/wp\/v2\/media\/171"}],"wp:attachment":[{"href":"https:\/\/discover-culture.com\/de\/wp-json\/wp\/v2\/media?parent=25"}],"wp:term":[{"taxonomy":"product_brand","embeddable":true,"href":"https:\/\/discover-culture.com\/de\/wp-json\/wp\/v2\/product_brand?post=25"},{"taxonomy":"product_cat","embeddable":true,"href":"https:\/\/discover-culture.com\/de\/wp-json\/wp\/v2\/product_cat?post=25"},{"taxonomy":"product_tag","embeddable":true,"href":"https:\/\/discover-culture.com\/de\/wp-json\/wp\/v2\/product_tag?post=25"}],"curies":[{"name":"wp","href":"https:\/\/api.w.org\/{rel}","templated":true}]}}