{"id":204,"date":"2021-06-15T09:34:46","date_gmt":"2021-06-15T09:34:46","guid":{"rendered":"https:\/\/discover-culture.com\/?post_type=product&#038;p=204"},"modified":"2024-05-07T08:54:13","modified_gmt":"2024-05-07T06:54:13","slug":"gotik-museum","status":"publish","type":"product","link":"https:\/\/discover-culture.com\/partner\/benediktinerstift-admont\/touren\/gotik-museum","title":{"rendered":"Gotik Museum"},"content":{"rendered":"<section id='lightpress__section--block_7edcd2a7342a1e412b60f2b49bd9b5fd' class='lightpress__section lightpress__section--content'><div class=\"content__grid content__grid\">\n    <div class=\"content__box content__box--one-hundred\">\n                                                        <p>Das Gotik Museum ist die j\u00fcngste Abteilung des Stiftes Admont.<\/p>\n<p>Die Dauerausstellung DEM HIMMEL NAHE-Kunst des Mittelalters pr\u00e4sentiert Ihnen 85 sp\u00e4tgotische Meisterwerke in einer faszinierenden Atmosph\u00e4re. Die international bedeutenden Exponate stammen aus der Kunstsammlung des M\u00e4zens Kuno Mayer.<\/p>\n\n                                        <\/div>\n    <\/div><\/section>\n\n<section id='lightpress__section--block_2a117fd02062be961311dc8704aaf4c9' class='lightpress__section lightpress__section--content'><div class=\"content__grid content__grid--fifty-fifty\">\n    <div class=\"content__box content__box\">\n                                                    <img decoding=\"async\" class=\"content__image\" src=\"https:\/\/discover-culture.com\/wp-content\/uploads\/admont_gom_block01.png\" alt=\"admont gom block01\" loading=\"lazy\">\n                                        <\/div>\n            <div class=\"content__box content__box\">\n                                                                        <h3 class=\"text-image__heading\">Gottesn\u00e4he und Weltenglanz, Kunst und Kultur werden zu einer Einheit verschmolzen<\/h3>\n<div class=\"text-image__excerpt\">\n<p>Die in dieser Dauerausstellung vereinte Auswahl von Meisterwerken der Sp\u00e4tgotik \u2013 reichend von u. a. den \u201cSch\u00f6nen Madonnen\u201d \u2013 um 1400 bis zu Niklaus Weckmann aus Ulm und dem S\u00fcdtiroler Meister Hans Klocker aus Brixen \u2013 k\u00f6nnen nur einen knappen \u00dcberblick von einer Epoche geben, die zu den reichsten und fruchtbarsten unserer kunsthistorischen Vergangenheit geh\u00f6rt.<\/p>\n<p>Einige Werke der Sammlung Kuno Mayer waren bereits in wichtigen Gotik-Ausstellungen zu sehen \u2013 erstmals in dieser F\u00fclle jedoch nun im Stift Admont!<\/p>\n<\/div>\n\n                                                        <\/div>\n    <\/div><\/section>\n\n<section id='lightpress__section--block_4743d8bfe876360f0071d705e1e9a475' class='lightpress__section--full-width lightpress__section lightpress__section--section-add-to-cart'><\/section>","protected":false},"excerpt":{"rendered":"<p>Das Gotik Museum ist die j\u00fcngste Abteilung des Stiftes Admont. Die Dauerausstellung DEM HIMMEL NAHE-Kunst des Mittelalters pr\u00e4sentiert Ihnen 85 sp\u00e4tgotische Meisterwerke in einer faszinierenden Atmosph\u00e4re. Die international bedeutenden Exponate stammen aus der Kunstsammlung des M\u00e4zens Kuno Mayer.<\/p>\n","protected":false},"featured_media":3994,"template":"","meta":{"_acf_changed":false,"_relevanssi_hide_post":"","_relevanssi_hide_content":"","_relevanssi_pin_for_all":"","_relevanssi_pin_keywords":"","_relevanssi_unpin_keywords":"","_relevanssi_related_keywords":"","_relevanssi_related_include_ids":"","_relevanssi_related_exclude_ids":"","_relevanssi_related_no_append":"","_relevanssi_related_not_related":"","_relevanssi_related_posts":"3845,3848,3844,3841,3849","_relevanssi_noindex_reason":""},"product_brand":[],"product_cat":[16],"product_tag":[],"class_list":["product-available","product","first","instock","virtual","sold-individually","taxable","purchasable","product-type-simple"],"bundled_by":[],"bundle_stock_status":"instock","bundle_stock_quantity":null,"bundle_virtual":false,"bundle_layout":"","bundle_add_to_cart_form_location":"","bundle_editable_in_cart":false,"bundle_sold_individually_context":"","bundle_item_grouping":"","bundle_min_size":"","bundle_max_size":"","bundle_price":[],"bundled_items":[],"bundle_sell_ids":[],"acf":[],"yoast_head":"<!-- This site is optimized with the Yoast SEO Premium plugin v25.7.1 (Yoast SEO v26.8) - https:\/\/yoast.com\/product\/yoast-seo-premium-wordpress\/ -->\n<title>Gotik Museum - Discover-Culture<\/title>\n<meta name=\"description\" content=\"Finden Sie hier alle Informationen zum Produkt Gotik Museum und betreten Sie die neue Welt von Kunst und Kultur!\" \/>\n<meta name=\"robots\" content=\"index, follow, max-snippet:-1, max-image-preview:large, max-video-preview:-1\" \/>\n<link rel=\"canonical\" href=\"https:\/\/discover-culture.com\/de\/partner\/benediktinerstift-admont\/touren\/gotik-museum\/\" \/>\n<meta property=\"og:locale\" content=\"de_DE\" \/>\n<meta property=\"og:type\" content=\"article\" \/>\n<meta property=\"og:title\" content=\"Gotik Museum\" \/>\n<meta property=\"og:description\" content=\"Finden Sie hier alle Informationen zum Produkt Gotik Museum und betreten Sie die neue Welt von Kunst und Kultur!\" \/>\n<meta property=\"og:url\" content=\"https:\/\/discover-culture.com\/de\/partner\/benediktinerstift-admont\/touren\/gotik-museum\/\" \/>\n<meta property=\"og:site_name\" content=\"Discover-Culture\" \/>\n<meta property=\"article:modified_time\" content=\"2024-05-07T06:54:13+00:00\" \/>\n<meta property=\"og:image\" content=\"https:\/\/discover-culture.com\/wp-content\/uploads\/gotik_stift_admont.jpg\" \/>\n\t<meta property=\"og:image:width\" content=\"2217\" \/>\n\t<meta property=\"og:image:height\" content=\"1500\" \/>\n\t<meta property=\"og:image:type\" content=\"image\/jpeg\" \/>\n<meta name=\"twitter:card\" content=\"summary_large_image\" \/>\n<meta name=\"twitter:label1\" content=\"Gesch\u00e4tzte Lesezeit\" \/>\n\t<meta name=\"twitter:data1\" content=\"1\u00a0Minute\" \/>\n<script type=\"application\/ld+json\" class=\"yoast-schema-graph\">{\"@context\":\"https:\/\/schema.org\",\"@graph\":[{\"@type\":\"WebPage\",\"@id\":\"https:\/\/discover-culture.com\/partner\/benediktinerstift-admont\/touren\/gotik-museum\/\",\"url\":\"https:\/\/discover-culture.com\/partner\/benediktinerstift-admont\/touren\/gotik-museum\/\",\"name\":\"Gotik Museum - Discover-Culture\",\"isPartOf\":{\"@id\":\"https:\/\/discover-culture.com\/de\/#website\"},\"primaryImageOfPage\":{\"@id\":\"https:\/\/discover-culture.com\/partner\/benediktinerstift-admont\/touren\/gotik-museum\/#primaryimage\"},\"image\":{\"@id\":\"https:\/\/discover-culture.com\/partner\/benediktinerstift-admont\/touren\/gotik-museum\/#primaryimage\"},\"thumbnailUrl\":\"https:\/\/discover-culture.com\/wp-content\/uploads\/gotik_stift_admont.jpg\",\"datePublished\":\"2021-06-15T09:34:46+00:00\",\"dateModified\":\"2024-05-07T06:54:13+00:00\",\"description\":\"Finden Sie hier alle Informationen zum Produkt Gotik Museum und betreten Sie die neue Welt von Kunst und Kultur!\",\"breadcrumb\":{\"@id\":\"https:\/\/discover-culture.com\/partner\/benediktinerstift-admont\/touren\/gotik-museum\/#breadcrumb\"},\"inLanguage\":\"de\",\"potentialAction\":[{\"@type\":\"ReadAction\",\"target\":[\"https:\/\/discover-culture.com\/partner\/benediktinerstift-admont\/touren\/gotik-museum\/\"]}]},{\"@type\":\"ImageObject\",\"inLanguage\":\"de\",\"@id\":\"https:\/\/discover-culture.com\/partner\/benediktinerstift-admont\/touren\/gotik-museum\/#primaryimage\",\"url\":\"https:\/\/discover-culture.com\/wp-content\/uploads\/gotik_stift_admont.jpg\",\"contentUrl\":\"https:\/\/discover-culture.com\/wp-content\/uploads\/gotik_stift_admont.jpg\",\"width\":2217,\"height\":1500,\"caption\":\"gotik stift admont\"},{\"@type\":\"BreadcrumbList\",\"@id\":\"https:\/\/discover-culture.com\/partner\/benediktinerstift-admont\/touren\/gotik-museum\/#breadcrumb\",\"itemListElement\":[{\"@type\":\"ListItem\",\"position\":1,\"name\":\"Home\",\"item\":\"https:\/\/discover-culture.com\/\"},{\"@type\":\"ListItem\",\"position\":2,\"name\":\"Produkte\",\"item\":\"https:\/\/discover-culture.com\/de\/shop\/\"},{\"@type\":\"ListItem\",\"position\":3,\"name\":\"Gotik Museum\"}]},{\"@type\":\"WebSite\",\"@id\":\"https:\/\/discover-culture.com\/de\/#website\",\"url\":\"https:\/\/discover-culture.com\/de\/\",\"name\":\"Discover-Culture\",\"description\":\"\",\"potentialAction\":[{\"@type\":\"SearchAction\",\"target\":{\"@type\":\"EntryPoint\",\"urlTemplate\":\"https:\/\/discover-culture.com\/de\/?s={search_term_string}\"},\"query-input\":{\"@type\":\"PropertyValueSpecification\",\"valueRequired\":true,\"valueName\":\"search_term_string\"}}],\"inLanguage\":\"de\"}]}<\/script>\n<!-- \/ Yoast SEO Premium plugin. -->","yoast_head_json":{"title":"Gotik Museum - Discover-Culture","description":"Finden Sie hier alle Informationen zum Produkt Gotik Museum und betreten Sie die neue Welt von Kunst und Kultur!","robots":{"index":"index","follow":"follow","max-snippet":"max-snippet:-1","max-image-preview":"max-image-preview:large","max-video-preview":"max-video-preview:-1"},"canonical":"https:\/\/discover-culture.com\/de\/partner\/benediktinerstift-admont\/touren\/gotik-museum\/","og_locale":"de_DE","og_type":"article","og_title":"Gotik Museum","og_description":"Finden Sie hier alle Informationen zum Produkt Gotik Museum und betreten Sie die neue Welt von Kunst und Kultur!","og_url":"https:\/\/discover-culture.com\/de\/partner\/benediktinerstift-admont\/touren\/gotik-museum\/","og_site_name":"Discover-Culture","article_modified_time":"2024-05-07T06:54:13+00:00","og_image":[{"width":2217,"height":1500,"url":"https:\/\/discover-culture.com\/wp-content\/uploads\/gotik_stift_admont.jpg","type":"image\/jpeg"}],"twitter_card":"summary_large_image","twitter_misc":{"Gesch\u00e4tzte Lesezeit":"1\u00a0Minute"},"schema":{"@context":"https:\/\/schema.org","@graph":[{"@type":"WebPage","@id":"https:\/\/discover-culture.com\/partner\/benediktinerstift-admont\/touren\/gotik-museum\/","url":"https:\/\/discover-culture.com\/partner\/benediktinerstift-admont\/touren\/gotik-museum\/","name":"Gotik Museum - Discover-Culture","isPartOf":{"@id":"https:\/\/discover-culture.com\/de\/#website"},"primaryImageOfPage":{"@id":"https:\/\/discover-culture.com\/partner\/benediktinerstift-admont\/touren\/gotik-museum\/#primaryimage"},"image":{"@id":"https:\/\/discover-culture.com\/partner\/benediktinerstift-admont\/touren\/gotik-museum\/#primaryimage"},"thumbnailUrl":"https:\/\/discover-culture.com\/wp-content\/uploads\/gotik_stift_admont.jpg","datePublished":"2021-06-15T09:34:46+00:00","dateModified":"2024-05-07T06:54:13+00:00","description":"Finden Sie hier alle Informationen zum Produkt Gotik Museum und betreten Sie die neue Welt von Kunst und Kultur!","breadcrumb":{"@id":"https:\/\/discover-culture.com\/partner\/benediktinerstift-admont\/touren\/gotik-museum\/#breadcrumb"},"inLanguage":"de","potentialAction":[{"@type":"ReadAction","target":["https:\/\/discover-culture.com\/partner\/benediktinerstift-admont\/touren\/gotik-museum\/"]}]},{"@type":"ImageObject","inLanguage":"de","@id":"https:\/\/discover-culture.com\/partner\/benediktinerstift-admont\/touren\/gotik-museum\/#primaryimage","url":"https:\/\/discover-culture.com\/wp-content\/uploads\/gotik_stift_admont.jpg","contentUrl":"https:\/\/discover-culture.com\/wp-content\/uploads\/gotik_stift_admont.jpg","width":2217,"height":1500,"caption":"gotik stift admont"},{"@type":"BreadcrumbList","@id":"https:\/\/discover-culture.com\/partner\/benediktinerstift-admont\/touren\/gotik-museum\/#breadcrumb","itemListElement":[{"@type":"ListItem","position":1,"name":"Home","item":"https:\/\/discover-culture.com\/"},{"@type":"ListItem","position":2,"name":"Produkte","item":"https:\/\/discover-culture.com\/de\/shop\/"},{"@type":"ListItem","position":3,"name":"Gotik Museum"}]},{"@type":"WebSite","@id":"https:\/\/discover-culture.com\/de\/#website","url":"https:\/\/discover-culture.com\/de\/","name":"Discover-Culture","description":"","potentialAction":[{"@type":"SearchAction","target":{"@type":"EntryPoint","urlTemplate":"https:\/\/discover-culture.com\/de\/?s={search_term_string}"},"query-input":{"@type":"PropertyValueSpecification","valueRequired":true,"valueName":"search_term_string"}}],"inLanguage":"de"}]}},"_links":{"self":[{"href":"https:\/\/discover-culture.com\/de\/wp-json\/wp\/v2\/product\/204","targetHints":{"allow":["GET"]}}],"collection":[{"href":"https:\/\/discover-culture.com\/de\/wp-json\/wp\/v2\/product"}],"about":[{"href":"https:\/\/discover-culture.com\/de\/wp-json\/wp\/v2\/types\/product"}],"wp:featuredmedia":[{"embeddable":true,"href":"https:\/\/discover-culture.com\/de\/wp-json\/wp\/v2\/media\/3994"}],"wp:attachment":[{"href":"https:\/\/discover-culture.com\/de\/wp-json\/wp\/v2\/media?parent=204"}],"wp:term":[{"taxonomy":"product_brand","embeddable":true,"href":"https:\/\/discover-culture.com\/de\/wp-json\/wp\/v2\/product_brand?post=204"},{"taxonomy":"product_cat","embeddable":true,"href":"https:\/\/discover-culture.com\/de\/wp-json\/wp\/v2\/product_cat?post=204"},{"taxonomy":"product_tag","embeddable":true,"href":"https:\/\/discover-culture.com\/de\/wp-json\/wp\/v2\/product_tag?post=204"}],"curies":[{"name":"wp","href":"https:\/\/api.w.org\/{rel}","templated":true}]}}