{"id":188,"date":"2021-06-15T08:54:54","date_gmt":"2021-06-15T08:54:54","guid":{"rendered":"https:\/\/discover-culture.com\/?post_type=product&#038;p=188"},"modified":"2024-05-07T08:57:23","modified_gmt":"2024-05-07T06:57:23","slug":"kunsthistorisches-museum","status":"publish","type":"product","link":"https:\/\/discover-culture.com\/partner\/benediktinerstift-admont\/touren\/kunsthistorisches-museum","title":{"rendered":"Kunsthistorisches Museum"},"content":{"rendered":"<section id='lightpress__section--block_fbc574361d213ce62a7640461bd360d2' class='lightpress__section lightpress__section--content'><div class=\"content__grid content__grid\">\n    <div class=\"content__box content__box--one-hundred\">\n                                                        \n                                        <\/div>\n    <\/div><\/section>\n\n<section id='lightpress__section--block_3fe736dad8242e81a6b99aad5feaaa39' class='lightpress__section lightpress__section--content'><div class=\"content__grid content__grid--fifty-fifty\">\n    <div class=\"content__box content__box\">\n                                                        <h3><\/h3>\n<h3><\/h3>\n<h3 class=\"text-image__heading\">Bedeutende Exponate entdecken<\/h3>\n<div class=\"text-image__excerpt\">\n<p>Das Kunsthistorische Museum beinhaltet bedeutende Exponate von der Romanik bis zum Rokoko, Gem\u00e4lde, Skulpturen, Textilien und viele andere Objekte aus der Paramenten \u2013 bzw. Kunstkammer der Abtei Admont.<\/p>\n<p>Im Eingangsbereich wird der Besucher von einer erst j\u00fcngst erworbenen Rarit\u00e4t \u201ebegr\u00fc\u00dft\u201c: Von einer gotischen Madonna mit Kind aus dem 15. Jahrhundert, geschaffen von Jakob Kaschauer.<\/p>\n<\/div>\n\n                                        <\/div>\n            <div class=\"content__box content__box\">\n                                                                    <img decoding=\"async\" class=\"content__image\" src=\"https:\/\/discover-culture.com\/wp-content\/uploads\/admont_khm_block01.png\" alt=\"admont khm block01\" loading=\"lazy\">\n                                                        <\/div>\n    <\/div><\/section>\n\n<section id='lightpress__section--block_fa03c7fb96eebbf61bc33c9e0e458b70' class='lightpress__section lightpress__section--content'><div class=\"content__grid content__grid--fifty-fifty\">\n    <div class=\"content__box content__box\">\n                                                    <img decoding=\"async\" class=\"content__image\" src=\"https:\/\/discover-culture.com\/wp-content\/uploads\/admont_khm_block02.png\" alt=\"admont khm block02\" loading=\"lazy\">\n                                        <\/div>\n            <div class=\"content__box content__box\">\n                                                                        <h3><\/h3>\n<h3><\/h3>\n<h3 class=\"text-image__heading\">Betrachten Sie Paramente von h\u00f6chster Qualit\u00e4t<\/h3>\n<div class=\"text-image__excerpt\">\n<p>Eindrucksvoll in Gro\u00dfvitrinen pr\u00e4sentiert sich eine j\u00e4hrlich wechselnde Auswahl an Objekten aus der Paramentenkammer des Stiftes.<\/p>\n<p>Unter diesen gottesdienstlichen Gew\u00e4ndern aus verschiedensten Epochen befindet sich die sogenannte Gebhardsmitra (Ende 14. Jh.) und eine Totenkasel (16. Jh.). H\u00f6hepunkt der Textilien-Sammlung ist das umfangreiche Werk des Admonter Benediktiners Benno Haan (1631-1720).<\/p>\n<p>Er hat f\u00fcr das Stift Admont eine F\u00fclle an liturgischen Kleidern und Ornaten geschaffen, jedes St\u00fcck von unsch\u00e4tzbarem Wert und h\u00f6chster Qualit\u00e4t.<\/p>\n<\/div>\n\n                                                        <\/div>\n    <\/div><\/section>","protected":false},"excerpt":{"rendered":"<p>Das Kunsthistorische Museum beinhaltet bedeutende Exponate von der Romanik bis zum Rokoko, Gem\u00e4lde, Skulpturen, Textilien und viele andere Objekte aus der Paramenten \u2013 bzw. Kunstkammer der Abtei Admont.<\/p>\n","protected":false},"featured_media":203,"template":"","meta":{"_acf_changed":false,"_relevanssi_hide_post":"","_relevanssi_hide_content":"","_relevanssi_pin_for_all":"","_relevanssi_pin_keywords":"","_relevanssi_unpin_keywords":"","_relevanssi_related_keywords":"","_relevanssi_related_include_ids":"","_relevanssi_related_exclude_ids":"","_relevanssi_related_no_append":"","_relevanssi_related_not_related":"","_relevanssi_related_posts":"3841,3849,3845,3848,3844","_relevanssi_noindex_reason":""},"product_brand":[],"product_cat":[16],"product_tag":[],"class_list":["product-available","product","first","instock","virtual","sold-individually","taxable","purchasable","product-type-simple"],"bundled_by":[],"bundle_stock_status":"instock","bundle_stock_quantity":null,"bundle_virtual":false,"bundle_layout":"","bundle_add_to_cart_form_location":"","bundle_editable_in_cart":false,"bundle_sold_individually_context":"","bundle_item_grouping":"","bundle_min_size":"","bundle_max_size":"","bundle_price":[],"bundled_items":[],"bundle_sell_ids":[],"acf":[],"yoast_head":"<!-- This site is optimized with the Yoast SEO Premium plugin v25.7.1 (Yoast SEO v26.8) - https:\/\/yoast.com\/product\/yoast-seo-premium-wordpress\/ -->\n<title>Kunsthistorisches Museum - Discover-Culture<\/title>\n<meta name=\"description\" content=\"Finden Sie hier alle Informationen zum Produkt Kunsthistorisches Museum und betreten Sie die neue Welt von Kunst und Kultur!\" \/>\n<meta name=\"robots\" content=\"index, follow, max-snippet:-1, max-image-preview:large, max-video-preview:-1\" \/>\n<link rel=\"canonical\" href=\"https:\/\/discover-culture.com\/de\/partner\/benediktinerstift-admont\/touren\/kunsthistorisches-museum\/\" \/>\n<meta property=\"og:locale\" content=\"de_DE\" \/>\n<meta property=\"og:type\" content=\"article\" \/>\n<meta property=\"og:title\" content=\"Kunsthistorisches Museum\" \/>\n<meta property=\"og:description\" content=\"Finden Sie hier alle Informationen zum Produkt Kunsthistorisches Museum und betreten Sie die neue Welt von Kunst und Kultur!\" \/>\n<meta property=\"og:url\" content=\"https:\/\/discover-culture.com\/de\/partner\/benediktinerstift-admont\/touren\/kunsthistorisches-museum\/\" \/>\n<meta property=\"og:site_name\" content=\"Discover-Culture\" \/>\n<meta property=\"article:modified_time\" content=\"2024-05-07T06:57:23+00:00\" \/>\n<meta property=\"og:image\" content=\"https:\/\/discover-culture.com\/wp-content\/uploads\/admont_khm_header_image.png\" \/>\n\t<meta property=\"og:image:width\" content=\"1923\" \/>\n\t<meta property=\"og:image:height\" content=\"1441\" \/>\n\t<meta property=\"og:image:type\" content=\"image\/png\" \/>\n<meta name=\"twitter:card\" content=\"summary_large_image\" \/>\n<meta name=\"twitter:label1\" content=\"Gesch\u00e4tzte Lesezeit\" \/>\n\t<meta name=\"twitter:data1\" content=\"1\u00a0Minute\" \/>\n<script type=\"application\/ld+json\" class=\"yoast-schema-graph\">{\"@context\":\"https:\/\/schema.org\",\"@graph\":[{\"@type\":\"WebPage\",\"@id\":\"https:\/\/discover-culture.com\/partner\/benediktinerstift-admont\/touren\/kunsthistorisches-museum\/\",\"url\":\"https:\/\/discover-culture.com\/partner\/benediktinerstift-admont\/touren\/kunsthistorisches-museum\/\",\"name\":\"Kunsthistorisches Museum - Discover-Culture\",\"isPartOf\":{\"@id\":\"https:\/\/discover-culture.com\/de\/#website\"},\"primaryImageOfPage\":{\"@id\":\"https:\/\/discover-culture.com\/partner\/benediktinerstift-admont\/touren\/kunsthistorisches-museum\/#primaryimage\"},\"image\":{\"@id\":\"https:\/\/discover-culture.com\/partner\/benediktinerstift-admont\/touren\/kunsthistorisches-museum\/#primaryimage\"},\"thumbnailUrl\":\"https:\/\/discover-culture.com\/wp-content\/uploads\/admont_khm_header_image.png\",\"datePublished\":\"2021-06-15T08:54:54+00:00\",\"dateModified\":\"2024-05-07T06:57:23+00:00\",\"description\":\"Finden Sie hier alle Informationen zum Produkt Kunsthistorisches Museum und betreten Sie die neue Welt von Kunst und Kultur!\",\"breadcrumb\":{\"@id\":\"https:\/\/discover-culture.com\/partner\/benediktinerstift-admont\/touren\/kunsthistorisches-museum\/#breadcrumb\"},\"inLanguage\":\"de\",\"potentialAction\":[{\"@type\":\"ReadAction\",\"target\":[\"https:\/\/discover-culture.com\/partner\/benediktinerstift-admont\/touren\/kunsthistorisches-museum\/\"]}]},{\"@type\":\"ImageObject\",\"inLanguage\":\"de\",\"@id\":\"https:\/\/discover-culture.com\/partner\/benediktinerstift-admont\/touren\/kunsthistorisches-museum\/#primaryimage\",\"url\":\"https:\/\/discover-culture.com\/wp-content\/uploads\/admont_khm_header_image.png\",\"contentUrl\":\"https:\/\/discover-culture.com\/wp-content\/uploads\/admont_khm_header_image.png\",\"width\":1923,\"height\":1441,\"caption\":\"admont khm header image\"},{\"@type\":\"BreadcrumbList\",\"@id\":\"https:\/\/discover-culture.com\/partner\/benediktinerstift-admont\/touren\/kunsthistorisches-museum\/#breadcrumb\",\"itemListElement\":[{\"@type\":\"ListItem\",\"position\":1,\"name\":\"Home\",\"item\":\"https:\/\/discover-culture.com\/\"},{\"@type\":\"ListItem\",\"position\":2,\"name\":\"Produkte\",\"item\":\"https:\/\/discover-culture.com\/de\/shop\/\"},{\"@type\":\"ListItem\",\"position\":3,\"name\":\"Kunsthistorisches Museum\"}]},{\"@type\":\"WebSite\",\"@id\":\"https:\/\/discover-culture.com\/de\/#website\",\"url\":\"https:\/\/discover-culture.com\/de\/\",\"name\":\"Discover-Culture\",\"description\":\"\",\"potentialAction\":[{\"@type\":\"SearchAction\",\"target\":{\"@type\":\"EntryPoint\",\"urlTemplate\":\"https:\/\/discover-culture.com\/de\/?s={search_term_string}\"},\"query-input\":{\"@type\":\"PropertyValueSpecification\",\"valueRequired\":true,\"valueName\":\"search_term_string\"}}],\"inLanguage\":\"de\"}]}<\/script>\n<!-- \/ Yoast SEO Premium plugin. -->","yoast_head_json":{"title":"Kunsthistorisches Museum - Discover-Culture","description":"Finden Sie hier alle Informationen zum Produkt Kunsthistorisches Museum und betreten Sie die neue Welt von Kunst und Kultur!","robots":{"index":"index","follow":"follow","max-snippet":"max-snippet:-1","max-image-preview":"max-image-preview:large","max-video-preview":"max-video-preview:-1"},"canonical":"https:\/\/discover-culture.com\/de\/partner\/benediktinerstift-admont\/touren\/kunsthistorisches-museum\/","og_locale":"de_DE","og_type":"article","og_title":"Kunsthistorisches Museum","og_description":"Finden Sie hier alle Informationen zum Produkt Kunsthistorisches Museum und betreten Sie die neue Welt von Kunst und Kultur!","og_url":"https:\/\/discover-culture.com\/de\/partner\/benediktinerstift-admont\/touren\/kunsthistorisches-museum\/","og_site_name":"Discover-Culture","article_modified_time":"2024-05-07T06:57:23+00:00","og_image":[{"width":1923,"height":1441,"url":"https:\/\/discover-culture.com\/wp-content\/uploads\/admont_khm_header_image.png","type":"image\/png"}],"twitter_card":"summary_large_image","twitter_misc":{"Gesch\u00e4tzte Lesezeit":"1\u00a0Minute"},"schema":{"@context":"https:\/\/schema.org","@graph":[{"@type":"WebPage","@id":"https:\/\/discover-culture.com\/partner\/benediktinerstift-admont\/touren\/kunsthistorisches-museum\/","url":"https:\/\/discover-culture.com\/partner\/benediktinerstift-admont\/touren\/kunsthistorisches-museum\/","name":"Kunsthistorisches Museum - Discover-Culture","isPartOf":{"@id":"https:\/\/discover-culture.com\/de\/#website"},"primaryImageOfPage":{"@id":"https:\/\/discover-culture.com\/partner\/benediktinerstift-admont\/touren\/kunsthistorisches-museum\/#primaryimage"},"image":{"@id":"https:\/\/discover-culture.com\/partner\/benediktinerstift-admont\/touren\/kunsthistorisches-museum\/#primaryimage"},"thumbnailUrl":"https:\/\/discover-culture.com\/wp-content\/uploads\/admont_khm_header_image.png","datePublished":"2021-06-15T08:54:54+00:00","dateModified":"2024-05-07T06:57:23+00:00","description":"Finden Sie hier alle Informationen zum Produkt Kunsthistorisches Museum und betreten Sie die neue Welt von Kunst und Kultur!","breadcrumb":{"@id":"https:\/\/discover-culture.com\/partner\/benediktinerstift-admont\/touren\/kunsthistorisches-museum\/#breadcrumb"},"inLanguage":"de","potentialAction":[{"@type":"ReadAction","target":["https:\/\/discover-culture.com\/partner\/benediktinerstift-admont\/touren\/kunsthistorisches-museum\/"]}]},{"@type":"ImageObject","inLanguage":"de","@id":"https:\/\/discover-culture.com\/partner\/benediktinerstift-admont\/touren\/kunsthistorisches-museum\/#primaryimage","url":"https:\/\/discover-culture.com\/wp-content\/uploads\/admont_khm_header_image.png","contentUrl":"https:\/\/discover-culture.com\/wp-content\/uploads\/admont_khm_header_image.png","width":1923,"height":1441,"caption":"admont khm header image"},{"@type":"BreadcrumbList","@id":"https:\/\/discover-culture.com\/partner\/benediktinerstift-admont\/touren\/kunsthistorisches-museum\/#breadcrumb","itemListElement":[{"@type":"ListItem","position":1,"name":"Home","item":"https:\/\/discover-culture.com\/"},{"@type":"ListItem","position":2,"name":"Produkte","item":"https:\/\/discover-culture.com\/de\/shop\/"},{"@type":"ListItem","position":3,"name":"Kunsthistorisches Museum"}]},{"@type":"WebSite","@id":"https:\/\/discover-culture.com\/de\/#website","url":"https:\/\/discover-culture.com\/de\/","name":"Discover-Culture","description":"","potentialAction":[{"@type":"SearchAction","target":{"@type":"EntryPoint","urlTemplate":"https:\/\/discover-culture.com\/de\/?s={search_term_string}"},"query-input":{"@type":"PropertyValueSpecification","valueRequired":true,"valueName":"search_term_string"}}],"inLanguage":"de"}]}},"_links":{"self":[{"href":"https:\/\/discover-culture.com\/de\/wp-json\/wp\/v2\/product\/188","targetHints":{"allow":["GET"]}}],"collection":[{"href":"https:\/\/discover-culture.com\/de\/wp-json\/wp\/v2\/product"}],"about":[{"href":"https:\/\/discover-culture.com\/de\/wp-json\/wp\/v2\/types\/product"}],"wp:featuredmedia":[{"embeddable":true,"href":"https:\/\/discover-culture.com\/de\/wp-json\/wp\/v2\/media\/203"}],"wp:attachment":[{"href":"https:\/\/discover-culture.com\/de\/wp-json\/wp\/v2\/media?parent=188"}],"wp:term":[{"taxonomy":"product_brand","embeddable":true,"href":"https:\/\/discover-culture.com\/de\/wp-json\/wp\/v2\/product_brand?post=188"},{"taxonomy":"product_cat","embeddable":true,"href":"https:\/\/discover-culture.com\/de\/wp-json\/wp\/v2\/product_cat?post=188"},{"taxonomy":"product_tag","embeddable":true,"href":"https:\/\/discover-culture.com\/de\/wp-json\/wp\/v2\/product_tag?post=188"}],"curies":[{"name":"wp","href":"https:\/\/api.w.org\/{rel}","templated":true}]}}