{"id":183,"date":"2021-06-15T08:49:38","date_gmt":"2021-06-15T08:49:38","guid":{"rendered":"https:\/\/discover-culture.com\/?post_type=product&#038;p=183"},"modified":"2024-05-07T08:55:43","modified_gmt":"2024-05-07T06:55:43","slug":"naturhistorisches-museum","status":"publish","type":"product","link":"https:\/\/discover-culture.com\/partner\/benediktinerstift-admont\/touren\/naturhistorisches-museum","title":{"rendered":"Naturhistorisches Museum"},"content":{"rendered":"<section id='lightpress__section--block_6fd18772d6195c17962423cae2e11405' class='lightpress__section lightpress__section--content'><div class=\"content__grid content__grid\">\n    <div class=\"content__box content__box\">\n                                                        <h3 class=\"elementor-heading-title elementor-size-default\">Features<\/h3>\n\n                                        <\/div>\n            <div class=\"content__box content__box--one-third\">\n                                                                        <p>Das Naturhistorische Museum wurde nach dem verheerenden Stiftsbrand im Jahr 1865 vom erst 20-j\u00e4hrigen Admonter Benediktiner Pater Gabriel Strobl in den Jahren 1866 bis 1906 neu errichtet.<\/p>\n<p>In seiner wissenschaftlichen T\u00e4tigkeit baute Strobl eine riesige Insektensammlung mit rund 252.000 Exemplaren auf. Allein der Bestand an Zweifl\u00fcglern (Dipteren) z\u00e4hlt mit mehr als 50.000 Objekten zu den bedeutenden Kollektionen Europas.<\/p>\n\n                                                        <\/div>\n    <\/div><\/section>\n\n<section id='lightpress__section--block_467a9bdb21cb5e528ae829e24be7b0a4' class='lightpress__section lightpress__section--content'><div class=\"content__grid content__grid--fifty-fifty\">\n    <div class=\"content__box content__box\">\n                                                    <img decoding=\"async\" class=\"content__image\" src=\"https:\/\/discover-culture.com\/wp-content\/uploads\/Naturhistorisches_Museum_01.png\" alt=\"Naturhistorisches Museum 01\" loading=\"lazy\">\n                                        <\/div>\n            <div class=\"content__box content__box\">\n                                                                        <h3><\/h3>\n<h3><\/h3>\n<h3 class=\"text-image__heading\">Leidenschaft der Forscher<\/h3>\n<p>Ein Kooperationsprojekt des Nationalpark Ges\u00e4use und des Stiftes Admont ist im dritten Seiten-Saal zu erleben.<\/p>\n<p>Die Dauerausstellung versucht \u00fcber die Leidenschaft der Forscher die Emotion der Besucher f\u00fcr die Natur und ganz speziell den nahen Nationalpark Ges\u00e4use zu wecken.<\/p>\n\n                                                        <\/div>\n    <\/div><\/section>\n\n<section id='lightpress__section--block_9c1e784428175abcff738f7fc99e0931' class='lightpress__section--full-width lightpress__section lightpress__section--section-add-to-cart'><\/section>","protected":false},"excerpt":{"rendered":"<p>Das Naturhistorische Museum wurde nach dem verheerenden Stiftsbrand im Jahr 1865 vom erst 20-j\u00e4hrigen Admonter Benediktiner Pater Gabriel Strobl in den Jahren 1866 bis 1906 neu errichtet. In seiner wissenschaftlichen T\u00e4tigkeit baute Strobl eine riesige Insektensammlung mit rund 252.000 Exemplaren auf. Allein der Bestand an Zweifl\u00fcglern (Dipteren) z\u00e4hlt mit mehr als 50.000 Objekten zu den bedeutenden Kollektionen Europas.<\/p>\n","protected":false},"featured_media":184,"template":"","meta":{"_acf_changed":false,"_relevanssi_hide_post":"","_relevanssi_hide_content":"","_relevanssi_pin_for_all":"","_relevanssi_pin_keywords":"","_relevanssi_unpin_keywords":"","_relevanssi_related_keywords":"","_relevanssi_related_include_ids":"","_relevanssi_related_exclude_ids":"","_relevanssi_related_no_append":"","_relevanssi_related_not_related":"","_relevanssi_related_posts":"3844,3841,3849,3848,3845","_relevanssi_noindex_reason":""},"product_brand":[],"product_cat":[16],"product_tag":[],"class_list":["product-available","product","first","instock","virtual","sold-individually","taxable","purchasable","product-type-simple"],"bundled_by":[],"bundle_stock_status":"instock","bundle_stock_quantity":null,"bundle_virtual":false,"bundle_layout":"","bundle_add_to_cart_form_location":"","bundle_editable_in_cart":false,"bundle_sold_individually_context":"","bundle_item_grouping":"","bundle_min_size":"","bundle_max_size":"","bundle_price":[],"bundled_items":[],"bundle_sell_ids":[],"acf":[],"yoast_head":"<!-- This site is optimized with the Yoast SEO Premium plugin v25.7.1 (Yoast SEO v26.8) - https:\/\/yoast.com\/product\/yoast-seo-premium-wordpress\/ -->\n<title>Naturhistorisches Museum - Discover-Culture<\/title>\n<meta name=\"description\" content=\"Finden Sie hier alle Informationen zum Produkt Naturhistorisches Museum und betreten Sie die neue Welt von Kunst und Kultur!\" \/>\n<meta name=\"robots\" content=\"index, follow, max-snippet:-1, max-image-preview:large, max-video-preview:-1\" \/>\n<link rel=\"canonical\" href=\"https:\/\/discover-culture.com\/de\/partner\/benediktinerstift-admont\/touren\/naturhistorisches-museum\/\" \/>\n<meta property=\"og:locale\" content=\"de_DE\" \/>\n<meta property=\"og:type\" content=\"article\" \/>\n<meta property=\"og:title\" content=\"Naturhistorisches Museum\" \/>\n<meta property=\"og:description\" content=\"Finden Sie hier alle Informationen zum Produkt Naturhistorisches Museum und betreten Sie die neue Welt von Kunst und Kultur!\" \/>\n<meta property=\"og:url\" content=\"https:\/\/discover-culture.com\/de\/partner\/benediktinerstift-admont\/touren\/naturhistorisches-museum\/\" \/>\n<meta property=\"og:site_name\" content=\"Discover-Culture\" \/>\n<meta property=\"article:modified_time\" content=\"2024-05-07T06:55:43+00:00\" \/>\n<meta property=\"og:image\" content=\"https:\/\/discover-culture.com\/wp-content\/uploads\/admont_nhm_block02-1.png\" \/>\n\t<meta property=\"og:image:width\" content=\"1920\" \/>\n\t<meta property=\"og:image:height\" content=\"1440\" \/>\n\t<meta property=\"og:image:type\" content=\"image\/png\" \/>\n<meta name=\"twitter:card\" content=\"summary_large_image\" \/>\n<meta name=\"twitter:label1\" content=\"Gesch\u00e4tzte Lesezeit\" \/>\n\t<meta name=\"twitter:data1\" content=\"1\u00a0Minute\" \/>\n<script type=\"application\/ld+json\" class=\"yoast-schema-graph\">{\"@context\":\"https:\/\/schema.org\",\"@graph\":[{\"@type\":\"WebPage\",\"@id\":\"https:\/\/discover-culture.com\/partner\/benediktinerstift-admont\/touren\/naturhistorisches-museum\/\",\"url\":\"https:\/\/discover-culture.com\/partner\/benediktinerstift-admont\/touren\/naturhistorisches-museum\/\",\"name\":\"Naturhistorisches Museum - Discover-Culture\",\"isPartOf\":{\"@id\":\"https:\/\/discover-culture.com\/de\/#website\"},\"primaryImageOfPage\":{\"@id\":\"https:\/\/discover-culture.com\/partner\/benediktinerstift-admont\/touren\/naturhistorisches-museum\/#primaryimage\"},\"image\":{\"@id\":\"https:\/\/discover-culture.com\/partner\/benediktinerstift-admont\/touren\/naturhistorisches-museum\/#primaryimage\"},\"thumbnailUrl\":\"https:\/\/discover-culture.com\/wp-content\/uploads\/admont_nhm_block02-1.png\",\"datePublished\":\"2021-06-15T08:49:38+00:00\",\"dateModified\":\"2024-05-07T06:55:43+00:00\",\"description\":\"Finden Sie hier alle Informationen zum Produkt Naturhistorisches Museum und betreten Sie die neue Welt von Kunst und Kultur!\",\"breadcrumb\":{\"@id\":\"https:\/\/discover-culture.com\/partner\/benediktinerstift-admont\/touren\/naturhistorisches-museum\/#breadcrumb\"},\"inLanguage\":\"de\",\"potentialAction\":[{\"@type\":\"ReadAction\",\"target\":[\"https:\/\/discover-culture.com\/partner\/benediktinerstift-admont\/touren\/naturhistorisches-museum\/\"]}]},{\"@type\":\"ImageObject\",\"inLanguage\":\"de\",\"@id\":\"https:\/\/discover-culture.com\/partner\/benediktinerstift-admont\/touren\/naturhistorisches-museum\/#primaryimage\",\"url\":\"https:\/\/discover-culture.com\/wp-content\/uploads\/admont_nhm_block02-1.png\",\"contentUrl\":\"https:\/\/discover-culture.com\/wp-content\/uploads\/admont_nhm_block02-1.png\",\"width\":1920,\"height\":1440,\"caption\":\"admont nhm block02 1\"},{\"@type\":\"BreadcrumbList\",\"@id\":\"https:\/\/discover-culture.com\/partner\/benediktinerstift-admont\/touren\/naturhistorisches-museum\/#breadcrumb\",\"itemListElement\":[{\"@type\":\"ListItem\",\"position\":1,\"name\":\"Home\",\"item\":\"https:\/\/discover-culture.com\/\"},{\"@type\":\"ListItem\",\"position\":2,\"name\":\"Produkte\",\"item\":\"https:\/\/discover-culture.com\/de\/shop\/\"},{\"@type\":\"ListItem\",\"position\":3,\"name\":\"Naturhistorisches Museum\"}]},{\"@type\":\"WebSite\",\"@id\":\"https:\/\/discover-culture.com\/de\/#website\",\"url\":\"https:\/\/discover-culture.com\/de\/\",\"name\":\"Discover-Culture\",\"description\":\"\",\"potentialAction\":[{\"@type\":\"SearchAction\",\"target\":{\"@type\":\"EntryPoint\",\"urlTemplate\":\"https:\/\/discover-culture.com\/de\/?s={search_term_string}\"},\"query-input\":{\"@type\":\"PropertyValueSpecification\",\"valueRequired\":true,\"valueName\":\"search_term_string\"}}],\"inLanguage\":\"de\"}]}<\/script>\n<!-- \/ Yoast SEO Premium plugin. -->","yoast_head_json":{"title":"Naturhistorisches Museum - Discover-Culture","description":"Finden Sie hier alle Informationen zum Produkt Naturhistorisches Museum und betreten Sie die neue Welt von Kunst und Kultur!","robots":{"index":"index","follow":"follow","max-snippet":"max-snippet:-1","max-image-preview":"max-image-preview:large","max-video-preview":"max-video-preview:-1"},"canonical":"https:\/\/discover-culture.com\/de\/partner\/benediktinerstift-admont\/touren\/naturhistorisches-museum\/","og_locale":"de_DE","og_type":"article","og_title":"Naturhistorisches Museum","og_description":"Finden Sie hier alle Informationen zum Produkt Naturhistorisches Museum und betreten Sie die neue Welt von Kunst und Kultur!","og_url":"https:\/\/discover-culture.com\/de\/partner\/benediktinerstift-admont\/touren\/naturhistorisches-museum\/","og_site_name":"Discover-Culture","article_modified_time":"2024-05-07T06:55:43+00:00","og_image":[{"width":1920,"height":1440,"url":"https:\/\/discover-culture.com\/wp-content\/uploads\/admont_nhm_block02-1.png","type":"image\/png"}],"twitter_card":"summary_large_image","twitter_misc":{"Gesch\u00e4tzte Lesezeit":"1\u00a0Minute"},"schema":{"@context":"https:\/\/schema.org","@graph":[{"@type":"WebPage","@id":"https:\/\/discover-culture.com\/partner\/benediktinerstift-admont\/touren\/naturhistorisches-museum\/","url":"https:\/\/discover-culture.com\/partner\/benediktinerstift-admont\/touren\/naturhistorisches-museum\/","name":"Naturhistorisches Museum - Discover-Culture","isPartOf":{"@id":"https:\/\/discover-culture.com\/de\/#website"},"primaryImageOfPage":{"@id":"https:\/\/discover-culture.com\/partner\/benediktinerstift-admont\/touren\/naturhistorisches-museum\/#primaryimage"},"image":{"@id":"https:\/\/discover-culture.com\/partner\/benediktinerstift-admont\/touren\/naturhistorisches-museum\/#primaryimage"},"thumbnailUrl":"https:\/\/discover-culture.com\/wp-content\/uploads\/admont_nhm_block02-1.png","datePublished":"2021-06-15T08:49:38+00:00","dateModified":"2024-05-07T06:55:43+00:00","description":"Finden Sie hier alle Informationen zum Produkt Naturhistorisches Museum und betreten Sie die neue Welt von Kunst und Kultur!","breadcrumb":{"@id":"https:\/\/discover-culture.com\/partner\/benediktinerstift-admont\/touren\/naturhistorisches-museum\/#breadcrumb"},"inLanguage":"de","potentialAction":[{"@type":"ReadAction","target":["https:\/\/discover-culture.com\/partner\/benediktinerstift-admont\/touren\/naturhistorisches-museum\/"]}]},{"@type":"ImageObject","inLanguage":"de","@id":"https:\/\/discover-culture.com\/partner\/benediktinerstift-admont\/touren\/naturhistorisches-museum\/#primaryimage","url":"https:\/\/discover-culture.com\/wp-content\/uploads\/admont_nhm_block02-1.png","contentUrl":"https:\/\/discover-culture.com\/wp-content\/uploads\/admont_nhm_block02-1.png","width":1920,"height":1440,"caption":"admont nhm block02 1"},{"@type":"BreadcrumbList","@id":"https:\/\/discover-culture.com\/partner\/benediktinerstift-admont\/touren\/naturhistorisches-museum\/#breadcrumb","itemListElement":[{"@type":"ListItem","position":1,"name":"Home","item":"https:\/\/discover-culture.com\/"},{"@type":"ListItem","position":2,"name":"Produkte","item":"https:\/\/discover-culture.com\/de\/shop\/"},{"@type":"ListItem","position":3,"name":"Naturhistorisches Museum"}]},{"@type":"WebSite","@id":"https:\/\/discover-culture.com\/de\/#website","url":"https:\/\/discover-culture.com\/de\/","name":"Discover-Culture","description":"","potentialAction":[{"@type":"SearchAction","target":{"@type":"EntryPoint","urlTemplate":"https:\/\/discover-culture.com\/de\/?s={search_term_string}"},"query-input":{"@type":"PropertyValueSpecification","valueRequired":true,"valueName":"search_term_string"}}],"inLanguage":"de"}]}},"_links":{"self":[{"href":"https:\/\/discover-culture.com\/de\/wp-json\/wp\/v2\/product\/183","targetHints":{"allow":["GET"]}}],"collection":[{"href":"https:\/\/discover-culture.com\/de\/wp-json\/wp\/v2\/product"}],"about":[{"href":"https:\/\/discover-culture.com\/de\/wp-json\/wp\/v2\/types\/product"}],"wp:featuredmedia":[{"embeddable":true,"href":"https:\/\/discover-culture.com\/de\/wp-json\/wp\/v2\/media\/184"}],"wp:attachment":[{"href":"https:\/\/discover-culture.com\/de\/wp-json\/wp\/v2\/media?parent=183"}],"wp:term":[{"taxonomy":"product_brand","embeddable":true,"href":"https:\/\/discover-culture.com\/de\/wp-json\/wp\/v2\/product_brand?post=183"},{"taxonomy":"product_cat","embeddable":true,"href":"https:\/\/discover-culture.com\/de\/wp-json\/wp\/v2\/product_cat?post=183"},{"taxonomy":"product_tag","embeddable":true,"href":"https:\/\/discover-culture.com\/de\/wp-json\/wp\/v2\/product_tag?post=183"}],"curies":[{"name":"wp","href":"https:\/\/api.w.org\/{rel}","templated":true}]}}