{"id":7433,"date":"2025-03-31T15:05:55","date_gmt":"2025-03-31T13:05:55","guid":{"rendered":"https:\/\/discover-culture.com\/?page_id=7433"},"modified":"2026-03-18T11:11:16","modified_gmt":"2026-03-18T09:11:16","slug":"foerdermoeglichkeiten","status":"publish","type":"page","link":"https:\/\/discover-culture.com\/de\/foerdermoeglichkeiten\/","title":{"rendered":"F\u00f6rderm\u00f6glichkeiten"},"content":{"rendered":"<section id='lightpress__section--block_3f5781cbd826f058ec0db931a3a96217' class='lightpress__section lightpress__section--content-hero-new'><div class=\"hero-new\" x-init=\"initSplitting($el)\">\n  <div class=\"hero-new__inner\">\n    <div class=\"hero-new__content\">\n      <div class=\"hero-new__content--inner\">\n        <h1 class=\"hero-new__title\" data-splitting>F\u00f6rderm\u00f6glichkeiten f\u00fcr Kunst und Kulturbetriebe<\/h1>\n                  <div class=\"hero-new__description\"><p>Die Digitalisierung er\u00f6ffnet Kulturbetrieben neue Wege, ihre Inhalte zug\u00e4nglich zu machen, ihr Publikum zu erweitern und innovative Erlebnisse zu schaffen.<\/p>\n<p>\u00a0<\/p>\n<\/p>\n<p>F\u00f6rderprogramme bieten dabei wertvolle Unterst\u00fctzung, um den digitalen Wandel nachhaltig zu gestalten.<\/p>\n<p>\u00a0<\/p>\n<p>Nutzen Sie diese Chance, um Ihr Kulturerbe zukunftssicher zu machen!<\/p>\n<\/div>\n                      <\/div>\n    <\/div>\n\n          <div class=\"atropos hero-new__media\" x-init=\"initHeroEffect($el)\">\n        <div class=\"atropos-scale\">\n          <div class=\"atropos-rotate\">\n            <div class=\"atropos-inner\">\n                            <img decoding=\"async\" class=\"hero-new__media--bg\" src=\"https:\/\/discover-culture.com\/wp-content\/uploads\/3d-raum-home.png\" alt=\"3d raum home\" data-atropos-offset=\"-3\"\/>\n\n                            <img decoding=\"async\" class=\"hero-new__media--fg\" src=\"https:\/\/discover-culture.com\/wp-content\/uploads\/besucherin-02.png\" alt=\"besucherin 02\" data-atropos-offset=\"3\"\/>\n            <\/div>\n          <\/div>\n        <\/div>\n      <\/div>\n    \n  <\/div>\n<\/div><\/section>\n\n<section id='lightpress__section--block_6ea0c3738ad7d00335ee06cfbe5a9173' class='lightpress__section lightpress__section--spacer'><div style=\"width: 100%; max-width: var(--max-content-width); margin: 0 auto px;\">\n  <\/div><\/section>\n\n<section id='lightpress__section--block_fd8f9bdafc0685b88ff5aa802cf12fb5' class='lightpress__section lightpress__section--content'><div class=\"content__grid content__grid\">\n    <div class=\"content__box content__box--two-thirds content__box--text-center\">\n                                                        <h3>Museumsf\u00f6rderung des Landes Nieder\u00f6sterreich:<\/h3>\n<h4>Museen zwischen digitaler Welt und realem Erlebnis neu denken<\/p>\n<\/h4>\n<p>\ud83d\udc49 Kunst- und Kulturangebote sollen auch im digitalen Raum sichtbar und zug\u00e4nglich sein, um neue Bildungszug\u00e4nge zu er\u00f6ffnen, zus\u00e4tzliche Nutzergruppen anzusprechen und das Interesse am realen Kulturerlebnis zu st\u00e4rken.<\/p>\n<p>\u00a0<\/p>\n<p><a class=\"lcyd__button lcyd__button--animate lcyd__button--arrow lcyd__button--animate\" href=\"https:\/\/www.noemuseen.at\/museumsfoerderungen\/\" target=\"_blank\" rel=\"noopener\">Museumsf\u00f6rderung Nieder\u00f6sterreich<\/a><\/p>\n\n                                        <\/div>\n            <div class=\"content__box content__box\">\n                                                                        <p><a href=\"https:\/\/www.noemuseen.at\/\" target=\"_blank\" rel=\"noopener\"><img decoding=\"async\" src=\"https:\/\/discover-culture.com\/wp-content\/uploads\/Logo_NOE_Museumsmanagement.jpg\" alt=\"Logo NOE Museumsmanagement\" width=\"333\" height=\"152\" \/><\/a><\/p>\n<h4>Beratung :<\/h4>\n<p>Mag.a Ulrike Vitovec <br \/>Petra Gartner-Steurer <\/p>\n<p><a href=\"https:\/\/www.noemuseen.at\/museumsfoerderungen\/\" target=\"_blank\" rel=\"noopener\">Museumsmanagement Nieder\u00f6sterreich GmbH<\/a> <br \/>Neue Herrengasse 10 <br \/>3100 St. P\u00f6lten <\/p>\n<p><a class=\"lcyd__button lcyd__button--animate lcyd__button--arrow lcyd__button--animate\" href=\"mailto:foerderungen@noemuseen.at\" target=\"_blank\" rel=\"noopener\">foerderungen@noemuseen.at<\/a><\/p>\n\n                                                        <\/div>\n    <\/div><\/section>\n\n<section id='lightpress__section--block_acc274983765366de73be95ab0dacef3' class='lightpress__section lightpress__section--spacer'><div style=\"width: 100%; max-width: var(--max-content-width); margin: 0 auto 1px;\">\n      <hr>\n  <\/div><\/section>\n\n<section id='lightpress__section--block_71de0f747279f44fe1a2ecd64733fc21' class='lightpress__section lightpress__section--content'><div class=\"content__grid content__grid\">\n    <div class=\"content__box content__box--one-hundred\">\n                                                        <h3>Das EU &#8211; F\u00f6rderprogramm LEADER in \u00d6sterreich<\/h3>\n<p>LEADER unterst\u00fctzt in \u00f6sterreichischen Regionen seit dem EU-Beitritt die aktive Regionalentwicklung. <\/p>\n<p>Die Bev\u00f6lkerung wird durch LEADER in die Lage versetzt, selbst Entwicklungspotenziale vor Ort zu nutzen und durch auf die Region angepasste Initiativen die Lebensqualit\u00e4t zu erhalten und zu verbessern.<\/p>\n<p>In der F\u00f6rderperiode 2023-2027 sind es bereits 83 Regionen, die sich f\u00fcr die St\u00e4rkung des l\u00e4ndlichen Raumes einsetzen.\u00a0<\/p>\n<p><a class=\"lcyd__button lcyd__button--animate lcyd__button--arrow lcyd__button--animate\" href=\"https:\/\/www.zukunftsraumland.at\/themen\/leader\/\" target=\"_blank\" rel=\"noopener\">-&gt; Mehr Informationen<\/a><\/p>\n\n                                        <\/div>\n    <\/div><\/section>\n\n<section id='lightpress__section--block_42447fe1a7a1e50a264b45ae1e6e474b' class='lightpress__section lightpress__section--spacer'><div style=\"width: 100%; max-width: var(--max-content-width); margin: 0 auto 2px;\">\n      <hr>\n  <\/div><\/section>\n\n<section id='lightpress__section--block_63d1cd34de43d92a428bbe8d2def63f1' class='lightpress__section lightpress__section--content'><div class=\"content__grid content__grid--fifty-fifty\">\n    <div class=\"content__box content__box\">\n                                                        <h4>Leader-Region Ennstal-Ausseerland: Kultureinrichtungen schlie\u00dfen die Br\u00fccke zwischen realem und digitalem Kulturerlebnisraum.<\/h4>\n<p>Die Leader-Region Ennstal-Ausseerland hat 14 regionale Kultureinrichtungen dabei unterst\u00fctzt, ihre Ausstellungen zu virtualisieren und in das Kulturnetzwerk Discover Culture zu integrieren. <\/p>\n<p>Dieses richtungsweisende Projekt st\u00e4rkt nicht nur die einzelnen Kultureinrichtungen, sondern verbindet sie in einem starken digitalen Kulturnetzwerk. Durch die Verbindung von realem und digitalem Kulturerlebnis wird die regionale Kultur f\u00fcr die Zukunft gesichert und einem breiteren Publikum zug\u00e4nglich gemacht. <\/p>\n<p>Mit Unterst\u00fctzung von Leader in dieser Initiative zeigt die Region, wie Kulturbetriebe die Chancen der Digitalisierung nutzen k\u00f6nnen. <\/p>\n<p>Discover Culture l\u00e4dt alle \u00f6sterreichischen Kultureinrichtungen ein, sich zu vernetzen und gemeinsam neue Wege der Kulturvermittlung zu gehen! <\/p>\n<p>\ud83d\udc49 <a class=\"lcyd__button lcyd__button--animate lcyd__button--arrow lcyd__button--animate\" href=\"https:\/\/discover-culture.com\/de\/kultur-regional\/\" target=\"_blank\" rel=\"noopener\">Kultur.Regional.Digital<\/a><\/p>\n\n                                        <\/div>\n            <div class=\"content__box content__box\">\n                                                                    <img decoding=\"async\" class=\"content__image\" src=\"https:\/\/discover-culture.com\/wp-content\/uploads\/DC_Museen_Ennstal_Ausseerland_final.png\" alt=\"DC Museen Ennstal Ausseerland final\" loading=\"lazy\">\n                                                        <\/div>\n    <\/div><\/section>\n\n<section id='lightpress__section--block_acc274983765366de73be95ab0dacef3' class='lightpress__section lightpress__section--spacer'><div style=\"width: 100%; max-width: var(--max-content-width); margin: 0 auto 1px;\">\n      <hr>\n  <\/div><\/section>","protected":false},"excerpt":{"rendered":"","protected":false},"author":18,"featured_media":507,"parent":0,"menu_order":0,"comment_status":"closed","ping_status":"closed","template":"","meta":{"_acf_changed":false,"_relevanssi_hide_post":"","_relevanssi_hide_content":"","_relevanssi_pin_for_all":"","_relevanssi_pin_keywords":"","_relevanssi_unpin_keywords":"","_relevanssi_related_keywords":"","_relevanssi_related_include_ids":"","_relevanssi_related_exclude_ids":"","_relevanssi_related_no_append":"","_relevanssi_related_not_related":"","_relevanssi_related_posts":"3849,3841,3844,3848,3845","_relevanssi_noindex_reason":"WooCommerce Yoast SEO Relevanssi index exclude","footnotes":""},"class_list":[],"acf":[],"yoast_head":"<!-- This site is optimized with the Yoast SEO Premium plugin v25.7.1 (Yoast SEO v26.8) - https:\/\/yoast.com\/product\/yoast-seo-premium-wordpress\/ -->\n<title>F\u00f6rderm\u00f6glichkeiten - Discover-Culture<\/title>\n<meta name=\"description\" content=\"F\u00f6rderm\u00f6glichkeiten\" \/>\n<meta name=\"robots\" content=\"index, follow, max-snippet:-1, max-image-preview:large, max-video-preview:-1\" \/>\n<link rel=\"canonical\" href=\"https:\/\/discover-culture.com\/de\/foerdermoeglichkeiten\/\" \/>\n<meta property=\"og:locale\" content=\"de_DE\" \/>\n<meta property=\"og:type\" content=\"article\" \/>\n<meta property=\"og:title\" content=\"F\u00f6rderm\u00f6glichkeiten\" \/>\n<meta property=\"og:description\" content=\"F\u00f6rderm\u00f6glichkeiten\" \/>\n<meta property=\"og:url\" content=\"https:\/\/discover-culture.com\/de\/foerdermoeglichkeiten\/\" \/>\n<meta property=\"og:site_name\" content=\"Discover-Culture\" \/>\n<meta property=\"article:modified_time\" content=\"2026-03-18T09:11:16+00:00\" \/>\n<meta property=\"og:image\" content=\"https:\/\/discover-culture.com\/wp-content\/uploads\/partner-werden-scaled.jpg\" \/>\n\t<meta property=\"og:image:width\" content=\"2560\" \/>\n\t<meta property=\"og:image:height\" content=\"1440\" \/>\n\t<meta property=\"og:image:type\" content=\"image\/jpeg\" \/>\n<meta name=\"twitter:card\" content=\"summary_large_image\" \/>\n<meta name=\"twitter:label1\" content=\"Gesch\u00e4tzte Lesezeit\" \/>\n\t<meta name=\"twitter:data1\" content=\"1\u00a0Minute\" \/>\n<script type=\"application\/ld+json\" class=\"yoast-schema-graph\">{\"@context\":\"https:\/\/schema.org\",\"@graph\":[{\"@type\":\"WebPage\",\"@id\":\"https:\/\/discover-culture.com\/foerdermoeglichkeiten\/\",\"url\":\"https:\/\/discover-culture.com\/foerdermoeglichkeiten\/\",\"name\":\"F\u00f6rderm\u00f6glichkeiten - Discover-Culture\",\"isPartOf\":{\"@id\":\"https:\/\/discover-culture.com\/de\/#website\"},\"primaryImageOfPage\":{\"@id\":\"https:\/\/discover-culture.com\/foerdermoeglichkeiten\/#primaryimage\"},\"image\":{\"@id\":\"https:\/\/discover-culture.com\/foerdermoeglichkeiten\/#primaryimage\"},\"thumbnailUrl\":\"https:\/\/discover-culture.com\/wp-content\/uploads\/partner-werden-scaled.jpg\",\"datePublished\":\"2025-03-31T13:05:55+00:00\",\"dateModified\":\"2026-03-18T09:11:16+00:00\",\"description\":\"F\u00f6rderm\u00f6glichkeiten\",\"breadcrumb\":{\"@id\":\"https:\/\/discover-culture.com\/foerdermoeglichkeiten\/#breadcrumb\"},\"inLanguage\":\"de\",\"potentialAction\":[{\"@type\":\"ReadAction\",\"target\":[\"https:\/\/discover-culture.com\/foerdermoeglichkeiten\/\"]}]},{\"@type\":\"ImageObject\",\"inLanguage\":\"de\",\"@id\":\"https:\/\/discover-culture.com\/foerdermoeglichkeiten\/#primaryimage\",\"url\":\"https:\/\/discover-culture.com\/wp-content\/uploads\/partner-werden-scaled.jpg\",\"contentUrl\":\"https:\/\/discover-culture.com\/wp-content\/uploads\/partner-werden-scaled.jpg\",\"width\":2560,\"height\":1440,\"caption\":\"partner werden scaled\"},{\"@type\":\"BreadcrumbList\",\"@id\":\"https:\/\/discover-culture.com\/foerdermoeglichkeiten\/#breadcrumb\",\"itemListElement\":[{\"@type\":\"ListItem\",\"position\":1,\"name\":\"Home\",\"item\":\"https:\/\/discover-culture.com\/\"},{\"@type\":\"ListItem\",\"position\":2,\"name\":\"F\u00f6rderm\u00f6glichkeiten\"}]},{\"@type\":\"WebSite\",\"@id\":\"https:\/\/discover-culture.com\/de\/#website\",\"url\":\"https:\/\/discover-culture.com\/de\/\",\"name\":\"Discover-Culture\",\"description\":\"\",\"potentialAction\":[{\"@type\":\"SearchAction\",\"target\":{\"@type\":\"EntryPoint\",\"urlTemplate\":\"https:\/\/discover-culture.com\/de\/?s={search_term_string}\"},\"query-input\":{\"@type\":\"PropertyValueSpecification\",\"valueRequired\":true,\"valueName\":\"search_term_string\"}}],\"inLanguage\":\"de\"}]}<\/script>\n<!-- \/ Yoast SEO Premium plugin. -->","yoast_head_json":{"title":"F\u00f6rderm\u00f6glichkeiten - Discover-Culture","description":"F\u00f6rderm\u00f6glichkeiten","robots":{"index":"index","follow":"follow","max-snippet":"max-snippet:-1","max-image-preview":"max-image-preview:large","max-video-preview":"max-video-preview:-1"},"canonical":"https:\/\/discover-culture.com\/de\/foerdermoeglichkeiten\/","og_locale":"de_DE","og_type":"article","og_title":"F\u00f6rderm\u00f6glichkeiten","og_description":"F\u00f6rderm\u00f6glichkeiten","og_url":"https:\/\/discover-culture.com\/de\/foerdermoeglichkeiten\/","og_site_name":"Discover-Culture","article_modified_time":"2026-03-18T09:11:16+00:00","og_image":[{"width":2560,"height":1440,"url":"https:\/\/discover-culture.com\/wp-content\/uploads\/partner-werden-scaled.jpg","type":"image\/jpeg"}],"twitter_card":"summary_large_image","twitter_misc":{"Gesch\u00e4tzte Lesezeit":"1\u00a0Minute"},"schema":{"@context":"https:\/\/schema.org","@graph":[{"@type":"WebPage","@id":"https:\/\/discover-culture.com\/foerdermoeglichkeiten\/","url":"https:\/\/discover-culture.com\/foerdermoeglichkeiten\/","name":"F\u00f6rderm\u00f6glichkeiten - Discover-Culture","isPartOf":{"@id":"https:\/\/discover-culture.com\/de\/#website"},"primaryImageOfPage":{"@id":"https:\/\/discover-culture.com\/foerdermoeglichkeiten\/#primaryimage"},"image":{"@id":"https:\/\/discover-culture.com\/foerdermoeglichkeiten\/#primaryimage"},"thumbnailUrl":"https:\/\/discover-culture.com\/wp-content\/uploads\/partner-werden-scaled.jpg","datePublished":"2025-03-31T13:05:55+00:00","dateModified":"2026-03-18T09:11:16+00:00","description":"F\u00f6rderm\u00f6glichkeiten","breadcrumb":{"@id":"https:\/\/discover-culture.com\/foerdermoeglichkeiten\/#breadcrumb"},"inLanguage":"de","potentialAction":[{"@type":"ReadAction","target":["https:\/\/discover-culture.com\/foerdermoeglichkeiten\/"]}]},{"@type":"ImageObject","inLanguage":"de","@id":"https:\/\/discover-culture.com\/foerdermoeglichkeiten\/#primaryimage","url":"https:\/\/discover-culture.com\/wp-content\/uploads\/partner-werden-scaled.jpg","contentUrl":"https:\/\/discover-culture.com\/wp-content\/uploads\/partner-werden-scaled.jpg","width":2560,"height":1440,"caption":"partner werden scaled"},{"@type":"BreadcrumbList","@id":"https:\/\/discover-culture.com\/foerdermoeglichkeiten\/#breadcrumb","itemListElement":[{"@type":"ListItem","position":1,"name":"Home","item":"https:\/\/discover-culture.com\/"},{"@type":"ListItem","position":2,"name":"F\u00f6rderm\u00f6glichkeiten"}]},{"@type":"WebSite","@id":"https:\/\/discover-culture.com\/de\/#website","url":"https:\/\/discover-culture.com\/de\/","name":"Discover-Culture","description":"","potentialAction":[{"@type":"SearchAction","target":{"@type":"EntryPoint","urlTemplate":"https:\/\/discover-culture.com\/de\/?s={search_term_string}"},"query-input":{"@type":"PropertyValueSpecification","valueRequired":true,"valueName":"search_term_string"}}],"inLanguage":"de"}]}},"_links":{"self":[{"href":"https:\/\/discover-culture.com\/de\/wp-json\/wp\/v2\/pages\/7433","targetHints":{"allow":["GET"]}}],"collection":[{"href":"https:\/\/discover-culture.com\/de\/wp-json\/wp\/v2\/pages"}],"about":[{"href":"https:\/\/discover-culture.com\/de\/wp-json\/wp\/v2\/types\/page"}],"author":[{"embeddable":true,"href":"https:\/\/discover-culture.com\/de\/wp-json\/wp\/v2\/users\/18"}],"replies":[{"embeddable":true,"href":"https:\/\/discover-culture.com\/de\/wp-json\/wp\/v2\/comments?post=7433"}],"version-history":[{"count":23,"href":"https:\/\/discover-culture.com\/de\/wp-json\/wp\/v2\/pages\/7433\/revisions"}],"predecessor-version":[{"id":7790,"href":"https:\/\/discover-culture.com\/de\/wp-json\/wp\/v2\/pages\/7433\/revisions\/7790"}],"wp:featuredmedia":[{"embeddable":true,"href":"https:\/\/discover-culture.com\/de\/wp-json\/wp\/v2\/media\/507"}],"wp:attachment":[{"href":"https:\/\/discover-culture.com\/de\/wp-json\/wp\/v2\/media?parent=7433"}],"curies":[{"name":"wp","href":"https:\/\/api.w.org\/{rel}","templated":true}]}}