{"id":6694,"date":"2023-02-15T09:31:02","date_gmt":"2023-02-15T07:31:02","guid":{"rendered":"https:\/\/discover-culture.com\/?page_id=6694"},"modified":"2024-03-22T09:20:54","modified_gmt":"2024-03-22T07:20:54","slug":"sponsoren","status":"publish","type":"page","link":"https:\/\/discover-culture.com\/de\/sponsoren\/","title":{"rendered":"Sponsoren"},"content":{"rendered":"<section id='lightpress__section--block_9b691f1adc4752b5aa1be053c685e561' class='lightpress__section lightpress__section--content-hero-new'><div class=\"hero-new\" x-init=\"initSplitting($el)\">\n  <div class=\"hero-new__inner\">\n    <div class=\"hero-new__content\">\n      <div class=\"hero-new__content--inner\">\n        <h1 class=\"hero-new__title\" data-splitting>Eine Chance f\u00fcr Unternehmen<\/h1>\n                  <div class=\"hero-new__description\"><p>Die F\u00f6rderung von Kunst und Kultur hat eine lange Tradition.<\/p>\n<p>\u00a0<\/p>\n<p>Die Unterst\u00fctzung von Kunst und Kultur bedeutet die M\u00f6glichkeit nachhaltige Werte zu leben und einen positiven Beitrag zur Gesellschaft zu leisten.<\/p>\n<p>Die Unterst\u00fctzung von Kultur und kreativen Ausdrucksformen f\u00f6rdert die Vielfalt und erm\u00f6glicht es, einen fortschrittlichen und positiven Einfluss zu hinterlassen.<\/p>\n<p>\u00a0<\/p>\n<p><a class=\"lcyd__button lcyd__button--animate lcyd__button--arrow lcyd__button--light lcyd__button--animate\" href=\"mailto:mwalcher@lightcyde.agency\" target=\"_blank\" rel=\"noopener\">Jetzt informieren<\/a><\/p>\n<\/div>\n                      <\/div>\n    <\/div>\n\n          <div class=\"hero-new__media hero-new__globe\" x-init=\"initGlobe($el)\">\n      <\/div>\n    \n  <\/div>\n<\/div><\/section>\n\n<section id='lightpress__section--block_7dec391fcd226961fdf7dfe0c747870e' class='lightpress__section lightpress__section--content'><div class=\"content__grid content__grid\">\n    <div class=\"content__box content__box\">\n                                                    <img decoding=\"async\" class=\"content__image\" src=\"https:\/\/discover-culture.com\/wp-content\/uploads\/Discover-Culture-Logo-black-round-social-media-1080x1080-1.png\" alt=\"Discover Culture Logo black round social media 1080x1080 1\" loading=\"lazy\">\n                                        <\/div>\n            <div class=\"content__box content__box--one-third content__box--text-center\">\n                                                                        <h2>Unsere Discover Culture Sponsoren:<\/h2>\n\n                                                        <\/div>\n    <\/div><\/section>\n\n<section id='lightpress__section--block_27109066d620683eaae4138faa88a409' class='lightpress__section lightpress__section--spacer'><div style=\"width: 100%; max-width: var(--max-content-width); margin: 0 auto px;\">\n  <\/div><\/section>\n\n<section id='lightpress__section--block_bb1533c9230449ae5c4536eacdd6c0e5' class='lightpress__section lightpress__section--content'><div class=\"content__grid content__grid--fifty-fifty\">\n    <div class=\"content__box content__box content__box--text-center\">\n                                                        <h3>Sonepar \u00d6sterreich<\/h3>\n<p>Sonepar ist ein unabh\u00e4ngiges Familienunternehmen und der weltweit f\u00fchrende Anbieter von Elektroartikeln und dazugeh\u00f6rigen L\u00f6sungen und Dienstleistungen f\u00fcr Gesch\u00e4ftskund:innen. 2023 erwirtschaftete Sonepar einen Umsatz von 33,3 Milliarden Euro.<\/p>\n<p>Mit einer Pr\u00e4senz in 40 L\u00e4ndern und einem gro\u00dfen Netzwerk von Einzelh\u00e4ndler:innen f\u00fchrt das Unternehmen eine ehrgeizige Entwicklung an, um seinen Kund:innen das Leben zu erleichtern, indem es ihnen eine Omnichannel-Erfahrung und eine Auswahl an nachhaltigen L\u00f6sungen f\u00fcr die Industrie sowie die Bau- und Energiebranche bietet.<\/p>\n<p>Unsere 45.000 Mitarbeiter:innen stehen im Dienst der Elektrifizierung der Welt und sind durch ein gemeinsames Ziel geeint: Powering Progress for Future Generations.<\/p>\n<p><a class=\"lcyd__button lcyd__button--animate lcyd__button--arrow lcyd__button--animate\" href=\"https:\/\/www.sonepar.at\/\" target=\"_blank\" rel=\"noopener\">Zum Sponsor<\/a><\/p>\n\n                                        <\/div>\n            <div class=\"content__box content__box\">\n                                                                    <img decoding=\"async\" class=\"content__image\" src=\"https:\/\/discover-culture.com\/wp-content\/uploads\/Sonepar-logo-RGB_Tagline.png\" alt=\"Sonepar logo RGB Tagline\" loading=\"lazy\">\n                                                        <\/div>\n    <\/div><\/section>\n\n<section id='lightpress__section--block_98d5785dadc6f0312e7f9d2e6a78bbee' class='lightpress__section lightpress__section--spacer'><div style=\"width: 100%; max-width: var(--max-content-width); margin: 0 auto 1px;\">\n      <hr>\n  <\/div><\/section>\n\n<section id='lightpress__section--block_c252ef97c3edf292d379eeb0e03758af' class='lightpress__section lightpress__section--content'><div class=\"content__grid content__grid--fifty-fifty\">\n    <div class=\"content__box content__box\">\n                                                    <img decoding=\"async\" class=\"content__image\" src=\"https:\/\/discover-culture.com\/wp-content\/uploads\/Admonter_Holzindustrie.jpg\" alt=\"Admonter Holzindustrie\" loading=\"lazy\">\n                                        <\/div>\n            <div class=\"content__box content__box content__box--text-center\">\n                                                                        <h3>Admonter Holzindustrie<\/h3>\n<p><strong>Stabile Strukturen, langlebige Produkte. <\/strong><br \/><strong>Hier f\u00fchrt eines zum Anderen.<\/strong> <\/p>\n<p>Der Ursprung von Admonter reicht Jahrzehnte zur\u00fcck. Genau genommen Jahrhunderte. In der waldreichen Umgebung von Admont wurde seit 1074 Holz verarbeitet. <\/p>\n<p>Ein \u00fcber Generationen gewachsenes Handwerkswissen wird dabei lebendig gehalten \u2013 und weiter betrieben.\u00a0<\/p>\n<p>Bei uns haben Kunden die Gewissheit einer PEFC-Zertifizierung: Von uns verarbeitetes Holz stammt alleinig aus nachhaltig bewirtschafteten W\u00e4ldern.<\/p>\n<p><a class=\"lcyd__button lcyd__button--animate lcyd__button--arrow lcyd__button--animate\" href=\"https:\/\/admonter.com\/de\/\" target=\"_blank\" rel=\"noopener\">Zum Sponsor<\/a><\/p>\n\n                                                        <\/div>\n    <\/div><\/section>\n\n<section id='lightpress__section--block_98d5785dadc6f0312e7f9d2e6a78bbee' class='lightpress__section lightpress__section--spacer'><div style=\"width: 100%; max-width: var(--max-content-width); margin: 0 auto 1px;\">\n      <hr>\n  <\/div><\/section>","protected":false},"excerpt":{"rendered":"","protected":false},"author":15,"featured_media":507,"parent":0,"menu_order":0,"comment_status":"closed","ping_status":"closed","template":"","meta":{"_acf_changed":false,"_relevanssi_hide_post":"","_relevanssi_hide_content":"","_relevanssi_pin_for_all":"","_relevanssi_pin_keywords":"","_relevanssi_unpin_keywords":"","_relevanssi_related_keywords":"","_relevanssi_related_include_ids":"","_relevanssi_related_exclude_ids":"","_relevanssi_related_no_append":"","_relevanssi_related_not_related":"","_relevanssi_related_posts":"3849,3841,3844,3848,3845","_relevanssi_noindex_reason":"","footnotes":""},"class_list":[],"acf":[],"yoast_head":"<!-- This site is optimized with the Yoast SEO Premium plugin v25.7.1 (Yoast SEO v26.8) - https:\/\/yoast.com\/product\/yoast-seo-premium-wordpress\/ -->\n<title>Sponsoren - Discover-Culture<\/title>\n<meta name=\"description\" content=\"Sponsoren\" \/>\n<meta name=\"robots\" content=\"index, follow, max-snippet:-1, max-image-preview:large, max-video-preview:-1\" \/>\n<link rel=\"canonical\" href=\"https:\/\/discover-culture.com\/de\/sponsoren\/\" \/>\n<meta property=\"og:locale\" content=\"de_DE\" \/>\n<meta property=\"og:type\" content=\"article\" \/>\n<meta property=\"og:title\" content=\"Sponsoren\" \/>\n<meta property=\"og:description\" content=\"Sponsoren\" \/>\n<meta property=\"og:url\" content=\"https:\/\/discover-culture.com\/de\/sponsoren\/\" \/>\n<meta property=\"og:site_name\" content=\"Discover-Culture\" \/>\n<meta property=\"article:modified_time\" content=\"2024-03-22T07:20:54+00:00\" \/>\n<meta property=\"og:image\" content=\"https:\/\/discover-culture.com\/wp-content\/uploads\/partner-werden-scaled.jpg\" \/>\n\t<meta property=\"og:image:width\" content=\"2560\" \/>\n\t<meta property=\"og:image:height\" content=\"1440\" \/>\n\t<meta property=\"og:image:type\" content=\"image\/jpeg\" \/>\n<meta name=\"twitter:card\" content=\"summary_large_image\" \/>\n<meta name=\"twitter:label1\" content=\"Gesch\u00e4tzte Lesezeit\" \/>\n\t<meta name=\"twitter:data1\" content=\"1\u00a0Minute\" \/>\n<script type=\"application\/ld+json\" class=\"yoast-schema-graph\">{\"@context\":\"https:\/\/schema.org\",\"@graph\":[{\"@type\":\"WebPage\",\"@id\":\"https:\/\/discover-culture.com\/de\/sponsoren\/\",\"url\":\"https:\/\/discover-culture.com\/de\/sponsoren\/\",\"name\":\"Sponsoren - Discover-Culture\",\"isPartOf\":{\"@id\":\"https:\/\/discover-culture.com\/de\/#website\"},\"primaryImageOfPage\":{\"@id\":\"https:\/\/discover-culture.com\/de\/sponsoren\/#primaryimage\"},\"image\":{\"@id\":\"https:\/\/discover-culture.com\/de\/sponsoren\/#primaryimage\"},\"thumbnailUrl\":\"https:\/\/discover-culture.com\/wp-content\/uploads\/partner-werden-scaled.jpg\",\"datePublished\":\"2023-02-15T07:31:02+00:00\",\"dateModified\":\"2024-03-22T07:20:54+00:00\",\"description\":\"Sponsoren\",\"breadcrumb\":{\"@id\":\"https:\/\/discover-culture.com\/de\/sponsoren\/#breadcrumb\"},\"inLanguage\":\"de\",\"potentialAction\":[{\"@type\":\"ReadAction\",\"target\":[\"https:\/\/discover-culture.com\/de\/sponsoren\/\"]}]},{\"@type\":\"ImageObject\",\"inLanguage\":\"de\",\"@id\":\"https:\/\/discover-culture.com\/de\/sponsoren\/#primaryimage\",\"url\":\"https:\/\/discover-culture.com\/wp-content\/uploads\/partner-werden-scaled.jpg\",\"contentUrl\":\"https:\/\/discover-culture.com\/wp-content\/uploads\/partner-werden-scaled.jpg\",\"width\":2560,\"height\":1440,\"caption\":\"partner werden scaled\"},{\"@type\":\"BreadcrumbList\",\"@id\":\"https:\/\/discover-culture.com\/de\/sponsoren\/#breadcrumb\",\"itemListElement\":[{\"@type\":\"ListItem\",\"position\":1,\"name\":\"Home\",\"item\":\"https:\/\/discover-culture.com\/\"},{\"@type\":\"ListItem\",\"position\":2,\"name\":\"Sponsoren\"}]},{\"@type\":\"WebSite\",\"@id\":\"https:\/\/discover-culture.com\/de\/#website\",\"url\":\"https:\/\/discover-culture.com\/de\/\",\"name\":\"Discover-Culture\",\"description\":\"\",\"potentialAction\":[{\"@type\":\"SearchAction\",\"target\":{\"@type\":\"EntryPoint\",\"urlTemplate\":\"https:\/\/discover-culture.com\/de\/?s={search_term_string}\"},\"query-input\":{\"@type\":\"PropertyValueSpecification\",\"valueRequired\":true,\"valueName\":\"search_term_string\"}}],\"inLanguage\":\"de\"}]}<\/script>\n<!-- \/ Yoast SEO Premium plugin. -->","yoast_head_json":{"title":"Sponsoren - Discover-Culture","description":"Sponsoren","robots":{"index":"index","follow":"follow","max-snippet":"max-snippet:-1","max-image-preview":"max-image-preview:large","max-video-preview":"max-video-preview:-1"},"canonical":"https:\/\/discover-culture.com\/de\/sponsoren\/","og_locale":"de_DE","og_type":"article","og_title":"Sponsoren","og_description":"Sponsoren","og_url":"https:\/\/discover-culture.com\/de\/sponsoren\/","og_site_name":"Discover-Culture","article_modified_time":"2024-03-22T07:20:54+00:00","og_image":[{"width":2560,"height":1440,"url":"https:\/\/discover-culture.com\/wp-content\/uploads\/partner-werden-scaled.jpg","type":"image\/jpeg"}],"twitter_card":"summary_large_image","twitter_misc":{"Gesch\u00e4tzte Lesezeit":"1\u00a0Minute"},"schema":{"@context":"https:\/\/schema.org","@graph":[{"@type":"WebPage","@id":"https:\/\/discover-culture.com\/de\/sponsoren\/","url":"https:\/\/discover-culture.com\/de\/sponsoren\/","name":"Sponsoren - Discover-Culture","isPartOf":{"@id":"https:\/\/discover-culture.com\/de\/#website"},"primaryImageOfPage":{"@id":"https:\/\/discover-culture.com\/de\/sponsoren\/#primaryimage"},"image":{"@id":"https:\/\/discover-culture.com\/de\/sponsoren\/#primaryimage"},"thumbnailUrl":"https:\/\/discover-culture.com\/wp-content\/uploads\/partner-werden-scaled.jpg","datePublished":"2023-02-15T07:31:02+00:00","dateModified":"2024-03-22T07:20:54+00:00","description":"Sponsoren","breadcrumb":{"@id":"https:\/\/discover-culture.com\/de\/sponsoren\/#breadcrumb"},"inLanguage":"de","potentialAction":[{"@type":"ReadAction","target":["https:\/\/discover-culture.com\/de\/sponsoren\/"]}]},{"@type":"ImageObject","inLanguage":"de","@id":"https:\/\/discover-culture.com\/de\/sponsoren\/#primaryimage","url":"https:\/\/discover-culture.com\/wp-content\/uploads\/partner-werden-scaled.jpg","contentUrl":"https:\/\/discover-culture.com\/wp-content\/uploads\/partner-werden-scaled.jpg","width":2560,"height":1440,"caption":"partner werden scaled"},{"@type":"BreadcrumbList","@id":"https:\/\/discover-culture.com\/de\/sponsoren\/#breadcrumb","itemListElement":[{"@type":"ListItem","position":1,"name":"Home","item":"https:\/\/discover-culture.com\/"},{"@type":"ListItem","position":2,"name":"Sponsoren"}]},{"@type":"WebSite","@id":"https:\/\/discover-culture.com\/de\/#website","url":"https:\/\/discover-culture.com\/de\/","name":"Discover-Culture","description":"","potentialAction":[{"@type":"SearchAction","target":{"@type":"EntryPoint","urlTemplate":"https:\/\/discover-culture.com\/de\/?s={search_term_string}"},"query-input":{"@type":"PropertyValueSpecification","valueRequired":true,"valueName":"search_term_string"}}],"inLanguage":"de"}]}},"_links":{"self":[{"href":"https:\/\/discover-culture.com\/de\/wp-json\/wp\/v2\/pages\/6694","targetHints":{"allow":["GET"]}}],"collection":[{"href":"https:\/\/discover-culture.com\/de\/wp-json\/wp\/v2\/pages"}],"about":[{"href":"https:\/\/discover-culture.com\/de\/wp-json\/wp\/v2\/types\/page"}],"author":[{"embeddable":true,"href":"https:\/\/discover-culture.com\/de\/wp-json\/wp\/v2\/users\/15"}],"replies":[{"embeddable":true,"href":"https:\/\/discover-culture.com\/de\/wp-json\/wp\/v2\/comments?post=6694"}],"version-history":[{"count":43,"href":"https:\/\/discover-culture.com\/de\/wp-json\/wp\/v2\/pages\/6694\/revisions"}],"predecessor-version":[{"id":7158,"href":"https:\/\/discover-culture.com\/de\/wp-json\/wp\/v2\/pages\/6694\/revisions\/7158"}],"wp:featuredmedia":[{"embeddable":true,"href":"https:\/\/discover-culture.com\/de\/wp-json\/wp\/v2\/media\/507"}],"wp:attachment":[{"href":"https:\/\/discover-culture.com\/de\/wp-json\/wp\/v2\/media?parent=6694"}],"curies":[{"name":"wp","href":"https:\/\/api.w.org\/{rel}","templated":true}]}}