{"id":15,"date":"2021-05-19T08:53:25","date_gmt":"2021-05-19T08:53:25","guid":{"rendered":"https:\/\/discover-culture.com\/?page_id=15"},"modified":"2026-04-08T09:45:43","modified_gmt":"2026-04-08T07:45:43","slug":"impressum","status":"publish","type":"page","link":"https:\/\/discover-culture.com\/de\/impressum\/","title":{"rendered":"Impressum"},"content":{"rendered":"<section id='lightpress__section--block_4c9ea0d00a149caff916a8caec6d1364' class='lightpress__section lightpress__section--spacer'><div style=\"width: 100%; max-width: var(--max-content-width); margin: 0 auto 0px;\">\n  <\/div><\/section>\n\n<section id='lightpress__section--block_d6908320edd888bf0e3bc147385bca64' class='lightpress__section lightpress__section--content'><div class=\"content__grid content__grid\">\n    <div class=\"content__box content__box--one-hundred\">\n                                                        <h1>Impressum<\/h1>\n<h2>F\u00fcr den Inhalt verantwortlich:<\/h2>\n\n                                        <\/div>\n    <\/div><\/section>\n\n<section id='lightpress__section--block_4e4969c17beeee3b423ed667214b3f35' class='lightpress__section lightpress__section--content'><div class=\"content__grid content__grid--fifty-fifty\">\n    <div class=\"content__box content__box\">\n                                                        <p><strong>Wildfire Media GmbH<\/strong> <br \/>Ellingbachstra\u00dfe 2\/4 <br \/>3362 \u00d6hling<\/p>\n<p>Tel.<span data-mce-type=\"bookmark\" style=\"display: inline-block; width: 0px; overflow: hidden; line-height: 0;\" class=\"mce_SELRES_start\">\ufeff<\/span>:\u00a0<a href=\"tel:+43681 204 69 626\">+43 681 204 69 626<\/a> <br \/>E-Mail:\u00a0<a href=\"mailto:company@agentur-wildfire.at\">company@agentur-wildfire.at<\/a> <\/p>\n<p>UID: ATU80064537<\/p>\n\n                                        <\/div>\n            <div class=\"content__box content__box\">\n                                                                        \n                                                        <\/div>\n    <\/div><\/section>\n\n<section id='lightpress__section--block_80e26d119483738ad8058335d42cd97a' class='lightpress__section lightpress__section--content'><div class=\"content__grid content__grid\">\n    <div class=\"content__box content__box--one-hundred\">\n                                                        <h2>Copyright<\/h2>\n<p>Inhalt, Struktur und Layout der Website discover-culture.com sind urheberrechtlich gesch\u00fctzt. Urheberrechte f\u00fcr Bildmaterial, Texte und andere gesch\u00fctzte Werke, Marken und Kennzeichen werden dadurch nicht beschnitten. Die Vervielf\u00e4ltigung (inklusive des Ausdrucks auf Papier) oder die Verwendung der Website bzw. von Teilen davon zu Informationszwecken ist gestattet. Jede andere Verwendung der auf dieser Website verf\u00fcgbaren Inhalte zu einem anderen als dem oben genannten Zweck ist ohne ausdr\u00fcckliche, schriftliche Zustimmung des jeweiligen Urhebers untersagt.<\/p>\n<h2>Disclaimer<\/h2>\n<p>Die Nutzung der Website discover-culture.com dient rein zur Information. Die Wildfire Media GmbH \u00fcbernimmt keine Gew\u00e4hr f\u00fcr Aktualit\u00e4t,Korrektheit, Vollst\u00e4ndigkeit oder Qualit\u00e4t der bereitgestellten Informationen. Eine Haftung f\u00fcr Sch\u00e4den jeglicher Art, die aufgrund von Nutzung oder Nichtnutzung dargebotener Informationen bzw. durch Nutzung fehlerhafter oder unvollst\u00e4ndiger Informationenverursacht wurden, sind grunds\u00e4tzlich ausgeschlossen, sofern seitens der Wildfire Media GmbH nachweislich kein Vorsatz oder grob fahrl\u00e4ssiges Verhalten vorliegt. Bei direkten oder indirekten Verweisen auf fremde Websites (Hyperlinks) trifft die Wildfire Media GmbH nur insofern eine Haftung, als sie von rechtswidrigen Inhalten Kenntnis besitzt und es ihr technisch m\u00f6glich und zumutbar ist, die Nutzung der rechtswidrigen Inhalte zu verhindern. Die Wildfire Media GmbH erkl\u00e4rt, dass zum Zeitpunkt der Linksetzung keine illegalen Inhalte auf den zu verlinkenden Seiten erkennbar waren. Auf die aktuelle und zuk\u00fcnftige Gestaltung, die Inhalte oder die Urheberschaft der gelinkten\/verkn\u00fcpften Seiten hat die Wildfire Media GmbH\u00a0keinen Einfluss und distanziert sich daher ausdr\u00fccklich von dort dargestellten, allenfalls ungesetzlichen Inhalten. Dieser Haftungsausschluss (Disclaimer) ist als Teil des Internetangebotes zu betrachten, von dem aus auf diese Seite verwiesen wurde. Sofern Teile oder einzelne Formulierungendieses Haftungsausschlusses der geltenden Rechtslage nicht, nicht mehr oder nicht vollst\u00e4ndig entsprechen sollten, bleiben die \u00fcbrigen Teile des Dokumentes in ihrem Inhalt und ihrer G\u00fcltigkeit davon unber\u00fchrt. Information gem\u00e4\u00df \u00a7 5 Abs. 1 ECG <\/p>\n<h2 >Haftungshinweis<\/h2>\n<p>Trotz sorgf\u00e4ltiger inhaltlicher Kontrolle \u00fcbernehmen wir keine Haftung f\u00fcr die Inhalte externer Links. F\u00fcr den Inhalt der verlinkten Seiten sind ausschlie\u00dflich deren Betreiber verantwortlich.<\/p>\n\n                                        <\/div>\n    <\/div><\/section>","protected":false},"excerpt":{"rendered":"","protected":false},"author":2,"featured_media":0,"parent":0,"menu_order":1,"comment_status":"closed","ping_status":"closed","template":"","meta":{"_acf_changed":false,"_relevanssi_hide_post":"","_relevanssi_hide_content":"","_relevanssi_pin_for_all":"","_relevanssi_pin_keywords":"","_relevanssi_unpin_keywords":"","_relevanssi_related_keywords":"","_relevanssi_related_include_ids":"","_relevanssi_related_exclude_ids":"","_relevanssi_related_no_append":"","_relevanssi_related_not_related":"","_relevanssi_related_posts":"","_relevanssi_noindex_reason":"WooCommerce Yoast SEO Relevanssi index exclude","footnotes":""},"class_list":[],"acf":[],"yoast_head":"<!-- This site is optimized with the Yoast SEO Premium plugin v25.7.1 (Yoast SEO v26.8) - https:\/\/yoast.com\/product\/yoast-seo-premium-wordpress\/ -->\n<title>Impressum - Discover-Culture<\/title>\n<meta name=\"robots\" content=\"noindex, follow\" \/>\n<meta property=\"og:locale\" content=\"de_DE\" \/>\n<meta property=\"og:type\" content=\"article\" \/>\n<meta property=\"og:title\" content=\"Impressum\" \/>\n<meta property=\"og:url\" content=\"https:\/\/discover-culture.com\/de\/impressum\/\" \/>\n<meta property=\"og:site_name\" content=\"Discover-Culture\" \/>\n<meta property=\"article:modified_time\" content=\"2026-04-08T07:45:43+00:00\" \/>\n<meta property=\"og:image\" content=\"https:\/\/discover-culture.com\/wp-content\/uploads\/Discover-Culture-Logo-black-round-social-media-1080x1080-1.png\" \/>\n\t<meta property=\"og:image:width\" content=\"1080\" \/>\n\t<meta property=\"og:image:height\" content=\"1080\" \/>\n\t<meta property=\"og:image:type\" content=\"image\/png\" \/>\n<meta name=\"twitter:card\" content=\"summary_large_image\" \/>\n<script type=\"application\/ld+json\" class=\"yoast-schema-graph\">{\"@context\":\"https:\/\/schema.org\",\"@graph\":[{\"@type\":\"WebPage\",\"@id\":\"https:\/\/discover-culture.com\/impressum\/\",\"url\":\"https:\/\/discover-culture.com\/impressum\/\",\"name\":\"Impressum - Discover-Culture\",\"isPartOf\":{\"@id\":\"https:\/\/discover-culture.com\/de\/#website\"},\"datePublished\":\"2021-05-19T08:53:25+00:00\",\"dateModified\":\"2026-04-08T07:45:43+00:00\",\"breadcrumb\":{\"@id\":\"https:\/\/discover-culture.com\/impressum\/#breadcrumb\"},\"inLanguage\":\"de\",\"potentialAction\":[{\"@type\":\"ReadAction\",\"target\":[\"https:\/\/discover-culture.com\/impressum\/\"]}]},{\"@type\":\"BreadcrumbList\",\"@id\":\"https:\/\/discover-culture.com\/impressum\/#breadcrumb\",\"itemListElement\":[{\"@type\":\"ListItem\",\"position\":1,\"name\":\"Home\",\"item\":\"https:\/\/discover-culture.com\/\"},{\"@type\":\"ListItem\",\"position\":2,\"name\":\"Impressum\"}]},{\"@type\":\"WebSite\",\"@id\":\"https:\/\/discover-culture.com\/de\/#website\",\"url\":\"https:\/\/discover-culture.com\/de\/\",\"name\":\"Discover-Culture\",\"description\":\"\",\"potentialAction\":[{\"@type\":\"SearchAction\",\"target\":{\"@type\":\"EntryPoint\",\"urlTemplate\":\"https:\/\/discover-culture.com\/de\/?s={search_term_string}\"},\"query-input\":{\"@type\":\"PropertyValueSpecification\",\"valueRequired\":true,\"valueName\":\"search_term_string\"}}],\"inLanguage\":\"de\"}]}<\/script>\n<!-- \/ Yoast SEO Premium plugin. -->","yoast_head_json":{"title":"Impressum - Discover-Culture","robots":{"index":"noindex","follow":"follow"},"og_locale":"de_DE","og_type":"article","og_title":"Impressum","og_url":"https:\/\/discover-culture.com\/de\/impressum\/","og_site_name":"Discover-Culture","article_modified_time":"2026-04-08T07:45:43+00:00","og_image":[{"width":1080,"height":1080,"url":"https:\/\/discover-culture.com\/wp-content\/uploads\/Discover-Culture-Logo-black-round-social-media-1080x1080-1.png","type":"image\/png"}],"twitter_card":"summary_large_image","schema":{"@context":"https:\/\/schema.org","@graph":[{"@type":"WebPage","@id":"https:\/\/discover-culture.com\/impressum\/","url":"https:\/\/discover-culture.com\/impressum\/","name":"Impressum - Discover-Culture","isPartOf":{"@id":"https:\/\/discover-culture.com\/de\/#website"},"datePublished":"2021-05-19T08:53:25+00:00","dateModified":"2026-04-08T07:45:43+00:00","breadcrumb":{"@id":"https:\/\/discover-culture.com\/impressum\/#breadcrumb"},"inLanguage":"de","potentialAction":[{"@type":"ReadAction","target":["https:\/\/discover-culture.com\/impressum\/"]}]},{"@type":"BreadcrumbList","@id":"https:\/\/discover-culture.com\/impressum\/#breadcrumb","itemListElement":[{"@type":"ListItem","position":1,"name":"Home","item":"https:\/\/discover-culture.com\/"},{"@type":"ListItem","position":2,"name":"Impressum"}]},{"@type":"WebSite","@id":"https:\/\/discover-culture.com\/de\/#website","url":"https:\/\/discover-culture.com\/de\/","name":"Discover-Culture","description":"","potentialAction":[{"@type":"SearchAction","target":{"@type":"EntryPoint","urlTemplate":"https:\/\/discover-culture.com\/de\/?s={search_term_string}"},"query-input":{"@type":"PropertyValueSpecification","valueRequired":true,"valueName":"search_term_string"}}],"inLanguage":"de"}]}},"_links":{"self":[{"href":"https:\/\/discover-culture.com\/de\/wp-json\/wp\/v2\/pages\/15","targetHints":{"allow":["GET"]}}],"collection":[{"href":"https:\/\/discover-culture.com\/de\/wp-json\/wp\/v2\/pages"}],"about":[{"href":"https:\/\/discover-culture.com\/de\/wp-json\/wp\/v2\/types\/page"}],"author":[{"embeddable":true,"href":"https:\/\/discover-culture.com\/de\/wp-json\/wp\/v2\/users\/2"}],"replies":[{"embeddable":true,"href":"https:\/\/discover-culture.com\/de\/wp-json\/wp\/v2\/comments?post=15"}],"version-history":[{"count":14,"href":"https:\/\/discover-culture.com\/de\/wp-json\/wp\/v2\/pages\/15\/revisions"}],"predecessor-version":[{"id":7794,"href":"https:\/\/discover-culture.com\/de\/wp-json\/wp\/v2\/pages\/15\/revisions\/7794"}],"wp:attachment":[{"href":"https:\/\/discover-culture.com\/de\/wp-json\/wp\/v2\/media?parent=15"}],"curies":[{"name":"wp","href":"https:\/\/api.w.org\/{rel}","templated":true}]}}