{"id":11,"date":"2021-05-19T08:52:58","date_gmt":"2021-05-19T08:52:58","guid":{"rendered":"https:\/\/discover-culture.com\/?page_id=11"},"modified":"2026-04-08T09:58:04","modified_gmt":"2026-04-08T07:58:04","slug":"datenschutzerklaerung","status":"publish","type":"page","link":"https:\/\/discover-culture.com\/de\/datenschutzerklaerung\/","title":{"rendered":"Datenschutzerkl\u00e4rung"},"content":{"rendered":"<section id='lightpress__section--block_4ec1c75510154ad1df8ffd8b42120bf4' class='lightpress__section lightpress__section--spacer'><div style=\"width: 100%; max-width: var(--max-content-width); margin: 0 auto 0px;\">\n  <\/div><\/section>\n\n<section id='lightpress__section--block_aafd35c2971816c1bd33d93706d95cf4' class='lightpress__section lightpress__section--content'><div class=\"content__grid content__grid\">\n    <div class=\"content__box content__box--one-hundred\">\n                                                        <h1>Datenschutzerkl\u00e4rung<\/h1>\n<p>Der Schutz Ihrer Privatsph\u00e4re ist uns sehr wichtig. Im Folgenden informieren wir Sie dar\u00fcber, wie wir den Schutz Ihrer Daten auf unserer Website umgesetzt haben<\/p>\n<h2>\u00a0<\/h2>\n<h2>Allgemeines<\/h2>\n<p>Die Nutzung der Website ist f\u00fcr Sie grunds\u00e4tzlich m\u00f6glich, ohne sich als Nutzer registrieren zu lassen. Es werden keine Software- oder Hardwaretechniken eingesetzt, um die E-Mail-Adresse oder andere Daten des Nutzers personenbezogen zu erfassen. Personenbezogene Daten werden nur dann erhoben, wenn sie uns diese ausdr\u00fccklich \u00fcberlassen. Ihre Daten werden stets vertraulich behandelt und nur zu dem Zweck genutzt, zu dem sie uns \u00fcberlassen worden sind. Sie haben das Recht, auf Antrag unentgeltlich Auskunft \u00fcber die \u00fcber Sie gespeicherten personenbezogenen Daten zu erhalten. Zus\u00e4tzlich haben sie nach Ma\u00dfgabe der gesetzlichen Bestimmungen ein Recht auf Berichtigung, Sperrung und L\u00f6schung dieser Daten. Diese Website enth\u00e4lt Links zu anderen Websites oder Social Media Seiten. Wenn Sie auf einen solchen Link klicken, der zu anderen Websites Dritter f\u00fchrt, ist zu beachten, dass diese Websites ihre eigenen Datenschutzbestimmungen haben. Bitte \u00fcberpr\u00fcfen Sie deren Datenschutzbestimmungen bei der Verwendung dieser Websites. \u00a0<\/p>\n<h2>Verwendung von Cookies<\/h2>\n<p>Die Website, der E-Mail Verkehr, die Online Services, die Werbung und die interaktiven Anwendungen k\u00f6nnen zur Optimierung unserer Dienste \u201eCookies\u201c verwenden. <strong>Was ist ein \u201eCookie\u201c?<\/strong> Ein \u201eCookie\u201c ist eine Folge von Textzeichen, die wir \u00fcber unseren Web Server an die Cookie-Datei des Browsers auf die Festplatte Ihres Computers \u00fcbermitteln. Damit wird es unserer Website erm\u00f6glicht, Sie wiederzuerkennen, wenn eine Verbindung zwischen unserem Web Server und Ihrem Browser hergestellt wird. Der Hauptzweck eines Cookies ist die Erkennung der Besucher der Website, damit unser Web Server Ihnen eine individuellere und mehr auf Ihre Bed\u00fcrfnisse abgestimmte personalisierte Website pr\u00e4sentieren kann. Zwei Arten von Cookies werden auf dieser Website verwendet: Session Cookies: Es handelt sich dabei um tempor\u00e4re Cookies, die bis zum Verlassen unserer Website in der Cookie Datei Ihres Browsers verweilen. Diese Cookies sind notwendig f\u00fcr gewisse Anwendungen oder Funktionen der Website, damit diese ordnungsgem\u00e4\u00df ausgef\u00fchrt werden k\u00f6nnen. Dauerhafte Cookies: Wir k\u00f6nnen dauerhafte Cookies f\u00fcr eine bessere Benutzerfreundlichkeit verwenden (z.B. f\u00fcr die Bereitstellung einer optimalen Navigation). Es handelt sich dabei um Cookies, die f\u00fcr l\u00e4ngere Zeit in der Cookie Datei Ihres Browsers verweilen. Dieser Zeitraum h\u00e4ngt von den Einstellungen Ihres Internet Browsers ab. Dauerhafte Cookies erlauben bei jedem Besuch auf der Website die \u00dcbermittlung von Informationen an einen Webserver. Dauerhafte Cookies sind auch als Tracking Cookies bekannt. Falls Sie mehr \u00fcber Cookies erfahren m\u00f6chten, sind viele Publikationen zu diesem Thema verf\u00fcgbar. Siehe zum Beispiel:\u00a0https:\/\/www.allaboutcookies.org \u00a0<\/p>\n<h2>Google Analytics<\/h2>\n<p>Diese Website benutzt Google Analytics, einen Webanalysedienst der Google Inc. (\u201eGoogle\u201c). Google Analytics verwendet sog. \u201eCookies\u201c, Textdateien, die auf Ihrem Computer gespeichert werden und die eine Analyse der Benutzung der Website durch Sie erm\u00f6glichen. Die durch das Cookie erzeugten Informationen \u00fcber Ihre Benutzung dieser Website werden in der Regel an einen Server von Google in den USA \u00fcbertragen und dort gespeichert. Durch die Aktivierung der IP-Anonymisierung auf dieser Website, wird Ihre IP-Adresse von Google jedoch innerhalb von Mitgliedstaaten der Europ\u00e4ischen Union oder in anderen Vertragsstaaten des Abkommens \u00fcber den Europ\u00e4ischen Wirtschaftsraum zuvor gek\u00fcrzt. Nur in Ausnahmef\u00e4llen wird die volle IP-Adresse an einen Server von Google in den USA \u00fcbertragen und dort gek\u00fcrzt. Im Auftrag des Betreibers dieser Website wird Google diese Informationen benutzen, um Ihre Nutzung der Website auszuwerten, um Reports \u00fcber die Websiteaktivit\u00e4ten zusammenzustellen und um weitere mit der Websitenutzung und der Internetnutzung verbundene Dienstleistungen gegen\u00fcber dem Websitebetreiber zu erbringen. Die im Rahmen von Google Analytics von Ihrem Browser \u00fcbermittelte IP-Adresse wird nicht mit anderen Daten von Google zusammengef\u00fchrt. Sie k\u00f6nnen die Speicherung der Cookies durch eine entsprechende Einstellung Ihrer Browser-Software verhindern; wir weisen Sie jedoch darauf hin, dass Sie in diesem Fall gegebenenfalls nicht s\u00e4mtliche Funktionen dieser Website vollumf\u00e4nglich werden nutzen k\u00f6nnen. Sie k\u00f6nnen dar\u00fcber hinaus die Erfassung der durch das Cookie erzeugten und auf Ihre Nutzung der Website bezogenen Daten (inkl. Ihrer IP-Adresse) an Google sowie die Verarbeitung dieser Daten durch Google verhindern, indem Sie das unter dem folgenden Link (https:\/\/tools.google.com\/dlpage\/gaoptout) verf\u00fcgbare Browser-Plugin herunterladen und installieren. N\u00e4here Informationen zu Nutzungsbedingungen und Datenschutz finden Sie unter\u00a0https:\/\/www.google.com\/analytics\/terms\u00a0bzw. unter\u00a0https:\/\/www.google.de\/intl\/de\/policies\/. \u00a0<\/p>\n<h2>Facebook Remarketing \/ Retargeting<\/h2>\n<p>Auf unseren Seiten sind Remarketing-Tags\u00a0des sozialen Netzwerks Facebook, 1601 South California Avenue, Palo Alto, CA 94304, USA integriert. Wenn Sie unsere Seiten besuchen, wird \u00fcber die Remarketing-Tags\u00a0eine direkte Verbindung zwischen Ihrem Browser und dem Facebook-Server hergestellt. Facebook erh\u00e4lt dadurch die Information, dass Sie mit Ihrer IP-Adresse unsere Seite besucht haben. Dadurch kann Facebook den Besuch unserer Seiten Ihrem Benutzerkonto zuordnen. Die so erhaltenen Informationen k\u00f6nnen wir f\u00fcr die Anzeige von Facebook Ads nutzen.\u00a0Wir weisen darauf hin, dass wir als Anbieter der Seiten keine Kenntnis vom Inhalt der \u00fcbermittelten Daten sowie deren Nutzung durch Facebook erhalten. Weitere Informationen hierzu finden Sie in der Datenschutz-Erkl\u00e4rung von Facebook unter\u00a0https:\/\/www.facebook.com\/about\/privacy\/\u00a0. Falls Sie keine Datenerfassung via Custom Audience w\u00fcnschen, k\u00f6nnen Sie\u00a0Custom Audiences hier\u00a0deaktivieren.\u00a0Konversionmessung mit dem Besucheraktions-Pixel von Facebook Mit Ihrer Einwilligung setzen wir innerhalb unseres Internetauftritts den \u201cBesucheraktions-Pixel\u201d der Facebook Inc., 1601 S. California Ave, Palo Alto, CA 94304, USA (\u201cFacebook\u201d) ein. Mit dessen Hilfe k\u00f6nnen wir die Aktionen von Nutzern nachverfolgen, nach dem diese eine Facebook-Werbeanzeige gesehen oder geklickt haben. So k\u00f6nnen wir die Wirksamkeit der Facebook-Werbeanzeigen f\u00fcr statistische und marktforschungszwecke erfassen. Die so erfassten Daten sind f\u00fcr uns anonym, das hei\u00dft wir sehen nicht die personenbezogenen Daten einzelner Nutzer. Diese Daten werden jedoch von Facebook gespeichert und verarbeitet, wor\u00fcber wir Sie entsprechend unserem Kenntnisstand unterrichten. Facebook kann diese Daten mit ihrem Facebookkonto verbinden und auch f\u00fcr eigene Werbezwecke, entsprechend Facebooks Datensverwendungsrichtlinie verwenden\u00a0https:\/\/www.facebook.com\/about\/privacy\/.\u00a0Sie k\u00f6nnen Facebook sowie dessen Partnern das Schalten von Werbeanzeigen auf und au\u00dferhalb von Facebook erm\u00f6glichen. Es kann ferner zu diesen Zwecken ein Cookie auf Ihrem Rechner gespeichert werden. \u00a0<\/p>\n<h2>Log Dateien<\/h2>\n<p>Wenn Sie eine einzelne Seite aufrufen, erfassen Web-Server in einer Log-Datei standardm\u00e4\u00dfig den Namen der abgerufenen Datei, Datum und Uhrzeit des Abrufs, \u00fcbertragene Datenmenge, etwaige Fehlermeldungen und ggf. das Betriebssystem und die Browsersoftware Ihres Computers sowie die Website, von der aus Sie uns besuchen. Die Log-File-Daten werden von uns zu den unter \u201eVerwendung von Google Analytics\u201c genannten Zwecken und zur Sicherstellung der Systemsicherheit und zum Schutz vor Missbrauch verwendet (z.B. Erkennung und Abwehr von Hacker-Angriffen). \u00a0<\/p>\n<h2>\u00c4nderungen der Datenschutzrichtlinien<\/h2>\n<p>Wir behalten uns vor, diese Datenschutzrichtlinien an die jeweils aktuelle Rechtslage anzupassen. Wir empfehlen Ihnen, diese Datenschutzrichtlinien regelm\u00e4\u00dfig zu lesen, um \u00fcber den Schutz der von uns erfassten Daten auf dem Laufenden zu bleiben. Durch die fortgesetzte Nutzung dieser Websites bzw. durch eine aufrechte Gesch\u00e4ftsbeziehung erkl\u00e4ren Sie sich mit diesen Datenschutzrichtlinien und deren Aktualit\u00e4t einverstanden. \u00a0<\/p>\n<h2>Widerrufs- und Widerspruchsm\u00f6glichkeiten<\/h2>\n<p>Sie k\u00f6nnen Ihre erteilte Zustimmung jederzeit widerrufen und auch hinsichtlich jener Cookies\/Pixel die keine Zustimmung ben\u00f6tigen dem Einsatz widersprechen, soweit diese nicht notwendig sind bzw. die Deaktivierung technisch m\u00f6glich ist. Wir weisen jedoch darauf hin, dass im Falle des Widerspruchs nicht alle Funktionen der Website vollumf\u00e4nglich zur Verf\u00fcgung gestellt werden k\u00f6nnen. Sie haben mehrere M\u00f6glichkeiten der Verwendung von Cookies\/Pixel zu widersprechen oder eine bereits erteilte Zustimmung zu widerrufen. So bieten die g\u00e4ngigsten Browser die M\u00f6glichkeit, die Verwendung von Cookies zu unterbinden. Unter den nachfolgenden Links erf\u00e4hrst du, wie es geht:<\/p>\n<ol>\n<li>Microsofts Windows Internet Explorer<\/li>\n<li>Microsofts Windows Internet Explorer Mobile<\/li>\n<li>Mozilla Firefox<\/li>\n<li>Google Chrome f\u00fcr Desktop<\/li>\n<li>Google Chrome f\u00fcr Mobile<\/li>\n<li>Apple Safari f\u00fcr Desktop<\/li>\n<li>Apple Safari f\u00fcr Mobile<\/li>\n<\/ol>\n<p>\u00dcber Browser-Erweiterungen, wie z.B.\u00a0Ghostery\u00a0k\u00f6nnen Sie einzelne Cookies deaktivieren und selbst steuern, welche Cookies gesetzt werden und welche nicht. Die Installation funktioniert ganz einfach, schnell und ist f\u00fcr alle g\u00e4ngigen Browser verf\u00fcgbar. Im Falle von \u201eThird Party Cookies\u201d bieten die eingesetzten Dienstleister oftmals selbst Deaktivierungsm\u00f6glichkeiten an. Die Wichtigsten zeigen wir bei der Erl\u00e4uterung zu den Tools angef\u00fchrt.<\/p>\n<h2>Newsletter &#8211; Einwilligungserkl\u00e4rung<\/h2>\n<p>Wildfire Media GmbH, Ellingbachstra\u00dfe 2\/4, 3362 \u00d6hling (Wildfire Media GmbH) bieten allen interessierten Personen die M\u00f6glichkeit des Erhalts eines Newsletters an. Zum Zweck des Versands von Newsletter d\u00fcrfen wir Ihre Daten grunds\u00e4tzlich nur mit Ihrer Einwilligung verarbeiten. Falls die Einwilligung erteilt wird, werden nur die von Ihnen bereitgestellten und f\u00fcr den Newsletter notwendigen Daten (E-Mail Adresse) durch Wildfire Media GmbH verarbeitet und nur innerhalb von Wildfire Media GmbH zum Zwecke des Newsletterversands weitergegeben.<\/p>\n<p>Mit Ihrer Zustimmung erkl\u00e4ren Sie sich damit einverstanden, , dass Ihre, oben genannten personenbezogenen Daten zum Zweck des Versands eines Newsletters \u00fcber Waren und Dienstleistungen, Weiterentwicklungen, Veranstaltungen und Angebote von Wildfire Media GmbH sowie von einem der auf der Webseite www.discover-culture.at erw\u00e4hnten Plattformpartner, insbesondere von Stift Admont, Kirchplatz 1, 8911 Admont zu erhalten. Bitte beachten Sie, dass wir Sie ohne Ihre Zustimmung nicht mehr per Newsletter \u00fcber unsere aktuellen Angebote informieren k\u00f6nnen.<\/p>\n<p>Diese Einwilligung k\u00f6nnen Sie jederzeit, u.a. per E-Mail an kontakt@discover-culture.com widerrufen, wodurch Ihre Daten zu diesem Zweck nicht mehr verarbeitet oder aufbewahrt werden. Die Daten werden nach dem Widerruf gel\u00f6scht soweit kein anderer Rechtsgrund f\u00fcr die weitere Verarbeitung vorliegt. Vom Widerruf unber\u00fchrt bleibt die Verarbeitung der Daten w\u00e4hrend aufrechter und g\u00fcltiger Einwilligungserkl\u00e4rung.<\/p>\n<p>Bitte beachten Sie, dass von dieser Einwilligung nur die Verarbeitung Ihrer Daten zum Zweck des Newsletterversands umfasst ist. Unabh\u00e4ngig davon k\u00f6nnen wir aufgrund gesetzlicher und vertraglicher Regelungen verpflichtet sein, Ihre Daten f\u00fcr eine l\u00e4ngere Frist zu verarbeiten und aufzubewahren.<\/p>\n<p>Sie haben jederzeit das Recht auf Auskunft \u00fcber Ihre gespeicherten personenbezogenen Daten, ein Recht auf Berichtigung, L\u00f6schung, Einschr\u00e4nkung der Verarbeitung sowie ein Widerspruchsrecht gegen die Verarbeitung bzw. ein Recht auf Daten\u00fcbertragbarkeit. Insoweit sich \u00c4nderungen Ihrer pers\u00f6nlichen Daten ergeben, ersuchen wir um entsprechende Mitteilung. Wenn Sie der Auffassung sind, dass die Verarbeitung Ihrer personenbezogenen Daten durch uns gegen das geltende Datenschutzrecht verst\u00f6\u00dft oder Ihre datenschutzrechtlichen Anspr\u00fcche in einer anderen Weise verletzt worden sind, besteht die M\u00f6glichkeit, sich bei der zust\u00e4ndigen Aufsichtsbeh\u00f6rde (\u00d6sterreichische Datenschutzbeh\u00f6rde, Wickenburggasse 8, 1080 Wien, Telefon: +43 1 52 152-0, dsb@dsb.gv.at) zu beschweren.\u00a0\u00a0<\/p>\n<p>Weitere Informationen erhalten Sie auf unserer Webseite (https:\/\/discover-culture.com\/de\/). Gerne stehen wir f\u00fcr Ihre Anfragen auch unter\u00a0kontakt@discover-culture.com zur Verf\u00fcgung.<\/p>\n\n                                        <\/div>\n    <\/div><\/section>","protected":false},"excerpt":{"rendered":"","protected":false},"author":2,"featured_media":0,"parent":0,"menu_order":1,"comment_status":"closed","ping_status":"closed","template":"","meta":{"_acf_changed":false,"_relevanssi_hide_post":"","_relevanssi_hide_content":"","_relevanssi_pin_for_all":"","_relevanssi_pin_keywords":"","_relevanssi_unpin_keywords":"","_relevanssi_related_keywords":"","_relevanssi_related_include_ids":"","_relevanssi_related_exclude_ids":"","_relevanssi_related_no_append":"","_relevanssi_related_not_related":"","_relevanssi_related_posts":"","_relevanssi_noindex_reason":"WooCommerce Yoast SEO Relevanssi index exclude","footnotes":""},"class_list":[],"acf":[],"yoast_head":"<!-- This site is optimized with the Yoast SEO Premium plugin v25.7.1 (Yoast SEO v26.8) - https:\/\/yoast.com\/product\/yoast-seo-premium-wordpress\/ -->\n<title>Datenschutzerkl\u00e4rung - Discover-Culture<\/title>\n<meta name=\"robots\" content=\"noindex, follow\" \/>\n<meta property=\"og:locale\" content=\"de_DE\" \/>\n<meta property=\"og:type\" content=\"article\" \/>\n<meta property=\"og:title\" content=\"Datenschutzerkl\u00e4rung\" \/>\n<meta property=\"og:url\" content=\"https:\/\/discover-culture.com\/de\/datenschutzerklaerung\/\" \/>\n<meta property=\"og:site_name\" content=\"Discover-Culture\" \/>\n<meta property=\"article:modified_time\" content=\"2026-04-08T07:58:04+00:00\" \/>\n<meta property=\"og:image\" content=\"https:\/\/discover-culture.com\/wp-content\/uploads\/Discover-Culture-Logo-black-round-social-media-1080x1080-1.png\" \/>\n\t<meta property=\"og:image:width\" content=\"1080\" \/>\n\t<meta property=\"og:image:height\" content=\"1080\" \/>\n\t<meta property=\"og:image:type\" content=\"image\/png\" \/>\n<meta name=\"twitter:card\" content=\"summary_large_image\" \/>\n<script type=\"application\/ld+json\" class=\"yoast-schema-graph\">{\"@context\":\"https:\/\/schema.org\",\"@graph\":[{\"@type\":\"WebPage\",\"@id\":\"https:\/\/discover-culture.com\/datenschutzerklaerung\/\",\"url\":\"https:\/\/discover-culture.com\/datenschutzerklaerung\/\",\"name\":\"Datenschutzerkl\u00e4rung - Discover-Culture\",\"isPartOf\":{\"@id\":\"https:\/\/discover-culture.com\/de\/#website\"},\"datePublished\":\"2021-05-19T08:52:58+00:00\",\"dateModified\":\"2026-04-08T07:58:04+00:00\",\"breadcrumb\":{\"@id\":\"https:\/\/discover-culture.com\/datenschutzerklaerung\/#breadcrumb\"},\"inLanguage\":\"de\",\"potentialAction\":[{\"@type\":\"ReadAction\",\"target\":[\"https:\/\/discover-culture.com\/datenschutzerklaerung\/\"]}]},{\"@type\":\"BreadcrumbList\",\"@id\":\"https:\/\/discover-culture.com\/datenschutzerklaerung\/#breadcrumb\",\"itemListElement\":[{\"@type\":\"ListItem\",\"position\":1,\"name\":\"Home\",\"item\":\"https:\/\/discover-culture.com\/\"},{\"@type\":\"ListItem\",\"position\":2,\"name\":\"Datenschutzerkl\u00e4rung\"}]},{\"@type\":\"WebSite\",\"@id\":\"https:\/\/discover-culture.com\/de\/#website\",\"url\":\"https:\/\/discover-culture.com\/de\/\",\"name\":\"Discover-Culture\",\"description\":\"\",\"potentialAction\":[{\"@type\":\"SearchAction\",\"target\":{\"@type\":\"EntryPoint\",\"urlTemplate\":\"https:\/\/discover-culture.com\/de\/?s={search_term_string}\"},\"query-input\":{\"@type\":\"PropertyValueSpecification\",\"valueRequired\":true,\"valueName\":\"search_term_string\"}}],\"inLanguage\":\"de\"}]}<\/script>\n<!-- \/ Yoast SEO Premium plugin. -->","yoast_head_json":{"title":"Datenschutzerkl\u00e4rung - Discover-Culture","robots":{"index":"noindex","follow":"follow"},"og_locale":"de_DE","og_type":"article","og_title":"Datenschutzerkl\u00e4rung","og_url":"https:\/\/discover-culture.com\/de\/datenschutzerklaerung\/","og_site_name":"Discover-Culture","article_modified_time":"2026-04-08T07:58:04+00:00","og_image":[{"width":1080,"height":1080,"url":"https:\/\/discover-culture.com\/wp-content\/uploads\/Discover-Culture-Logo-black-round-social-media-1080x1080-1.png","type":"image\/png"}],"twitter_card":"summary_large_image","schema":{"@context":"https:\/\/schema.org","@graph":[{"@type":"WebPage","@id":"https:\/\/discover-culture.com\/datenschutzerklaerung\/","url":"https:\/\/discover-culture.com\/datenschutzerklaerung\/","name":"Datenschutzerkl\u00e4rung - Discover-Culture","isPartOf":{"@id":"https:\/\/discover-culture.com\/de\/#website"},"datePublished":"2021-05-19T08:52:58+00:00","dateModified":"2026-04-08T07:58:04+00:00","breadcrumb":{"@id":"https:\/\/discover-culture.com\/datenschutzerklaerung\/#breadcrumb"},"inLanguage":"de","potentialAction":[{"@type":"ReadAction","target":["https:\/\/discover-culture.com\/datenschutzerklaerung\/"]}]},{"@type":"BreadcrumbList","@id":"https:\/\/discover-culture.com\/datenschutzerklaerung\/#breadcrumb","itemListElement":[{"@type":"ListItem","position":1,"name":"Home","item":"https:\/\/discover-culture.com\/"},{"@type":"ListItem","position":2,"name":"Datenschutzerkl\u00e4rung"}]},{"@type":"WebSite","@id":"https:\/\/discover-culture.com\/de\/#website","url":"https:\/\/discover-culture.com\/de\/","name":"Discover-Culture","description":"","potentialAction":[{"@type":"SearchAction","target":{"@type":"EntryPoint","urlTemplate":"https:\/\/discover-culture.com\/de\/?s={search_term_string}"},"query-input":{"@type":"PropertyValueSpecification","valueRequired":true,"valueName":"search_term_string"}}],"inLanguage":"de"}]}},"_links":{"self":[{"href":"https:\/\/discover-culture.com\/de\/wp-json\/wp\/v2\/pages\/11","targetHints":{"allow":["GET"]}}],"collection":[{"href":"https:\/\/discover-culture.com\/de\/wp-json\/wp\/v2\/pages"}],"about":[{"href":"https:\/\/discover-culture.com\/de\/wp-json\/wp\/v2\/types\/page"}],"author":[{"embeddable":true,"href":"https:\/\/discover-culture.com\/de\/wp-json\/wp\/v2\/users\/2"}],"replies":[{"embeddable":true,"href":"https:\/\/discover-culture.com\/de\/wp-json\/wp\/v2\/comments?post=11"}],"version-history":[{"count":19,"href":"https:\/\/discover-culture.com\/de\/wp-json\/wp\/v2\/pages\/11\/revisions"}],"predecessor-version":[{"id":7796,"href":"https:\/\/discover-culture.com\/de\/wp-json\/wp\/v2\/pages\/11\/revisions\/7796"}],"wp:attachment":[{"href":"https:\/\/discover-culture.com\/de\/wp-json\/wp\/v2\/media?parent=11"}],"curies":[{"name":"wp","href":"https:\/\/api.w.org\/{rel}","templated":true}]}}