{"id":7760,"date":"2026-03-05T09:53:36","date_gmt":"2026-03-05T07:53:36","guid":{"rendered":"https:\/\/discover-culture.com\/partner\/\/touren\/"},"modified":"2026-03-18T10:54:17","modified_gmt":"2026-03-18T08:54:17","slug":"himmel-h%c3%b6lle-heilige-nacht-das-st-p%c3%b6ltner-krippenspiel","status":"publish","type":"product","link":"https:\/\/discover-culture.com\/partner\/museum-am-dom\/touren\/himmel-h%c3%b6lle-heilige-nacht-das-st-p%c3%b6ltner-krippenspiel","title":{"rendered":"\u5929\u5802\u3001\u5730\u72f1\u548c\u5723\u591c\u5723\u6ce2\u5c14\u6ed5\u8036\u7a23\u8bde\u751f\u5267"},"content":{"rendered":"<section id='lightpress__section--block_592ea6d8c7c86bb6d23935742edaf87c' class='lightpress__section lightpress__section--content'><div class=\"content__grid content__grid\">\n    <div class=\"content__box content__box--one-hundred\">\n                                                        <h3>\u5723\u6ce2\u5c14\u6ed5\u5927\u6559\u5802\u535a\u7269\u9986\u51ac\u5b63\u5c55\u89c8<\/h3>\n<h4>\u201e\u5929\u5802\u3001\u5730\u72f1\u548c\u5723\u591c\u3002\u5723\u6ce2\u5c14\u6ed5\u8036\u7a23\u8bde\u751f\u5267\u201c<\/h4>\n<p>\u5723\u6ce2\u5c14\u6ed5\u5bab\u535a\u7269\u9986\uff08Museum am Dom St. P\u00f6lten\uff09\u7684\u51ac\u5b63\u5c55\u89c8\u73b0\u5728\u53ef\u4ee5\u901a\u8fc7\u865a\u62df\u65b9\u5f0f\u4f53\u9a8c\uff0c\u5e76\u9080\u8bf7\u60a8\u56de\u5230\u57fa\u7763\u8bde\u751f\u7684\u6e90\u5934\u3002.<\/p>\n\n                                        <\/div>\n    <\/div><\/section>\n\n<section id='lightpress__section--block_a674edfec5d828a3173c4d107bce7342' class='lightpress__section lightpress__section--content'><div class=\"content__grid content__grid\">\n    <div class=\"content__box content__box--two-thirds content__box--text-center\">\n                                                        <p><strong>\u57fa\u7763\u6559\u6551\u8d4e\u53f2\u7684\u5927\u5f27\u7ebf\u4ece\u5723\u8bde\u8282\u4e00\u76f4\u5ef6\u4f38\u5230\u590d\u6d3b\u8282\u3002.<\/strong><\/p>\n<p>\u5c55\u89c8\u7684\u4e2d\u5fc3\u662f\u5723\u6ce2\u5c14\u6ed5\u8036\u7a23\u8bde\u751f\u573a\u666f\uff0c\u8fd9\u662f\u7ea6 100 \u5e74\u6765\u9996\u6b21\u5b8c\u6574\u5c55\u793a\u8036\u7a23\u8bde\u751f\u7684\u573a\u666f\u3002.<\/p>\n<p>\u5728\u6700\u521d\u7684 23 \u4e2a\u573a\u666f\u4e2d\uff0c\u7cbe\u5fc3\u8bbe\u8ba1\u7684\u6756\u5934\u6728\u5076\u4ee5\u5e7d\u9ed8\u7684\u65b9\u5f0f\u8bb2\u8ff0\u5723\u8bde\u6545\u4e8b\uff0c\u5e76\u7a7f\u63d2\u6b4c\u66f2\u3002.<\/p>\n<p>\u9664\u4e86\u5723\u7ecf\u4eba\u7269\u5916\uff0c\u8fd8\u51fa\u73b0\u4e86\u4e00\u4e9b\u4ee4\u4eba\u5370\u8c61\u6df1\u523b\u7684\u4eba\u7269\uff0c\u5982\u6076\u9b54\u5c71\u7f8a Habergei\u00df\uff0c\u4ee5\u53ca\u4e0e\u5e0c\u5f8b\u738b\u76f8\u9047\u7684\u6b7b\u795e\u3002.<\/p>\n\n                                        <\/div>\n            <div class=\"content__box content__box\">\n                                                                    <img decoding=\"async\" class=\"content__image\" src=\"https:\/\/discover-culture.com\/wp-content\/uploads\/goldkrippe.jpg\" alt=\"\u91d1\u5e8a\" loading=\"lazy\">\n                                                        <\/div>\n    <\/div><\/section>\n\n<section id='lightpress__section--block_2fa4143b2ac0254badb3afac181819a8' class='lightpress__section lightpress__section--content'><div class=\"content__grid content__grid\">\n    <div class=\"content__box content__box\">\n                                                    <img decoding=\"async\" class=\"content__image\" src=\"https:\/\/discover-culture.com\/wp-content\/uploads\/Mitmachstation.jpg\" alt=\"\u53c2\u4e0e\u7ad9\" loading=\"lazy\">\n                                        <\/div>\n            <div class=\"content__box content__box--one-third content__box--text-center\">\n                                                                        <p style=\"--tw-scale-x: 1; --tw-scale-y: 1; --tw-scroll-snap-strictness: proximity; --tw-ring-offset-width: 0px; --tw-ring-offset-color: #fff; --tw-ring-color: #3b82f680; --tw-ring-offset-shadow: 0 0 #0000; --tw-ring-shadow: 0 0 #0000; --tw-shadow: 0 0 #0000; --tw-shadow-colored: 0 0 #0000;\">\u4e0a\u4e16\u7eaa 50 \u5e74\u4ee3\u7684\u673a\u68b0\u8036\u7a23\u8bde\u751f\u573a\u666f\u4e5f\u5c06\u5723\u8bde\u8282\u7684\u6545\u4e8b\u5a13\u5a13\u9053\u6765\uff1a\u7ef5\u7f8a\u3001\u7267\u7f8a\u4eba\u548c\u9e7f\u56f4\u7ed5\u7740\u8036\u7a23\u8bde\u751f\u573a\u666f\u8f6c\u5708\u3002.<\/p>\n<p style=\"--tw-scale-x: 1; --tw-scale-y: 1; --tw-scroll-snap-strictness: proximity; --tw-ring-offset-width: 0px; --tw-ring-offset-color: #fff; --tw-ring-color: #3b82f680; --tw-ring-offset-shadow: 0 0 #0000; --tw-ring-shadow: 0 0 #0000; --tw-shadow: 0 0 #0000; --tw-shadow-colored: 0 0 #0000;\">\u4e00\u4e2a\u5b9e\u8df5\u7ad9\u9080\u8bf7\u53c2\u89c2\u8005\u4eb2\u81ea\u626e\u6f14\u89d2\u8272\uff0c\u8ba9\u4eba\u7269\u6829\u6829\u5982\u751f\u3002.<\/p>\n\n                                                        <\/div>\n    <\/div><\/section>\n\n<section id='lightpress__section--block_8befce4e4539a3a2ed5475ec185ed80d' class='lightpress__section lightpress__section--content'><div class=\"content__grid content__grid\">\n    <div class=\"content__box content__box--one-hundred\">\n                                                        <p>\u8fd9\u6b21\u5c55\u89c8\u4f7f\u4eba\u4eec\u6709\u53ef\u80fd\u5728\u5f88\u957f\u4e00\u6bb5\u65f6\u95f4\u5185\u9996\u6b21\u5c06\u5206\u6563\u5728\u591a\u4e2a\u535a\u7269\u9986\u4e2d\u7684\u8036\u7a23\u8bde\u751f\u573a\u666f\u653e\u5728\u4e00\u8d77\u89c2\u770b\uff0c\u5e76\u5c06\u5723\u6ce2\u5c14\u6ed5\u8036\u7a23\u8bde\u751f\u573a\u666f\u7f6e\u4e8e\u4e0b\u5965\u5730\u5229\u5dde\u8036\u7a23\u8bde\u751f\u573a\u666f\u4f20\u7edf\u7684\u66f4\u5e7f\u9614\u80cc\u666f\u4e2d\u3002.<\/p>\n<p><a class=\"lcyd__button lcyd__button--animate lcyd__button--arrow lcyd__button--animate\" href=\"https:\/\/www.museumamdom.at\/\" target=\"_blank\" rel=\"noopener\">\u00a0\u5927\u6559\u5802\u535a\u7269\u9986<\/a><\/p>\n\n                                        <\/div>\n    <\/div><\/section>\n\n<section id='lightpress__section--block_f53bdec3a90539e1625747d0249c7dc8' class='lightpress__section lightpress__section--content'><div class=\"content__grid content__grid--fifty-fifty\">\n    <div class=\"content__box content__box\">\n                                                        <p><span data-mce-type=\"bookmark\" style=\"display: inline-block; width: 0px; overflow: hidden; line-height: 0;\" class=\"mce_SELRES_start\"><\/span><\/p>\n\n                                        <\/div>\n            <div class=\"content__box content__box\">\n                                                                        \n                                                        <\/div>\n    <\/div><\/section>","protected":false},"excerpt":{"rendered":"","protected":false},"featured_media":7781,"template":"","meta":{"_acf_changed":true,"_relevanssi_hide_post":"","_relevanssi_hide_content":"","_relevanssi_pin_for_all":"","_relevanssi_pin_keywords":"","_relevanssi_unpin_keywords":"","_relevanssi_related_keywords":"","_relevanssi_related_include_ids":"","_relevanssi_related_exclude_ids":"","_relevanssi_related_no_append":"","_relevanssi_related_not_related":"","_relevanssi_related_posts":"","_relevanssi_noindex_reason":""},"product_brand":[],"product_cat":[16],"product_tag":[],"class_list":["product-available","product","first","instock","virtual","sold-individually","taxable","purchasable","product-type-simple"],"bundled_by":[],"bundle_stock_status":"instock","bundle_stock_quantity":null,"bundle_virtual":false,"bundle_layout":"","bundle_add_to_cart_form_location":"","bundle_editable_in_cart":false,"bundle_sold_individually_context":"","bundle_item_grouping":"","bundle_min_size":"","bundle_max_size":"","bundle_price":[],"bundled_items":[],"bundle_sell_ids":[],"acf":[],"yoast_head":"<!-- This site is optimized with the Yoast SEO Premium plugin v25.7.1 (Yoast SEO v26.8) - https:\/\/yoast.com\/product\/yoast-seo-premium-wordpress\/ -->\n<title>Himmel, H\u00f6lle &amp; Heilige Nacht. Das St. P\u00f6ltner Krippenspiel - Discover-Culture<\/title>\n<meta name=\"description\" content=\"Finden Sie hier alle Informationen zum Produkt Himmel, H\u00f6lle &amp; Heilige Nacht. Das St. P\u00f6ltner Krippenspiel und betreten Sie die neue Welt von Kunst und Kultur!\" \/>\n<meta name=\"robots\" content=\"index, follow, max-snippet:-1, max-image-preview:large, max-video-preview:-1\" \/>\n<link rel=\"canonical\" href=\"https:\/\/discover-culture.com\/ch\/partner\/museum-am-dom\/touren\/himmel-h\u00f6lle-heilige-nacht-das-st-p\u00f6ltner-krippenspiel\/\" \/>\n<meta property=\"og:locale\" content=\"zh_CN\" \/>\n<meta property=\"og:type\" content=\"article\" \/>\n<meta property=\"og:title\" content=\"Himmel, H\u00f6lle &amp; Heilige Nacht. Das St. P\u00f6ltner Krippenspiel\" \/>\n<meta property=\"og:description\" content=\"Finden Sie hier alle Informationen zum Produkt Himmel, H\u00f6lle &amp; Heilige Nacht. Das St. P\u00f6ltner Krippenspiel und betreten Sie die neue Welt von Kunst und Kultur!\" \/>\n<meta property=\"og:url\" content=\"https:\/\/discover-culture.com\/ch\/partner\/museum-am-dom\/touren\/himmel-h\u00f6lle-heilige-nacht-das-st-p\u00f6ltner-krippenspiel\/\" \/>\n<meta property=\"og:site_name\" content=\"Discover-Culture\" \/>\n<meta property=\"article:modified_time\" content=\"2026-03-18T08:54:17+00:00\" \/>\n<meta property=\"og:image\" content=\"https:\/\/discover-culture.com\/wp-content\/uploads\/Startbild_Krippe.jpg\" \/>\n\t<meta property=\"og:image:width\" content=\"1900\" \/>\n\t<meta property=\"og:image:height\" content=\"1317\" \/>\n\t<meta property=\"og:image:type\" content=\"image\/jpeg\" \/>\n<meta name=\"twitter:card\" content=\"summary_large_image\" \/>\n<meta name=\"twitter:label1\" content=\"\u9884\u8ba1\u9605\u8bfb\u65f6\u95f4\" \/>\n\t<meta name=\"twitter:data1\" content=\"1 \u5206\" \/>\n<script type=\"application\/ld+json\" class=\"yoast-schema-graph\">{\"@context\":\"https:\/\/schema.org\",\"@graph\":[{\"@type\":\"WebPage\",\"@id\":\"https:\/\/discover-culture.com\/partner\/museum-am-dom\/touren\/himmel-h%c3%b6lle-heilige-nacht-das-st-p%c3%b6ltner-krippenspiel\/\",\"url\":\"https:\/\/discover-culture.com\/partner\/museum-am-dom\/touren\/himmel-h%c3%b6lle-heilige-nacht-das-st-p%c3%b6ltner-krippenspiel\/\",\"name\":\"Himmel, H\u00f6lle & Heilige Nacht. Das St. P\u00f6ltner Krippenspiel - Discover-Culture\",\"isPartOf\":{\"@id\":\"https:\/\/discover-culture.com\/de\/#website\"},\"primaryImageOfPage\":{\"@id\":\"https:\/\/discover-culture.com\/partner\/museum-am-dom\/touren\/himmel-h%c3%b6lle-heilige-nacht-das-st-p%c3%b6ltner-krippenspiel\/#primaryimage\"},\"image\":{\"@id\":\"https:\/\/discover-culture.com\/partner\/museum-am-dom\/touren\/himmel-h%c3%b6lle-heilige-nacht-das-st-p%c3%b6ltner-krippenspiel\/#primaryimage\"},\"thumbnailUrl\":\"https:\/\/discover-culture.com\/wp-content\/uploads\/Startbild_Krippe.jpg\",\"datePublished\":\"2026-03-05T07:53:36+00:00\",\"dateModified\":\"2026-03-18T08:54:17+00:00\",\"description\":\"Finden Sie hier alle Informationen zum Produkt Himmel, H\u00f6lle & Heilige Nacht. Das St. P\u00f6ltner Krippenspiel und betreten Sie die neue Welt von Kunst und Kultur!\",\"breadcrumb\":{\"@id\":\"https:\/\/discover-culture.com\/partner\/museum-am-dom\/touren\/himmel-h%c3%b6lle-heilige-nacht-das-st-p%c3%b6ltner-krippenspiel\/#breadcrumb\"},\"inLanguage\":\"zh-Hans\",\"potentialAction\":[{\"@type\":\"ReadAction\",\"target\":[\"https:\/\/discover-culture.com\/partner\/museum-am-dom\/touren\/himmel-h%c3%b6lle-heilige-nacht-das-st-p%c3%b6ltner-krippenspiel\/\"]}]},{\"@type\":\"ImageObject\",\"inLanguage\":\"zh-Hans\",\"@id\":\"https:\/\/discover-culture.com\/partner\/museum-am-dom\/touren\/himmel-h%c3%b6lle-heilige-nacht-das-st-p%c3%b6ltner-krippenspiel\/#primaryimage\",\"url\":\"https:\/\/discover-culture.com\/wp-content\/uploads\/Startbild_Krippe.jpg\",\"contentUrl\":\"https:\/\/discover-culture.com\/wp-content\/uploads\/Startbild_Krippe.jpg\",\"width\":1900,\"height\":1317,\"caption\":\"Startbild Krippe\"},{\"@type\":\"BreadcrumbList\",\"@id\":\"https:\/\/discover-culture.com\/partner\/museum-am-dom\/touren\/himmel-h%c3%b6lle-heilige-nacht-das-st-p%c3%b6ltner-krippenspiel\/#breadcrumb\",\"itemListElement\":[{\"@type\":\"ListItem\",\"position\":1,\"name\":\"Home\",\"item\":\"https:\/\/discover-culture.com\/\"},{\"@type\":\"ListItem\",\"position\":2,\"name\":\"Produkte\",\"item\":\"https:\/\/discover-culture.com\/de\/shop\/\"},{\"@type\":\"ListItem\",\"position\":3,\"name\":\"Himmel, H\u00f6lle &#038; Heilige Nacht. Das St. P\u00f6ltner Krippenspiel\"}]},{\"@type\":\"WebSite\",\"@id\":\"https:\/\/discover-culture.com\/de\/#website\",\"url\":\"https:\/\/discover-culture.com\/de\/\",\"name\":\"Discover-Culture\",\"description\":\"\",\"potentialAction\":[{\"@type\":\"SearchAction\",\"target\":{\"@type\":\"EntryPoint\",\"urlTemplate\":\"https:\/\/discover-culture.com\/de\/?s={search_term_string}\"},\"query-input\":{\"@type\":\"PropertyValueSpecification\",\"valueRequired\":true,\"valueName\":\"search_term_string\"}}],\"inLanguage\":\"zh-Hans\"}]}<\/script>\n<!-- \/ Yoast SEO Premium plugin. -->","yoast_head_json":{"title":"\u5929\u5802\u3001\u5730\u72f1\u548c\u5723\u591c\u3002\u5723\u6ce2\u5c14\u6ed5\u7684\u8036\u7a23\u8bde\u751f\u5267 - \u6587\u5316\u63a2\u7d22","description":"\u5728\u6b64\u67e5\u627e\u6709\u5173\u4ea7\u54c1\u5929\u5802\u3001\u5730\u72f1\u548c\u5723\u591c\u7684\u6240\u6709\u4fe1\u606f\u3002\u5723\u6ce2\u5c14\u6ed5\u8036\u7a23\u8bde\u751f\u5267\uff0c\u8fdb\u5165\u827a\u672f\u4e0e\u6587\u5316\u7684\u65b0\u4e16\u754c\uff01","robots":{"index":"index","follow":"follow","max-snippet":"max-snippet:-1","max-image-preview":"max-image-preview:large","max-video-preview":"max-video-preview:-1"},"canonical":"https:\/\/discover-culture.com\/ch\/partner\/museum-am-dom\/touren\/himmel-h\u00f6lle-heilige-nacht-das-st-p\u00f6ltner-krippenspiel\/","og_locale":"zh_CN","og_type":"article","og_title":"Himmel, H\u00f6lle & Heilige Nacht. Das St. P\u00f6ltner Krippenspiel","og_description":"Finden Sie hier alle Informationen zum Produkt Himmel, H\u00f6lle & Heilige Nacht. Das St. P\u00f6ltner Krippenspiel und betreten Sie die neue Welt von Kunst und Kultur!","og_url":"https:\/\/discover-culture.com\/ch\/partner\/museum-am-dom\/touren\/himmel-h\u00f6lle-heilige-nacht-das-st-p\u00f6ltner-krippenspiel\/","og_site_name":"Discover-Culture","article_modified_time":"2026-03-18T08:54:17+00:00","og_image":[{"width":1900,"height":1317,"url":"https:\/\/discover-culture.com\/wp-content\/uploads\/Startbild_Krippe.jpg","type":"image\/jpeg"}],"twitter_card":"summary_large_image","twitter_misc":{"\u9884\u8ba1\u9605\u8bfb\u65f6\u95f4":"1 \u5206"},"schema":{"@context":"https:\/\/schema.org","@graph":[{"@type":"WebPage","@id":"https:\/\/discover-culture.com\/partner\/museum-am-dom\/touren\/himmel-h%c3%b6lle-heilige-nacht-das-st-p%c3%b6ltner-krippenspiel\/","url":"https:\/\/discover-culture.com\/partner\/museum-am-dom\/touren\/himmel-h%c3%b6lle-heilige-nacht-das-st-p%c3%b6ltner-krippenspiel\/","name":"\u5929\u5802\u3001\u5730\u72f1\u548c\u5723\u591c\u3002\u5723\u6ce2\u5c14\u6ed5\u7684\u8036\u7a23\u8bde\u751f\u5267 - \u6587\u5316\u63a2\u7d22","isPartOf":{"@id":"https:\/\/discover-culture.com\/de\/#website"},"primaryImageOfPage":{"@id":"https:\/\/discover-culture.com\/partner\/museum-am-dom\/touren\/himmel-h%c3%b6lle-heilige-nacht-das-st-p%c3%b6ltner-krippenspiel\/#primaryimage"},"image":{"@id":"https:\/\/discover-culture.com\/partner\/museum-am-dom\/touren\/himmel-h%c3%b6lle-heilige-nacht-das-st-p%c3%b6ltner-krippenspiel\/#primaryimage"},"thumbnailUrl":"https:\/\/discover-culture.com\/wp-content\/uploads\/Startbild_Krippe.jpg","datePublished":"2026-03-05T07:53:36+00:00","dateModified":"2026-03-18T08:54:17+00:00","description":"\u5728\u6b64\u67e5\u627e\u6709\u5173\u4ea7\u54c1\u5929\u5802\u3001\u5730\u72f1\u548c\u5723\u591c\u7684\u6240\u6709\u4fe1\u606f\u3002\u5723\u6ce2\u5c14\u6ed5\u8036\u7a23\u8bde\u751f\u5267\uff0c\u8fdb\u5165\u827a\u672f\u4e0e\u6587\u5316\u7684\u65b0\u4e16\u754c\uff01","breadcrumb":{"@id":"https:\/\/discover-culture.com\/partner\/museum-am-dom\/touren\/himmel-h%c3%b6lle-heilige-nacht-das-st-p%c3%b6ltner-krippenspiel\/#breadcrumb"},"inLanguage":"zh-Hans","potentialAction":[{"@type":"ReadAction","target":["https:\/\/discover-culture.com\/partner\/museum-am-dom\/touren\/himmel-h%c3%b6lle-heilige-nacht-das-st-p%c3%b6ltner-krippenspiel\/"]}]},{"@type":"ImageObject","inLanguage":"zh-Hans","@id":"https:\/\/discover-culture.com\/partner\/museum-am-dom\/touren\/himmel-h%c3%b6lle-heilige-nacht-das-st-p%c3%b6ltner-krippenspiel\/#primaryimage","url":"https:\/\/discover-culture.com\/wp-content\/uploads\/Startbild_Krippe.jpg","contentUrl":"https:\/\/discover-culture.com\/wp-content\/uploads\/Startbild_Krippe.jpg","width":1900,"height":1317,"caption":"Startbild Krippe"},{"@type":"BreadcrumbList","@id":"https:\/\/discover-culture.com\/partner\/museum-am-dom\/touren\/himmel-h%c3%b6lle-heilige-nacht-das-st-p%c3%b6ltner-krippenspiel\/#breadcrumb","itemListElement":[{"@type":"ListItem","position":1,"name":"Home","item":"https:\/\/discover-culture.com\/"},{"@type":"ListItem","position":2,"name":"Produkte","item":"https:\/\/discover-culture.com\/de\/shop\/"},{"@type":"ListItem","position":3,"name":"Himmel, H\u00f6lle &#038; Heilige Nacht. Das St. P\u00f6ltner Krippenspiel"}]},{"@type":"WebSite","@id":"https:\/\/discover-culture.com\/de\/#website","url":"https:\/\/discover-culture.com\/de\/","name":"\u53d1\u73b0-\u6587\u5316","description":"","potentialAction":[{"@type":"SearchAction","target":{"@type":"EntryPoint","urlTemplate":"https:\/\/discover-culture.com\/de\/?s={search_term_string}"},"query-input":{"@type":"PropertyValueSpecification","valueRequired":true,"valueName":"search_term_string"}}],"inLanguage":"zh-Hans"}]}},"_links":{"self":[{"href":"https:\/\/discover-culture.com\/ch\/wp-json\/wp\/v2\/product\/7760","targetHints":{"allow":["GET"]}}],"collection":[{"href":"https:\/\/discover-culture.com\/ch\/wp-json\/wp\/v2\/product"}],"about":[{"href":"https:\/\/discover-culture.com\/ch\/wp-json\/wp\/v2\/types\/product"}],"wp:featuredmedia":[{"embeddable":true,"href":"https:\/\/discover-culture.com\/ch\/wp-json\/wp\/v2\/media\/7781"}],"wp:attachment":[{"href":"https:\/\/discover-culture.com\/ch\/wp-json\/wp\/v2\/media?parent=7760"}],"wp:term":[{"taxonomy":"product_brand","embeddable":true,"href":"https:\/\/discover-culture.com\/ch\/wp-json\/wp\/v2\/product_brand?post=7760"},{"taxonomy":"product_cat","embeddable":true,"href":"https:\/\/discover-culture.com\/ch\/wp-json\/wp\/v2\/product_cat?post=7760"},{"taxonomy":"product_tag","embeddable":true,"href":"https:\/\/discover-culture.com\/ch\/wp-json\/wp\/v2\/product_tag?post=7760"}],"curies":[{"name":"wp","href":"https:\/\/api.w.org\/{rel}","templated":true}]}}