{"id":704,"date":"2021-06-24T10:37:33","date_gmt":"2021-06-24T08:37:33","guid":{"rendered":"https:\/\/discover-culture.com\/partner\/\/touren\/"},"modified":"2023-04-14T11:25:08","modified_gmt":"2023-04-14T09:25:08","slug":"daniel-spoerri-der-k%c3%bcnstler-im-gespr%c3%a4ch","status":"publish","type":"product","link":"https:\/\/discover-culture.com\/partner\/bank-austria-kunstforum-wien\/touren\/daniel-spoerri-der-k%c3%bcnstler-im-gespr%c3%a4ch","title":{"rendered":"\u4e39\u5c3c\u5c14-\u65af\u6ce2\u5c14\u91cc\uff0c\u5bf9\u8bdd\u4e2d\u7684\u827a\u672f\u5bb6"},"content":{"rendered":"<section id='lightpress__section--block_3e01eedf9468c7166d3621ef2e3626c6' class='lightpress__section lightpress__section--content'><div class=\"content__grid content__grid--fifty-fifty\">\n    <div class=\"content__box content__box\">\n                                                        <h3 class=\"text-image__heading\">\"\u628a\u751f\u6d3b\u8bbe\u8ba1\u6210\u4e00\u4ef6\u827a\u672f\u54c1\uff0c\u5728\u6211\u770b\u6765\u662f\u4eba\u751f\u4e2d\u76f8\u5f53\u4e0d\u9519\u7684\u804c\u4e1a\"\uff08\u4e39\u5c3c\u5c14-\u65af\u6ce2\u5c14\u91cc\uff09\u3002<\/h3>\n<div class=\"text-image__excerpt\">\n<p>\u7b2c\u4e8c\u6b21\u73b0\u573a\u5bfc\u89c8\u5c55\u89c8\u00a0<em>\u4e39\u5c3c\u5c14-\u65af\u6ce2\u5c14\u91cc<\/em>\u00a0\u8ba9\u4f60\u6709\u673a\u4f1a\u89c1\u5230\u827a\u672f\u5bb6\u672c\u4eba\u3002<\/p>\n<p><span class=\"text-image__excerpt--small\"><em>\u4e39\u5c3c\u5c14-\u65af\u6ce2\u5c14\u91cc<\/em>\uff0c\u00a9\u4e3d\u5854-\u7ebd\u66fc\uff08\u8be6\u7ec6\uff09\u3002<\/span><\/p>\n<\/div>\n\n                                        <\/div>\n            <div class=\"content__box content__box\">\n                                                                    <img decoding=\"async\" class=\"content__image\" src=\"https:\/\/discover-culture.com\/wp-content\/uploads\/Daniel_Spoerri-1.jpg\" alt=\"\u4e39\u5c3c\u5c14-\u65bd\u73c0\u91cc 1\" loading=\"lazy\">\n                                                        <\/div>\n    <\/div><\/section>\n\n<section id='lightpress__section--block_7390a2c0bb88716f037f15ed272cc121' class='lightpress__section lightpress__section--content'><div class=\"content__grid content__grid--fifty-fifty\">\n    <div class=\"content__box content__box\">\n                                                    <img decoding=\"async\" class=\"content__image\" src=\"https:\/\/discover-culture.com\/wp-content\/uploads\/Se-laisser-1.jpg\" alt=\"Se laisser 1\" loading=\"lazy\">\n                                        <\/div>\n            <div class=\"content__box content__box\">\n                                                                        <p>&nbsp;<\/p>\n<p>&nbsp;<\/p>\n<p>&nbsp;<\/p>\n<p>&nbsp;<\/p>\n<p>Daniel Spoerri--\u5728\u4e0e\u7b56\u5c55\u4ebaVeronika Rudorfer\u7684\u5bf9\u8bdd\u4e2d--\u5bf9\u4ed6\u7684\u4e16\u754c\u6253\u5f00\u4e86\u975e\u5e38\u4e2a\u4eba\u5316\u7684\u89c1\u89e3\uff0c\u5176\u4e2d\u827a\u672f\u548c\u65e5\u5e38\u751f\u6d3b\u4e4b\u95f4\u7684\u754c\u9650\u4f3c\u4e4e\u6a21\u7cca\u4e0d\u6e05\u3002<\/p>\n<p><span class=\"text-image__excerpt--small\">\u4e39\u5c3c\u5c14-\u65af\u6ce2\u5c14\u91cc\u00a0<em>\u628a\u8863\u670d\u653e\u5728\u684c\u5b50\u4e0a<\/em>1965\u5e74\uff0c\u7ec4\u5408\u753b\uff0c100 \u00d7 100 \u00d7 29\u5398\u7c73\uff0cBischofberger\u6536\u85cf\uff0cM\u00e4nnedorf-Zurich\uff0c\u745e\u58eb \u00a9 Daniel Spoerri and Bildrecht Vienna, 2021(\u8be6\u7ec6)<\/span><\/p>\n\n                                                        <\/div>\n    <\/div><\/section>\n\n<section id='lightpress__section--block_a3ae67b48c5a65788ee7d2df3c8bdcd9' class='lightpress__section lightpress__section--card-item-content'><div class=\"card-item\">\n  \n      <picture class=\"card-item__background-image\">\n      <source srcset=\"https:\/\/discover-culture.com\/wp-content\/uploads\/call_to_action_livestream.webp\" type=\"image\/webp\">\n      <source srcset=\"https:\/\/discover-culture.com\/wp-content\/uploads\/call_to_action_livestream.jpg\" type=\"image\/jpeg\">\n      <img decoding=\"async\" loading=\"lazy\" src=\"https:\/\/discover-culture.com\/wp-content\/uploads\/call_to_action_livestream.jpg\" alt=\"\u547c\u5401\u884c\u52a8\u76f4\u64ad\">\n    <\/picture>\n    <div id='lightpress__section--block_69ed49bd8a1ed' class='lightpress__section--content'><div class=\"content__grid content__grid\">\n    <div class=\"content__box content__box--one-hundred\">\n                                                        <p><a class=\"lcyd__button lcyd__button--arrow lcyd__button--light\" href=\"https:\/\/www.kunstforumwien.at\/\" target=\"_blank\" rel=\"noopener\">\u66f4\u591a\u4fe1\u606f<\/a><\/p>\n\n                                        <\/div>\n    <\/div><\/div>\n<\/div>\n<\/section>","protected":false},"excerpt":{"rendered":"<p>\u5728\u5bb6\u53c2\u52a0\u6211\u4eec\u7684\u73b0\u573a\u5bfc\u89c8\uff0c\u4f53\u9a8c\u5c55\u89c8\u00a0<em>\u4e39\u5c3c\u5c14-\u65af\u6ce2\u5c14\u91cc\u00a0<\/em>\u00a0(2021\u5e743\u670824\u65e5\u81f36\u670827\u65e5\uff09\u6bcf\u6b21\u90fd\u4f1a\u6709\u6240\u4e0d\u540c\uff1a\u5728\u73b0\u573a\u5de1\u6f14\u7684\u7b2c\u4e8c\u90e8\u5206\uff0c\u827a\u672f\u5bb6\u4e39\u5c3c\u5c14-\u65af\u6ce2\u5c14\u5229\u672c\u4eba\u4f1a\u6709\u53d1\u8a00\u6743\u3002<\/p>","protected":false},"featured_media":705,"template":"","meta":{"_acf_changed":false,"_relevanssi_hide_post":"","_relevanssi_hide_content":"","_relevanssi_pin_for_all":"","_relevanssi_pin_keywords":"","_relevanssi_unpin_keywords":"","_relevanssi_related_keywords":"","_relevanssi_related_include_ids":"","_relevanssi_related_exclude_ids":"","_relevanssi_related_no_append":"","_relevanssi_related_not_related":"","_relevanssi_related_posts":"3844,3848,3841,3845,3849","_relevanssi_noindex_reason":""},"product_brand":[],"product_cat":[21],"product_tag":[],"class_list":["product-available","product","first","instock","virtual","sold-individually","taxable","purchasable","product-type-simple"],"bundled_by":[],"bundle_stock_status":"instock","bundle_stock_quantity":null,"bundle_virtual":false,"bundle_layout":"","bundle_add_to_cart_form_location":"","bundle_editable_in_cart":false,"bundle_sold_individually_context":"","bundle_item_grouping":"","bundle_min_size":"","bundle_max_size":"","bundle_price":[],"bundled_items":[],"bundle_sell_ids":[],"acf":[],"yoast_head":"<!-- This site is optimized with the Yoast SEO Premium plugin v25.7.1 (Yoast SEO v26.8) - https:\/\/yoast.com\/product\/yoast-seo-premium-wordpress\/ -->\n<title>Daniel Spoerri, Der K\u00fcnstler im Gespr\u00e4ch - Discover-Culture<\/title>\n<meta name=\"description\" content=\"Finden Sie hier alle Informationen zum Produkt Daniel Spoerri, Der K\u00fcnstler im Gespr\u00e4ch und betreten Sie die neue Welt von Kunst und Kultur!\" \/>\n<meta name=\"robots\" content=\"index, follow, max-snippet:-1, max-image-preview:large, max-video-preview:-1\" \/>\n<link rel=\"canonical\" href=\"https:\/\/discover-culture.com\/ch\/partner\/bank-austria-kunstforum-wien\/touren\/daniel-spoerri-der-k\u00fcnstler-im-gespr\u00e4ch\/\" \/>\n<meta property=\"og:locale\" content=\"zh_CN\" \/>\n<meta property=\"og:type\" content=\"article\" \/>\n<meta property=\"og:title\" content=\"Daniel Spoerri, Der K\u00fcnstler im Gespr\u00e4ch\" \/>\n<meta property=\"og:description\" content=\"Finden Sie hier alle Informationen zum Produkt Daniel Spoerri, Der K\u00fcnstler im Gespr\u00e4ch und betreten Sie die neue Welt von Kunst und Kultur!\" \/>\n<meta property=\"og:url\" content=\"https:\/\/discover-culture.com\/ch\/partner\/bank-austria-kunstforum-wien\/touren\/daniel-spoerri-der-k\u00fcnstler-im-gespr\u00e4ch\/\" \/>\n<meta property=\"og:site_name\" content=\"Discover-Culture\" \/>\n<meta property=\"article:modified_time\" content=\"2023-04-14T09:25:08+00:00\" \/>\n<meta property=\"og:image\" content=\"https:\/\/discover-culture.com\/wp-content\/uploads\/Daniel_Spoerri.jpeg\" \/>\n\t<meta property=\"og:image:width\" content=\"1095\" \/>\n\t<meta property=\"og:image:height\" content=\"731\" \/>\n\t<meta property=\"og:image:type\" content=\"image\/jpeg\" \/>\n<meta name=\"twitter:card\" content=\"summary_large_image\" \/>\n<script type=\"application\/ld+json\" class=\"yoast-schema-graph\">{\"@context\":\"https:\/\/schema.org\",\"@graph\":[{\"@type\":\"WebPage\",\"@id\":\"https:\/\/discover-culture.com\/partner\/bank-austria-kunstforum-wien\/touren\/daniel-spoerri-der-k%c3%bcnstler-im-gespr%c3%a4ch\/\",\"url\":\"https:\/\/discover-culture.com\/partner\/bank-austria-kunstforum-wien\/touren\/daniel-spoerri-der-k%c3%bcnstler-im-gespr%c3%a4ch\/\",\"name\":\"Daniel Spoerri, Der K\u00fcnstler im Gespr\u00e4ch - Discover-Culture\",\"isPartOf\":{\"@id\":\"https:\/\/discover-culture.com\/de\/#website\"},\"primaryImageOfPage\":{\"@id\":\"https:\/\/discover-culture.com\/partner\/bank-austria-kunstforum-wien\/touren\/daniel-spoerri-der-k%c3%bcnstler-im-gespr%c3%a4ch\/#primaryimage\"},\"image\":{\"@id\":\"https:\/\/discover-culture.com\/partner\/bank-austria-kunstforum-wien\/touren\/daniel-spoerri-der-k%c3%bcnstler-im-gespr%c3%a4ch\/#primaryimage\"},\"thumbnailUrl\":\"https:\/\/discover-culture.com\/wp-content\/uploads\/Daniel_Spoerri.jpeg\",\"datePublished\":\"2021-06-24T08:37:33+00:00\",\"dateModified\":\"2023-04-14T09:25:08+00:00\",\"description\":\"Finden Sie hier alle Informationen zum Produkt Daniel Spoerri, Der K\u00fcnstler im Gespr\u00e4ch und betreten Sie die neue Welt von Kunst und Kultur!\",\"breadcrumb\":{\"@id\":\"https:\/\/discover-culture.com\/partner\/bank-austria-kunstforum-wien\/touren\/daniel-spoerri-der-k%c3%bcnstler-im-gespr%c3%a4ch\/#breadcrumb\"},\"inLanguage\":\"zh-Hans\",\"potentialAction\":[{\"@type\":\"ReadAction\",\"target\":[\"https:\/\/discover-culture.com\/partner\/bank-austria-kunstforum-wien\/touren\/daniel-spoerri-der-k%c3%bcnstler-im-gespr%c3%a4ch\/\"]}]},{\"@type\":\"ImageObject\",\"inLanguage\":\"zh-Hans\",\"@id\":\"https:\/\/discover-culture.com\/partner\/bank-austria-kunstforum-wien\/touren\/daniel-spoerri-der-k%c3%bcnstler-im-gespr%c3%a4ch\/#primaryimage\",\"url\":\"https:\/\/discover-culture.com\/wp-content\/uploads\/Daniel_Spoerri.jpeg\",\"contentUrl\":\"https:\/\/discover-culture.com\/wp-content\/uploads\/Daniel_Spoerri.jpeg\",\"width\":1095,\"height\":731,\"caption\":\"Daniel Spoerri\"},{\"@type\":\"BreadcrumbList\",\"@id\":\"https:\/\/discover-culture.com\/partner\/bank-austria-kunstforum-wien\/touren\/daniel-spoerri-der-k%c3%bcnstler-im-gespr%c3%a4ch\/#breadcrumb\",\"itemListElement\":[{\"@type\":\"ListItem\",\"position\":1,\"name\":\"Home\",\"item\":\"https:\/\/discover-culture.com\/\"},{\"@type\":\"ListItem\",\"position\":2,\"name\":\"Produkte\",\"item\":\"https:\/\/discover-culture.com\/de\/shop\/\"},{\"@type\":\"ListItem\",\"position\":3,\"name\":\"Daniel Spoerri, Der K\u00fcnstler im Gespr\u00e4ch\"}]},{\"@type\":\"WebSite\",\"@id\":\"https:\/\/discover-culture.com\/de\/#website\",\"url\":\"https:\/\/discover-culture.com\/de\/\",\"name\":\"Discover-Culture\",\"description\":\"\",\"potentialAction\":[{\"@type\":\"SearchAction\",\"target\":{\"@type\":\"EntryPoint\",\"urlTemplate\":\"https:\/\/discover-culture.com\/de\/?s={search_term_string}\"},\"query-input\":{\"@type\":\"PropertyValueSpecification\",\"valueRequired\":true,\"valueName\":\"search_term_string\"}}],\"inLanguage\":\"zh-Hans\"}]}<\/script>\n<!-- \/ Yoast SEO Premium plugin. -->","yoast_head_json":{"title":"\u4e39\u5c3c\u5c14-\u65bd\u73c0\u91cc\uff0c\u827a\u672f\u5bb6\u5bf9\u8bdd - \u6587\u5316\u53d1\u73b0","description":"\u5728\u6b64\u67e5\u627e\u6709\u5173\u4ea7\u54c1 Daniel Spoerri, The Artist in Conversation \u7684\u6240\u6709\u4fe1\u606f\uff0c\u8fdb\u5165\u827a\u672f\u548c\u6587\u5316\u7684\u65b0\u4e16\u754c\uff01","robots":{"index":"index","follow":"follow","max-snippet":"max-snippet:-1","max-image-preview":"max-image-preview:large","max-video-preview":"max-video-preview:-1"},"canonical":"https:\/\/discover-culture.com\/ch\/partner\/bank-austria-kunstforum-wien\/touren\/daniel-spoerri-der-k\u00fcnstler-im-gespr\u00e4ch\/","og_locale":"zh_CN","og_type":"article","og_title":"Daniel Spoerri, Der K\u00fcnstler im Gespr\u00e4ch","og_description":"Finden Sie hier alle Informationen zum Produkt Daniel Spoerri, Der K\u00fcnstler im Gespr\u00e4ch und betreten Sie die neue Welt von Kunst und Kultur!","og_url":"https:\/\/discover-culture.com\/ch\/partner\/bank-austria-kunstforum-wien\/touren\/daniel-spoerri-der-k\u00fcnstler-im-gespr\u00e4ch\/","og_site_name":"Discover-Culture","article_modified_time":"2023-04-14T09:25:08+00:00","og_image":[{"width":1095,"height":731,"url":"https:\/\/discover-culture.com\/wp-content\/uploads\/Daniel_Spoerri.jpeg","type":"image\/jpeg"}],"twitter_card":"summary_large_image","schema":{"@context":"https:\/\/schema.org","@graph":[{"@type":"WebPage","@id":"https:\/\/discover-culture.com\/partner\/bank-austria-kunstforum-wien\/touren\/daniel-spoerri-der-k%c3%bcnstler-im-gespr%c3%a4ch\/","url":"https:\/\/discover-culture.com\/partner\/bank-austria-kunstforum-wien\/touren\/daniel-spoerri-der-k%c3%bcnstler-im-gespr%c3%a4ch\/","name":"\u4e39\u5c3c\u5c14-\u65bd\u73c0\u91cc\uff0c\u827a\u672f\u5bb6\u5bf9\u8bdd - \u6587\u5316\u53d1\u73b0","isPartOf":{"@id":"https:\/\/discover-culture.com\/de\/#website"},"primaryImageOfPage":{"@id":"https:\/\/discover-culture.com\/partner\/bank-austria-kunstforum-wien\/touren\/daniel-spoerri-der-k%c3%bcnstler-im-gespr%c3%a4ch\/#primaryimage"},"image":{"@id":"https:\/\/discover-culture.com\/partner\/bank-austria-kunstforum-wien\/touren\/daniel-spoerri-der-k%c3%bcnstler-im-gespr%c3%a4ch\/#primaryimage"},"thumbnailUrl":"https:\/\/discover-culture.com\/wp-content\/uploads\/Daniel_Spoerri.jpeg","datePublished":"2021-06-24T08:37:33+00:00","dateModified":"2023-04-14T09:25:08+00:00","description":"\u5728\u6b64\u67e5\u627e\u6709\u5173\u4ea7\u54c1 Daniel Spoerri, The Artist in Conversation \u7684\u6240\u6709\u4fe1\u606f\uff0c\u8fdb\u5165\u827a\u672f\u548c\u6587\u5316\u7684\u65b0\u4e16\u754c\uff01","breadcrumb":{"@id":"https:\/\/discover-culture.com\/partner\/bank-austria-kunstforum-wien\/touren\/daniel-spoerri-der-k%c3%bcnstler-im-gespr%c3%a4ch\/#breadcrumb"},"inLanguage":"zh-Hans","potentialAction":[{"@type":"ReadAction","target":["https:\/\/discover-culture.com\/partner\/bank-austria-kunstforum-wien\/touren\/daniel-spoerri-der-k%c3%bcnstler-im-gespr%c3%a4ch\/"]}]},{"@type":"ImageObject","inLanguage":"zh-Hans","@id":"https:\/\/discover-culture.com\/partner\/bank-austria-kunstforum-wien\/touren\/daniel-spoerri-der-k%c3%bcnstler-im-gespr%c3%a4ch\/#primaryimage","url":"https:\/\/discover-culture.com\/wp-content\/uploads\/Daniel_Spoerri.jpeg","contentUrl":"https:\/\/discover-culture.com\/wp-content\/uploads\/Daniel_Spoerri.jpeg","width":1095,"height":731,"caption":"Daniel Spoerri"},{"@type":"BreadcrumbList","@id":"https:\/\/discover-culture.com\/partner\/bank-austria-kunstforum-wien\/touren\/daniel-spoerri-der-k%c3%bcnstler-im-gespr%c3%a4ch\/#breadcrumb","itemListElement":[{"@type":"ListItem","position":1,"name":"Home","item":"https:\/\/discover-culture.com\/"},{"@type":"ListItem","position":2,"name":"Produkte","item":"https:\/\/discover-culture.com\/de\/shop\/"},{"@type":"ListItem","position":3,"name":"Daniel Spoerri, Der K\u00fcnstler im Gespr\u00e4ch"}]},{"@type":"WebSite","@id":"https:\/\/discover-culture.com\/de\/#website","url":"https:\/\/discover-culture.com\/de\/","name":"\u53d1\u73b0-\u6587\u5316","description":"","potentialAction":[{"@type":"SearchAction","target":{"@type":"EntryPoint","urlTemplate":"https:\/\/discover-culture.com\/de\/?s={search_term_string}"},"query-input":{"@type":"PropertyValueSpecification","valueRequired":true,"valueName":"search_term_string"}}],"inLanguage":"zh-Hans"}]}},"_links":{"self":[{"href":"https:\/\/discover-culture.com\/ch\/wp-json\/wp\/v2\/product\/704","targetHints":{"allow":["GET"]}}],"collection":[{"href":"https:\/\/discover-culture.com\/ch\/wp-json\/wp\/v2\/product"}],"about":[{"href":"https:\/\/discover-culture.com\/ch\/wp-json\/wp\/v2\/types\/product"}],"wp:featuredmedia":[{"embeddable":true,"href":"https:\/\/discover-culture.com\/ch\/wp-json\/wp\/v2\/media\/705"}],"wp:attachment":[{"href":"https:\/\/discover-culture.com\/ch\/wp-json\/wp\/v2\/media?parent=704"}],"wp:term":[{"taxonomy":"product_brand","embeddable":true,"href":"https:\/\/discover-culture.com\/ch\/wp-json\/wp\/v2\/product_brand?post=704"},{"taxonomy":"product_cat","embeddable":true,"href":"https:\/\/discover-culture.com\/ch\/wp-json\/wp\/v2\/product_cat?post=704"},{"taxonomy":"product_tag","embeddable":true,"href":"https:\/\/discover-culture.com\/ch\/wp-json\/wp\/v2\/product_tag?post=704"}],"curies":[{"name":"wp","href":"https:\/\/api.w.org\/{rel}","templated":true}]}}