{"id":3943,"date":"2021-07-20T16:27:24","date_gmt":"2021-07-20T14:27:24","guid":{"rendered":"https:\/\/discover-culture.com\/partner\/\/touren\/"},"modified":"2025-11-24T10:48:14","modified_gmt":"2025-11-24T08:48:14","slug":"maximilianr%c3%a4ume-und-erbauerr%c3%a4ume","status":"publish","type":"product","link":"https:\/\/discover-culture.com\/partner\/schloss-tratzberg\/touren\/maximilianr%c3%a4ume-und-erbauerr%c3%a4ume","title":{"rendered":"\u9a6c\u514b\u897f\u7c73\u5229\u5b89\u623f\u95f4\u548c\u5efa\u7b51\u5546\u7684\u623f\u95f4"},"content":{"rendered":"<section id='lightpress__section--block_462d9257558706a28e059c501fc04c5e' class='lightpress__section lightpress__section--content'><div class=\"content__grid content__grid\">\n    <div class=\"content__box content__box--one-hundred\">\n                                                        <p>\u8ddf\u968f\u57ce\u5821\u4e3b\u4eba\u4e4c\u5c14\u91cc\u5e0c-\u6208\u65af-\u6069\u5c91\u8d1d\u683c(Ulrich Goess-Enzenberg)\u4f2f\u7235\u7684\u811a\u6b65\uff0c\u8ffd\u5bfb\u6cf0\u6069\u5179\u5c14\u5bb6\u65cf\u7684\u8db3\u8ff9\u3002\u9a6c\u514b\u897f\u7c73\u5229\u5b89\u7687\u5e1d\u5c06\u7279\u62c9\u8328\u5821\u4f5c\u4e3a\u4e00\u4e2a\u72e9\u730e\u5c0f\u5c4b\u3002\u00a0\u00a0<\/p>\n<p>\u5728\u8fd9\u4e2a\u865a\u62df\u65c5\u6e38\u4e2d\uff0c\u4f53\u9a8c\u5386\u53f2\u4e0a\u7687\u5e1d\u7684\u79c1\u4eba\u623f\u95f4\u4ee5\u53ca\u6587\u827a\u590d\u5174\u65f6\u671f\u5bab\u6bbf\u7684\u5efa\u9020\u8005\u7684\u623f\u95f4\u3002<\/p>\n<p>\u00a0<\/p>\n\n                                        <\/div>\n    <\/div><\/section>\n\n<section id='lightpress__section--block_c04635f8ab928428721e15e9108d1a66' class='lightpress__section lightpress__section--content'><div class=\"content__grid content__grid--fifty-fifty\">\n    <div class=\"content__box content__box content__box--text-center\">\n                                                        <h3>\u00a0<\/h3>\n<h3>\u8ffd\u968f\u7687\u5e1d\u7684\u811a\u6b65<\/h3>\n<p>\u5728\u9a6c\u514b\u897f\u7c73\u5229\u5b89\u7687\u5e1d\u7684\u5ba2\u5385\u91cc\uff0c\u6728\u8d28\u5899\u677f\u4e0a\u539f\u6709\u7684\u7c89\u7b14\u88c5\u9970\u4ecd\u7136\u53cd\u6620\u51fa\uff0c\u9664\u5176\u4ed6\u5916\uff0c\u4ed6\u6700\u559c\u6b22\u7684\u8bf4\u6cd5\u3002<\/p>\n<p>\"\u6211\u8fd8\u6d3b\u7740\uff0c\u6211\u4e0d\u77e5\u9053\u8fd8\u6709\u591a\u4e45\u3002 <br \/>\u6211\u5feb\u6b7b\u4e86\uff0c\u6211\u4e0d\u77e5\u9053\u4ec0\u4e48\u65f6\u5019\u3002 <br \/>\u6211\u8981\u53bb\uff0c\u6211\u4e0d\u77e5\u9053\u53bb\u54ea\u91cc\u3002 <br \/>\u6211\u5f88\u60ca\u8bb6\u81ea\u5df1\u4f1a\u5982\u6b64\u5f00\u6717\u3002\" <\/p>\n<p>\u4e0e\u73b0\u4efb\u4e3b\u4eba\u4e4c\u5c14\u91cc\u5e0c-\u6208\u57c3\u65af-\u6069\u5c91\u8d1d\u683c\u4f2f\u7235\u672c\u4eba\u4e00\u8d77\u8fdb\u884c\u4e00\u6b21\u865a\u62df\u7684\u53d1\u73b0\u4e4b\u65c5\u3002<\/p>\n\n                                        <\/div>\n            <div class=\"content__box content__box\">\n                                                                    <img decoding=\"async\" class=\"content__image\" src=\"https:\/\/discover-culture.com\/wp-content\/uploads\/maximilianspruch-1.jpg\" alt=\"\u683c\u8a001\" loading=\"lazy\">\n                                                        <\/div>\n    <\/div><\/section>\n\n<section id='lightpress__section--block_86f3a03dc797c9a7bf1aeebd6224d639' class='lightpress__section lightpress__section--content'><div class=\"content__grid content__grid--fifty-fifty\">\n    <div class=\"content__box content__box\">\n                                                    <img decoding=\"async\" class=\"content__image\" src=\"https:\/\/discover-culture.com\/wp-content\/uploads\/ueberblick_erbaurraeume_web-1.png\" alt=\"\u5efa\u7b51\u5de5\u5730\u6982\u51b5 1\" loading=\"lazy\">\n                                        <\/div>\n            <div class=\"content__box content__box content__box--text-center\">\n                                                                        <h3>\u5173\u4e8e\u5efa\u8bbe\u8005\u7684\u623f\u95f4\u7684\u5386\u53f2<\/h3>\n<p>\u57281490\/91\u5e74\u7684\u51ac\u5929\uff0c\u57ce\u5821\u5b8c\u5168\u88ab\u70e7\u6bc1\u3002<\/p>\n<p>\u9a6c\u514b\u897f\u7c73\u5229\u5b89\u4e00\u4e16\u5c06\u5e9f\u589f\u4ea4\u7ed9\u4e86\u5bcc\u88d5\u7684\u65bd\u74e6\u8328\u5546\u4eba\u6cf0\u6069\u5179\u5c14\u5bb6\u65cf\uff0c\u4ed6\u4eec\u5c06\u4e1c\u4fa7\u3001\u5357\u4fa7\u548c\u897f\u4fa7\u7684\u90e8\u5206\u7ffc\u697c\u6309\u7167\u665a\u671f\u54e5\u7279\u5f0f\u98ce\u683c\u5efa\u9020\u3002<\/p>\n<p>\u4eca\u5929\uff0c\u5728\u5185\u9662\u4e1c\u5357\u89d2\u7684\u5927\u697c\u68af\u5854\u697c\u7684\u5165\u53e3\u5904\uff0c\u4ecd\u7136\u5370\u6709\u6cf0\u6069\u5179\u5c14\u7684\u7eb9\u7ae0\u3002 \u867d\u7136\u5b83\u5370\u67091500\u5e74\u7684\u65e5\u671f\uff0c\u4f46\u5b9e\u9645\u4e0a\u662f1502\u5e74\uff0c\u4e5f\u5c31\u662f\u9a6c\u514b\u897f\u7c73\u5229\u5b89\u5c06\u8be5\u5bb6\u65cf\u63d0\u5347\u4e3a\u8d35\u65cf\u7684\u90a3\u4e00\u5e74\u3002<\/p>\n\n                                                        <\/div>\n    <\/div><\/section>\n\n<section id='lightpress__section--block_a937fe10eb8c27559ca4a3fb836b6bcf' class='lightpress__section lightpress__section--content'><div class=\"content__grid content__grid\">\n    <div class=\"content__box content__box--two-thirds content__box--text-center\">\n                                                        <h3>\u00a0<\/h3>\n<h3>\u00a0<\/h3>\n<h3>\u79c1\u4eba\u65c5\u6e38<\/h3>\n<p>\u7279\u62c9\u8328\u8d1d\u683c\u57ce\u5821\u7684\u4e3b\u4eba\u4e4c\u5c14\u91cc\u5e0c-\u6208\u65af-\u6069\u5c91\u8d1d\u683c\u4f2f\u7235\u5c06\u5e26\u9886\u60a8\u4eb2\u81ea\u53c2\u89c2\u9a6c\u514b\u897f\u7c73\u5229\u5b89\u623f\u95f4\u548c\u7279\u62c9\u8328\u8d1d\u683c\u57ce\u5821\u7684\u623f\u95f4\u3002<\/p>\n\n                                        <\/div>\n            <div class=\"content__box content__box\">\n                                                                    <img decoding=\"async\" class=\"content__image\" src=\"https:\/\/discover-culture.com\/wp-content\/uploads\/Graf_Graefin_Innenhof_verkleinert.png\" alt=\"\u683c\u62c9\u82ac\u4f2f\u7235\uff0c\u7279\u62c9\u8328\u8d1d\u683c\u57ce\u5821\" loading=\"lazy\">\n                                                        <\/div>\n    <\/div><\/section>\n\n<section id='lightpress__section--block_6ecaa7ec7d49a5b82e475e0c743242a3' class='lightpress__section lightpress__section--content'><div class=\"content__grid content__grid\">\n    <div class=\"content__box content__box--one-hundred\">\n                                                        <h4>\u57ce\u5821\u73b0\u573a\u7279\u522b\u5bfc\u6e38<\/h4>\n<p>\u00a0<\/p>\n<p>\u00a0<\/p>\n<p>\u60a8\u8fd8\u53ef\u4ee5\u76f4\u63a5\u5728\u5bab\u6bbf\u5185\u53c2\u52a0\u5b9a\u671f\u7ec4\u7ec7\u7684\u7279\u522b\u6e38\u89c8\uff0c\u4f53\u9a8c\u9a6c\u514b\u897f\u7c73\u5229\u5b89\u5385\u3002. <br \/>\u5728\u73b0\u573a\uff0c\u60a8\u5c06\u83b7\u5f97\u7f51\u7edc\u7248\u4e2d\u6ca1\u6709\u7684\u72ec\u5bb6\u89c1\u89e3\u548c\u66f4\u591a\u80cc\u666f\u6545\u4e8b\u3002.<\/p>\n<p>\u60a8\u53ef\u4ee5\u5728<\/p>\n<p><a class=\"lcyd__button lcyd__button--animate lcyd__button--arrow lcyd__button--animate\" href=\"https:\/\/www.schloss-tratzberg.at\/\" target=\"_blank\" rel=\"noopener\">\u7279\u62c9\u8328\u8d1d\u683c\u57ce\u5821\u7f51\u7ad9<\/a><\/p>\n\n                                        <\/div>\n    <\/div><\/section>\n\n<section id='lightpress__section--block_c4c31cd625de0ba36f1810b5cc9802ec' class='lightpress__section--full-width lightpress__section lightpress__section--section-add-to-cart'><\/section>","protected":false},"excerpt":{"rendered":"<p>\u9a6c\u514b\u897f\u7c73\u5229\u5b89\u623f\u95f4\u548c\u5efa\u7b51\u5de5\u4eba\u7684\u623f\u95f4\uff0c\u7279\u62c9\u8328\u5821\u57ce\u5821<\/p>","protected":false},"featured_media":3945,"template":"","meta":{"_acf_changed":true,"_relevanssi_hide_post":"","_relevanssi_hide_content":"","_relevanssi_pin_for_all":"","_relevanssi_pin_keywords":"","_relevanssi_unpin_keywords":"","_relevanssi_related_keywords":"","_relevanssi_related_include_ids":"","_relevanssi_related_exclude_ids":"","_relevanssi_related_no_append":"","_relevanssi_related_not_related":"","_relevanssi_related_posts":"3848,3845,3849,3841,3844","_relevanssi_noindex_reason":""},"product_brand":[],"product_cat":[16],"product_tag":[],"class_list":["product-available","product","first","instock","virtual","sold-individually","taxable","purchasable","product-type-bundle"],"bundled_by":[],"bundle_stock_status":"instock","bundle_stock_quantity":"","bundle_virtual":false,"bundle_layout":"default","bundle_add_to_cart_form_location":"default","bundle_editable_in_cart":false,"bundle_sold_individually_context":"product","bundle_item_grouping":"parent","bundle_min_size":"","bundle_max_size":"","bundle_price":{"price":{"min":{"incl_tax":"4.99","excl_tax":"4.158333"},"max":{"incl_tax":"4.99","excl_tax":"4.158333"}},"regular_price":{"min":{"incl_tax":"4.99","excl_tax":"4.158333"},"max":{"incl_tax":"4.99","excl_tax":"4.158333"}}},"bundled_items":[{"bundled_item_id":1,"product_id":300,"menu_order":0,"quantity_min":1,"quantity_max":1,"quantity_default":1,"priced_individually":false,"shipped_individually":true,"override_title":false,"title":"\u5efa\u8bbe\u8005\u7684\u623f\u95f4","override_description":false,"description":"","optional":false,"hide_thumbnail":false,"discount":"","override_variations":false,"allowed_variations":[],"override_default_variation_attributes":false,"default_variation_attributes":[],"single_product_visibility":"visible","cart_visibility":"visible","order_visibility":"visible","single_product_price_visibility":"visible","cart_price_visibility":"visible","order_price_visibility":"visible","stock_status":"in_stock"},{"bundled_item_id":2,"product_id":306,"menu_order":1,"quantity_min":1,"quantity_max":1,"quantity_default":1,"priced_individually":false,"shipped_individually":true,"override_title":false,"title":"\u9a6c\u514b\u897f\u7c73\u5229\u5b89\u623f\u95f4","override_description":false,"description":"","optional":false,"hide_thumbnail":false,"discount":"","override_variations":false,"allowed_variations":[],"override_default_variation_attributes":false,"default_variation_attributes":[],"single_product_visibility":"visible","cart_visibility":"visible","order_visibility":"visible","single_product_price_visibility":"visible","cart_price_visibility":"visible","order_price_visibility":"visible","stock_status":"in_stock"}],"bundle_sell_ids":[],"acf":[],"yoast_head":"<!-- This site is optimized with the Yoast SEO Premium plugin v25.7.1 (Yoast SEO v26.8) - https:\/\/yoast.com\/product\/yoast-seo-premium-wordpress\/ -->\n<title>Maximilianr\u00e4ume und Erbauerr\u00e4ume - Discover-Culture<\/title>\n<meta name=\"description\" content=\"Finden Sie hier alle Informationen zum Produkt Maximilianr\u00e4ume und Erbauerr\u00e4ume und betreten Sie die neue Welt von Kunst und Kultur!\" \/>\n<meta name=\"robots\" content=\"index, follow, max-snippet:-1, max-image-preview:large, max-video-preview:-1\" \/>\n<link rel=\"canonical\" href=\"https:\/\/discover-culture.com\/ch\/partner\/schloss-tratzberg\/touren\/maximilianr\u00e4ume-und-erbauerr\u00e4ume\/\" \/>\n<meta property=\"og:locale\" content=\"zh_CN\" \/>\n<meta property=\"og:type\" content=\"article\" \/>\n<meta property=\"og:title\" content=\"Maximilianr\u00e4ume und Erbauerr\u00e4ume\" \/>\n<meta property=\"og:description\" content=\"Finden Sie hier alle Informationen zum Produkt Maximilianr\u00e4ume und Erbauerr\u00e4ume und betreten Sie die neue Welt von Kunst und Kultur!\" \/>\n<meta property=\"og:url\" content=\"https:\/\/discover-culture.com\/ch\/partner\/schloss-tratzberg\/touren\/maximilianr\u00e4ume-und-erbauerr\u00e4ume\/\" \/>\n<meta property=\"og:site_name\" content=\"Discover-Culture\" \/>\n<meta property=\"article:modified_time\" content=\"2025-11-24T08:48:14+00:00\" \/>\n<meta property=\"og:image\" content=\"https:\/\/discover-culture.com\/wp-content\/uploads\/maximilianraum2-1.jpg\" \/>\n\t<meta property=\"og:image:width\" content=\"2160\" \/>\n\t<meta property=\"og:image:height\" content=\"1440\" \/>\n\t<meta property=\"og:image:type\" content=\"image\/jpeg\" \/>\n<meta name=\"twitter:card\" content=\"summary_large_image\" \/>\n<meta name=\"twitter:label1\" content=\"\u9884\u8ba1\u9605\u8bfb\u65f6\u95f4\" \/>\n\t<meta name=\"twitter:data1\" content=\"1 \u5206\" \/>\n<script type=\"application\/ld+json\" class=\"yoast-schema-graph\">{\"@context\":\"https:\/\/schema.org\",\"@graph\":[{\"@type\":\"WebPage\",\"@id\":\"https:\/\/discover-culture.com\/partner\/schloss-tratzberg\/touren\/maximilianr%c3%a4ume-und-erbauerr%c3%a4ume\/\",\"url\":\"https:\/\/discover-culture.com\/partner\/schloss-tratzberg\/touren\/maximilianr%c3%a4ume-und-erbauerr%c3%a4ume\/\",\"name\":\"Maximilianr\u00e4ume und Erbauerr\u00e4ume - Discover-Culture\",\"isPartOf\":{\"@id\":\"https:\/\/discover-culture.com\/de\/#website\"},\"primaryImageOfPage\":{\"@id\":\"https:\/\/discover-culture.com\/partner\/schloss-tratzberg\/touren\/maximilianr%c3%a4ume-und-erbauerr%c3%a4ume\/#primaryimage\"},\"image\":{\"@id\":\"https:\/\/discover-culture.com\/partner\/schloss-tratzberg\/touren\/maximilianr%c3%a4ume-und-erbauerr%c3%a4ume\/#primaryimage\"},\"thumbnailUrl\":\"https:\/\/discover-culture.com\/wp-content\/uploads\/maximilianraum2-1.jpg\",\"datePublished\":\"2021-07-20T14:27:24+00:00\",\"dateModified\":\"2025-11-24T08:48:14+00:00\",\"description\":\"Finden Sie hier alle Informationen zum Produkt Maximilianr\u00e4ume und Erbauerr\u00e4ume und betreten Sie die neue Welt von Kunst und Kultur!\",\"breadcrumb\":{\"@id\":\"https:\/\/discover-culture.com\/partner\/schloss-tratzberg\/touren\/maximilianr%c3%a4ume-und-erbauerr%c3%a4ume\/#breadcrumb\"},\"inLanguage\":\"zh-Hans\",\"potentialAction\":[{\"@type\":\"ReadAction\",\"target\":[\"https:\/\/discover-culture.com\/partner\/schloss-tratzberg\/touren\/maximilianr%c3%a4ume-und-erbauerr%c3%a4ume\/\"]}]},{\"@type\":\"ImageObject\",\"inLanguage\":\"zh-Hans\",\"@id\":\"https:\/\/discover-culture.com\/partner\/schloss-tratzberg\/touren\/maximilianr%c3%a4ume-und-erbauerr%c3%a4ume\/#primaryimage\",\"url\":\"https:\/\/discover-culture.com\/wp-content\/uploads\/maximilianraum2-1.jpg\",\"contentUrl\":\"https:\/\/discover-culture.com\/wp-content\/uploads\/maximilianraum2-1.jpg\",\"width\":2160,\"height\":1440,\"caption\":\"maximilianraum2 1\"},{\"@type\":\"BreadcrumbList\",\"@id\":\"https:\/\/discover-culture.com\/partner\/schloss-tratzberg\/touren\/maximilianr%c3%a4ume-und-erbauerr%c3%a4ume\/#breadcrumb\",\"itemListElement\":[{\"@type\":\"ListItem\",\"position\":1,\"name\":\"Home\",\"item\":\"https:\/\/discover-culture.com\/\"},{\"@type\":\"ListItem\",\"position\":2,\"name\":\"Produkte\",\"item\":\"https:\/\/discover-culture.com\/de\/shop\/\"},{\"@type\":\"ListItem\",\"position\":3,\"name\":\"Maximilianr\u00e4ume und Erbauerr\u00e4ume\"}]},{\"@type\":\"WebSite\",\"@id\":\"https:\/\/discover-culture.com\/de\/#website\",\"url\":\"https:\/\/discover-culture.com\/de\/\",\"name\":\"Discover-Culture\",\"description\":\"\",\"potentialAction\":[{\"@type\":\"SearchAction\",\"target\":{\"@type\":\"EntryPoint\",\"urlTemplate\":\"https:\/\/discover-culture.com\/de\/?s={search_term_string}\"},\"query-input\":{\"@type\":\"PropertyValueSpecification\",\"valueRequired\":true,\"valueName\":\"search_term_string\"}}],\"inLanguage\":\"zh-Hans\"}]}<\/script>\n<!-- \/ Yoast SEO Premium plugin. -->","yoast_head_json":{"title":"\u9a6c\u514b\u897f\u7c73\u5229\u5b89\u5385\u548c\u5efa\u7b51\u8005\u5385 - \u6587\u5316\u53d1\u73b0","description":"\u5728\u8fd9\u91cc\uff0c\u60a8\u53ef\u4ee5\u627e\u5230\u6709\u5173\u9a6c\u514b\u897f\u7c73\u5229\u5b89\u623f\u95f4\u548c\u5efa\u9020\u8005\u623f\u95f4\u4ea7\u54c1\u7684\u6240\u6709\u4fe1\u606f\uff0c\u8fdb\u5165\u827a\u672f\u548c\u6587\u5316\u7684\u65b0\u4e16\u754c\uff01","robots":{"index":"index","follow":"follow","max-snippet":"max-snippet:-1","max-image-preview":"max-image-preview:large","max-video-preview":"max-video-preview:-1"},"canonical":"https:\/\/discover-culture.com\/ch\/partner\/schloss-tratzberg\/touren\/maximilianr\u00e4ume-und-erbauerr\u00e4ume\/","og_locale":"zh_CN","og_type":"article","og_title":"Maximilianr\u00e4ume und Erbauerr\u00e4ume","og_description":"Finden Sie hier alle Informationen zum Produkt Maximilianr\u00e4ume und Erbauerr\u00e4ume und betreten Sie die neue Welt von Kunst und Kultur!","og_url":"https:\/\/discover-culture.com\/ch\/partner\/schloss-tratzberg\/touren\/maximilianr\u00e4ume-und-erbauerr\u00e4ume\/","og_site_name":"Discover-Culture","article_modified_time":"2025-11-24T08:48:14+00:00","og_image":[{"width":2160,"height":1440,"url":"https:\/\/discover-culture.com\/wp-content\/uploads\/maximilianraum2-1.jpg","type":"image\/jpeg"}],"twitter_card":"summary_large_image","twitter_misc":{"\u9884\u8ba1\u9605\u8bfb\u65f6\u95f4":"1 \u5206"},"schema":{"@context":"https:\/\/schema.org","@graph":[{"@type":"WebPage","@id":"https:\/\/discover-culture.com\/partner\/schloss-tratzberg\/touren\/maximilianr%c3%a4ume-und-erbauerr%c3%a4ume\/","url":"https:\/\/discover-culture.com\/partner\/schloss-tratzberg\/touren\/maximilianr%c3%a4ume-und-erbauerr%c3%a4ume\/","name":"\u9a6c\u514b\u897f\u7c73\u5229\u5b89\u5385\u548c\u5efa\u7b51\u8005\u5385 - \u6587\u5316\u53d1\u73b0","isPartOf":{"@id":"https:\/\/discover-culture.com\/de\/#website"},"primaryImageOfPage":{"@id":"https:\/\/discover-culture.com\/partner\/schloss-tratzberg\/touren\/maximilianr%c3%a4ume-und-erbauerr%c3%a4ume\/#primaryimage"},"image":{"@id":"https:\/\/discover-culture.com\/partner\/schloss-tratzberg\/touren\/maximilianr%c3%a4ume-und-erbauerr%c3%a4ume\/#primaryimage"},"thumbnailUrl":"https:\/\/discover-culture.com\/wp-content\/uploads\/maximilianraum2-1.jpg","datePublished":"2021-07-20T14:27:24+00:00","dateModified":"2025-11-24T08:48:14+00:00","description":"\u5728\u8fd9\u91cc\uff0c\u60a8\u53ef\u4ee5\u627e\u5230\u6709\u5173\u9a6c\u514b\u897f\u7c73\u5229\u5b89\u623f\u95f4\u548c\u5efa\u9020\u8005\u623f\u95f4\u4ea7\u54c1\u7684\u6240\u6709\u4fe1\u606f\uff0c\u8fdb\u5165\u827a\u672f\u548c\u6587\u5316\u7684\u65b0\u4e16\u754c\uff01","breadcrumb":{"@id":"https:\/\/discover-culture.com\/partner\/schloss-tratzberg\/touren\/maximilianr%c3%a4ume-und-erbauerr%c3%a4ume\/#breadcrumb"},"inLanguage":"zh-Hans","potentialAction":[{"@type":"ReadAction","target":["https:\/\/discover-culture.com\/partner\/schloss-tratzberg\/touren\/maximilianr%c3%a4ume-und-erbauerr%c3%a4ume\/"]}]},{"@type":"ImageObject","inLanguage":"zh-Hans","@id":"https:\/\/discover-culture.com\/partner\/schloss-tratzberg\/touren\/maximilianr%c3%a4ume-und-erbauerr%c3%a4ume\/#primaryimage","url":"https:\/\/discover-culture.com\/wp-content\/uploads\/maximilianraum2-1.jpg","contentUrl":"https:\/\/discover-culture.com\/wp-content\/uploads\/maximilianraum2-1.jpg","width":2160,"height":1440,"caption":"maximilianraum2 1"},{"@type":"BreadcrumbList","@id":"https:\/\/discover-culture.com\/partner\/schloss-tratzberg\/touren\/maximilianr%c3%a4ume-und-erbauerr%c3%a4ume\/#breadcrumb","itemListElement":[{"@type":"ListItem","position":1,"name":"Home","item":"https:\/\/discover-culture.com\/"},{"@type":"ListItem","position":2,"name":"Produkte","item":"https:\/\/discover-culture.com\/de\/shop\/"},{"@type":"ListItem","position":3,"name":"Maximilianr\u00e4ume und Erbauerr\u00e4ume"}]},{"@type":"WebSite","@id":"https:\/\/discover-culture.com\/de\/#website","url":"https:\/\/discover-culture.com\/de\/","name":"\u53d1\u73b0-\u6587\u5316","description":"","potentialAction":[{"@type":"SearchAction","target":{"@type":"EntryPoint","urlTemplate":"https:\/\/discover-culture.com\/de\/?s={search_term_string}"},"query-input":{"@type":"PropertyValueSpecification","valueRequired":true,"valueName":"search_term_string"}}],"inLanguage":"zh-Hans"}]}},"_links":{"self":[{"href":"https:\/\/discover-culture.com\/ch\/wp-json\/wp\/v2\/product\/3943","targetHints":{"allow":["GET"]}}],"collection":[{"href":"https:\/\/discover-culture.com\/ch\/wp-json\/wp\/v2\/product"}],"about":[{"href":"https:\/\/discover-culture.com\/ch\/wp-json\/wp\/v2\/types\/product"}],"wp:featuredmedia":[{"embeddable":true,"href":"https:\/\/discover-culture.com\/ch\/wp-json\/wp\/v2\/media\/3945"}],"wp:attachment":[{"href":"https:\/\/discover-culture.com\/ch\/wp-json\/wp\/v2\/media?parent=3943"}],"wp:term":[{"taxonomy":"product_brand","embeddable":true,"href":"https:\/\/discover-culture.com\/ch\/wp-json\/wp\/v2\/product_brand?post=3943"},{"taxonomy":"product_cat","embeddable":true,"href":"https:\/\/discover-culture.com\/ch\/wp-json\/wp\/v2\/product_cat?post=3943"},{"taxonomy":"product_tag","embeddable":true,"href":"https:\/\/discover-culture.com\/ch\/wp-json\/wp\/v2\/product_tag?post=3943"}],"curies":[{"name":"wp","href":"https:\/\/api.w.org\/{rel}","templated":true}]}}