{"id":7433,"date":"2025-03-31T15:05:55","date_gmt":"2025-03-31T13:05:55","guid":{"rendered":"https:\/\/discover-culture.com\/?page_id=7433"},"modified":"2026-03-18T11:11:16","modified_gmt":"2026-03-18T09:11:16","slug":"foerdermoeglichkeiten","status":"publish","type":"page","link":"https:\/\/discover-culture.com\/ch\/foerdermoeglichkeiten\/","title":{"rendered":"\u7b79\u8d44\u673a\u4f1a"},"content":{"rendered":"<section id='lightpress__section--block_3f5781cbd826f058ec0db931a3a96217' class='lightpress__section lightpress__section--content-hero-new'><div class=\"hero-new\" x-init=\"initSplitting($el)\">\n  <div class=\"hero-new__inner\">\n    <div class=\"hero-new__content\">\n      <div class=\"hero-new__content--inner\">\n        <h1 class=\"hero-new__title\" data-splitting>\u827a\u672f\u548c\u6587\u5316\u7ec4\u7ec7\u7684\u8d44\u52a9\u673a\u4f1a<\/h1>\n                  <div class=\"hero-new__description\"><p>\u6570\u5b57\u5316\u4e3a\u6587\u5316\u673a\u6784\u63d0\u4f9b\u4e86\u83b7\u53d6\u5185\u5bb9\u3001\u6269\u5927\u53d7\u4f17\u548c\u521b\u9020\u521b\u65b0\u4f53\u9a8c\u7684\u65b0\u9014\u5f84\u3002<\/p>\n<p>\u00a0<\/p>\n<\/p>\n<p>\u8d44\u52a9\u8ba1\u5212\u4e3a\u4ee5\u53ef\u6301\u7eed\u7684\u65b9\u5f0f\u8fdb\u884c\u6570\u5b57\u5316\u8f6c\u578b\u63d0\u4f9b\u4e86\u5b9d\u8d35\u7684\u652f\u6301\u3002<\/p>\n<p>\u00a0<\/p>\n<p>\u5229\u7528\u8fd9\u6b21\u673a\u4f1a\uff0c\u4fdd\u62a4\u60a8\u7684\u6587\u5316\u9057\u4ea7\uff01<\/p>\n<\/div>\n                      <\/div>\n    <\/div>\n\n          <div class=\"atropos hero-new__media\" x-init=\"initHeroEffect($el)\">\n        <div class=\"atropos-scale\">\n          <div class=\"atropos-rotate\">\n            <div class=\"atropos-inner\">\n                            <img decoding=\"async\" class=\"hero-new__media--bg\" src=\"https:\/\/discover-culture.com\/wp-content\/uploads\/3d-raum-home.png\" alt=\"3d \u623f\u95f4\u9996\u9875\" data-atropos-offset=\"-3\"\/>\n\n                            <img decoding=\"async\" class=\"hero-new__media--fg\" src=\"https:\/\/discover-culture.com\/wp-content\/uploads\/besucherin-02.png\" alt=\"\u6e38\u5ba2 02\" data-atropos-offset=\"3\"\/>\n            <\/div>\n          <\/div>\n        <\/div>\n      <\/div>\n    \n  <\/div>\n<\/div><\/section>\n\n<section id='lightpress__section--block_6ea0c3738ad7d00335ee06cfbe5a9173' class='lightpress__section lightpress__section--spacer'><div style=\"width: 100%; max-width: var(--max-content-width); margin: 0 auto px;\">\n  <\/div><\/section>\n\n<section id='lightpress__section--block_fd8f9bdafc0685b88ff5aa802cf12fb5' class='lightpress__section lightpress__section--content'><div class=\"content__grid content__grid\">\n    <div class=\"content__box content__box--two-thirds content__box--text-center\">\n                                                        <h3>\u5965\u5730\u5229\u5dde\u535a\u7269\u9986\u8d44\u52a9\uff1a<\/h3>\n<h4>\u91cd\u65b0\u6784\u60f3\u535a\u7269\u9986\uff1a\u6570\u5b57\u4e16\u754c\u4e0e\u771f\u5b9e\u4f53\u9a8c\u4e4b\u95f4\u7684\u878d\u5408<\/p>\n<\/h4>\n<p>\u827a\u672f\u548c\u6587\u5316\u6d3b\u52a8\u4e5f\u5e94\u5728\u6570\u5b57\u7a7a\u95f4\u4e2d\u53ef\u89c1\u4e14\u6613\u4e8e\u8bbf\u95ee\uff0c\u4ee5\u5f00\u8f9f\u65b0\u7684\u6559\u80b2\u673a\u4f1a\uff0c\u5438\u5f15\u66f4\u591a\u7528\u6237\u7fa4\u4f53\uff0c\u5e76\u52a0\u5f3a\u5bf9\u771f\u5b9e\u6587\u5316\u4f53\u9a8c\u7684\u5174\u8da3\u3002.<\/p>\n<p>\u00a0<\/p>\n<p><a class=\"lcyd__button lcyd__button--animate lcyd__button--arrow lcyd__button--animate\" href=\"https:\/\/www.noemuseen.at\/museumsfoerderungen\/\" target=\"_blank\" rel=\"noopener\">\u535a\u7269\u9986\u8d44\u52a9\u4e0b\u5965\u5730\u5229\u5dde<\/a><\/p>\n\n                                        <\/div>\n            <div class=\"content__box content__box\">\n                                                                        <p><a href=\"https:\/\/www.noemuseen.at\/\" target=\"_blank\" rel=\"noopener\"><img decoding=\"async\" src=\"https:\/\/discover-culture.com\/wp-content\/uploads\/Logo_NOE_Museumsmanagement.jpg\" alt=\"\u5fbd\u6807 NOE \u535a\u7269\u9986\u7ba1\u7406\" width=\"333\" height=\"152\" \/><\/a><\/p>\n<h4>\u54a8\u8be2 \uff1a<\/h4>\n<p>Ulrike Vitovec <br \/>Petra Gartner-Steurer <\/p>\n<p><a href=\"https:\/\/www.noemuseen.at\/museumsfoerderungen\/\" target=\"_blank\" rel=\"noopener\">\u4e0b\u5965\u5730\u5229\u5dde\u535a\u7269\u9986\u7ba1\u7406\u6709\u9650\u516c\u53f8<\/a> <br \/>\u65b0\u8d6b\u5c14\u4f26\u8857 10 \u53f7 <br \/>3100 St. <\/p>\n<p><a class=\"lcyd__button lcyd__button--animate lcyd__button--arrow lcyd__button--animate\" href=\"mailto:foerderungen@noemuseen.at\" target=\"_blank\" rel=\"noopener\">foerderungen@noemuseen.at<\/a><\/p>\n\n                                                        <\/div>\n    <\/div><\/section>\n\n<section id='lightpress__section--block_acc274983765366de73be95ab0dacef3' class='lightpress__section lightpress__section--spacer'><div style=\"width: 100%; max-width: var(--max-content-width); margin: 0 auto 1px;\">\n      <hr>\n  <\/div><\/section>\n\n<section id='lightpress__section--block_71de0f747279f44fe1a2ecd64733fc21' class='lightpress__section lightpress__section--content'><div class=\"content__grid content__grid\">\n    <div class=\"content__box content__box--one-hundred\">\n                                                        <h3>\u5965\u5730\u5229\u7684\u6b27\u76df LEADER \u8d44\u52a9\u8ba1\u5212<\/h3>\n<p>\u81ea\u5965\u5730\u5229\u52a0\u5165\u6b27\u76df\u4ee5\u6765\uff0cLEADER \u4e00\u76f4\u5728\u652f\u6301\u5965\u5730\u5229\u5404\u5730\u533a\u7684\u79ef\u6781\u533a\u57df\u53d1\u5c55\u3002 <\/p>\n<p>LEADER \u4f7f\u4eba\u4eec\u80fd\u591f\u81ea\u5df1\u5229\u7528\u5f53\u5730\u7684\u53d1\u5c55\u6f5c\u529b\uff0c\u5e76\u901a\u8fc7\u9002\u5408\u672c\u5730\u533a\u7684\u4e3e\u63aa\u4fdd\u6301\u548c\u63d0\u9ad8\u751f\u6d3b\u8d28\u91cf\u3002<\/p>\n<p>\u5728 2023-2027 \u5e74\u8d44\u52a9\u671f\u5185\uff0c\u5df2\u6709 83 \u4e2a\u5730\u533a\u627f\u8bfa\u52a0\u5f3a\u519c\u6751\u5730\u533a\u3002\u00a0<\/p>\n<p><a class=\"lcyd__button lcyd__button--animate lcyd__button--arrow lcyd__button--animate\" href=\"https:\/\/www.zukunftsraumland.at\/themen\/leader\/\" target=\"_blank\" rel=\"noopener\">-&gt; \u66f4\u591a\u4fe1\u606f<\/a><\/p>\n\n                                        <\/div>\n    <\/div><\/section>\n\n<section id='lightpress__section--block_42447fe1a7a1e50a264b45ae1e6e474b' class='lightpress__section lightpress__section--spacer'><div style=\"width: 100%; max-width: var(--max-content-width); margin: 0 auto 2px;\">\n      <hr>\n  <\/div><\/section>\n\n<section id='lightpress__section--block_63d1cd34de43d92a428bbe8d2def63f1' class='lightpress__section lightpress__section--content'><div class=\"content__grid content__grid--fifty-fifty\">\n    <div class=\"content__box content__box\">\n                                                        <h4>\u6069\u65af\u5854\u5c14-\u5965\u65af\u9646\u9886\u5bfc\u533a\uff1a\u6587\u5316\u673a\u6784\u662f\u73b0\u5b9e\u4e0e\u6570\u5b57\u6587\u5316\u4f53\u9a8c\u4e4b\u95f4\u7684\u6865\u6881\u3002<\/h4>\n<p>\u6069\u65af\u7279\u5c14-\u5965\u65af\u9646\u9886\u5bfc\u533a\u652f\u6301 14 \u4e2a\u5730\u533a\u6587\u5316\u673a\u6784\u5c06\u5176\u5c55\u89c8\u865a\u62df\u5316\uff0c\u5e76\u5c06\u5176\u7eb3\u5165 \"\u53d1\u73b0\u6587\u5316 \"\u7f51\u7edc\u3002 <\/p>\n<p>\u8fd9\u4e00\u5f00\u521b\u6027\u9879\u76ee\u4e0d\u4ec5\u52a0\u5f3a\u4e86\u5355\u4e2a\u6587\u5316\u673a\u6784\u7684\u5b9e\u529b\uff0c\u8fd8\u5c06\u5b83\u4eec\u8fde\u63a5\u6210\u4e00\u4e2a\u5f3a\u5927\u7684\u6570\u5b57\u6587\u5316\u7f51\u7edc\u3002\u901a\u8fc7\u5c06\u73b0\u5b9e\u6587\u5316\u4f53\u9a8c\u4e0e\u6570\u5b57\u6587\u5316\u4f53\u9a8c\u76f8\u7ed3\u5408\uff0c\u5730\u533a\u6587\u5316\u7684\u672a\u6765\u5f97\u5230\u4e86\u4fdd\u969c\uff0c\u5e76\u4f7f\u66f4\u591a\u7684\u53d7\u4f17\u80fd\u591f\u63a5\u89e6\u5230\u5730\u533a\u6587\u5316\u3002 <\/p>\n<p>\u5728 \"\u9886\u5bfc\u8005 \"\u7684\u652f\u6301\u4e0b\uff0c\u8be5\u5730\u533a\u6b63\u5728\u5c55\u793a\u6587\u5316\u4f01\u4e1a\u5982\u4f55\u5229\u7528\u6570\u5b57\u5316\u5e26\u6765\u7684\u673a\u9047\u3002 <\/p>\n<p>\u53d1\u73b0\u6587\u5316 \"\u9080\u8bf7\u6240\u6709\u5965\u5730\u5229\u6587\u5316\u673a\u6784\u5efa\u7acb\u8054\u7cfb\uff0c\u5171\u540c\u63a2\u7d22\u6587\u5316\u8c03\u89e3\u7684\u65b0\u65b9\u5f0f\uff01 <\/p>\n<p>\ud83d\udc49 <a class=\"lcyd__button lcyd__button--animate lcyd__button--arrow lcyd__button--animate\" href=\"https:\/\/discover-culture.com\/ch\/kultur-regional\/\" target=\"_blank\" rel=\"noopener\">\u6587\u5316.\u533a\u57df.\u6570\u5b57<\/a><\/p>\n\n                                        <\/div>\n            <div class=\"content__box content__box\">\n                                                                    <img decoding=\"async\" class=\"content__image\" src=\"https:\/\/discover-culture.com\/wp-content\/uploads\/DC_Museen_Ennstal_Ausseerland_final.png\" alt=\"DC \u535a\u7269\u9986\u6069\u65af\u7279\u5c14-\u5965\u585e\u5170\u51b3\u8d5b\" loading=\"lazy\">\n                                                        <\/div>\n    <\/div><\/section>\n\n<section id='lightpress__section--block_acc274983765366de73be95ab0dacef3' class='lightpress__section lightpress__section--spacer'><div style=\"width: 100%; max-width: var(--max-content-width); margin: 0 auto 1px;\">\n      <hr>\n  <\/div><\/section>","protected":false},"excerpt":{"rendered":"","protected":false},"author":18,"featured_media":507,"parent":0,"menu_order":0,"comment_status":"closed","ping_status":"closed","template":"","meta":{"_acf_changed":false,"_relevanssi_hide_post":"","_relevanssi_hide_content":"","_relevanssi_pin_for_all":"","_relevanssi_pin_keywords":"","_relevanssi_unpin_keywords":"","_relevanssi_related_keywords":"","_relevanssi_related_include_ids":"","_relevanssi_related_exclude_ids":"","_relevanssi_related_no_append":"","_relevanssi_related_not_related":"","_relevanssi_related_posts":"3849,3841,3844,3848,3845","_relevanssi_noindex_reason":"WooCommerce Yoast SEO Relevanssi index exclude","footnotes":""},"class_list":[],"acf":[],"yoast_head":"<!-- This site is optimized with the Yoast SEO Premium plugin v25.7.1 (Yoast SEO v26.8) - https:\/\/yoast.com\/product\/yoast-seo-premium-wordpress\/ -->\n<title>F\u00f6rderm\u00f6glichkeiten - Discover-Culture<\/title>\n<meta name=\"description\" content=\"F\u00f6rderm\u00f6glichkeiten\" \/>\n<meta name=\"robots\" content=\"index, follow, max-snippet:-1, max-image-preview:large, max-video-preview:-1\" \/>\n<link rel=\"canonical\" href=\"https:\/\/discover-culture.com\/ch\/foerdermoeglichkeiten\/\" \/>\n<meta property=\"og:locale\" content=\"zh_CN\" \/>\n<meta property=\"og:type\" content=\"article\" \/>\n<meta property=\"og:title\" content=\"F\u00f6rderm\u00f6glichkeiten\" \/>\n<meta property=\"og:description\" content=\"F\u00f6rderm\u00f6glichkeiten\" \/>\n<meta property=\"og:url\" content=\"https:\/\/discover-culture.com\/ch\/foerdermoeglichkeiten\/\" \/>\n<meta property=\"og:site_name\" content=\"Discover-Culture\" \/>\n<meta property=\"article:modified_time\" content=\"2026-03-18T09:11:16+00:00\" \/>\n<meta property=\"og:image\" content=\"https:\/\/discover-culture.com\/wp-content\/uploads\/partner-werden-scaled.jpg\" \/>\n\t<meta property=\"og:image:width\" content=\"2560\" \/>\n\t<meta property=\"og:image:height\" content=\"1440\" \/>\n\t<meta property=\"og:image:type\" content=\"image\/jpeg\" \/>\n<meta name=\"twitter:card\" content=\"summary_large_image\" \/>\n<meta name=\"twitter:label1\" content=\"\u9884\u8ba1\u9605\u8bfb\u65f6\u95f4\" \/>\n\t<meta name=\"twitter:data1\" content=\"1 \u5206\" \/>\n<script type=\"application\/ld+json\" class=\"yoast-schema-graph\">{\"@context\":\"https:\/\/schema.org\",\"@graph\":[{\"@type\":\"WebPage\",\"@id\":\"https:\/\/discover-culture.com\/foerdermoeglichkeiten\/\",\"url\":\"https:\/\/discover-culture.com\/foerdermoeglichkeiten\/\",\"name\":\"F\u00f6rderm\u00f6glichkeiten - Discover-Culture\",\"isPartOf\":{\"@id\":\"https:\/\/discover-culture.com\/de\/#website\"},\"primaryImageOfPage\":{\"@id\":\"https:\/\/discover-culture.com\/foerdermoeglichkeiten\/#primaryimage\"},\"image\":{\"@id\":\"https:\/\/discover-culture.com\/foerdermoeglichkeiten\/#primaryimage\"},\"thumbnailUrl\":\"https:\/\/discover-culture.com\/wp-content\/uploads\/partner-werden-scaled.jpg\",\"datePublished\":\"2025-03-31T13:05:55+00:00\",\"dateModified\":\"2026-03-18T09:11:16+00:00\",\"description\":\"F\u00f6rderm\u00f6glichkeiten\",\"breadcrumb\":{\"@id\":\"https:\/\/discover-culture.com\/foerdermoeglichkeiten\/#breadcrumb\"},\"inLanguage\":\"zh-Hans\",\"potentialAction\":[{\"@type\":\"ReadAction\",\"target\":[\"https:\/\/discover-culture.com\/foerdermoeglichkeiten\/\"]}]},{\"@type\":\"ImageObject\",\"inLanguage\":\"zh-Hans\",\"@id\":\"https:\/\/discover-culture.com\/foerdermoeglichkeiten\/#primaryimage\",\"url\":\"https:\/\/discover-culture.com\/wp-content\/uploads\/partner-werden-scaled.jpg\",\"contentUrl\":\"https:\/\/discover-culture.com\/wp-content\/uploads\/partner-werden-scaled.jpg\",\"width\":2560,\"height\":1440,\"caption\":\"partner werden scaled\"},{\"@type\":\"BreadcrumbList\",\"@id\":\"https:\/\/discover-culture.com\/foerdermoeglichkeiten\/#breadcrumb\",\"itemListElement\":[{\"@type\":\"ListItem\",\"position\":1,\"name\":\"Home\",\"item\":\"https:\/\/discover-culture.com\/\"},{\"@type\":\"ListItem\",\"position\":2,\"name\":\"F\u00f6rderm\u00f6glichkeiten\"}]},{\"@type\":\"WebSite\",\"@id\":\"https:\/\/discover-culture.com\/de\/#website\",\"url\":\"https:\/\/discover-culture.com\/de\/\",\"name\":\"Discover-Culture\",\"description\":\"\",\"potentialAction\":[{\"@type\":\"SearchAction\",\"target\":{\"@type\":\"EntryPoint\",\"urlTemplate\":\"https:\/\/discover-culture.com\/de\/?s={search_term_string}\"},\"query-input\":{\"@type\":\"PropertyValueSpecification\",\"valueRequired\":true,\"valueName\":\"search_term_string\"}}],\"inLanguage\":\"zh-Hans\"}]}<\/script>\n<!-- \/ Yoast SEO Premium plugin. -->","yoast_head_json":{"title":"\u8d44\u52a9\u673a\u4f1a - \u6587\u5316\u53d1\u73b0","description":"\u7b79\u8d44\u673a\u4f1a","robots":{"index":"index","follow":"follow","max-snippet":"max-snippet:-1","max-image-preview":"max-image-preview:large","max-video-preview":"max-video-preview:-1"},"canonical":"https:\/\/discover-culture.com\/ch\/foerdermoeglichkeiten\/","og_locale":"zh_CN","og_type":"article","og_title":"F\u00f6rderm\u00f6glichkeiten","og_description":"F\u00f6rderm\u00f6glichkeiten","og_url":"https:\/\/discover-culture.com\/ch\/foerdermoeglichkeiten\/","og_site_name":"Discover-Culture","article_modified_time":"2026-03-18T09:11:16+00:00","og_image":[{"width":2560,"height":1440,"url":"https:\/\/discover-culture.com\/wp-content\/uploads\/partner-werden-scaled.jpg","type":"image\/jpeg"}],"twitter_card":"summary_large_image","twitter_misc":{"\u9884\u8ba1\u9605\u8bfb\u65f6\u95f4":"1 \u5206"},"schema":{"@context":"https:\/\/schema.org","@graph":[{"@type":"WebPage","@id":"https:\/\/discover-culture.com\/foerdermoeglichkeiten\/","url":"https:\/\/discover-culture.com\/foerdermoeglichkeiten\/","name":"\u8d44\u52a9\u673a\u4f1a - \u6587\u5316\u53d1\u73b0","isPartOf":{"@id":"https:\/\/discover-culture.com\/de\/#website"},"primaryImageOfPage":{"@id":"https:\/\/discover-culture.com\/foerdermoeglichkeiten\/#primaryimage"},"image":{"@id":"https:\/\/discover-culture.com\/foerdermoeglichkeiten\/#primaryimage"},"thumbnailUrl":"https:\/\/discover-culture.com\/wp-content\/uploads\/partner-werden-scaled.jpg","datePublished":"2025-03-31T13:05:55+00:00","dateModified":"2026-03-18T09:11:16+00:00","description":"\u7b79\u8d44\u673a\u4f1a","breadcrumb":{"@id":"https:\/\/discover-culture.com\/foerdermoeglichkeiten\/#breadcrumb"},"inLanguage":"zh-Hans","potentialAction":[{"@type":"ReadAction","target":["https:\/\/discover-culture.com\/foerdermoeglichkeiten\/"]}]},{"@type":"ImageObject","inLanguage":"zh-Hans","@id":"https:\/\/discover-culture.com\/foerdermoeglichkeiten\/#primaryimage","url":"https:\/\/discover-culture.com\/wp-content\/uploads\/partner-werden-scaled.jpg","contentUrl":"https:\/\/discover-culture.com\/wp-content\/uploads\/partner-werden-scaled.jpg","width":2560,"height":1440,"caption":"partner werden scaled"},{"@type":"BreadcrumbList","@id":"https:\/\/discover-culture.com\/foerdermoeglichkeiten\/#breadcrumb","itemListElement":[{"@type":"ListItem","position":1,"name":"Home","item":"https:\/\/discover-culture.com\/"},{"@type":"ListItem","position":2,"name":"F\u00f6rderm\u00f6glichkeiten"}]},{"@type":"WebSite","@id":"https:\/\/discover-culture.com\/de\/#website","url":"https:\/\/discover-culture.com\/de\/","name":"\u53d1\u73b0-\u6587\u5316","description":"","potentialAction":[{"@type":"SearchAction","target":{"@type":"EntryPoint","urlTemplate":"https:\/\/discover-culture.com\/de\/?s={search_term_string}"},"query-input":{"@type":"PropertyValueSpecification","valueRequired":true,"valueName":"search_term_string"}}],"inLanguage":"zh-Hans"}]}},"_links":{"self":[{"href":"https:\/\/discover-culture.com\/ch\/wp-json\/wp\/v2\/pages\/7433","targetHints":{"allow":["GET"]}}],"collection":[{"href":"https:\/\/discover-culture.com\/ch\/wp-json\/wp\/v2\/pages"}],"about":[{"href":"https:\/\/discover-culture.com\/ch\/wp-json\/wp\/v2\/types\/page"}],"author":[{"embeddable":true,"href":"https:\/\/discover-culture.com\/ch\/wp-json\/wp\/v2\/users\/18"}],"replies":[{"embeddable":true,"href":"https:\/\/discover-culture.com\/ch\/wp-json\/wp\/v2\/comments?post=7433"}],"version-history":[{"count":23,"href":"https:\/\/discover-culture.com\/ch\/wp-json\/wp\/v2\/pages\/7433\/revisions"}],"predecessor-version":[{"id":7790,"href":"https:\/\/discover-culture.com\/ch\/wp-json\/wp\/v2\/pages\/7433\/revisions\/7790"}],"wp:featuredmedia":[{"embeddable":true,"href":"https:\/\/discover-culture.com\/ch\/wp-json\/wp\/v2\/media\/507"}],"wp:attachment":[{"href":"https:\/\/discover-culture.com\/ch\/wp-json\/wp\/v2\/media?parent=7433"}],"curies":[{"name":"wp","href":"https:\/\/api.w.org\/{rel}","templated":true}]}}